{"id":1680,"date":"2018-02-26T18:52:39","date_gmt":"2018-02-26T16:52:39","guid":{"rendered":"http:\/\/mieltiojuancruz.com\/aviso-legal\/"},"modified":"2020-12-08T23:10:17","modified_gmt":"2020-12-08T22:10:17","slug":"aviso-legal","status":"publish","type":"page","link":"https:\/\/mieltiojuancruz.com\/cs\/aviso-legal\/","title":{"rendered":""},"content":{"rendered":"<ol>\n<li>\n<h2>IDENTIFIKA\u010cN\u00cd \u00daDAJE<\/h2>\n<\/li>\n<\/ol>\n<p>V souladu s informa\u010dn\u00ed povinnost\u00ed podle \u010dl\u00e1nku 10 z\u00e1kona \u010d. 34\/2002 ze dne 11. \u010dervence o slu\u017eb\u00e1ch informa\u010dn\u00ed spole\u010dnosti a elektronick\u00e9m obchodu jsou uveden\u00e9 informace prom\u00edtnuty n\u00ed\u017ee: spole\u010dnost, kter\u00e1 vlastn\u00ed webovou dom\u00e9nu je APICOLA CUARTERO NAVARRO SL (d\u00e1le jen Miel Tio Juan Cruz), pro tyto \u00fa\u010dely s\u00eddl\u00edc\u00ed na adrese Calle la Posada, 4 50529 \u2013 (Fuendejalon) Zaragoza, \u0160pan\u011blsko. Zapsan\u00e1 v obchodn\u00edm rejst\u0159\u00edku v Zaragoze pod da\u0148ov\u00fdm identifika\u010dn\u00edm \u010d\u00edslem B99056129. Kontaktn\u00ed e-mail na webov\u00fdch str\u00e1nk\u00e1ch: info@mieltiojuancruz.com.<\/p>\n<ol start=\"2\">\n<li>\n<h2>U\u017dIVATEL\u00c9<\/h2>\n<\/li>\n<\/ol>\n<p>P\u0159\u00edstup a\/nebo pou\u017eit\u00ed tohoto port\u00e1lu Miel Tio Juan Cruz ud\u011bluje U\u017dIVATELI, kter\u00e9mu byl umo\u017en\u011bn tento p\u0159\u00edstup nebo pou\u017eit\u00ed, podm\u00ednku, \u017ee p\u0159ij\u00edm\u00e1 zde uveden\u00e9 V\u0161eobecn\u00e9 podm\u00ednky pou\u017eit\u00ed. V\u00fd\u0161e uveden\u00e9 podm\u00ednky budou platn\u00e9 bez ohledu na v\u0161eobecn\u00e9 smluvn\u00ed podm\u00ednky, kter\u00e9 jsou v jeho p\u0159\u00edpad\u011b povinn\u00e9.<\/p>\n<ol start=\"3\">\n<li>\n<h2>VYU\u017dIT\u00cd PORT\u00c1LU<\/h2>\n<\/li>\n<\/ol>\n<p>Mieltiojuancruz.com poskytuje p\u0159\u00edstup k mnoha informac\u00edm, slu\u017eb\u00e1m, program\u016fm nebo dat\u016fm (d\u00e1le jen \u201eobsah\u201c) na internetu, kter\u00e9 pat\u0159\u00ed spole\u010dnosti Miel Tio Juan Cruz nebo jej\u00edm poskytovatel\u016fm licenc\u00ed a\u00a0k\u00a0nim\u017e m\u016f\u017ee m\u00edt U\u017dIVATEL p\u0159\u00edstup. U\u017dIVATEL p\u0159eb\u00edr\u00e1 odpov\u011bdnost za pou\u017e\u00edv\u00e1n\u00ed port\u00e1lu. Tato odpov\u011bdnost se vztahuje na registraci, kter\u00e1 je nezbytn\u00e1 pro p\u0159\u00edstup k\u00a0ur\u010dit\u00fdm slu\u017eb\u00e1m nebo obsahu.<\/p>\n<p>P\u0159i uveden\u00e9 registraci bude U\u017dIVATEL odpov\u011bdn\u00fd za poskytov\u00e1n\u00ed pravdiv\u00fdch a z\u00e1konn\u00fdch informac\u00ed. V d\u016fsledku t\u00e9to registrace m\u016f\u017ee b\u00fdt U\u017dIVATELI poskytnuto heslo, za kter\u00e9 bude odpov\u011bdn\u00fd,<\/p>\n<p>a zav\u00e1\u017ee se k jeho pe\u010dliv\u00e9mu a d\u016fv\u011brn\u00e9mu pou\u017e\u00edv\u00e1n\u00ed. U\u017dIVATEL se zavazuje, \u017ee bude vhodn\u00fdm zp\u016fsobem vyu\u017e\u00edvat obsah a slu\u017eby (jako jsou chaty, diskusn\u00ed f\u00f3ra nebo skupiny), kter\u00e9 spole\u010dnost, je\u017e vytvo\u0159ila webovou str\u00e1nku, nab\u00edz\u00ed prost\u0159ednictv\u00edm sv\u00e9ho port\u00e1lu a \u017ee mimo jin\u00e9 nebude (i) vyu\u017e\u00edvat tyto slu\u017eby k nedovolen\u00fdm nebo nez\u00e1konn\u00fdm \u010dinnostem, kter\u00e9 by byly v\u00a0rozporu s dobr\u00fdmi mravy nebo ve\u0159ejn\u00fdm po\u0159\u00e1dkem; (ii) \u0161\u00ed\u0159it obsah nebo propagandu rasistick\u00e9, xenofobn\u00ed, pornograficko-ileg\u00e1ln\u00ed povahy, omlouvat terorismus nebo schvalovat \u00fatoky na lidsk\u00e1 pr\u00e1va; (iii) zp\u016fsobovat po\u0161kozen\u00ed fyzick\u00fdch a logick\u00fdch syst\u00e9m\u016f spole\u010dnosti, kter\u00e1 vytvo\u0159ila web, jej\u00edch dodavatel\u016f nebo t\u0159et\u00edch stran, zav\u00e1d\u011bt nebo \u0161\u00ed\u0159it po\u010d\u00edta\u010dov\u00e9 viry nebo jak\u00e9koli jin\u00e9 fyzick\u00e9 nebo logick\u00e9 syst\u00e9my, kter\u00e9 by mohly zp\u016fsobit v\u00fd\u0161e uveden\u00e9 \u0161kody; (iv) z\u00edsk\u00e1vat p\u0159\u00edstup a p\u0159\u00edpadn\u011b pou\u017e\u00edvat e-mailov\u00e9 \u00fa\u010dty jin\u00fdch u\u017eivatel\u016f a upravovat nebo manipulovat s jejich zpr\u00e1vami. Spole\u010dnost, kter\u00e1 web vytvo\u0159ila, si vyhrazuje pr\u00e1vo st\u00e1hnout v\u0161echny koment\u00e1\u0159e a p\u0159\u00edsp\u011bvky, kter\u00e9 poru\u0161uj\u00ed \u00factu k d\u016fstojnosti \u010dlov\u011bka, je\u017e jsou diskrimina\u010dn\u00ed, xenofobn\u00ed, rasistick\u00e9, pornografick\u00e9 a kter\u00e9 ohro\u017euj\u00ed ml\u00e1de\u017e nebo d\u011bti, ve\u0159ejn\u00fd po\u0159\u00e1dek nebo bezpe\u010dnost, nebo je\u017e podle n\u00e1zoru spole\u010dnosti nejsou vhodn\u00e9 ke zve\u0159ejn\u011bn\u00ed. Spole\u010dnost Miel Tio Juan Cruz v \u017e\u00e1dn\u00e9m p\u0159\u00edpad\u011b nenese odpov\u011bdnost za n\u00e1zory vyj\u00e1d\u0159en\u00e9 u\u017eivateli prost\u0159ednictv\u00edm f\u00f3r, chat\u016f nebo jin\u00fdch n\u00e1stroj\u016f, pomoc\u00ed nich\u017e se m\u016f\u017eou z\u00fa\u010dastnit diskuze.<\/p>\n<ol start=\"4\">\n<li>\n<h2>OCHRANA DAT<\/h2>\n<\/li>\n<\/ol>\n<p>Spole\u010dnost Miel Tio Juan Cruz dodr\u017euje sm\u011brnice organick\u00e9ho z\u00e1kona 15\/1999 ze dne 13.\u00a0prosince o\u00a0ochran\u011b osobn\u00edch \u00fadaj\u016f a kr\u00e1lovsk\u00e9ho v\u00fdnosu 1720\/2007 ze dne 21. prosince, kter\u00fd schvaluje na\u0159\u00edzen\u00ed pro v\u00fdvoj organick\u00e9ho pr\u00e1va a dal\u0161\u00ed platn\u00e9 p\u0159edpisy za v\u0161ech okolnost\u00ed a zaji\u0161\u0165uje spr\u00e1vn\u00e9 pou\u017e\u00edv\u00e1n\u00ed a zach\u00e1zen\u00ed s osobn\u00edmi \u00fadaji u\u017eivatele. Za t\u00edmto \u00fa\u010delem bude spole\u010dn\u011b s ka\u017ed\u00fdm formul\u00e1\u0159em na shroma\u017e\u010fov\u00e1n\u00ed osobn\u00edch \u00fadaj\u016f ve slu\u017eb\u00e1ch, kter\u00e9 m\u016f\u017ee u\u017eivatel po\u017eadovat na adrese info@mieltiojuancruz.com, informovat u\u017eivatele o existenci a\u00a0p\u0159ijet\u00ed konkr\u00e9tn\u00edch podm\u00ednek zpracov\u00e1n\u00ed jeho \u00fadaj\u016f. V ka\u017ed\u00e9m p\u0159\u00edpad\u011b ho bude informovat o\u00a0odpov\u011bdnosti za vytvo\u0159en\u00fd soubor, adrese odpov\u011bdn\u00e9 osoby, mo\u017enosti uplatn\u011bn\u00ed pr\u00e1v na p\u0159\u00edstup, opravu, zru\u0161en\u00ed nebo v\u00fdhrady, \u00fa\u010delu zpracov\u00e1n\u00ed a p\u0159\u00edpadn\u011b sd\u011blov\u00e1n\u00ed \u00fadaj\u016f t\u0159et\u00edm stran\u00e1m.<\/p>\n<p>Stejn\u011b tak bude spole\u010dnost Miel Tio Juan Cruz informovat o tom, \u017ee je v souladu se z\u00e1konem 34\/2002 ze dne 11. \u010dervence o slu\u017eb\u00e1ch informa\u010dn\u00ed spole\u010dnosti a elektronick\u00e9m obchodu a\u00a0bude moci u\u017eivatele kdykoliv po\u017e\u00e1dat o souhlas se zpracov\u00e1n\u00edm jeho e-mailov\u00e9 adresy pro komer\u010dn\u00ed \u00fa\u010dely.<\/p>\n<ol start=\"5\">\n<li>\n<h2>DU\u0160EVN\u00cd A PR\u016eMYSLOV\u00c9 VLASTNICTV\u00cd<\/h2>\n<\/li>\n<\/ol>\n<p>Sama spole\u010dnost Miel Tio Juan Cruz nebo ve funkci nabyvatele je stejn\u011b jako jej\u00ed poskytovatel\u00e9 licenc\u00ed vlastn\u00edkem v\u0161ech pr\u00e1v k du\u0161evn\u00edmu a pr\u016fmyslov\u00e9mu vlastnictv\u00ed sv\u00fdch webov\u00fdch str\u00e1nek, jako\u017e i prvk\u016f v\u00a0nich obsa\u017een\u00fdch (nap\u0159\u00edklad obr\u00e1zky, zvuk, audio, video, software nebo texty; ochrann\u00e9 zn\u00e1mky nebo loga, barevn\u00e9 kombinace, struktura a design, v\u00fdb\u011br pou\u017eit\u00fdch materi\u00e1l\u016f, po\u010d\u00edta\u010dov\u00e9 programy nezbytn\u00e9 pro jejich provoz, p\u0159\u00edstup a pou\u017eit\u00ed atd.).<\/p>\n<p>V\u0161echna pr\u00e1va vyhrazena. Na z\u00e1klad\u011b ustanoven\u00ed \u010dl\u00e1nk\u016f 8 a 32.1 druh\u00e9ho pododstavce z\u00e1kona o du\u0161evn\u00edm vlastnictv\u00ed je reprodukce, \u0161\u00ed\u0159en\u00ed a ve\u0159ejn\u00e9 sd\u00edlen\u00ed \u010d\u00e1ste\u010dn\u00e9ho nebo \u00fapln\u00e9ho obsahu t\u00e9to webov\u00e9 str\u00e1nky pro komer\u010dn\u00ed \u00fa\u010dely, na jak\u00e9mkoliv technick\u00e9m m\u00e9diu a jak\u00fdmikoliv technick\u00fdmi prost\u0159edky v\u010detn\u011b zp\u016fsobu jejich zp\u0159\u00edstupn\u011bn\u00ed bez v\u00fdslovn\u00e9ho povolen\u00ed spole\u010dnosti Miel Tio Juan Cruz zak\u00e1z\u00e1no. U\u017dIVATEL se zavazuje respektovat pr\u00e1va du\u0161evn\u00edho a\u00a0pr\u016fmyslov\u00e9ho vlastnictv\u00ed spole\u010dnosti Miel Tio Juan Cruz. M\u016f\u017ee si prohl\u00ed\u017eet prvky port\u00e1lu, a\u00a0dokonce je tisknout, kop\u00edrovat a ukl\u00e1dat na pevn\u00fd disk sv\u00e9ho po\u010d\u00edta\u010de nebo na jak\u00e9koli jin\u00e9 fyzick\u00e9 m\u00e9dium, pokud je vyu\u017e\u00edv\u00e1 v\u00fdhradn\u011b pro sv\u00e9 osobn\u00ed a soukrom\u00e9 \u00fa\u010dely. U\u017dIVATEL nesm\u00ed mazat, pozm\u011b\u0148ovat, vyh\u00fdbat se nebo manipulovat s jak\u00fdmkoli ochrann\u00fdm za\u0159\u00edzen\u00edm nebo bezpe\u010dnostn\u00edm syst\u00e9mem, kter\u00fd byl nainstalov\u00e1n na str\u00e1nk\u00e1ch spole\u010dnosti Miel Tio Juan Cruz.<\/p>\n<ol start=\"6\">\n<li>\n<h2>VYLOU\u010cEN\u00cd Z\u00c1RUK A ODPOV\u011aDNOSTI<\/h2>\n<\/li>\n<\/ol>\n<p>Spole\u010dnost Miel Tio Juan Cruz v \u017e\u00e1dn\u00e9m p\u0159\u00edpad\u011b neodpov\u00edd\u00e1 za \u0161kody jak\u00e9koli povahy, kter\u00e9 by mohly zp\u016fsobit nap\u0159\u00edklad chyby nebo opomenut\u00ed v obsahu, nedostate\u010dnou dostupnost port\u00e1lu nebo p\u0159enos vir\u016f \u010di program\u016f, je\u017e by mohly po\u0161kodit obsah, p\u0159esto\u017ee p\u0159ijala ve\u0161ker\u00e1 nezbytn\u00e1 technologick\u00e1 opat\u0159en\u00ed, aby se tomu vyhnula.<\/p>\n<ol start=\"7\">\n<li>\n<h2>ZM\u011aNY<\/h2>\n<\/li>\n<\/ol>\n<p>Spole\u010dnost Miel Tio Juan Cruz si vyhrazuje pr\u00e1vo prov\u00e1d\u011bt na sv\u00e9m port\u00e1lu \u00fapravy, kter\u00e9 pova\u017euje za vhodn\u00e9, bez p\u0159edchoz\u00edho upozorn\u011bn\u00ed, p\u0159i\u010dem\u017e m\u016f\u017ee m\u011bnit, mazat nebo p\u0159id\u00e1vat obsah \u010di slu\u017eby poskytovan\u00e9 prost\u0159ednictv\u00edm tohoto port\u00e1lu a zp\u016fsob, jak\u00fdm jsou prezentov\u00e1ny nebo um\u00edst\u011bn\u00e9 na jej\u00edm port\u00e1lu.<\/p>\n<ol start=\"8\">\n<li>\n<h2>ODKAZY<\/h2>\n<\/li>\n<\/ol>\n<p>V p\u0159\u00edpad\u011b, \u017ee mieltiojuancruz.com obsahuje odkazy nebo hypertextov\u00e9 odkazy na jin\u00e9 internetov\u00e9 str\u00e1nky, spole\u010dnost Miel Tio Juan Cruz nebude tyto weby ani jejich obsah nijak kontrolovat. Spole\u010dnost Miel Tio Juan Cruz v \u017e\u00e1dn\u00e9m p\u0159\u00edpad\u011b nep\u0159eb\u00edr\u00e1 odpov\u011bdnost za obsah jak\u00e9hokoli odkazu sm\u011b\u0159uj\u00edc\u00edho na web t\u0159et\u00ed strany ani nezaru\u010duje technickou dostupnost, kvalitu, spolehlivost, p\u0159esnost, \u0161\u00ed\u0159i, pravdivost, platnost a \u00fastavnost materi\u00e1l\u016f nebo informac\u00ed obsa\u017een\u00fdch na jak\u00e9mkoli z takov\u00fdch hypertextov\u00fdch odkaz\u016f nebo na jin\u00fdch internetov\u00fdch str\u00e1nk\u00e1ch.<\/p>\n<p>Stejn\u011b tak zahrnut\u00ed t\u011bchto extern\u00edch propojen\u00ed nebude znamenat \u017e\u00e1dn\u00fd typ p\u0159idru\u017een\u00ed, f\u00faze nebo \u00fa\u010dasti s\u00a0p\u0159ipojen\u00fdmi subjekty.<\/p>\n<ol start=\"9\">\n<li>\n<h2>PR\u00c1VO NA ODEP\u0158EN\u00cd P\u0158\u00cdSTUPU<\/h2>\n<\/li>\n<\/ol>\n<p>Spole\u010dnost Miel Tio Juan Cruz si vyhrazuje pr\u00e1vo odep\u0159\u00edt nebo zru\u0161it p\u0159\u00edstup na port\u00e1l a\/nebo k\u00a0nab\u00edzen\u00fdm slu\u017eb\u00e1m bez p\u0159edchoz\u00edho upozorn\u011bn\u00ed, na jej\u00ed vlastn\u00ed \u017e\u00e1dost nebo \u017e\u00e1dost t\u0159et\u00ed strany, t\u011bm u\u017eivatel\u016fm, kte\u0159\u00ed nedodr\u017euj\u00ed tyto V\u0161eobecn\u00e9 podm\u00ednky pou\u017eit\u00ed.<\/p>\n<ol start=\"10\">\n<li>\n<h2>OBECN\u00c9 INFORMACE<\/h2>\n<\/li>\n<\/ol>\n<p>Spole\u010dnost Miel Tio Juan Cruz bude trestat poru\u0161en\u00ed t\u011bchto podm\u00ednek, jako\u017e i jak\u00e9koli nespr\u00e1vn\u00e9 pou\u017eit\u00ed sv\u00e9ho port\u00e1lu, a to prost\u0159ednictv\u00edm ve\u0161ker\u00fdch ob\u010danskopr\u00e1vn\u00edch a trestn\u00edch \u010din\u016f, kter\u00e9 j\u00ed podle z\u00e1kona n\u00e1le\u017e\u00ed.<\/p>\n<ol start=\"11\">\n<li>\n<h2>ZM\u011aNA SOU\u010cASN\u00ddCH PODM\u00cdNEK A DOBA TRV\u00c1N\u00cd<\/h2>\n<\/li>\n<\/ol>\n<p>Spole\u010dnost Miel Tio Juan Cruz m\u016f\u017ee kdykoli upravit zde stanoven\u00e9 podm\u00ednky, kter\u00e9 budou \u0159\u00e1dn\u011b zve\u0159ejn\u011bny tak, jak jsou zde uvedeny.<\/p>\n<p>Platnost v\u00fd\u0161e uveden\u00fdch podm\u00ednek bude z\u00e1viset na jejich v\u00fdkladu. Budou v platnosti do t\u00e9 doby, dokud budou \u0159\u00e1dn\u011b zve\u0159ejn\u011bny a nebudou pozm\u011bn\u011bny.<\/p>\n<ol start=\"12\">\n<li>\n<h2>PLATN\u00c9 PR\u00c1VN\u00cd P\u0158EDPISY A JURISDIKCE<\/h2>\n<\/li>\n<\/ol>\n<p>Vztah mezi spole\u010dnost\u00ed Miel Tio Juan Cruz a U\u017dIVATELEM se bude \u0159\u00eddit platn\u00fdmi \u0161pan\u011blsk\u00fdmi p\u0159edpisy a p\u0159\u00edpadn\u00e9 spory budou p\u0159edlo\u017eeny soud\u016fm ve m\u011bst\u011b Zaragoza.<\/p>\n","protected":false},"excerpt":{"rendered":"<p>IDENTIFIKA\u010cN\u00cd \u00daDAJE V souladu s informa\u010dn\u00ed povinnost\u00ed podle \u010dl\u00e1nku 10 z\u00e1kona \u010d. 34\/2002 ze dne 11. \u010dervence o slu\u017eb\u00e1ch informa\u010dn\u00ed spole\u010dnosti a elektronick\u00e9m obchodu jsou uveden\u00e9 informace prom\u00edtnuty n\u00ed\u017ee: spole\u010dnost, kter\u00e1 vlastn\u00ed webovou dom\u00e9nu je APICOLA CUARTERO NAVARRO SL (d\u00e1le jen Miel Tio Juan Cruz), pro tyto \u00fa\u010dely s\u00eddl\u00edc\u00ed na adrese Calle la Posada, 4&hellip;<\/p>\n","protected":false},"author":1,"featured_media":0,"parent":0,"menu_order":0,"comment_status":"closed","ping_status":"closed","template":"","meta":[],"_links":{"self":[{"href":"https:\/\/mieltiojuancruz.com\/cs\/wp-json\/wp\/v2\/pages\/1680"}],"collection":[{"href":"https:\/\/mieltiojuancruz.com\/cs\/wp-json\/wp\/v2\/pages"}],"about":[{"href":"https:\/\/mieltiojuancruz.com\/cs\/wp-json\/wp\/v2\/types\/page"}],"author":[{"embeddable":true,"href":"https:\/\/mieltiojuancruz.com\/cs\/wp-json\/wp\/v2\/users\/1"}],"replies":[{"embeddable":true,"href":"https:\/\/mieltiojuancruz.com\/cs\/wp-json\/wp\/v2\/comments?post=1680"}],"version-history":[{"count":1,"href":"https:\/\/mieltiojuancruz.com\/cs\/wp-json\/wp\/v2\/pages\/1680\/revisions"}],"predecessor-version":[{"id":1682,"href":"https:\/\/mieltiojuancruz.com\/cs\/wp-json\/wp\/v2\/pages\/1680\/revisions\/1682"}],"wp:attachment":[{"href":"https:\/\/mieltiojuancruz.com\/cs\/wp-json\/wp\/v2\/media?parent=1680"}],"curies":[{"name":"wp","href":"https:\/\/api.w.org\/{rel}","templated":true}]}}