{"id":1742,"date":"2020-12-09T00:26:17","date_gmt":"2020-12-08T23:26:17","guid":{"rendered":"http:\/\/mieltiojuancruz.com\/historie\/"},"modified":"2020-12-14T19:57:10","modified_gmt":"2020-12-14T18:57:10","slug":"historie","status":"publish","type":"page","link":"https:\/\/mieltiojuancruz.com\/cs\/historie\/","title":{"rendered":"HISTORIE"},"content":{"rendered":"<p>[vc_row][vc_column][section_header use_decoration=&#8221;1&#8243; layout_type=&#8221;section-heading-wave&#8221; main_heading=&#8221;HISTORIE&#8221; separator_color=&#8221;#dd9933&#8243;][\/vc_column][\/vc_row][vc_row][vc_column width=&#8221;1\/4&#8243;][vc_single_image image=&#8221;2279&#8243; img_size=&#8221;full&#8221; alignment=&#8221;center&#8221;][\/vc_column][vc_column width=&#8221;1\/4&#8243;][vc_single_image image=&#8221;525&#8243; img_size=&#8221;full&#8221; alignment=&#8221;center&#8221;][\/vc_column][vc_column width=&#8221;1\/2&#8243;][vc_column_text]Mieles del T\u00edo Juan Cruz je projekt, kter\u00fd se zrodil pod z\u00e1\u0161titou spole\u010dnosti Ap\u00edcola Cuartero v\u00a0roce 1981. Jedn\u00e1 se o pokra\u010dov\u00e1n\u00ed mal\u00e9 rodinn\u00e9 v\u010del\u00ed farmy, ji\u017e \u0159\u00eddil s\u00e1m Juan Cruz.<\/p>\n<p>Jeho syn cht\u011bl vzd\u00e1t hold jeho osobnosti a \u00fasil\u00ed t\u00edm, \u017ee nazval medy po n\u011bm a pak pokra\u010doval v\u00a0tradici. Postupn\u011b se mu poda\u0159ilo proslavit rodinn\u00fd podnik, kter\u00fd disponoval skoro 3000 \u00faly po t\u00e9m\u011b\u0159 cel\u00e9m \u00fazem\u00ed \u0160pan\u011blska.<\/p>\n<p>Spole\u010dnost s\u00eddl\u00ed na \u00fapat\u00ed Moncayo, slavn\u00e9 aragonsk\u00e9 hory obklopen\u00e9 n\u00e1dhern\u00fdmi kv\u011btinami, a\u00a0proto m\u00e1 k dispozici \u00fazem\u00ed pln\u00e9 cenn\u00fdch zdroj\u016f na v\u00fdrobu medu.[\/vc_column_text][\/vc_column][\/vc_row]<\/p>\n","protected":false},"excerpt":{"rendered":"<p>[vc_row][vc_column][section_header use_decoration=&#8221;1&#8243; layout_type=&#8221;section-heading-wave&#8221; main_heading=&#8221;HISTORIE&#8221; separator_color=&#8221;#dd9933&#8243;][\/vc_column][\/vc_row][vc_row][vc_column width=&#8221;1\/4&#8243;][vc_single_image image=&#8221;2279&#8243; img_size=&#8221;full&#8221; alignment=&#8221;center&#8221;][\/vc_column][vc_column width=&#8221;1\/4&#8243;][vc_single_image image=&#8221;525&#8243; img_size=&#8221;full&#8221; alignment=&#8221;center&#8221;][\/vc_column][vc_column width=&#8221;1\/2&#8243;][vc_column_text]Mieles del T\u00edo Juan Cruz je projekt, kter\u00fd se zrodil pod z\u00e1\u0161titou spole\u010dnosti Ap\u00edcola Cuartero v\u00a0roce 1981. Jedn\u00e1 se o pokra\u010dov\u00e1n\u00ed mal\u00e9 rodinn\u00e9 v\u010del\u00ed farmy, ji\u017e \u0159\u00eddil s\u00e1m Juan Cruz. Jeho syn cht\u011bl vzd\u00e1t hold jeho osobnosti a \u00fasil\u00ed t\u00edm, \u017ee nazval&hellip;<\/p>\n","protected":false},"author":1,"featured_media":0,"parent":0,"menu_order":0,"comment_status":"closed","ping_status":"closed","template":"","meta":[],"_links":{"self":[{"href":"https:\/\/mieltiojuancruz.com\/cs\/wp-json\/wp\/v2\/pages\/1742"}],"collection":[{"href":"https:\/\/mieltiojuancruz.com\/cs\/wp-json\/wp\/v2\/pages"}],"about":[{"href":"https:\/\/mieltiojuancruz.com\/cs\/wp-json\/wp\/v2\/types\/page"}],"author":[{"embeddable":true,"href":"https:\/\/mieltiojuancruz.com\/cs\/wp-json\/wp\/v2\/users\/1"}],"replies":[{"embeddable":true,"href":"https:\/\/mieltiojuancruz.com\/cs\/wp-json\/wp\/v2\/comments?post=1742"}],"version-history":[{"count":4,"href":"https:\/\/mieltiojuancruz.com\/cs\/wp-json\/wp\/v2\/pages\/1742\/revisions"}],"predecessor-version":[{"id":2290,"href":"https:\/\/mieltiojuancruz.com\/cs\/wp-json\/wp\/v2\/pages\/1742\/revisions\/2290"}],"wp:attachment":[{"href":"https:\/\/mieltiojuancruz.com\/cs\/wp-json\/wp\/v2\/media?parent=1742"}],"curies":[{"name":"wp","href":"https:\/\/api.w.org\/{rel}","templated":true}]}}