{"id":1825,"date":"2020-12-09T12:26:35","date_gmt":"2020-12-09T11:26:35","guid":{"rendered":"http:\/\/mieltiojuancruz.com\/vcely\/"},"modified":"2020-12-09T12:31:37","modified_gmt":"2020-12-09T11:31:37","slug":"vcely","status":"publish","type":"page","link":"https:\/\/mieltiojuancruz.com\/cs\/vcely\/","title":{"rendered":"V\u010cELY"},"content":{"rendered":"<p>[vc_row][vc_column width=&#8221;1\/1&#8243;][section_header use_decoration=&#8221;1&#8243; layout_type=&#8221;section-heading-wave&#8221; separator_position=&#8221;center&#8221; main_heading=&#8221;V\u010cELY&#8221; text_align=&#8221;center&#8221; font_size=&#8221;default&#8221; font_style=&#8221;default&#8221; separator_color=&#8221;#dd9933&#8243;][\/vc_column][\/vc_row][vc_row][vc_column width=&#8221;1\/2&#8243;][vc_column_text]V\u010dela\u0159stv\u00ed je ve \u0160pan\u011blsku obt\u00ed\u017en\u00e1 profese, kter\u00e1 se v sou\u010dasn\u00e9 dob\u011b mus\u00ed vypo\u0159\u00e1dat s n\u011bkolika riziky, je\u017e ohro\u017euj\u00ed existenci v\u010del, jako je zm\u011bna klimatu nebo pr\u016fmyslov\u00e9 zem\u011bd\u011blstv\u00ed v d\u016fsledku monokultur (men\u0161\u00ed dostupnost a rozmanitost potravy pro tento hmyz) a pou\u017e\u00edv\u00e1n\u00ed syst\u00e9mov\u00fdch toxick\u00fdch pesticid\u016f.<\/p>\n<p>V\u010dely sehr\u00e1vaj\u00ed z\u00e1sadn\u00ed roli p\u0159i udr\u017eov\u00e1n\u00ed bohatstv\u00ed ekosyst\u00e9m\u016f po cel\u00e9m sv\u011bt\u011b, a proto je nutn\u00e9, aby v\u010dela\u0159stv\u00ed a chov v\u010del i nad\u00e1le existovaly. Produkce potravy i suchozemsk\u00e1 biologick\u00e1 rozmanitost z\u00e1vis\u00ed do zna\u010dn\u00e9 m\u00edry na opylov\u00e1n\u00ed, co\u017e je p\u0159irozen\u00fd proces, kter\u00fd umo\u017e\u0148uje kv\u011btin\u00e1m, aby se oplodnily a t\u00edm d\u00e1valy plody a semena. V\u010dely jsou hlavn\u00edm hmyzem odpov\u011bdn\u00fdm za tento proces.<\/p>\n<p>I p\u0159es jejich v\u00fdznam se v\u010del\u00ed populace enormn\u011b sni\u017euje. To je d\u016fvod, pro\u010d podnik Ap\u00edcola Cuartero odm\u00edt\u00e1 pou\u017e\u00edv\u00e1n\u00ed pesticid\u016f \u0161kodliv\u00fdch pro v\u010dely kolem kv\u011bt\u016f, kter\u00e9 maj\u00ed b\u00fdt opylov\u00e1ny, a podporuje nov\u00fd model ohledupln\u00e9ho a udr\u017eiteln\u00e9ho zem\u011bd\u011blstv\u00ed, pokud mo\u017eno co nejekologi\u010dt\u011bj\u0161\u00edho a mimo r\u00e1mec modelu pr\u016fmyslov\u00e9 zem\u011bd\u011blsk\u00e9 v\u00fdroby, kterou cht\u011bj\u00ed nastolit velk\u00e9 nadn\u00e1rodn\u00ed spole\u010dnosti. Proto se Ap\u00edcola Cuartero ji\u017e dlouhou dobu sna\u017e\u00ed zakl\u00e1dat sv\u00e9 \u00faly pouze na \u010dist\u00fdch a neru\u0161en\u00fdch m\u00edstech v divok\u00e9 p\u0159\u00edrod\u011b, kter\u00e1 byla pe\u010dliv\u011b vybr\u00e1na mezi \u0159adou pr\u00e1zdn\u00fdch \u010di opu\u0161t\u011bn\u00fdch lokalit, je\u017e jsou st\u00e1le je\u0161t\u011b roztrou\u0161eny po cel\u00e9m \u0161pan\u011blsk\u00e9m \u00fazem\u00ed.[\/vc_column_text][\/vc_column][vc_column width=&#8221;1\/2&#8243;][vc_gallery type=&#8221;flexslider_fade&#8221; interval=&#8221;3&#8243; images=&#8221;481,487,483,485&#8243; onclick=&#8221;link_image&#8221; custom_links_target=&#8221;_self&#8221; img_size=&#8221;full&#8221;][\/vc_column][\/vc_row]<\/p>\n","protected":false},"excerpt":{"rendered":"<p>[vc_row][vc_column width=&#8221;1\/1&#8243;][section_header use_decoration=&#8221;1&#8243; layout_type=&#8221;section-heading-wave&#8221; separator_position=&#8221;center&#8221; main_heading=&#8221;V\u010cELY&#8221; text_align=&#8221;center&#8221; font_size=&#8221;default&#8221; font_style=&#8221;default&#8221; separator_color=&#8221;#dd9933&#8243;][\/vc_column][\/vc_row][vc_row][vc_column width=&#8221;1\/2&#8243;][vc_column_text]V\u010dela\u0159stv\u00ed je ve \u0160pan\u011blsku obt\u00ed\u017en\u00e1 profese, kter\u00e1 se v sou\u010dasn\u00e9 dob\u011b mus\u00ed vypo\u0159\u00e1dat s n\u011bkolika riziky, je\u017e ohro\u017euj\u00ed existenci v\u010del, jako je zm\u011bna klimatu nebo pr\u016fmyslov\u00e9 zem\u011bd\u011blstv\u00ed v d\u016fsledku monokultur (men\u0161\u00ed dostupnost a rozmanitost potravy pro tento hmyz) a pou\u017e\u00edv\u00e1n\u00ed syst\u00e9mov\u00fdch toxick\u00fdch pesticid\u016f. V\u010dely sehr\u00e1vaj\u00ed&hellip;<\/p>\n","protected":false},"author":1,"featured_media":0,"parent":0,"menu_order":0,"comment_status":"closed","ping_status":"closed","template":"","meta":[],"_links":{"self":[{"href":"https:\/\/mieltiojuancruz.com\/cs\/wp-json\/wp\/v2\/pages\/1825"}],"collection":[{"href":"https:\/\/mieltiojuancruz.com\/cs\/wp-json\/wp\/v2\/pages"}],"about":[{"href":"https:\/\/mieltiojuancruz.com\/cs\/wp-json\/wp\/v2\/types\/page"}],"author":[{"embeddable":true,"href":"https:\/\/mieltiojuancruz.com\/cs\/wp-json\/wp\/v2\/users\/1"}],"replies":[{"embeddable":true,"href":"https:\/\/mieltiojuancruz.com\/cs\/wp-json\/wp\/v2\/comments?post=1825"}],"version-history":[{"count":4,"href":"https:\/\/mieltiojuancruz.com\/cs\/wp-json\/wp\/v2\/pages\/1825\/revisions"}],"predecessor-version":[{"id":1829,"href":"https:\/\/mieltiojuancruz.com\/cs\/wp-json\/wp\/v2\/pages\/1825\/revisions\/1829"}],"wp:attachment":[{"href":"https:\/\/mieltiojuancruz.com\/cs\/wp-json\/wp\/v2\/media?parent=1825"}],"curies":[{"name":"wp","href":"https:\/\/api.w.org\/{rel}","templated":true}]}}