{"id":1893,"date":"2020-12-09T13:20:59","date_gmt":"2020-12-09T12:20:59","guid":{"rendered":"http:\/\/mieltiojuancruz.com\/hodnoty\/"},"modified":"2020-12-09T13:20:59","modified_gmt":"2020-12-09T12:20:59","slug":"hodnoty","status":"publish","type":"page","link":"https:\/\/mieltiojuancruz.com\/cs\/hodnoty\/","title":{"rendered":"HODNOTY"},"content":{"rendered":"<p>[vc_row][vc_column width=&#8221;1\/1&#8243;][section_header use_decoration=&#8221;1&#8243; layout_type=&#8221;section-heading-double-border-bottom&#8221; separator_position=&#8221;center&#8221; main_heading=&#8221;HODNOTY&#8221; text_align=&#8221;center&#8221; font_size=&#8221;default&#8221; font_style=&#8221;default&#8221; separator_color=&#8221;#dd9933&#8243;][\/vc_column][\/vc_row][vc_row][vc_column width=&#8221;1\/3&#8243;][vc_gallery type=&#8221;flexslider_fade&#8221; interval=&#8221;3&#8243; images=&#8221;505,499,501,503&#8243; onclick=&#8221;link_image&#8221; custom_links_target=&#8221;_self&#8221; img_size=&#8221;full&#8221;][\/vc_column][vc_column width=&#8221;2\/3&#8243;][vc_column_text]Jak Ap\u00edcola Cuartero, tak Mieles del T\u00edo Juan Cruz si p\u0159i sv\u00e9 pr\u00e1ci zakl\u00e1daj\u00ed na dokonalosti p\u0159i v\u00fdrob\u011b medu a zachov\u00e1n\u00ed jeho chuti, stejn\u011b jako p\u0159i p\u00e9\u010di o v\u010dely a \u00faly s c\u00edlem povzbudit je k\u00a0v\u00fdrob\u011b co nejv\u011bt\u0161\u00edho mno\u017estv\u00ed med\u016f t\u00e9 nejlep\u0161\u00ed kvality.<\/p>\n<p>Jedn\u00e1 se o rodinn\u00fd podnik, jen\u017e si klade za c\u00edl udr\u017eovat vysokou \u00farove\u0148 sv\u00fdch produkt\u016f, jejich\u017e v\u00fdroba je zalo\u017eena na ekologick\u00fdch principech: respektuje p\u0159\u00edrodu a to, co nab\u00edz\u00ed, \u017eije z n\u00ed, ani\u017e by ji vyko\u0159is\u0165oval. Krom\u011b toho se sna\u017e\u00ed obnovit tradi\u010dn\u00ed \u0159emesla a znovu os\u00eddlit m\u00edsta, kter\u00e1 z\u016fstala opu\u0161t\u011bn\u00e1.<\/p>\n<p>V sou\u010dasn\u00e9 globalizovan\u00e9 dob\u011b, kdy do\u0161lo ke ztr\u00e1t\u011b rozmanitosti produkt\u016f a plodin, Ap\u00edcola Cuartero navrhuje, aby byly zachov\u00e1ny a obnoveny tradi\u010dn\u00ed chut\u011b a aby byly p\u0159\u00edrodn\u00ed zdroje prezentov\u00e1ny na obalech potravin v cel\u00e9m sv\u00e9m v\u00fdznamu. C\u00edlem je odli\u0161it se od standardn\u00edch produkt\u016f, kter\u00e9 se na trhu objevuj\u00ed nep\u0159etr\u017eit\u011b a jejich\u017e chu\u0165 je nakonec v\u017edy stejn\u00e1. Spole\u010dnost Mieles del T\u00edo Juan Cruz si na rozd\u00edl od ostatn\u00edch zakl\u00e1d\u00e1 na v\u0161em p\u0159\u00edrodn\u00edm, tak\u017ee je b\u011b\u017en\u00e9 zaznamenat i drobn\u00e9 rozd\u00edly mezi jednotliv\u00fdmi ro\u010dn\u00edky, v\u017edy v\u0161ak pod z\u00e1\u0161titou t\u00e9 nejvy\u0161\u0161\u00ed kvality.[\/vc_column_text][\/vc_column][\/vc_row]<\/p>\n","protected":false},"excerpt":{"rendered":"<p>[vc_row][vc_column width=&#8221;1\/1&#8243;][section_header use_decoration=&#8221;1&#8243; layout_type=&#8221;section-heading-double-border-bottom&#8221; separator_position=&#8221;center&#8221; main_heading=&#8221;HODNOTY&#8221; text_align=&#8221;center&#8221; font_size=&#8221;default&#8221; font_style=&#8221;default&#8221; separator_color=&#8221;#dd9933&#8243;][\/vc_column][\/vc_row][vc_row][vc_column width=&#8221;1\/3&#8243;][vc_gallery type=&#8221;flexslider_fade&#8221; interval=&#8221;3&#8243; images=&#8221;505,499,501,503&#8243; onclick=&#8221;link_image&#8221; custom_links_target=&#8221;_self&#8221; img_size=&#8221;full&#8221;][\/vc_column][vc_column width=&#8221;2\/3&#8243;][vc_column_text]Jak Ap\u00edcola Cuartero, tak Mieles del T\u00edo Juan Cruz si p\u0159i sv\u00e9 pr\u00e1ci zakl\u00e1daj\u00ed na dokonalosti p\u0159i v\u00fdrob\u011b medu a zachov\u00e1n\u00ed jeho chuti, stejn\u011b jako p\u0159i p\u00e9\u010di o v\u010dely a \u00faly s c\u00edlem povzbudit je k\u00a0v\u00fdrob\u011b co nejv\u011bt\u0161\u00edho&hellip;<\/p>\n","protected":false},"author":1,"featured_media":0,"parent":0,"menu_order":0,"comment_status":"closed","ping_status":"closed","template":"","meta":[],"_links":{"self":[{"href":"https:\/\/mieltiojuancruz.com\/cs\/wp-json\/wp\/v2\/pages\/1893"}],"collection":[{"href":"https:\/\/mieltiojuancruz.com\/cs\/wp-json\/wp\/v2\/pages"}],"about":[{"href":"https:\/\/mieltiojuancruz.com\/cs\/wp-json\/wp\/v2\/types\/page"}],"author":[{"embeddable":true,"href":"https:\/\/mieltiojuancruz.com\/cs\/wp-json\/wp\/v2\/users\/1"}],"replies":[{"embeddable":true,"href":"https:\/\/mieltiojuancruz.com\/cs\/wp-json\/wp\/v2\/comments?post=1893"}],"version-history":[{"count":2,"href":"https:\/\/mieltiojuancruz.com\/cs\/wp-json\/wp\/v2\/pages\/1893\/revisions"}],"predecessor-version":[{"id":1895,"href":"https:\/\/mieltiojuancruz.com\/cs\/wp-json\/wp\/v2\/pages\/1893\/revisions\/1895"}],"wp:attachment":[{"href":"https:\/\/mieltiojuancruz.com\/cs\/wp-json\/wp\/v2\/media?parent=1893"}],"curies":[{"name":"wp","href":"https:\/\/api.w.org\/{rel}","templated":true}]}}