{"id":1926,"date":"2020-12-09T13:37:46","date_gmt":"2020-12-09T12:37:46","guid":{"rendered":"http:\/\/mieltiojuancruz.com\/procesy-zpracovani\/"},"modified":"2020-12-09T13:37:47","modified_gmt":"2020-12-09T12:37:47","slug":"procesy-zpracovani","status":"publish","type":"page","link":"https:\/\/mieltiojuancruz.com\/cs\/procesy-zpracovani\/","title":{"rendered":"PROCESY ZPRACOV\u00c1N\u00cd"},"content":{"rendered":"<p>[vc_row][vc_column width=&#8221;1\/1&#8243;][section_header use_decoration=&#8221;1&#8243; layout_type=&#8221;section-heading-thick-border&#8221; separator_position=&#8221;center&#8221; main_heading=&#8221;PROCESY ZPRACOV\u00c1N\u00cd&#8221; text_align=&#8221;center&#8221; font_size=&#8221;default&#8221; font_style=&#8221;default&#8221; separator_color=&#8221;#dd9933&#8243;][\/vc_column][\/vc_row][vc_row][vc_column width=&#8221;1\/1&#8243;][vc_column_text]Tato \u0161pan\u011blsk\u00e1 spole\u010dnost t\u011b\u017e\u00ed ze sv\u00e9 v\u00fdhodn\u00e9 polohy mezi \u00fadol\u00edm \u0159eky Ebro a podh\u016f\u0159\u00edm hory Moncayo a m\u00e1 tak v r\u00e1mci sv\u00e9ho regionu p\u0159\u00edstup jak k rozmar\u00fdnov\u00fdm plant\u00e1\u017e\u00edm doln\u00edho Aragonu, tak horsk\u00fdm kv\u011bt\u016fm v letn\u00edm obdob\u00ed. D\u00edky logisticky v\u00fdhodn\u00e9 poloze na poloostrov\u011b m\u00e1 i snadn\u00fd p\u0159\u00edstup do dal\u0161\u00edch region\u016f, jako jsou oblasti St\u0159edomo\u0159\u00ed, Meseta nebo Kantabersk\u00e9 v\u0159esovi\u0161t\u011b.<\/p>\n<p>Ve\u0161ker\u00e1 v\u00fdroba se prov\u00e1d\u00ed tradi\u010dn\u00edmi postupy, ale je p\u0159izp\u016fsobena sou\u010dasn\u00e9 technologii. Proces za\u010d\u00edn\u00e1 p\u00e9\u010d\u00ed o v\u010dela\u0159skou farmu s asi 3 000 \u00faly, kde statis\u00edce v\u010del druhu \u201eApis mellifera\u201c shroma\u017e\u010fuj\u00ed nektar z r\u016fzn\u00fdch kv\u011bt\u016f, kter\u00fd pak odn\u00e1\u0161ej\u00ed do \u00falu a vyr\u00e1b\u011bj\u00ed med, vosk a mate\u0159\u00ed ka\u0161i\u010dku.<\/p>\n<p>Med je potravina, jej\u00ed\u017e p\u0159\u00edprava za\u010d\u00edn\u00e1 v rostlin\u011b, kter\u00e1 produkuje nektar hlavn\u011b ve spodn\u00ed \u010d\u00e1sti vnit\u0159ku kv\u011btu. Jakmile kv\u011bt v\u010dely opyl\u00ed, p\u0159enesou nektar do \u00falu a ulo\u017e\u00ed jej do bun\u011bk pl\u00e1stve, kde med dozraje a je posl\u00e9ze sesb\u00edr\u00e1n v\u010dela\u0159em. Med se vyjme a pl\u00e1stve se op\u011bt vy\u010dist\u00ed, aby je v\u010dely mohly znovu pou\u017e\u00edt. Proces kon\u010d\u00ed filtrac\u00ed a zr\u00e1n\u00edm medu a jeho st\u00e1\u010den\u00edm.[\/vc_column_text][\/vc_column][\/vc_row][vc_row][vc_column width=&#8221;1\/3&#8243;][vc_single_image image=&#8221;516&#8243; alignment=&#8221;center&#8221; style=&#8221;vc_box_shadow_3d&#8221; border_color=&#8221;grey&#8221; img_link_target=&#8221;_self&#8221; image_hover=&#8221;none&#8221; image_hover_type=&#8221;default&#8221; img_size=&#8221;full&#8221;][\/vc_column][vc_column width=&#8221;1\/3&#8243;][vc_single_image image=&#8221;514&#8243; alignment=&#8221;center&#8221; style=&#8221;vc_box_shadow_3d&#8221; border_color=&#8221;grey&#8221; img_link_target=&#8221;_self&#8221; image_hover=&#8221;none&#8221; image_hover_type=&#8221;default&#8221; img_size=&#8221;full&#8221;][\/vc_column][vc_column width=&#8221;1\/3&#8243;][vc_single_image image=&#8221;512&#8243; alignment=&#8221;center&#8221; style=&#8221;vc_box_shadow_3d&#8221; border_color=&#8221;grey&#8221; img_link_target=&#8221;_self&#8221; image_hover=&#8221;none&#8221; image_hover_type=&#8221;default&#8221; img_size=&#8221;full&#8221;][\/vc_column][\/vc_row]<\/p>\n","protected":false},"excerpt":{"rendered":"<p>[vc_row][vc_column width=&#8221;1\/1&#8243;][section_header use_decoration=&#8221;1&#8243; layout_type=&#8221;section-heading-thick-border&#8221; separator_position=&#8221;center&#8221; main_heading=&#8221;PROCESY ZPRACOV\u00c1N\u00cd&#8221; text_align=&#8221;center&#8221; font_size=&#8221;default&#8221; font_style=&#8221;default&#8221; separator_color=&#8221;#dd9933&#8243;][\/vc_column][\/vc_row][vc_row][vc_column width=&#8221;1\/1&#8243;][vc_column_text]Tato \u0161pan\u011blsk\u00e1 spole\u010dnost t\u011b\u017e\u00ed ze sv\u00e9 v\u00fdhodn\u00e9 polohy mezi \u00fadol\u00edm \u0159eky Ebro a podh\u016f\u0159\u00edm hory Moncayo a m\u00e1 tak v r\u00e1mci sv\u00e9ho regionu p\u0159\u00edstup jak k rozmar\u00fdnov\u00fdm plant\u00e1\u017e\u00edm doln\u00edho Aragonu, tak horsk\u00fdm kv\u011bt\u016fm v letn\u00edm obdob\u00ed. D\u00edky logisticky v\u00fdhodn\u00e9 poloze na poloostrov\u011b m\u00e1 i&hellip;<\/p>\n","protected":false},"author":1,"featured_media":0,"parent":0,"menu_order":0,"comment_status":"closed","ping_status":"closed","template":"","meta":[],"_links":{"self":[{"href":"https:\/\/mieltiojuancruz.com\/cs\/wp-json\/wp\/v2\/pages\/1926"}],"collection":[{"href":"https:\/\/mieltiojuancruz.com\/cs\/wp-json\/wp\/v2\/pages"}],"about":[{"href":"https:\/\/mieltiojuancruz.com\/cs\/wp-json\/wp\/v2\/types\/page"}],"author":[{"embeddable":true,"href":"https:\/\/mieltiojuancruz.com\/cs\/wp-json\/wp\/v2\/users\/1"}],"replies":[{"embeddable":true,"href":"https:\/\/mieltiojuancruz.com\/cs\/wp-json\/wp\/v2\/comments?post=1926"}],"version-history":[{"count":2,"href":"https:\/\/mieltiojuancruz.com\/cs\/wp-json\/wp\/v2\/pages\/1926\/revisions"}],"predecessor-version":[{"id":1928,"href":"https:\/\/mieltiojuancruz.com\/cs\/wp-json\/wp\/v2\/pages\/1926\/revisions\/1928"}],"wp:attachment":[{"href":"https:\/\/mieltiojuancruz.com\/cs\/wp-json\/wp\/v2\/media?parent=1926"}],"curies":[{"name":"wp","href":"https:\/\/api.w.org\/{rel}","templated":true}]}}