{"id":2036,"date":"2020-12-09T14:26:55","date_gmt":"2020-12-09T13:26:55","guid":{"rendered":"http:\/\/mieltiojuancruz.com\/nase-kvetiny\/"},"modified":"2020-12-09T14:26:56","modified_gmt":"2020-12-09T13:26:56","slug":"nase-kvetiny","status":"publish","type":"page","link":"https:\/\/mieltiojuancruz.com\/cs\/nase-kvetiny\/","title":{"rendered":"NA\u0160E KV\u011aTINY"},"content":{"rendered":"<p>[vc_row][vc_column width=&#8221;1\/1&#8243;][section_header use_decoration=&#8221;1&#8243; layout_type=&#8221;section-heading-border-top-bottom&#8221; separator_position=&#8221;center&#8221; main_heading=&#8221;NA\u0160E KV\u011aTINY&#8221; text_align=&#8221;center&#8221; font_size=&#8221;default&#8221; font_style=&#8221;default&#8221; separator_color=&#8221;#dd9933&#8243;][\/vc_column][\/vc_row][vc_row][vc_column width=&#8221;1\/3&#8243;][vc_single_image image=&#8221;472&#8243; alignment=&#8221;center&#8221; style=&#8221;vc_box_outline_circle&#8221; border_color=&#8221;grey&#8221; img_link_target=&#8221;_self&#8221; image_hover=&#8221;none&#8221; image_hover_type=&#8221;default&#8221; img_size=&#8221;full&#8221;][vc_single_image image=&#8221;474&#8243; alignment=&#8221;center&#8221; style=&#8221;vc_box_outline_circle&#8221; border_color=&#8221;grey&#8221; img_link_target=&#8221;_self&#8221; image_hover=&#8221;none&#8221; image_hover_type=&#8221;default&#8221; img_size=&#8221;full&#8221;][\/vc_column][vc_column width=&#8221;2\/3&#8243;][vc_column_text]D\u00edky v\u00edce ne\u017e 3 000 v\u010delstev, kter\u00e1 m\u00e1 Ap\u00edcola Cuartero na v\u011bt\u0161in\u011b \u0161pan\u011blsk\u00e9ho \u00fazem\u00ed, m\u00e1 podnik Mieles del T\u00edo Juan Cruz k dispozici \u0161irokou \u0161k\u00e1lu kv\u011bt\u016f z nejr\u016fzn\u011bj\u0161\u00edch ekosyst\u00e9m\u016f, je\u017e v\u010dely opyluj\u00ed.<\/p>\n<p>Na aragonsk\u00e9m \u00fazem\u00ed najdou sv\u00e9 vyu\u017eit\u00ed kv\u011btiny, jako je rozmar\u00fdn a r\u016f\u017eov\u00fd tymi\u00e1n, z nich\u017e prvn\u00ed produkuje med velmi sv\u011btl\u00e9 barvy, jemn\u00e9 chuti a s p\u0159\u00edjemn\u00fdm aromatick\u00fdm z\u00e1v\u011brem; a\u00a0druh\u00e1 m\u00e1 jantarovou barvu a sladkou chu\u0165 s kysel\u00fdmi t\u00f3ny.<\/p>\n<p>Hory nab\u00edz\u00ed dal\u0161\u00ed druhy odr\u016fd, jako jsou levandulov\u00e9 medy se silnou osv\u011b\u017euj\u00edc\u00ed silou; v\u0159esov\u00e9 druhy jantarov\u011b \u010derven\u00e9 barvy a siln\u00e9 chuti; extr\u00e9mn\u011b aromatick\u00fd eukalyptus s d\u0159evitou chut\u00ed; levandule smilovit\u00e1 nebo \u010derven\u00e1 s jemnou a vo\u0148avou chut\u00ed; exkluzivn\u00ed med ze \u0161\u0165\u00e1vy z ostru\u017ein; a dubov\u00e9 medy hlubok\u00e9 chuti a velmi tmav\u00e9 barvy d\u00edky vysok\u00e9mu obsahu \u017eeleza.<\/p>\n<p>St\u0159edomo\u0159sk\u00e1 oblast m\u00e1 tak\u00e9 nektarov\u00e9 kv\u011bty, kter\u00e9 jsou pro v\u010dely velmi atraktivn\u00ed. \u0160pan\u011blsk\u00e9 st\u0159edomo\u0159sk\u00e9 pob\u0159e\u017e\u00ed je bohat\u00e9 na citrusov\u00e9 nebo pomeran\u010dov\u00e9 kv\u011bty, mi\u0161pule a citron\u00edky, z\u00a0nich\u017e posl\u00e9ze vznikaj\u00ed jemn\u00e9 a velmi aromatick\u00e9 medy s citrusovou chut\u00ed.<\/p>\n<p>\u0160pan\u011blsk\u00e1 Meseta nab\u00edz\u00ed kv\u011btiny, jako je slune\u010dnice, saturejka, tymi\u00e1n b\u00edl\u00fd a levandule \u010di divok\u00e1 levandule. Prvn\u00ed d\u00e1v\u00e1 sv\u011btl\u00fd jantarov\u00fd med, kv\u011btinovou v\u016fni s olejovit\u00fdmi t\u00f3ny a velmi sladkou chu\u0165. Ve druh\u00e9m p\u0159\u00edpad\u011b se z\u00edsk\u00e1v\u00e1 hust\u00fd med t\u00e9m\u011b\u0159 b\u00edl\u00e9 barvy a vynikaj\u00edc\u00ed kvality.<\/p>\n<p>Z luk v \u00fadol\u00ed \u0159eky Ebro poch\u00e1z\u00ed medy z vojt\u011b\u0161ky a tak\u00e9 ty naz\u00fdvan\u00e9 \u201emedy tis\u00edce kv\u011bt\u016f\u201c. Jak n\u00e1zev napov\u00edd\u00e1, med \u201etis\u00edce kv\u011bt\u016f\u201c je p\u0159\u00edrodn\u00ed med z r\u016fzn\u00fdch druh\u016f kv\u011btin.<\/p>\n<p>Mezi dal\u0161\u00ed rostliny, z nich\u017e se vyr\u00e1b\u00ed medy v Mieles del T\u00edo Juan Cruz, pat\u0159\u00ed l\u00edpa, kter\u00e1 vytv\u00e1\u0159\u00ed jemn\u011b \u017elut\u00fd med s aromatickou v\u016fn\u00ed; jedle, jej\u00ed\u017e m\u00edzu nas\u00e1vaj\u00ed v\u010dely a m\u011bn\u00ed ji na zelen\u00fd med s\u00a0balzamickou v\u016fn\u00ed; a ak\u00e1cie, kter\u00e1 d\u00e1v\u00e1 krystalick\u00fd a velmi tekut\u00fd med a m\u00e1 jemnou chu\u0165, kter\u00e1 nab\u00edz\u00ed chu\u0165ov\u00fdm bu\u0148k\u00e1m jedine\u010dnou sladkost.[\/vc_column_text][\/vc_column][\/vc_row]<\/p>\n","protected":false},"excerpt":{"rendered":"<p>[vc_row][vc_column width=&#8221;1\/1&#8243;][section_header use_decoration=&#8221;1&#8243; layout_type=&#8221;section-heading-border-top-bottom&#8221; separator_position=&#8221;center&#8221; main_heading=&#8221;NA\u0160E KV\u011aTINY&#8221; text_align=&#8221;center&#8221; font_size=&#8221;default&#8221; font_style=&#8221;default&#8221; separator_color=&#8221;#dd9933&#8243;][\/vc_column][\/vc_row][vc_row][vc_column width=&#8221;1\/3&#8243;][vc_single_image image=&#8221;472&#8243; alignment=&#8221;center&#8221; style=&#8221;vc_box_outline_circle&#8221; border_color=&#8221;grey&#8221; img_link_target=&#8221;_self&#8221; image_hover=&#8221;none&#8221; image_hover_type=&#8221;default&#8221; img_size=&#8221;full&#8221;][vc_single_image image=&#8221;474&#8243; alignment=&#8221;center&#8221; style=&#8221;vc_box_outline_circle&#8221; border_color=&#8221;grey&#8221; img_link_target=&#8221;_self&#8221; image_hover=&#8221;none&#8221; image_hover_type=&#8221;default&#8221; img_size=&#8221;full&#8221;][\/vc_column][vc_column width=&#8221;2\/3&#8243;][vc_column_text]D\u00edky v\u00edce ne\u017e 3 000 v\u010delstev, kter\u00e1 m\u00e1 Ap\u00edcola Cuartero na v\u011bt\u0161in\u011b \u0161pan\u011blsk\u00e9ho \u00fazem\u00ed, m\u00e1 podnik Mieles del T\u00edo Juan Cruz k dispozici \u0161irokou \u0161k\u00e1lu kv\u011bt\u016f z&hellip;<\/p>\n","protected":false},"author":1,"featured_media":0,"parent":0,"menu_order":0,"comment_status":"closed","ping_status":"closed","template":"","meta":[],"_links":{"self":[{"href":"https:\/\/mieltiojuancruz.com\/cs\/wp-json\/wp\/v2\/pages\/2036"}],"collection":[{"href":"https:\/\/mieltiojuancruz.com\/cs\/wp-json\/wp\/v2\/pages"}],"about":[{"href":"https:\/\/mieltiojuancruz.com\/cs\/wp-json\/wp\/v2\/types\/page"}],"author":[{"embeddable":true,"href":"https:\/\/mieltiojuancruz.com\/cs\/wp-json\/wp\/v2\/users\/1"}],"replies":[{"embeddable":true,"href":"https:\/\/mieltiojuancruz.com\/cs\/wp-json\/wp\/v2\/comments?post=2036"}],"version-history":[{"count":2,"href":"https:\/\/mieltiojuancruz.com\/cs\/wp-json\/wp\/v2\/pages\/2036\/revisions"}],"predecessor-version":[{"id":2038,"href":"https:\/\/mieltiojuancruz.com\/cs\/wp-json\/wp\/v2\/pages\/2036\/revisions\/2038"}],"wp:attachment":[{"href":"https:\/\/mieltiojuancruz.com\/cs\/wp-json\/wp\/v2\/media?parent=2036"}],"curies":[{"name":"wp","href":"https:\/\/api.w.org\/{rel}","templated":true}]}}