{"id":2108,"date":"2020-12-09T15:51:17","date_gmt":"2020-12-09T14:51:17","guid":{"rendered":"http:\/\/mieltiojuancruz.com\/specialni-medy\/"},"modified":"2020-12-09T15:52:21","modified_gmt":"2020-12-09T14:52:21","slug":"specialni-medy","status":"publish","type":"page","link":"https:\/\/mieltiojuancruz.com\/cs\/specialni-medy\/","title":{"rendered":"SPECI\u00c1LN\u00cd MEDY"},"content":{"rendered":"<p>[vc_row][vc_column][section_header use_decoration=&#8221;1&#8243; layout_type=&#8221;section-heading-swirl&#8221; main_heading=&#8221;SPECI\u00c1LN\u00cd MEDY&#8221; separator_color=&#8221;#dd9933&#8243;][\/vc_column][\/vc_row][vc_row][vc_column][vc_row_inner][vc_column_inner width=&#8221;1\/4&#8243;][vc_single_image image=&#8221;1235&#8243; img_size=&#8221;250&#215;180&#8243; alignment=&#8221;center&#8221; style=&#8221;vc_box_border&#8221; border_color=&#8221;black&#8221; onclick=&#8221;img_link_large&#8221; image_hover=&#8221;none&#8221; image_hover_type=&#8221;default&#8221;][vc_column_text el_class=&#8221;nombres2&#8243;]<\/p>\n<p style=\"text-align: center;\">MED S MATE\u0158\u00cd KA\u0160I\u010cKOU<\/p>\n<p>\u00a0[\/vc_column_text][\/vc_column_inner][vc_column_inner width=&#8221;1\/4&#8243;][vc_single_image image=&#8221;1231&#8243; img_size=&#8221;250&#215;180&#8243; alignment=&#8221;center&#8221; style=&#8221;vc_box_border&#8221; border_color=&#8221;black&#8221; onclick=&#8221;img_link_large&#8221; image_hover=&#8221;none&#8221; image_hover_type=&#8221;default&#8221;][vc_column_text el_class=&#8221;nombres2&#8243;]<\/p>\n<p style=\"text-align: center;\">MED Z AG\u00c1VE<\/p>\n<p>\u00a0[\/vc_column_text][\/vc_column_inner][vc_column_inner width=&#8221;1\/4&#8243;][vc_single_image image=&#8221;451&#8243; img_size=&#8221;250&#215;180&#8243; alignment=&#8221;center&#8221; style=&#8221;vc_box_border&#8221; border_color=&#8221;black&#8221; img_link_large=&#8221;yes&#8221; image_hover=&#8221;none&#8221; image_hover_type=&#8221;default&#8221;][vc_column_text el_class=&#8221;nombres2&#8243;]<\/p>\n<p style=\"text-align: center;\">JABLE\u010cN\u00dd MED<\/p>\n<p>\u00a0[\/vc_column_text][\/vc_column_inner][\/vc_row_inner][\/vc_column][\/vc_row]<\/p>\n","protected":false},"excerpt":{"rendered":"<p>[vc_row][vc_column][section_header use_decoration=&#8221;1&#8243; layout_type=&#8221;section-heading-swirl&#8221; main_heading=&#8221;SPECI\u00c1LN\u00cd MEDY&#8221; separator_color=&#8221;#dd9933&#8243;][\/vc_column][\/vc_row][vc_row][vc_column][vc_row_inner][vc_column_inner width=&#8221;1\/4&#8243;][vc_single_image image=&#8221;1235&#8243; img_size=&#8221;250&#215;180&#8243; alignment=&#8221;center&#8221; style=&#8221;vc_box_border&#8221; border_color=&#8221;black&#8221; onclick=&#8221;img_link_large&#8221; image_hover=&#8221;none&#8221; image_hover_type=&#8221;default&#8221;][vc_column_text el_class=&#8221;nombres2&#8243;] MED S MATE\u0158\u00cd KA\u0160I\u010cKOU \u00a0[\/vc_column_text][\/vc_column_inner][vc_column_inner width=&#8221;1\/4&#8243;][vc_single_image image=&#8221;1231&#8243; img_size=&#8221;250&#215;180&#8243; alignment=&#8221;center&#8221; style=&#8221;vc_box_border&#8221; border_color=&#8221;black&#8221; onclick=&#8221;img_link_large&#8221; image_hover=&#8221;none&#8221; image_hover_type=&#8221;default&#8221;][vc_column_text el_class=&#8221;nombres2&#8243;] MED Z AG\u00c1VE \u00a0[\/vc_column_text][\/vc_column_inner][vc_column_inner width=&#8221;1\/4&#8243;][vc_single_image image=&#8221;451&#8243; img_size=&#8221;250&#215;180&#8243; alignment=&#8221;center&#8221; style=&#8221;vc_box_border&#8221; border_color=&#8221;black&#8221; img_link_large=&#8221;yes&#8221; image_hover=&#8221;none&#8221; image_hover_type=&#8221;default&#8221;][vc_column_text el_class=&#8221;nombres2&#8243;] JABLE\u010cN\u00dd MED \u00a0[\/vc_column_text][\/vc_column_inner][\/vc_row_inner][\/vc_column][\/vc_row]<\/p>\n","protected":false},"author":1,"featured_media":0,"parent":0,"menu_order":0,"comment_status":"open","ping_status":"open","template":"","meta":[],"_links":{"self":[{"href":"https:\/\/mieltiojuancruz.com\/cs\/wp-json\/wp\/v2\/pages\/2108"}],"collection":[{"href":"https:\/\/mieltiojuancruz.com\/cs\/wp-json\/wp\/v2\/pages"}],"about":[{"href":"https:\/\/mieltiojuancruz.com\/cs\/wp-json\/wp\/v2\/types\/page"}],"author":[{"embeddable":true,"href":"https:\/\/mieltiojuancruz.com\/cs\/wp-json\/wp\/v2\/users\/1"}],"replies":[{"embeddable":true,"href":"https:\/\/mieltiojuancruz.com\/cs\/wp-json\/wp\/v2\/comments?post=2108"}],"version-history":[{"count":4,"href":"https:\/\/mieltiojuancruz.com\/cs\/wp-json\/wp\/v2\/pages\/2108\/revisions"}],"predecessor-version":[{"id":2112,"href":"https:\/\/mieltiojuancruz.com\/cs\/wp-json\/wp\/v2\/pages\/2108\/revisions\/2112"}],"wp:attachment":[{"href":"https:\/\/mieltiojuancruz.com\/cs\/wp-json\/wp\/v2\/media?parent=2108"}],"curies":[{"name":"wp","href":"https:\/\/api.w.org\/{rel}","templated":true}]}}