{"id":2138,"date":"2020-12-09T15:58:02","date_gmt":"2020-12-09T14:58:02","guid":{"rendered":"http:\/\/mieltiojuancruz.com\/lucni-medy\/"},"modified":"2020-12-09T15:59:51","modified_gmt":"2020-12-09T14:59:51","slug":"lucni-medy","status":"publish","type":"page","link":"https:\/\/mieltiojuancruz.com\/cs\/lucni-medy\/","title":{"rendered":"LU\u010cN\u00cd MEDY"},"content":{"rendered":"<p>[vc_row][vc_column][section_header use_decoration=&#8221;1&#8243; layout_type=&#8221;section-heading-swirl&#8221; main_heading=&#8221;LU\u010cN\u00cd MEDY&#8221; separator_color=&#8221;#dd9933&#8243;][vc_row_inner][vc_column_inner width=&#8221;1\/4&#8243;][\/vc_column_inner][vc_column_inner width=&#8221;1\/4&#8243;][vc_single_image image=&#8221;1221&#8243; img_size=&#8221;250&#215;180&#8243; alignment=&#8221;center&#8221; style=&#8221;vc_box_border&#8221; border_color=&#8221;black&#8221; onclick=&#8221;img_link_large&#8221; image_hover=&#8221;none&#8221; image_hover_type=&#8221;default&#8221;][vc_column_text el_class=&#8221;nombres2&#8243;]<\/p>\n<p style=\"text-align: center;\">MED TIS\u00cdCE KV\u011aT\u016e<\/p>\n<p>\u00a0[\/vc_column_text][\/vc_column_inner][vc_column_inner width=&#8221;1\/4&#8243;][vc_single_image image=&#8221;1234&#8243; img_size=&#8221;250&#215;180&#8243; alignment=&#8221;center&#8221; style=&#8221;vc_box_border&#8221; border_color=&#8221;black&#8221; onclick=&#8221;img_link_large&#8221; image_hover=&#8221;none&#8221; image_hover_type=&#8221;default&#8221;][vc_column_text el_class=&#8221;nombres2&#8243;]<\/p>\n<p style=\"text-align: center;\">MED Z VOJT\u011a\u0160KY<\/p>\n<p>\u00a0[\/vc_column_text][\/vc_column_inner][vc_column_inner width=&#8221;1\/4&#8243;][\/vc_column_inner][\/vc_row_inner][\/vc_column][\/vc_row]<\/p>\n","protected":false},"excerpt":{"rendered":"<p>[vc_row][vc_column][section_header use_decoration=&#8221;1&#8243; layout_type=&#8221;section-heading-swirl&#8221; main_heading=&#8221;LU\u010cN\u00cd MEDY&#8221; separator_color=&#8221;#dd9933&#8243;][vc_row_inner][vc_column_inner width=&#8221;1\/4&#8243;][\/vc_column_inner][vc_column_inner width=&#8221;1\/4&#8243;][vc_single_image image=&#8221;1221&#8243; img_size=&#8221;250&#215;180&#8243; alignment=&#8221;center&#8221; style=&#8221;vc_box_border&#8221; border_color=&#8221;black&#8221; onclick=&#8221;img_link_large&#8221; image_hover=&#8221;none&#8221; image_hover_type=&#8221;default&#8221;][vc_column_text el_class=&#8221;nombres2&#8243;] MED TIS\u00cdCE KV\u011aT\u016e \u00a0[\/vc_column_text][\/vc_column_inner][vc_column_inner width=&#8221;1\/4&#8243;][vc_single_image image=&#8221;1234&#8243; img_size=&#8221;250&#215;180&#8243; alignment=&#8221;center&#8221; style=&#8221;vc_box_border&#8221; border_color=&#8221;black&#8221; onclick=&#8221;img_link_large&#8221; image_hover=&#8221;none&#8221; image_hover_type=&#8221;default&#8221;][vc_column_text el_class=&#8221;nombres2&#8243;] MED Z VOJT\u011a\u0160KY \u00a0[\/vc_column_text][\/vc_column_inner][vc_column_inner width=&#8221;1\/4&#8243;][\/vc_column_inner][\/vc_row_inner][\/vc_column][\/vc_row]<\/p>\n","protected":false},"author":1,"featured_media":0,"parent":0,"menu_order":0,"comment_status":"open","ping_status":"open","template":"","meta":[],"_links":{"self":[{"href":"https:\/\/mieltiojuancruz.com\/cs\/wp-json\/wp\/v2\/pages\/2138"}],"collection":[{"href":"https:\/\/mieltiojuancruz.com\/cs\/wp-json\/wp\/v2\/pages"}],"about":[{"href":"https:\/\/mieltiojuancruz.com\/cs\/wp-json\/wp\/v2\/types\/page"}],"author":[{"embeddable":true,"href":"https:\/\/mieltiojuancruz.com\/cs\/wp-json\/wp\/v2\/users\/1"}],"replies":[{"embeddable":true,"href":"https:\/\/mieltiojuancruz.com\/cs\/wp-json\/wp\/v2\/comments?post=2138"}],"version-history":[{"count":3,"href":"https:\/\/mieltiojuancruz.com\/cs\/wp-json\/wp\/v2\/pages\/2138\/revisions"}],"predecessor-version":[{"id":2141,"href":"https:\/\/mieltiojuancruz.com\/cs\/wp-json\/wp\/v2\/pages\/2138\/revisions\/2141"}],"wp:attachment":[{"href":"https:\/\/mieltiojuancruz.com\/cs\/wp-json\/wp\/v2\/media?parent=2138"}],"curies":[{"name":"wp","href":"https:\/\/api.w.org\/{rel}","templated":true}]}}