{"id":1668,"date":"2018-02-26T18:52:39","date_gmt":"2018-02-26T16:52:39","guid":{"rendered":"http:\/\/mieltiojuancruz.com\/aviso-legal\/"},"modified":"2020-12-08T22:47:47","modified_gmt":"2020-12-08T21:47:47","slug":"aviso-legal","status":"publish","type":"page","link":"https:\/\/mieltiojuancruz.com\/da\/aviso-legal\/","title":{"rendered":""},"content":{"rendered":"<ol>\n<li>\n<h2>IDENTIFIKATIONSOPLYSNINGER<\/h2>\n<\/li>\n<\/ol>\n<p>Under opfyldelse af den informationspligt, som er omfattet af paragraf 10 i spansk lov nr. 34\/2002 af 11. juli om serviceydelser fra informationssamfundet og e-handel, skal f\u00f8lgende oplysninger anf\u00f8res: ejer af hjemmesiden er det spanske anpartsselskab APICOLA CUARTERO NAVARRO SL (i det f\u00f8lgende ben\u00e6vnt Miel T\u00edo Juan Cruz), med adressen Calle la Posada, 4\u00a0 50529\u00a0 \u2013 (Fuendejalon) Zaragoza, Spanien. Selskabet har spansk CVR-nr, C.I.F.:B99056129, og er tilmeldt handelsregisteret i Zaragoza. Kontakt-e-mailadresse: info@mielT\u00edojuancruz.com p\u00e5 hjemmesiden.<\/p>\n<ol start=\"2\">\n<li>\n<h2>BRUGERE<\/h2>\n<\/li>\n<\/ol>\n<p>Adgang til og\/eller brug af Miel T\u00edo Juan Cruz\u00b4 portal g\u00f8r dig til BRUGER, som fra og med adgang og\/eller brug sker, accepterer de Generelle Betingelser for Brug, som fremg\u00e5r af hjemmesiden. De n\u00e6vnte Betingelser finder anvendelse uafh\u00e6ngigt af de Generelle Kontraktbetingelser, som eventuelt udg\u00f8r en obligatorisk opfyldelse.<\/p>\n<ol start=\"3\">\n<li>\n<h2>BRUG AF INTERNETPORTALEN<\/h2>\n<\/li>\n<\/ol>\n<p>mielt\u00edojuancruz.com giver dig adgang til en lang r\u00e6kke informationer, tjenester, programmer eller oplysninger (i det f\u00f8lgende ben\u00e6vnt \u201cindholdet\u201d) p\u00e5 internettet, som tilh\u00f8rer Miel T\u00edo Juan Cruz eller firmaets licensgivere, og som BRUGEREN kan f\u00e5 adgang til. BRUGEREN p\u00e5tager sig ansvaret for brugen af internetportalen. Dette ansvar omfatter al n\u00f8dvendig registrering for at f\u00e5 adgang til visse tjenester eller indhold.<\/p>\n<p>Ved registrering bliver BRUGEREN ansvarlig for at opgive korrekte og lovlige oplysninger. Som f\u00f8lge af registreringen, kan BRUGEREN f\u00e5 udleveret et password, som denne har ansvaret for og forpligter sig til at bruge p\u00e5 en beh\u00f8rig og fortrolig m\u00e5de. BRUGEREN forpligter sig til et korrekt brug af indhold og tjenester \u00a0(som for eksempel chat-tjenester, debatrum eller nyhedsgrupper), som det firma, som har oprettet hjemmesiden, tilbyder via portalen, og som omfatter, men ikke er begr\u00e6nset til f\u00f8lgende: til ikke at anvende dem til (i) ulovlige eller illegale aktiviteter eller aktiviteter, der er i strid med god tro og den offentlige ro og orden; (ii) videreformidling af indhold eller propaganda med et racistisk, xenofobisk, illegalt pornografisk indhold,\u00a0 til forsvar for terrorisme eller brud p\u00e5 menneskerettighederne; (iii) til at skade de fysiske og logiske systemer, som tilh\u00f8rer firmaet bag hjemmesiden, dets leverand\u00f8rer eller tredjeparter, til at indf\u00f8re og sprede it-virus p\u00e5 nettet eller ethvert af de fysiske eller logiske systemer, som kan for\u00e5rsage de f\u00f8romtalte skader; (iv) til at fors\u00f8ge at skaffe sig adgang til og eventuelt at bruge de e-mailkonti, som tilh\u00f8rer andre brugere og \u00e6ndre eller manipulere meddelelserne fra disse. Firmaet bag hjemmesiden forbeholder sig ret til at fjerne alle kommentarer og bidrag, som skader respekten for en persons v\u00e6rdighed, som er diskriminerende, xenofobiske, racistiske, pornografiske, som forbryder sig mod unge eller b\u00f8rn, den offentlige orden eller sikkerhed, eller, som sk\u00f8nnes ikke at v\u00e6re passende til offentligg\u00f8relse. Miel T\u00edo Juan Cruz vil under ingen omst\u00e6ndigheder v\u00e6re ansvarlig for holdninger, som brugerne giver udtryk for p\u00e5 fora, chats eller andet lignende.<\/p>\n<ol start=\"4\">\n<li>\n<h2>DATABESKYTTELSE<\/h2>\n<\/li>\n<\/ol>\n<p>Miel T\u00edo Juan Cruz overholder retningslinjerne i spansk organisk lov nr. 15\/1999 af 13. december om beskyttelse af personlige oplysninger, spansk kongeligt lovdekret nr. 1720\/2007 af 21. december, som godkender bekendtg\u00f8relsen om udviklingen af den organiske lov samt de \u00f8vrige g\u00e6ldende regler til enhver tid, og s\u00f8rger for at garantere en korrekt brug og behandling af brugerens personlige oplysninger. Sammen med hver formular, som bruges til indsamling af personlige oplysninger, p\u00e5 de tjenester, som brugeren kan anmode om til info@mielT\u00edojuancruz.com, vil brugeren blive gjort opm\u00e6rksom p\u00e5 de s\u00e6rlige betingelser for behandlingen af vedkommendes data, som g\u00e6lder i hvert enkelt tilf\u00e6lde, idet brugeren vil blive oplyst om ansvaret for det oprettede register, den ansvarshavendes adresse, muligheden for at ud\u00f8ve retten til at f\u00e5 adgang til, rette i, annullere eller mods\u00e6tte sig form\u00e5let med databehandlingen og eventuel videregivelse af oplysningerne til tredjepart.<\/p>\n<p>Miel T\u00edo Juan Cruz g\u00f8r ligeledes opm\u00e6rksom p\u00e5, at man overholder lov nr. 34\/2002 af 11. juli om tjenester for informationssamfundet og e-handel, og beder om dit samtykke til behandling af din e-mailadresse i en til enhver tid kommerciel henseende.<\/p>\n<ol start=\"5\">\n<li>\n<h2>INTELLEKTUEL OG INDUSTRIEL EJENDOM<\/h2>\n<\/li>\n<\/ol>\n<p>Miel T\u00edo Juan Cruz selv eller som cessionar er ejer af samtlige intellektuelle og industrielle ejendomsrettigheder til hjemmesiden samt af de elementer, som hjemmesiden best\u00e5r af (hvoraf kan n\u00e6vnes uden at v\u00e6re udt\u00f8mmende: billeder, lyd, audio, video, software eller tekster; varem\u00e6rker eller logoer, farvekombinationer, struktur og design, valg af anvendte materialer, n\u00f8dvendige computerprogrammer til hjemmesidens drift, adgang og brug osv.), som har Miel T\u00edo Juan Cruz eller deres licensgivere som adkomsthavere.<\/p>\n<p>Alle rettigheder forbeholdt. I medf\u00f8r af bestemmelserne i paragraf 8 og 32.1, stk. 2 i lov om intellektuel ejendom, er det udtrykkeligt forbudt at reproducere, distribuere og offentligg\u00f8re, herunder ogs\u00e5 at stille hele eller dele af indholdet p\u00e5 hjemmesiden til r\u00e5dighed i kommercielt henseende p\u00e5 enhver platform og via ethvert teknisk medium, uden bemyndigelse hertil fra Miel T\u00edo Juan Cruz. BRUGEREN forpligter sig til at respektere de intellektuelle og industrielle rettigheder, som tilh\u00f8rer Miel T\u00edo Juan Cruz. Du kan se portalens indhold og ogs\u00e5 udskrive det, kopiere det samt lagre det p\u00e5 harddisken p\u00e5 din computer eller ethvert andet fysisk programmel, forudsat at dette kun og udelukkende sker til personligt og privat brug. BRUGEREN m\u00e5 ikke fjerne, \u00e6ndre, omg\u00e5 eller manipulere nogen beskyttelsesforanstaltning eller sikkerhedssystem, som er installeret p\u00e5 siderne fra Miel T\u00edo Juan Cruz.<\/p>\n<ol start=\"6\">\n<li>\n<h2>FRITAGELSE FOR GARANTIER OG ANSVAR<\/h2>\n<\/li>\n<\/ol>\n<p>Miel T\u00edo Juan Cruz p\u00e5tager sig ikke under nogen omst\u00e6ndigheder ansvar for skader af enhver art, som m\u00e5tte opst\u00e5, hvoraf kan n\u00e6vnes: fejl eller udeladelses i indholdet, mangel p\u00e5 tilg\u00e6ngelighed p\u00e5 portalen eller overf\u00f8rsel af virus eller malware eller programmer med fejl i indholdet, selv om man har foretaget alle n\u00f8dvendige teknologiske foranstaltninger for at undg\u00e5 noget s\u00e5dant.<\/p>\n<ol start=\"7\">\n<li>\n<h2>\u00c6NDRINGER<\/h2>\n<\/li>\n<\/ol>\n<p>Miel T\u00edo Juan Cruz forbeholder sig ret til uden forudg\u00e5ende varsel at foretage de \u00e6ndringer, som sk\u00f8nnes relevante p\u00e5 portalen, idet man kan \u00e6ndre, fjerne eller tilf\u00f8je s\u00e5vel det indhold som de tjenester, som tilbydes via hjemmesiden, samt den m\u00e5de som de pr\u00e6senteres p\u00e5 eller kan findes p\u00e5 portalen.<\/p>\n<ol start=\"8\">\n<li>\n<h2>LINKS<\/h2>\n<\/li>\n<\/ol>\n<p>S\u00e5fremt der p\u00e5 mieltiojuancruz.com forefindes links eller hyperlinks til andre sider p\u00e5 internettet, ud\u00f8ver Miel T\u00edo Juan Cruz ingen form for kontrol over s\u00e5danne sider eller indhold. Miel T\u00edo Juan Cruz p\u00e5tager sig under ingen omst\u00e6ndigheder noget ansvar for indholdet p\u00e5 noget link, som h\u00f8rer til en anden hjemmeside, og garanterer s\u00e5ledes heller ikke for den tekniske tilg\u00e6ngelighed, kvalitet, trov\u00e6rdighed, pr\u00e6cision, udstr\u00e6kning, sandf\u00e6rdighed, gyldighed og overensstemmelse med forfatningen af ethvert materiale eller information, som fremg\u00e5r af n\u00e6vnte hyperlinks eller andre internetsteder.<\/p>\n<p>Ligeledes betyder inkludering af disse eksterne forbindelser ikke, at man p\u00e5 nogen m\u00e5de er forbundet eller fusioneret med eller har nogen andel i de til hjemmesiden forbundne enheder.<\/p>\n<ol start=\"9\">\n<li>\n<h2>RETTEN TIL UDELUKKELSE<\/h2>\n<\/li>\n<\/ol>\n<p>Miel T\u00edo Juan Cruz forbeholder sig ret til at n\u00e6gte eller tilbagetr\u00e6kke adgangen til portalen og\/eller de herp\u00e5 tilbudte tjenester uden noget forudg\u00e5ende varsel, p\u00e5 eget eller tredjeparts initiativ, for de brugere, som ikke overholder n\u00e6rv\u00e6rende Generelle Betingelser for Brug.<\/p>\n<h2>10.GENERELT<\/h2>\n<p>Miel T\u00edo Juan Cruz forf\u00f8lger manglende overholdelse af n\u00e6rv\u00e6rende betingelser samt af enhver utilb\u00f8rlig brug af portalen, idet man vil g\u00f8re brug af samtlige civile og strafferetlige s\u00f8gsm\u00e5l, som der er hjemmel for i loven.<\/p>\n<h2>11.\u00c6NDRING AF N\u00c6RV\u00c6RENDE BETINGELSER OG VARIGHED<\/h2>\n<p>Miel T\u00edo Juan Cruz kan til enhver tid \u00e6ndre de her fremlagte betingelser, s\u00e5ledes som de her fremkommer beh\u00f8rigt offentliggjort.<\/p>\n<p>Gyldigheden af de n\u00e6vnte betingelser afh\u00e6nger af deres eksponering og vil v\u00e6re gyldige, indtil det p\u00e5 beh\u00f8rig vis bliver offentliggjort, at de er blevet \u00e6ndret og erstattet med andre.<\/p>\n<ol start=\"12\">\n<li>\n<h2>RELEVANT LOVGIVNING OG V\u00c6RNETING<\/h2>\n<\/li>\n<\/ol>\n<p>Forholdet mellem Miel T\u00edo Juan Cruz og BRUGEREN er underlagt g\u00e6ldende spansk lovgivning, og ethvert stridsm\u00e5l skal behandles ved ret eller domstol i den spanske by Zaragoza.<\/p>\n","protected":false},"excerpt":{"rendered":"<p>IDENTIFIKATIONSOPLYSNINGER Under opfyldelse af den informationspligt, som er omfattet af paragraf 10 i spansk lov nr. 34\/2002 af 11. juli om serviceydelser fra informationssamfundet og e-handel, skal f\u00f8lgende oplysninger anf\u00f8res: ejer af hjemmesiden er det spanske anpartsselskab APICOLA CUARTERO NAVARRO SL (i det f\u00f8lgende ben\u00e6vnt Miel T\u00edo Juan Cruz), med adressen Calle la Posada, 4\u00a0&hellip;<\/p>\n","protected":false},"author":1,"featured_media":0,"parent":0,"menu_order":0,"comment_status":"closed","ping_status":"closed","template":"","meta":[],"_links":{"self":[{"href":"https:\/\/mieltiojuancruz.com\/da\/wp-json\/wp\/v2\/pages\/1668"}],"collection":[{"href":"https:\/\/mieltiojuancruz.com\/da\/wp-json\/wp\/v2\/pages"}],"about":[{"href":"https:\/\/mieltiojuancruz.com\/da\/wp-json\/wp\/v2\/types\/page"}],"author":[{"embeddable":true,"href":"https:\/\/mieltiojuancruz.com\/da\/wp-json\/wp\/v2\/users\/1"}],"replies":[{"embeddable":true,"href":"https:\/\/mieltiojuancruz.com\/da\/wp-json\/wp\/v2\/comments?post=1668"}],"version-history":[{"count":5,"href":"https:\/\/mieltiojuancruz.com\/da\/wp-json\/wp\/v2\/pages\/1668\/revisions"}],"predecessor-version":[{"id":1674,"href":"https:\/\/mieltiojuancruz.com\/da\/wp-json\/wp\/v2\/pages\/1668\/revisions\/1674"}],"wp:attachment":[{"href":"https:\/\/mieltiojuancruz.com\/da\/wp-json\/wp\/v2\/media?parent=1668"}],"curies":[{"name":"wp","href":"https:\/\/api.w.org\/{rel}","templated":true}]}}