{"id":1739,"date":"2020-12-09T00:25:03","date_gmt":"2020-12-08T23:25:03","guid":{"rendered":"http:\/\/mieltiojuancruz.com\/historie\/"},"modified":"2020-12-14T19:58:46","modified_gmt":"2020-12-14T18:58:46","slug":"historie","status":"publish","type":"page","link":"https:\/\/mieltiojuancruz.com\/da\/historie\/","title":{"rendered":"HISTORIE"},"content":{"rendered":"<p>[vc_row][vc_column][section_header use_decoration=&#8221;1&#8243; layout_type=&#8221;section-heading-wave&#8221; main_heading=&#8221;HISTORIE&#8221; separator_color=&#8221;#dd9933&#8243;][\/vc_column][\/vc_row][vc_row][vc_column width=&#8221;1\/4&#8243;][vc_single_image image=&#8221;2279&#8243; img_size=&#8221;full&#8221; alignment=&#8221;center&#8221;][\/vc_column][vc_column width=&#8221;1\/4&#8243;][vc_single_image image=&#8221;525&#8243; img_size=&#8221;full&#8221; alignment=&#8221;center&#8221;][\/vc_column][vc_column width=&#8221;1\/2&#8243;][vc_column_text]Mieles del T\u00edo Juan Cruz er et projekt, som i 1981 blev lanceret af biavlerfirmaet Ap\u00edcola Cuartero. Det drejer sig om forts\u00e6ttelsen af en lille familiebedrift, der ejede nogle bistader, som blev drevet af Juan Cruz i egen person.<\/p>\n<p>Hans s\u00f8n \u00f8nskede at vise ham \u00e6re ham ved at opkalde honningen efter ham som en hyldest til ham og hans store arbejde, ligesom han \u00f8nskede at videref\u00f8re familietraditionen. Efterh\u00e5nden fik han bygget familieforretningen op til at r\u00e5de over n\u00e6sten 3.000 bistader fordelt over det meste af Spanien.<\/p>\n<p>Firmaet befinder sig ved foden af det ber\u00f8mte Moncayo-bjerg i Aragonien, hvor det blomsterhav, der udg\u00f8r den v\u00e6rdifulde kilde til vores honningproduktion, vokser.[\/vc_column_text][\/vc_column][\/vc_row]<\/p>\n","protected":false},"excerpt":{"rendered":"<p>[vc_row][vc_column][section_header use_decoration=&#8221;1&#8243; layout_type=&#8221;section-heading-wave&#8221; main_heading=&#8221;HISTORIE&#8221; separator_color=&#8221;#dd9933&#8243;][\/vc_column][\/vc_row][vc_row][vc_column width=&#8221;1\/4&#8243;][vc_single_image image=&#8221;2279&#8243; img_size=&#8221;full&#8221; alignment=&#8221;center&#8221;][\/vc_column][vc_column width=&#8221;1\/4&#8243;][vc_single_image image=&#8221;525&#8243; img_size=&#8221;full&#8221; alignment=&#8221;center&#8221;][\/vc_column][vc_column width=&#8221;1\/2&#8243;][vc_column_text]Mieles del T\u00edo Juan Cruz er et projekt, som i 1981 blev lanceret af biavlerfirmaet Ap\u00edcola Cuartero. Det drejer sig om forts\u00e6ttelsen af en lille familiebedrift, der ejede nogle bistader, som blev drevet af Juan Cruz i egen person. Hans s\u00f8n \u00f8nskede&hellip;<\/p>\n","protected":false},"author":1,"featured_media":0,"parent":0,"menu_order":0,"comment_status":"closed","ping_status":"closed","template":"","meta":[],"_links":{"self":[{"href":"https:\/\/mieltiojuancruz.com\/da\/wp-json\/wp\/v2\/pages\/1739"}],"collection":[{"href":"https:\/\/mieltiojuancruz.com\/da\/wp-json\/wp\/v2\/pages"}],"about":[{"href":"https:\/\/mieltiojuancruz.com\/da\/wp-json\/wp\/v2\/types\/page"}],"author":[{"embeddable":true,"href":"https:\/\/mieltiojuancruz.com\/da\/wp-json\/wp\/v2\/users\/1"}],"replies":[{"embeddable":true,"href":"https:\/\/mieltiojuancruz.com\/da\/wp-json\/wp\/v2\/comments?post=1739"}],"version-history":[{"count":3,"href":"https:\/\/mieltiojuancruz.com\/da\/wp-json\/wp\/v2\/pages\/1739\/revisions"}],"predecessor-version":[{"id":2291,"href":"https:\/\/mieltiojuancruz.com\/da\/wp-json\/wp\/v2\/pages\/1739\/revisions\/2291"}],"wp:attachment":[{"href":"https:\/\/mieltiojuancruz.com\/da\/wp-json\/wp\/v2\/media?parent=1739"}],"curies":[{"name":"wp","href":"https:\/\/api.w.org\/{rel}","templated":true}]}}