{"id":1833,"date":"2020-12-09T13:00:49","date_gmt":"2020-12-09T12:00:49","guid":{"rendered":"http:\/\/mieltiojuancruz.com\/bierne\/"},"modified":"2020-12-09T13:00:50","modified_gmt":"2020-12-09T12:00:50","slug":"bierne","status":"publish","type":"page","link":"https:\/\/mieltiojuancruz.com\/da\/bierne\/","title":{"rendered":"BIERNE"},"content":{"rendered":"<p>[vc_row][vc_column width=&#8221;1\/1&#8243;][section_header use_decoration=&#8221;1&#8243; layout_type=&#8221;section-heading-wave&#8221; separator_position=&#8221;center&#8221; main_heading=&#8221;BIERNE&#8221; text_align=&#8221;center&#8221; font_size=&#8221;default&#8221; font_style=&#8221;default&#8221; separator_color=&#8221;#dd9933&#8243;][\/vc_column][\/vc_row][vc_row][vc_column width=&#8221;1\/2&#8243;][vc_column_text]Biavl i Spanien er et vanskeligt erhverv, som i \u00f8jeblikket st\u00e5r over for at skulle tackle flere farer, som truer bierne eksistens, som for eksempel klimaforandringer eller det industrielle landbrug, monokultur (en landbrugsdrift, der betyder, at disse insekter har mindre tilg\u00e6ngelighed til og diversitet af f\u00f8de), samt systemisk brug af giftige pesticider.<\/p>\n<p>Bierne spiller en vigtig rolle i vedligeholdelsen af \u00f8kosystemernes rigdom i hele verden, og derfor er det n\u00f8dvendigt, at der findes biavl og avl af disse insekter. S\u00e5vel fremstillingen af f\u00f8devarer samt biodiversiteten p\u00e5 landjorden afh\u00e6nger i h\u00f8j grad af polleniseringen, som er den naturlige proces, som g\u00f8r det muligt at best\u00f8ve blomsterne, s\u00e5 der kan komme frugter og fr\u00f8. Bierne er de vigtigste insekter, der medvirker i denne proces.<\/p>\n<p>P\u00e5 trods af vigtigheden heraf, er antallet af bier faldet drastisk, og af den grund tager Ap\u00edcola Cuartero p\u00e5 det kraftigste afstand fra brugen af pesticider, som skader bierne, i n\u00e6rheden af de blomster, der skal best\u00f8ves, og vi g\u00e5r ind for en ny respektfuld og b\u00e6redygtig form for landbrug, som er s\u00e5 \u00f8kologisk som muligt, og som fjerner sig s\u00e5 langt som muligt fra den industrielle landbrugsproduktion, som de store multinationale virksomheder \u00f8nsker skal vinde indpas. Ap\u00edcola Cuartero har derfor igennem l\u00e6ngere tid tilstr\u00e6bt kun at placere sine bistader i omr\u00e5der, som er rene, vilde og uber\u00f8rte, som vi har udvalgt efter at have s\u00f8gt blandt mange tomme eller efterladte steder, som endnu er at finde spredt ud over det spanske landskab.[\/vc_column_text][\/vc_column][vc_column width=&#8221;1\/2&#8243;][vc_gallery type=&#8221;flexslider_fade&#8221; interval=&#8221;3&#8243; images=&#8221;481,487,483,485&#8243; onclick=&#8221;link_image&#8221; custom_links_target=&#8221;_self&#8221; img_size=&#8221;full&#8221;][\/vc_column][\/vc_row]<\/p>\n","protected":false},"excerpt":{"rendered":"<p>[vc_row][vc_column width=&#8221;1\/1&#8243;][section_header use_decoration=&#8221;1&#8243; layout_type=&#8221;section-heading-wave&#8221; separator_position=&#8221;center&#8221; main_heading=&#8221;BIERNE&#8221; text_align=&#8221;center&#8221; font_size=&#8221;default&#8221; font_style=&#8221;default&#8221; separator_color=&#8221;#dd9933&#8243;][\/vc_column][\/vc_row][vc_row][vc_column width=&#8221;1\/2&#8243;][vc_column_text]Biavl i Spanien er et vanskeligt erhverv, som i \u00f8jeblikket st\u00e5r over for at skulle tackle flere farer, som truer bierne eksistens, som for eksempel klimaforandringer eller det industrielle landbrug, monokultur (en landbrugsdrift, der betyder, at disse insekter har mindre tilg\u00e6ngelighed til og diversitet af&hellip;<\/p>\n","protected":false},"author":1,"featured_media":0,"parent":0,"menu_order":0,"comment_status":"closed","ping_status":"closed","template":"","meta":[],"_links":{"self":[{"href":"https:\/\/mieltiojuancruz.com\/da\/wp-json\/wp\/v2\/pages\/1833"}],"collection":[{"href":"https:\/\/mieltiojuancruz.com\/da\/wp-json\/wp\/v2\/pages"}],"about":[{"href":"https:\/\/mieltiojuancruz.com\/da\/wp-json\/wp\/v2\/types\/page"}],"author":[{"embeddable":true,"href":"https:\/\/mieltiojuancruz.com\/da\/wp-json\/wp\/v2\/users\/1"}],"replies":[{"embeddable":true,"href":"https:\/\/mieltiojuancruz.com\/da\/wp-json\/wp\/v2\/comments?post=1833"}],"version-history":[{"count":2,"href":"https:\/\/mieltiojuancruz.com\/da\/wp-json\/wp\/v2\/pages\/1833\/revisions"}],"predecessor-version":[{"id":1835,"href":"https:\/\/mieltiojuancruz.com\/da\/wp-json\/wp\/v2\/pages\/1833\/revisions\/1835"}],"wp:attachment":[{"href":"https:\/\/mieltiojuancruz.com\/da\/wp-json\/wp\/v2\/media?parent=1833"}],"curies":[{"name":"wp","href":"https:\/\/api.w.org\/{rel}","templated":true}]}}