{"id":1863,"date":"2020-12-09T13:17:39","date_gmt":"2020-12-09T12:17:39","guid":{"rendered":"http:\/\/mieltiojuancruz.com\/politica-de-privacidad\/"},"modified":"2020-12-09T13:17:40","modified_gmt":"2020-12-09T12:17:40","slug":"politica-de-privacidad","status":"publish","type":"page","link":"https:\/\/mieltiojuancruz.com\/da\/politica-de-privacidad\/","title":{"rendered":"Pol\u00edtica de privacidad"},"content":{"rendered":"<p>[vc_row][vc_column][vc_column_text]<strong>\u00a0<\/strong><\/p>\n<table width=\"524\">\n<tbody>\n<tr>\n<td colspan=\"2\" width=\"524\"><strong>INFORMACI\u00d3N B\u00c1SICA SOBRE PROTECCI\u00d3N DE DATOS<\/strong><\/td>\n<\/tr>\n<tr>\n<td width=\"115\">Sitio Web<\/td>\n<td width=\"409\">www.mieltiojuancruz.com<\/td>\n<\/tr>\n<tr>\n<td width=\"115\">Titular del sitio web<\/td>\n<td width=\"409\">AP\u00cdCOLA CUARTERO NAVARRO, S.L<a href=\"https:\/\/mieltiojuancruz.com\/da\/politica-de-privacidad\/#sitio\"><strong><em><u>+ info<\/u><\/em><\/strong><\/a><\/td>\n<\/tr>\n<tr>\n<td width=\"115\">Responsable tratamiento datos<\/td>\n<td width=\"409\">AP\u00cdCOLA CUARTERO NAVARRO, S.L, en adelante \u201cla empresa\u201d <a href=\"https:\/\/mieltiojuancruz.com\/da\/politica-de-privacidad\/#titular\"><strong><em><u>+ info<\/u><\/em><\/strong><\/a><\/td>\n<\/tr>\n<tr>\n<td width=\"115\">Finalidad<\/td>\n<td width=\"409\">Gesti\u00f3n, estudio y resoluci\u00f3n de consultas efectuadas a trav\u00e9s de la web <a href=\"https:\/\/mieltiojuancruz.com\/da\/politica-de-privacidad\/#finalidad\"><strong><em><u>+ info<\/u><\/em><\/strong><\/a><\/td>\n<\/tr>\n<tr>\n<td width=\"115\">Legitimaci\u00f3n<\/td>\n<td width=\"409\">Consentimiento otorgado por el usuario <a href=\"https:\/\/mieltiojuancruz.com\/da\/politica-de-privacidad\/#legitimacion\"><strong><em><u>+ info<\/u><\/em><\/strong><\/a><\/td>\n<\/tr>\n<tr>\n<td width=\"115\">Edad legal consentimiento<\/td>\n<td width=\"409\">El Usuario certifica que es mayor de 13 a\u00f1os y que por lo tanto posee la capacidad legal necesaria para la prestaci\u00f3n del consentimiento en cuanto al tratamiento de sus datos de car\u00e1cter personal y todo ello, de conformidad con lo establecido en la presente Pol\u00edtica de Privacidad.<\/td>\n<\/tr>\n<tr>\n<td width=\"115\">Destinatarios<\/td>\n<td width=\"409\">Se comunicar\u00e1n datos a terceros para poder llevar a cabo las finalidades descritas en la presente pol\u00edtica de privacidad. En ning\u00fan caso se ceder\u00e1n datos a terceros para finalidades diferentes a las descritas en este documento.<\/td>\n<\/tr>\n<tr>\n<td width=\"115\">Derechos<\/td>\n<td width=\"409\">Acceder, rectificar y suprimir los datos, as\u00ed como otros derechos, como se explica en la informaci\u00f3n adicional.<\/td>\n<\/tr>\n<tr>\n<td width=\"115\">Informaci\u00f3n adicional<\/td>\n<td width=\"409\">Puede consultar la informaci\u00f3n adicional y detallada sobre Protecci\u00f3n de Datos pinchando aqu\u00ed <a href=\"https:\/\/mieltiojuancruz.com\/da\/politica-de-privacidad\/#derechos\"><strong><em><u>+ info<\/u><\/em><\/strong><\/a><\/td>\n<\/tr>\n<\/tbody>\n<\/table>\n<p>&nbsp;[\/vc_column_text][\/vc_column][\/vc_row][vc_row el_id=&#8221;sitio&#8221;][vc_column][vc_column_text el_class=&#8221;sitio&#8221;]<strong>1- \u00bfQui\u00e9n es el titular de esta web?<\/strong><\/p>\n<table>\n<tbody>\n<tr>\n<td width=\"212\">Identidad<\/td>\n<td width=\"212\">APICOLA CUARTERO NAVARRO SL\u2013 CIF: B99056129 en adelante, la empresa<\/td>\n<\/tr>\n<tr>\n<td width=\"212\">Datos Registrales<\/td>\n<td width=\"212\">Registro Mercantil de Zaragoza,Tomo 3234, Folio 91, Secci\u00f3n 8, Hoja 38471, Inscripci\u00f3n I\/A 1<\/td>\n<\/tr>\n<tr>\n<td width=\"212\">Direcci\u00f3n postal<\/td>\n<td width=\"212\">Calle Posada, 14 \u2013 50529 Fuendejalon (Zaragoza)<\/td>\n<\/tr>\n<tr>\n<td width=\"212\">Tel\u00e9fono<\/td>\n<td width=\"212\">976852291<\/td>\n<\/tr>\n<tr>\n<td width=\"212\">Correo electr\u00f3nico<\/td>\n<td width=\"212\">marimarmatutes@telefonica.net<\/td>\n<\/tr>\n<\/tbody>\n<\/table>\n<p>&nbsp;[\/vc_column_text][\/vc_column][\/vc_row][vc_row el_id=&#8221;titular&#8221;][vc_column][vc_column_text el_class=&#8221;titular&#8221;]<strong>2- \u00bfQui\u00e9n es el responsable del tratamiento de sus datos de car\u00e1cter personal?<\/strong><\/p>\n<table>\n<tbody>\n<tr>\n<td width=\"212\">Identidad<\/td>\n<td width=\"212\">APICOLA CUARTERO NAVARRO SL\u2013 CIF: B99056129 en adelante, la empresa<\/td>\n<\/tr>\n<tr>\n<td width=\"212\">Datos Registrales<\/td>\n<td width=\"212\">Registro Mercantil de Zaragoza,Tomo 3234, Folio 91, Secci\u00f3n 8, Hoja 38471, Inscripci\u00f3n I\/A 1<\/td>\n<\/tr>\n<tr>\n<td width=\"212\">Direcci\u00f3n postal<\/td>\n<td width=\"212\">Calle Posada, 14 \u2013 50529 Fuendejalon (Zaragoza)<\/td>\n<\/tr>\n<tr>\n<td width=\"212\">Tel\u00e9fono<\/td>\n<td width=\"212\">976852291<\/td>\n<\/tr>\n<tr>\n<td width=\"212\">Correo electr\u00f3nico<\/td>\n<td width=\"212\">marimarmatutes@telefonica.net<\/td>\n<\/tr>\n<\/tbody>\n<\/table>\n<p>&nbsp;[\/vc_column_text][vc_row_inner el_class=&#8221;clear&#8221;][vc_column_inner][\/vc_column_inner][\/vc_row_inner][\/vc_column][\/vc_row][vc_row el_id=&#8221;finalidad&#8221;][vc_column][vc_column_text el_class=&#8221;finalidad&#8221;]<strong>3- \u00bfCon qu\u00e9 finalidad trataremos sus datos de car\u00e1cter personal y durante cu\u00e1nto tiempo los conservaremos?<\/strong><\/p>\n<ul>\n<li style=\"list-style-type: none;\">\n<ul>\n<li>La empresa tratar\u00e1 sus datos de car\u00e1cter personal exclusivamente para fines determinados, expl\u00edcitos y leg\u00edtimos, y no ser\u00e1n tratados de manera incompatible con dichos fines.<\/li>\n<\/ul>\n<\/li>\n<\/ul>\n<p>&nbsp;<\/p>\n<table>\n<tbody>\n<tr>\n<td colspan=\"2\" width=\"424\"><strong>Finalidades<\/strong><\/td>\n<\/tr>\n<tr>\n<td width=\"212\">Finalidad 1: para todos los usuarios<\/td>\n<td width=\"212\">Gesti\u00f3n, estudio y resoluci\u00f3n de consultas efectuadas a trav\u00e9s de la web<\/td>\n<\/tr>\n<\/tbody>\n<\/table>\n<p>La empresa conservar\u00e1 sus datos de car\u00e1cter personal el tiempo necesario seg\u00fan la informaci\u00f3n facilitada y los plazos de conservaci\u00f3n recogidos en normativas que sean aplicables.[\/vc_column_text][vc_row_inner el_class=&#8221;clear&#8221;][vc_column_inner][\/vc_column_inner][\/vc_row_inner][\/vc_column][\/vc_row][vc_row el_id=&#8221;legitimacion&#8221;][vc_column][vc_column_text el_class=&#8221;legitimacion&#8221;]<strong>4- \u00bfCu\u00e1l es la legitimaci\u00f3n para el tratamiento de sus datos?<\/strong><\/p>\n<p>La base legal para el tratamiento de sus datos es el consentimiento que nos otorga al marcar la casilla en la que acepta nuestra pol\u00edtica de privacidad.[\/vc_column_text][vc_row_inner el_class=&#8221;clear&#8221;][vc_column_inner][\/vc_column_inner][\/vc_row_inner][\/vc_column][\/vc_row][vc_row el_id=&#8221;derechos&#8221;][vc_column][vc_column_text el_class=&#8221;derechos&#8221;]<strong>5- \u00bfCu\u00e1les son sus derechos cuando nos facilita sus datos? <\/strong><\/p>\n<p>Cualquier persona tiene derecho a obtener confirmaci\u00f3n sobre si en la empresa estamos tratando datos personales que les conciernan, o no.<\/p>\n<p>En concreto, puede usted dirigirse a la empresa a su direcci\u00f3n postal o bien a la direcci\u00f3n de email facilitada en el presente documento con la finalidad de ejercer los siguientes derechos:<\/p>\n<ul>\n<li style=\"list-style-type: none;\">\n<ul>\n<li>Derecho a solicitar el acceso a los datos personales relativos al interesado.<\/li>\n<\/ul>\n<\/li>\n<\/ul>\n<p>&nbsp;<\/p>\n<ul>\n<li style=\"list-style-type: none;\">\n<ul>\n<li>Derecho a solicitar su rectificaci\u00f3n o supresi\u00f3n.<\/li>\n<\/ul>\n<\/li>\n<\/ul>\n<p>&nbsp;<\/p>\n<ul>\n<li style=\"list-style-type: none;\">\n<ul>\n<li>Derecho a solicitar la limitaci\u00f3n de su tratamiento.<\/li>\n<\/ul>\n<\/li>\n<\/ul>\n<p>&nbsp;<\/p>\n<ul>\n<li style=\"list-style-type: none;\">\n<ul>\n<li>Derecho a oponerse al tratamiento.<\/li>\n<\/ul>\n<\/li>\n<\/ul>\n<p>&nbsp;<\/p>\n<ul>\n<li style=\"list-style-type: none;\">\n<ul>\n<li>Derecho a la portabilidad de los datos.<\/li>\n<\/ul>\n<\/li>\n<\/ul>\n<p>Puede usted solicitar los formularios necesarios para el ejercicio de estos derechos enviando un correo electr\u00f3nico a la direcci\u00f3n de email facilitada en el presente documento<\/p>\n<p>Dado el car\u00e1cter personal\u00edsimo del ejercicio de cualquiera de estos derechos usted deber\u00e1 adjuntar a la solicitud copia de su carnet de identidad o documento acreditativo equivalente.<\/p>\n<p>Puede usted dirigirse a la Agencia Espa\u00f1ola de protecci\u00f3n de Datos para obtener informaci\u00f3n adicional acerca de sus derechos o presentar una reclamaci\u00f3n ante la misma, especialmente cuando no haya obtenido satisfacci\u00f3n en el ejercicio de sus derechos, obteniendo toda la informaci\u00f3n necesaria para ello a trav\u00e9s de la web <a href=\"http:\/\/www.agpd.es\">www.agpd.es<\/a>[\/vc_column_text][vc_row_inner el_class=&#8221;clear&#8221;][vc_column_inner][\/vc_column_inner][\/vc_row_inner][\/vc_column][\/vc_row][vc_row][vc_column][vc_empty_space height=&#8221;42px&#8221;][\/vc_column][\/vc_row]<\/p>\n","protected":false},"excerpt":{"rendered":"<p>[vc_row][vc_column][vc_column_text]\u00a0 INFORMACI\u00d3N B\u00c1SICA SOBRE PROTECCI\u00d3N DE DATOS Sitio Web www.mieltiojuancruz.com Titular del sitio web AP\u00cdCOLA CUARTERO NAVARRO, S.L+ info Responsable tratamiento datos AP\u00cdCOLA CUARTERO NAVARRO, S.L, en adelante \u201cla empresa\u201d + info Finalidad Gesti\u00f3n, estudio y resoluci\u00f3n de consultas efectuadas a trav\u00e9s de la web + info Legitimaci\u00f3n Consentimiento otorgado por el usuario + info&hellip;<\/p>\n","protected":false},"author":1,"featured_media":0,"parent":0,"menu_order":0,"comment_status":"closed","ping_status":"closed","template":"","meta":[],"_links":{"self":[{"href":"https:\/\/mieltiojuancruz.com\/da\/wp-json\/wp\/v2\/pages\/1863"}],"collection":[{"href":"https:\/\/mieltiojuancruz.com\/da\/wp-json\/wp\/v2\/pages"}],"about":[{"href":"https:\/\/mieltiojuancruz.com\/da\/wp-json\/wp\/v2\/types\/page"}],"author":[{"embeddable":true,"href":"https:\/\/mieltiojuancruz.com\/da\/wp-json\/wp\/v2\/users\/1"}],"replies":[{"embeddable":true,"href":"https:\/\/mieltiojuancruz.com\/da\/wp-json\/wp\/v2\/comments?post=1863"}],"version-history":[{"count":5,"href":"https:\/\/mieltiojuancruz.com\/da\/wp-json\/wp\/v2\/pages\/1863\/revisions"}],"predecessor-version":[{"id":1868,"href":"https:\/\/mieltiojuancruz.com\/da\/wp-json\/wp\/v2\/pages\/1863\/revisions\/1868"}],"wp:attachment":[{"href":"https:\/\/mieltiojuancruz.com\/da\/wp-json\/wp\/v2\/media?parent=1863"}],"curies":[{"name":"wp","href":"https:\/\/api.w.org\/{rel}","templated":true}]}}