{"id":1899,"date":"2020-12-09T13:22:52","date_gmt":"2020-12-09T12:22:52","guid":{"rendered":"http:\/\/mieltiojuancruz.com\/vaerdier\/"},"modified":"2020-12-09T13:22:53","modified_gmt":"2020-12-09T12:22:53","slug":"vaerdier","status":"publish","type":"page","link":"https:\/\/mieltiojuancruz.com\/da\/vaerdier\/","title":{"rendered":"V\u00c6RDIER"},"content":{"rendered":"<p>[vc_row][vc_column width=&#8221;1\/1&#8243;][section_header use_decoration=&#8221;1&#8243; layout_type=&#8221;section-heading-double-border-bottom&#8221; separator_position=&#8221;center&#8221; main_heading=&#8221;V\u00c6RDIER&#8221; text_align=&#8221;center&#8221; font_size=&#8221;default&#8221; font_style=&#8221;default&#8221; separator_color=&#8221;#dd9933&#8243;][\/vc_column][\/vc_row][vc_row][vc_column width=&#8221;1\/3&#8243;][vc_gallery type=&#8221;flexslider_fade&#8221; interval=&#8221;3&#8243; images=&#8221;505,499,501,503&#8243; onclick=&#8221;link_image&#8221; custom_links_target=&#8221;_self&#8221; img_size=&#8221;full&#8221;][\/vc_column][vc_column width=&#8221;2\/3&#8243;][vc_column_text]Ap\u00edcola Cuartero og deres honningprodukter Mieles del T\u00edo Juan Cruz baserer deres arbejde p\u00e5 kun at benytte den allerbedste fremgangsm\u00e5de, n\u00e5r de fremstiller honningen, og p\u00e5 at bevare smagen, og de g\u00f8r meget ud af at v\u00e6rne om bierne og bistaderne for at kunne h\u00f8ste den st\u00f8rst mulige m\u00e6ngde honning og opn\u00e5 den allerbedste kvalitet p\u00e5 honningen.<\/p>\n<p>Det drejer sig om et familieforetagende, der er fuldt engageret i at fastholde den h\u00f8je kvalitet p\u00e5 deres produkter, som er fremstillet ud fra \u00f8kologiske principper: respekt for naturen og d\u00e9t, naturen giver; hvor man lever af naturen, men uden at beg\u00e5 rovdrift p\u00e5 denne. Desuden fors\u00f8ger man at genvinde det traditionelle h\u00e5ndv\u00e6rk for s\u00e5ledes ad den vej ogs\u00e5 at tr\u00e6kke folk tilbage til de affolkede steder, der opstod p\u00e5 grund afvandringen fra land til by.<\/p>\n<p>Under den nuv\u00e6rende globalisering, hvor der er sket et tab af diversitet blandt produkter og afgr\u00f8der, p\u00e5tager Ap\u00edcola Cuartero sig den opgave at fastholde og genvinde smagen af de traditionelle produkter, som pr\u00e6senteres i beholdere, som bevarer den fulde smag og kvalitet. Form\u00e5let er at skille sig ud fra standardprodukterne, som hele tiden dukker op p\u00e5 markedet, og som er fuldst\u00e6ndigt ens og smager af det samme gang efter gang. Honning fra Mieles del T\u00edo Juan Cruz skiller sig ud som et naturprodukt, hvor forbrugeren kan smage forskellen i produktet fra h\u00f8st til h\u00f8st, men altid f\u00e5r et produkt af allerh\u00f8jeste kvalitet.[\/vc_column_text][\/vc_column][\/vc_row]<\/p>\n","protected":false},"excerpt":{"rendered":"<p>[vc_row][vc_column width=&#8221;1\/1&#8243;][section_header use_decoration=&#8221;1&#8243; layout_type=&#8221;section-heading-double-border-bottom&#8221; separator_position=&#8221;center&#8221; main_heading=&#8221;V\u00c6RDIER&#8221; text_align=&#8221;center&#8221; font_size=&#8221;default&#8221; font_style=&#8221;default&#8221; separator_color=&#8221;#dd9933&#8243;][\/vc_column][\/vc_row][vc_row][vc_column width=&#8221;1\/3&#8243;][vc_gallery type=&#8221;flexslider_fade&#8221; interval=&#8221;3&#8243; images=&#8221;505,499,501,503&#8243; onclick=&#8221;link_image&#8221; custom_links_target=&#8221;_self&#8221; img_size=&#8221;full&#8221;][\/vc_column][vc_column width=&#8221;2\/3&#8243;][vc_column_text]Ap\u00edcola Cuartero og deres honningprodukter Mieles del T\u00edo Juan Cruz baserer deres arbejde p\u00e5 kun at benytte den allerbedste fremgangsm\u00e5de, n\u00e5r de fremstiller honningen, og p\u00e5 at bevare smagen, og de g\u00f8r meget ud af at v\u00e6rne om&hellip;<\/p>\n","protected":false},"author":1,"featured_media":0,"parent":0,"menu_order":0,"comment_status":"closed","ping_status":"closed","template":"","meta":[],"_links":{"self":[{"href":"https:\/\/mieltiojuancruz.com\/da\/wp-json\/wp\/v2\/pages\/1899"}],"collection":[{"href":"https:\/\/mieltiojuancruz.com\/da\/wp-json\/wp\/v2\/pages"}],"about":[{"href":"https:\/\/mieltiojuancruz.com\/da\/wp-json\/wp\/v2\/types\/page"}],"author":[{"embeddable":true,"href":"https:\/\/mieltiojuancruz.com\/da\/wp-json\/wp\/v2\/users\/1"}],"replies":[{"embeddable":true,"href":"https:\/\/mieltiojuancruz.com\/da\/wp-json\/wp\/v2\/comments?post=1899"}],"version-history":[{"count":2,"href":"https:\/\/mieltiojuancruz.com\/da\/wp-json\/wp\/v2\/pages\/1899\/revisions"}],"predecessor-version":[{"id":1901,"href":"https:\/\/mieltiojuancruz.com\/da\/wp-json\/wp\/v2\/pages\/1899\/revisions\/1901"}],"wp:attachment":[{"href":"https:\/\/mieltiojuancruz.com\/da\/wp-json\/wp\/v2\/media?parent=1899"}],"curies":[{"name":"wp","href":"https:\/\/api.w.org\/{rel}","templated":true}]}}