{"id":1923,"date":"2020-12-09T13:36:53","date_gmt":"2020-12-09T12:36:53","guid":{"rendered":"http:\/\/mieltiojuancruz.com\/fremstillingsprocesser\/"},"modified":"2020-12-09T13:36:54","modified_gmt":"2020-12-09T12:36:54","slug":"fremstillingsprocesser","status":"publish","type":"page","link":"https:\/\/mieltiojuancruz.com\/da\/fremstillingsprocesser\/","title":{"rendered":"FREMSTILLINGSPROCESSER"},"content":{"rendered":"<p>[vc_row][vc_column width=&#8221;1\/1&#8243;][section_header use_decoration=&#8221;1&#8243; layout_type=&#8221;section-heading-thick-border&#8221; separator_position=&#8221;center&#8221; main_heading=&#8221;FREMSTILLINGSPROCESSER&#8221; text_align=&#8221;center&#8221; font_size=&#8221;default&#8221; font_style=&#8221;default&#8221; separator_color=&#8221;#dd9933&#8243;][\/vc_column][\/vc_row][vc_row][vc_column width=&#8221;1\/1&#8243;][vc_column_text]Firmaet ligger mellem Ebro-floddalen og Moncayo-bjergets udl\u00f8bere, et privilegeret sted, hvor man har adgang til s\u00e5vel bevoksning af rosmarin i Aragoniens lavland som til sommerblomsterne i regionens bjergland. Derudover, fordi det drejer sig om en logistisk beliggenhed p\u00e5 den iberiske halv\u00f8, har man let adgang til de \u00f8vrige regioner, som for eksempel middelhavsomr\u00e5derne, Kastiliens h\u00f8jslette eller Kantabriens lyngbevoksede heder.<\/p>\n<p>Hele produktionen fra A til Z foreg\u00e5r under brug af de traditionelle fremgangsmetoder, men den er samtidig tilpasset den moderne teknologi. Processen starter med pasningen af en biavlsdrift best\u00e5ende af n\u00e6sten 3.000 bistader, hvor hundredvis af honningbier af arten \u201cApis mellifera\u201d henter nektar fra forskellige blomster og tager den med til bistadet, hvor der produceres honning, voks og Gel\u00e9 Royal.<\/p>\n<p>Honning er en f\u00f8devare, hvis tilberedning starter med planten, som leverer nektaren, som hovedsageligt befinder sig inde i blomsten. N\u00e5r bierne best\u00f8ver blomsten, tager de nektaren med sig i deres honningmaver hjem til boet, hvor de lagrer det i cellerne p\u00e5 tavlen i bistadet. Tavlerne t\u00f8mmes og g\u00f8res klar til, at bierne igen kan bruge dem. Processen afsluttes med en filtrering og modning af honningen, som til slut kommes p\u00e5 beholdere.[\/vc_column_text][\/vc_column][\/vc_row][vc_row][vc_column width=&#8221;1\/3&#8243;][vc_single_image image=&#8221;516&#8243; alignment=&#8221;center&#8221; style=&#8221;vc_box_shadow_3d&#8221; border_color=&#8221;grey&#8221; img_link_target=&#8221;_self&#8221; image_hover=&#8221;none&#8221; image_hover_type=&#8221;default&#8221; img_size=&#8221;full&#8221;][\/vc_column][vc_column width=&#8221;1\/3&#8243;][vc_single_image image=&#8221;514&#8243; alignment=&#8221;center&#8221; style=&#8221;vc_box_shadow_3d&#8221; border_color=&#8221;grey&#8221; img_link_target=&#8221;_self&#8221; image_hover=&#8221;none&#8221; image_hover_type=&#8221;default&#8221; img_size=&#8221;full&#8221;][\/vc_column][vc_column width=&#8221;1\/3&#8243;][vc_single_image image=&#8221;512&#8243; alignment=&#8221;center&#8221; style=&#8221;vc_box_shadow_3d&#8221; border_color=&#8221;grey&#8221; img_link_target=&#8221;_self&#8221; image_hover=&#8221;none&#8221; image_hover_type=&#8221;default&#8221; img_size=&#8221;full&#8221;][\/vc_column][\/vc_row]<\/p>\n","protected":false},"excerpt":{"rendered":"<p>[vc_row][vc_column width=&#8221;1\/1&#8243;][section_header use_decoration=&#8221;1&#8243; layout_type=&#8221;section-heading-thick-border&#8221; separator_position=&#8221;center&#8221; main_heading=&#8221;FREMSTILLINGSPROCESSER&#8221; text_align=&#8221;center&#8221; font_size=&#8221;default&#8221; font_style=&#8221;default&#8221; separator_color=&#8221;#dd9933&#8243;][\/vc_column][\/vc_row][vc_row][vc_column width=&#8221;1\/1&#8243;][vc_column_text]Firmaet ligger mellem Ebro-floddalen og Moncayo-bjergets udl\u00f8bere, et privilegeret sted, hvor man har adgang til s\u00e5vel bevoksning af rosmarin i Aragoniens lavland som til sommerblomsterne i regionens bjergland. Derudover, fordi det drejer sig om en logistisk beliggenhed p\u00e5 den iberiske halv\u00f8, har man let adgang&hellip;<\/p>\n","protected":false},"author":1,"featured_media":0,"parent":0,"menu_order":0,"comment_status":"closed","ping_status":"closed","template":"","meta":[],"_links":{"self":[{"href":"https:\/\/mieltiojuancruz.com\/da\/wp-json\/wp\/v2\/pages\/1923"}],"collection":[{"href":"https:\/\/mieltiojuancruz.com\/da\/wp-json\/wp\/v2\/pages"}],"about":[{"href":"https:\/\/mieltiojuancruz.com\/da\/wp-json\/wp\/v2\/types\/page"}],"author":[{"embeddable":true,"href":"https:\/\/mieltiojuancruz.com\/da\/wp-json\/wp\/v2\/users\/1"}],"replies":[{"embeddable":true,"href":"https:\/\/mieltiojuancruz.com\/da\/wp-json\/wp\/v2\/comments?post=1923"}],"version-history":[{"count":2,"href":"https:\/\/mieltiojuancruz.com\/da\/wp-json\/wp\/v2\/pages\/1923\/revisions"}],"predecessor-version":[{"id":1925,"href":"https:\/\/mieltiojuancruz.com\/da\/wp-json\/wp\/v2\/pages\/1923\/revisions\/1925"}],"wp:attachment":[{"href":"https:\/\/mieltiojuancruz.com\/da\/wp-json\/wp\/v2\/media?parent=1923"}],"curies":[{"name":"wp","href":"https:\/\/api.w.org\/{rel}","templated":true}]}}