{"id":2033,"date":"2020-12-09T14:24:49","date_gmt":"2020-12-09T13:24:49","guid":{"rendered":"http:\/\/mieltiojuancruz.com\/vores-blomster\/"},"modified":"2020-12-09T14:26:18","modified_gmt":"2020-12-09T13:26:18","slug":"vores-blomster","status":"publish","type":"page","link":"https:\/\/mieltiojuancruz.com\/da\/vores-blomster\/","title":{"rendered":"VORES BLOMSTER"},"content":{"rendered":"<p>[vc_row][vc_column width=&#8221;1\/1&#8243;][section_header use_decoration=&#8221;1&#8243; layout_type=&#8221;section-heading-border-top-bottom&#8221; separator_position=&#8221;center&#8221; main_heading=&#8221;VORES BLOMSTER&#8221; text_align=&#8221;center&#8221; font_size=&#8221;default&#8221; font_style=&#8221;default&#8221; separator_color=&#8221;#dd9933&#8243;][\/vc_column][\/vc_row][vc_row][vc_column width=&#8221;1\/3&#8243;][vc_single_image image=&#8221;472&#8243; alignment=&#8221;center&#8221; style=&#8221;vc_box_outline_circle&#8221; border_color=&#8221;grey&#8221; img_link_target=&#8221;_self&#8221; image_hover=&#8221;none&#8221; image_hover_type=&#8221;default&#8221; img_size=&#8221;full&#8221;][vc_single_image image=&#8221;474&#8243; alignment=&#8221;center&#8221; style=&#8221;vc_box_outline_circle&#8221; border_color=&#8221;grey&#8221; img_link_target=&#8221;_self&#8221; image_hover=&#8221;none&#8221; image_hover_type=&#8221;default&#8221; img_size=&#8221;full&#8221;][\/vc_column][vc_column width=&#8221;2\/3&#8243;][vc_column_text]De over 3.000 bistader, som Ap\u00edcola Cuartero har fordelt over det meste af den spanske geografi, betyder, at Mieles del T\u00edo Juan Cruz har adgang til et omfattende blomstringsspektrum med de mest diverse \u00f8kosystemer, hvor bierne kan udf\u00f8re deres best\u00f8vningsarbejde af blomsterne.<\/p>\n<p>I Aragonien udnytter man blomsterne hos rosmarin og r\u00f8d timian, hvor den f\u00f8rste plante giver en honning med en meget klar farve, en blid smag samt en meget behagelig efteraroma; mens den anden f\u00e5r en ravfarvet farve og en s\u00f8d smag med syrlige noter.<\/p>\n<p>Bjerglandet giver nogle helt andre varianter som for eksempel lavendelhonning, som er yderst frisk; lynghonning med en r\u00f8dlig ravfarve og en rund smag; eukalyptus, som er ekstrem aromatisk og smager lidt af tr\u00e6; sommerfuglelavendel eller r\u00f8d lavendel, som giver honningen en mild og parfumeret smag; bromb\u00e6r, en eksklusiv honning med bromb\u00e6rsaft; og honningdughonnig af steneg og eg, der har en meget m\u00f8rk farve p\u00e5 grund af et h\u00f8jt jernindhold og en dyb smag.<\/p>\n<p>Ogs\u00e5 middelhavsegnene byder p\u00e5 blomster med en nektar, som virker st\u00e6rkt tiltr\u00e6kkende p\u00e5 bierne. P\u00e5 den spanske \u00f8stkyst fremstiller man honning af pomeransblomstolie eller appelsin, kv\u00e6de og citron, der har en syrlig, fin og meget aromatisk smag.<\/p>\n<p>P\u00e5 h\u00f8jsletten i den centrale Spanien finder man blomster som for eksempel solsikke, krydderurt, hvid timian og lavendel eller vild lavendel. Den f\u00f8rste giver en honning med en klar ravfarve, duft af blomster med olieagtige noter og en meget s\u00f8d smag. Den anden, en tyk honning, der n\u00e6sten er hvid, og som har en meget h\u00f8j kvalitet.<\/p>\n<p>Fra engomr\u00e5derne i Ebro-dalen f\u00e5r man honningprodukter som \u201dtusind blomster\u201d og fra luserne. Som navnet antyder, s\u00e5 er \u201ctusind blomster\u201d-honningen en naturlig honning ud fra mange forskellige slags blomster.[\/vc_column_text][\/vc_column][\/vc_row]<\/p>\n","protected":false},"excerpt":{"rendered":"<p>[vc_row][vc_column width=&#8221;1\/1&#8243;][section_header use_decoration=&#8221;1&#8243; layout_type=&#8221;section-heading-border-top-bottom&#8221; separator_position=&#8221;center&#8221; main_heading=&#8221;VORES BLOMSTER&#8221; text_align=&#8221;center&#8221; font_size=&#8221;default&#8221; font_style=&#8221;default&#8221; separator_color=&#8221;#dd9933&#8243;][\/vc_column][\/vc_row][vc_row][vc_column width=&#8221;1\/3&#8243;][vc_single_image image=&#8221;472&#8243; alignment=&#8221;center&#8221; style=&#8221;vc_box_outline_circle&#8221; border_color=&#8221;grey&#8221; img_link_target=&#8221;_self&#8221; image_hover=&#8221;none&#8221; image_hover_type=&#8221;default&#8221; img_size=&#8221;full&#8221;][vc_single_image image=&#8221;474&#8243; alignment=&#8221;center&#8221; style=&#8221;vc_box_outline_circle&#8221; border_color=&#8221;grey&#8221; img_link_target=&#8221;_self&#8221; image_hover=&#8221;none&#8221; image_hover_type=&#8221;default&#8221; img_size=&#8221;full&#8221;][\/vc_column][vc_column width=&#8221;2\/3&#8243;][vc_column_text]De over 3.000 bistader, som Ap\u00edcola Cuartero har fordelt over det meste af den spanske geografi, betyder, at Mieles del T\u00edo Juan Cruz har adgang til et&hellip;<\/p>\n","protected":false},"author":1,"featured_media":0,"parent":0,"menu_order":0,"comment_status":"closed","ping_status":"closed","template":"","meta":[],"_links":{"self":[{"href":"https:\/\/mieltiojuancruz.com\/da\/wp-json\/wp\/v2\/pages\/2033"}],"collection":[{"href":"https:\/\/mieltiojuancruz.com\/da\/wp-json\/wp\/v2\/pages"}],"about":[{"href":"https:\/\/mieltiojuancruz.com\/da\/wp-json\/wp\/v2\/types\/page"}],"author":[{"embeddable":true,"href":"https:\/\/mieltiojuancruz.com\/da\/wp-json\/wp\/v2\/users\/1"}],"replies":[{"embeddable":true,"href":"https:\/\/mieltiojuancruz.com\/da\/wp-json\/wp\/v2\/comments?post=2033"}],"version-history":[{"count":2,"href":"https:\/\/mieltiojuancruz.com\/da\/wp-json\/wp\/v2\/pages\/2033\/revisions"}],"predecessor-version":[{"id":2035,"href":"https:\/\/mieltiojuancruz.com\/da\/wp-json\/wp\/v2\/pages\/2033\/revisions\/2035"}],"wp:attachment":[{"href":"https:\/\/mieltiojuancruz.com\/da\/wp-json\/wp\/v2\/media?parent=2033"}],"curies":[{"name":"wp","href":"https:\/\/api.w.org\/{rel}","templated":true}]}}