{"id":643,"date":"2014-10-29T21:58:05","date_gmt":"2014-10-29T21:58:05","guid":{"rendered":"http:\/\/mieltiojuancruz.com\/valores-2\/"},"modified":"2021-04-27T20:29:27","modified_gmt":"2021-04-27T19:29:27","slug":"valores","status":"publish","type":"page","link":"https:\/\/mieltiojuancruz.com\/de\/valores\/","title":{"rendered":"Valores"},"content":{"rendered":"<p>[vc_row][vc_column][section_header use_decoration=&#8221;1&#8243; layout_type=&#8221;section-heading-double-border-bottom&#8221; main_heading=&#8221;VALORES&#8221; separator_color=&#8221;#dd9933&#8243;][\/vc_column][\/vc_row][vc_row][vc_column][vc_column_text]Ap\u00edcola Cuartero y sus Mieles del T\u00edo Juan Cruz basa su forma de trabajo en la excelencia en la producci\u00f3n de la miel y en la conservaci\u00f3n de su sabor, as\u00ed como en el cuidado de las abejas y las colmenas para favorecer que \u00e9stas produzcan la mayor cantidad posible de mieles de la mejor calidad.<\/p>\n<p>Se trata de una empresa familiar volcada en mantener un alto nivel en sus productos, cuya elaboraci\u00f3n se basa en principios ecol\u00f3gicos: respeta la naturaleza y lo que \u00e9sta ofrece, viviendo de ella pero sin agredirla. Adem\u00e1s, busca recuperar los oficios tradicionales para volver a habitar los lugares que quedaron desiertos.<\/p>\n<p>En el momento de globalizaci\u00f3n actual, en el que se ha producido una p\u00e9rdida de diversidad en los productos y en los cultivos, Ap\u00edcola Cuartero propone que se mantengan y se recuperen los sabores tradicionales, que los recursos de la tierra se presenten en los envases con todo su valor. El objetivo es desmarcarse de los productos est\u00e1ndar que aparecen continuamente y cuyo sabor acaba resultando id\u00e9ntico una y otra vez. Mieles del T\u00edo Juan Cruz cuenta con el valor de lo natural como elemento diferenciador, pudiendo notar matices distintos entre una cosecha y otra pero siempre bajo el m\u00e1s exigente nivel de calidad.[\/vc_column_text][\/vc_column][\/vc_row][vc_row][vc_column width=&#8221;1\/2&#8243;][vc_single_image image=&#8221;2517&#8243; img_size=&#8221;full&#8221; onclick=&#8221;img_link_large&#8221;][vc_single_image image=&#8221;2520&#8243; img_size=&#8221;full&#8221; onclick=&#8221;img_link_large&#8221;][\/vc_column][vc_column width=&#8221;1\/2&#8243;][vc_single_image image=&#8221;2519&#8243; img_size=&#8221;full&#8221;][vc_single_image image=&#8221;2516&#8243; img_size=&#8221;full&#8221; onclick=&#8221;img_link_large&#8221;][\/vc_column][\/vc_row]<\/p>\n","protected":false},"excerpt":{"rendered":"<p>[vc_row][vc_column][section_header use_decoration=&#8221;1&#8243; layout_type=&#8221;section-heading-double-border-bottom&#8221; main_heading=&#8221;VALORES&#8221; separator_color=&#8221;#dd9933&#8243;][\/vc_column][\/vc_row][vc_row][vc_column][vc_column_text]Ap\u00edcola Cuartero y sus Mieles del T\u00edo Juan Cruz basa su forma de trabajo en la excelencia en la producci\u00f3n de la miel y en la conservaci\u00f3n de su sabor, as\u00ed como en el cuidado de las abejas y las colmenas para favorecer que \u00e9stas produzcan la mayor cantidad posible de&hellip;<\/p>\n","protected":false},"author":1,"featured_media":0,"parent":0,"menu_order":0,"comment_status":"closed","ping_status":"closed","template":"","meta":[],"_links":{"self":[{"href":"https:\/\/mieltiojuancruz.com\/de\/wp-json\/wp\/v2\/pages\/643"}],"collection":[{"href":"https:\/\/mieltiojuancruz.com\/de\/wp-json\/wp\/v2\/pages"}],"about":[{"href":"https:\/\/mieltiojuancruz.com\/de\/wp-json\/wp\/v2\/types\/page"}],"author":[{"embeddable":true,"href":"https:\/\/mieltiojuancruz.com\/de\/wp-json\/wp\/v2\/users\/1"}],"replies":[{"embeddable":true,"href":"https:\/\/mieltiojuancruz.com\/de\/wp-json\/wp\/v2\/comments?post=643"}],"version-history":[{"count":2,"href":"https:\/\/mieltiojuancruz.com\/de\/wp-json\/wp\/v2\/pages\/643\/revisions"}],"predecessor-version":[{"id":2565,"href":"https:\/\/mieltiojuancruz.com\/de\/wp-json\/wp\/v2\/pages\/643\/revisions\/2565"}],"wp:attachment":[{"href":"https:\/\/mieltiojuancruz.com\/de\/wp-json\/wp\/v2\/media?parent=643"}],"curies":[{"name":"wp","href":"https:\/\/api.w.org\/{rel}","templated":true}]}}