{"id":652,"date":"2014-10-29T21:58:33","date_gmt":"2014-10-29T21:58:33","guid":{"rendered":"http:\/\/mieltiojuancruz.com\/procesos-de-elaboracion-2\/"},"modified":"2021-04-26T10:11:15","modified_gmt":"2021-04-26T09:11:15","slug":"procesos-de-elaboracion","status":"publish","type":"page","link":"https:\/\/mieltiojuancruz.com\/de\/procesos-de-elaboracion\/","title":{"rendered":"Procesos de elaboraci\u00f3n"},"content":{"rendered":"<p>[vc_row][vc_column][section_header use_decoration=&#8221;1&#8243; layout_type=&#8221;section-heading-thick-border&#8221; main_heading=&#8221;PROCESOS DE ELABORACI\u00d3N&#8221; separator_color=&#8221;#dd9933&#8243;][\/vc_column][\/vc_row][vc_row][vc_column][vc_column_text]Situada entre el valle del Ebro y las estribaciones del Moncayo, esta empresa espa\u00f1ola se encuentra en un lugar privilegiado para poder acceder tanto a los romerales del bajo Arag\u00f3n como a las floraciones de verano de las monta\u00f1as dentro de su regi\u00f3n. Pero adem\u00e1s, al ubicarse en un punto log\u00edstico de la pen\u00ednsula, tiene f\u00e1cil acceso a otras regiones, como las zonas mediterr\u00e1neas, la meseta de Castilla o los brezales del Cant\u00e1brico.<\/p>\n<p>El cien por cien de la producci\u00f3n se realiza siguiendo los pasos de la elaboraci\u00f3n tradicional, pero adaptados a la tecnolog\u00eda de la actualidad. El proceso comienza con el cuidado de una explotaci\u00f3n ap\u00edcola de cerca de 3.000 colmenas, donde cientos de miles de abejas de la especie \u201cApis mellifera\u201d recolectan el n\u00e9ctar de distintas flores para llevarlo a la colmena y fabricar miel, cera y jalea.<\/p>\n<p>La miel es un alimento cuya preparaci\u00f3n comienza en la planta, la cual produce el n\u00e9ctar principalmente en la base del interior de la flor. Una vez las abejas la polinizan, se llevan el n\u00e9ctar guardado en el buche hasta la colmena para almacenarlo en las celdillas del panal, donde la miel acaba de madurarse y que son recogidas por el apicultor. La miel se extrae y las celdillas quedan limpias de nuevo para que las abejas vuelvan a usarlas. El proceso finaliza con el filtrado y maduraci\u00f3n de la miel y su envasado.[\/vc_column_text][\/vc_column][\/vc_row][vc_row][vc_column width=&#8221;1\/3&#8243;][vc_single_image image=&#8221;2505&#8243; img_size=&#8221;full&#8221; alignment=&#8221;center&#8221; style=&#8221;vc_box_shadow_3d&#8221; image_hover=&#8221;none&#8221; image_hover_type=&#8221;default&#8221;][\/vc_column][vc_column width=&#8221;1\/3&#8243;][vc_single_image image=&#8221;2506&#8243; img_size=&#8221;full&#8221; alignment=&#8221;center&#8221; style=&#8221;vc_box_shadow_3d&#8221; image_hover=&#8221;none&#8221; image_hover_type=&#8221;default&#8221;][\/vc_column][vc_column width=&#8221;1\/3&#8243;][vc_single_image image=&#8221;2504&#8243; img_size=&#8221;full&#8221; alignment=&#8221;center&#8221; style=&#8221;vc_box_shadow_3d&#8221; image_hover=&#8221;none&#8221; image_hover_type=&#8221;default&#8221;][\/vc_column][\/vc_row]<\/p>\n","protected":false},"excerpt":{"rendered":"<p>[vc_row][vc_column][section_header use_decoration=&#8221;1&#8243; layout_type=&#8221;section-heading-thick-border&#8221; main_heading=&#8221;PROCESOS DE ELABORACI\u00d3N&#8221; separator_color=&#8221;#dd9933&#8243;][\/vc_column][\/vc_row][vc_row][vc_column][vc_column_text]Situada entre el valle del Ebro y las estribaciones del Moncayo, esta empresa espa\u00f1ola se encuentra en un lugar privilegiado para poder acceder tanto a los romerales del bajo Arag\u00f3n como a las floraciones de verano de las monta\u00f1as dentro de su regi\u00f3n. Pero adem\u00e1s, al ubicarse en un&hellip;<\/p>\n","protected":false},"author":1,"featured_media":0,"parent":0,"menu_order":0,"comment_status":"closed","ping_status":"closed","template":"","meta":[],"_links":{"self":[{"href":"https:\/\/mieltiojuancruz.com\/de\/wp-json\/wp\/v2\/pages\/652"}],"collection":[{"href":"https:\/\/mieltiojuancruz.com\/de\/wp-json\/wp\/v2\/pages"}],"about":[{"href":"https:\/\/mieltiojuancruz.com\/de\/wp-json\/wp\/v2\/types\/page"}],"author":[{"embeddable":true,"href":"https:\/\/mieltiojuancruz.com\/de\/wp-json\/wp\/v2\/users\/1"}],"replies":[{"embeddable":true,"href":"https:\/\/mieltiojuancruz.com\/de\/wp-json\/wp\/v2\/comments?post=652"}],"version-history":[{"count":2,"href":"https:\/\/mieltiojuancruz.com\/de\/wp-json\/wp\/v2\/pages\/652\/revisions"}],"predecessor-version":[{"id":2509,"href":"https:\/\/mieltiojuancruz.com\/de\/wp-json\/wp\/v2\/pages\/652\/revisions\/2509"}],"wp:attachment":[{"href":"https:\/\/mieltiojuancruz.com\/de\/wp-json\/wp\/v2\/media?parent=652"}],"curies":[{"name":"wp","href":"https:\/\/api.w.org\/{rel}","templated":true}]}}