{"id":667,"date":"2014-10-30T19:34:32","date_gmt":"2014-10-30T19:34:32","guid":{"rendered":"http:\/\/mieltiojuancruz.com\/nuestras-flores-2\/"},"modified":"2021-04-25T09:44:00","modified_gmt":"2021-04-25T08:44:00","slug":"nuestras-flores","status":"publish","type":"page","link":"https:\/\/mieltiojuancruz.com\/de\/nuestras-flores\/","title":{"rendered":"NUESTRAS FLORES"},"content":{"rendered":"<p>[vc_row][vc_column][section_header use_decoration=&#8221;1&#8243; layout_type=&#8221;section-heading-border-top-bottom&#8221; main_heading=&#8221;NUESTRAS FLORES&#8221; separator_color=&#8221;#dd9933&#8243;][\/vc_column][\/vc_row][vc_row][vc_column width=&#8221;1\/3&#8243;][vc_gallery type=&#8221;image_grid&#8221; images=&#8221;2460,2474,2459,2458,2473,2476,2477,2480&#8243; onclick=&#8221;img_link_large&#8221; css_animation=&#8221;none&#8221;][\/vc_column][vc_column width=&#8221;2\/3&#8243;][vc_column_text]Las m\u00e1s de 3.000 colmenas que Ap\u00edcola Cuartero tiene distribuidas por gran parte de la geograf\u00eda espa\u00f1ola hacen que las Mieles del T\u00edo Juan Cruz abarquen una gran variedad de floraciones de los m\u00e1s diversos ecosistemas para que las abejas las polinicen.<\/p>\n<p>Del territorio aragon\u00e9s, se aprovechan flores como el\u00a0<strong>romero<\/strong> y el <strong>tomillo rosa<\/strong>, la primera produce miel de color muy claro, sabor suave y con un agradable final arom\u00e1tico; y la segunda de un color \u00e1mbar y de sabor dulce con notas \u00e1cidas.<\/p>\n<p>La monta\u00f1a ofrece otro tipo de variedades, como son las mieles de <strong>lavanda<\/strong>, de gran poder refrescante; <strong>brezo<\/strong>, de color rojo \u00e1mbar y sabor rotundo; <strong>eucalipto<\/strong>, extremadamente arom\u00e1tica y sabor amaderado; <strong>cantueso<\/strong> o lavanda roja, de sabor suave y perfumado; <strong>zarzamora<\/strong>, exclusiva miel procedente del jugo de las moras; y <strong>mielatos de encina y roble<\/strong>, de color muy oscuro por su gran contenido en hierro y profundo sabor.<\/p>\n<p>Tambi\u00e9n la zona mediterr\u00e1nea cuenta con flores de n\u00e9ctar muy atrayente para las abejas. El <strong>levante espa\u00f1ol<\/strong> produce las mieles de azahar o naranjo, de n\u00edspero y de limonero, de sabor c\u00edtrico, finas y muy arom\u00e1ticas.<\/p>\n<p>La meseta espa\u00f1ola regala flores como el <strong>girasol<\/strong>, la <strong>ajedrea<\/strong>, <strong>tomillo blanco<\/strong> y <strong>espliego o lavanda salvaje<\/strong>. La primera da una miel de color \u00e1mbar claro, olor floral con notas oleosas y de sabor muy dulce. La segunda, una miel densa, de color casi blanco y calidad superior.<\/p>\n<p>De las praderas del Valle del Ebro son las mieles <strong>\u201cMil flores\u201d<\/strong> y de la <strong>alfalfa<\/strong>. Como bien dice su nombre, la miel \u201cMil flores\u201d es una miel natural procedente de diferentes especies de flores.<\/p>\n<p>Otras plantas con las que se producen las Mieles del T\u00edo Juan Cruz son el <strong>tilo<\/strong>, que produce una miel de color amarillo suave y olor fragante; el <strong>abeto<\/strong>, cuya sabia liban las abejas y la convierten en miel verde y de aroma bals\u00e1mico; y la <strong>acacia<\/strong>, que da una miel cristalina y muy l\u00edquida y tiene un sabor suave, que ofrece al paladar una dulzura incomparable.[\/vc_column_text][\/vc_column][\/vc_row]<\/p>\n","protected":false},"excerpt":{"rendered":"<p>[vc_row][vc_column][section_header use_decoration=&#8221;1&#8243; layout_type=&#8221;section-heading-border-top-bottom&#8221; main_heading=&#8221;NUESTRAS FLORES&#8221; separator_color=&#8221;#dd9933&#8243;][\/vc_column][\/vc_row][vc_row][vc_column width=&#8221;1\/3&#8243;][vc_gallery type=&#8221;image_grid&#8221; images=&#8221;2460,2474,2459,2458,2473,2476,2477,2480&#8243; onclick=&#8221;img_link_large&#8221; css_animation=&#8221;none&#8221;][\/vc_column][vc_column width=&#8221;2\/3&#8243;][vc_column_text]Las m\u00e1s de 3.000 colmenas que Ap\u00edcola Cuartero tiene distribuidas por gran parte de la geograf\u00eda espa\u00f1ola hacen que las Mieles del T\u00edo Juan Cruz abarquen una gran variedad de floraciones de los m\u00e1s diversos ecosistemas para que las abejas las polinicen. Del territorio&hellip;<\/p>\n","protected":false},"author":1,"featured_media":0,"parent":0,"menu_order":0,"comment_status":"closed","ping_status":"closed","template":"","meta":[],"_links":{"self":[{"href":"https:\/\/mieltiojuancruz.com\/de\/wp-json\/wp\/v2\/pages\/667"}],"collection":[{"href":"https:\/\/mieltiojuancruz.com\/de\/wp-json\/wp\/v2\/pages"}],"about":[{"href":"https:\/\/mieltiojuancruz.com\/de\/wp-json\/wp\/v2\/types\/page"}],"author":[{"embeddable":true,"href":"https:\/\/mieltiojuancruz.com\/de\/wp-json\/wp\/v2\/users\/1"}],"replies":[{"embeddable":true,"href":"https:\/\/mieltiojuancruz.com\/de\/wp-json\/wp\/v2\/comments?post=667"}],"version-history":[{"count":3,"href":"https:\/\/mieltiojuancruz.com\/de\/wp-json\/wp\/v2\/pages\/667\/revisions"}],"predecessor-version":[{"id":2484,"href":"https:\/\/mieltiojuancruz.com\/de\/wp-json\/wp\/v2\/pages\/667\/revisions\/2484"}],"wp:attachment":[{"href":"https:\/\/mieltiojuancruz.com\/de\/wp-json\/wp\/v2\/media?parent=667"}],"curies":[{"name":"wp","href":"https:\/\/api.w.org\/{rel}","templated":true}]}}