{"id":676,"date":"2014-10-30T20:29:45","date_gmt":"2014-10-30T19:29:45","guid":{"rendered":"http:\/\/mieltiojuancruz.com\/inicio-2\/"},"modified":"2021-04-29T23:09:40","modified_gmt":"2021-04-29T22:09:40","slug":"inicio","status":"publish","type":"page","link":"https:\/\/mieltiojuancruz.com\/de\/","title":{"rendered":"INICIO"},"content":{"rendered":"<p>[vc_row css=&#8221;.vc_custom_1414866289650{margin-top: -90px !important;margin-bottom: 0px !important;}&#8221; background_style=&#8221;cover&#8221;][vc_column][rev_slider_vc alias=&#8221;principal&#8221;][\/vc_column][\/vc_row][vc_row expanded=&#8221;1,2&#8243; background_style=&#8221;parallax&#8221; el_id=&#8221;parallax1&#8243; css=&#8221;.vc_custom_1414866980577{padding-top: 40px !important;padding-bottom: 40px !important;}&#8221;][vc_column width=&#8221;1\/6&#8243;][\/vc_column][vc_column width=&#8221;2\/3&#8243;][section_header use_decoration=&#8221;1&#8243; layout_type=&#8221;section-heading-polkadot-left-right&#8221; main_heading=&#8221;Mieles del T\u00edo Juan Cruz&#8221; separator_color=&#8221;#dd9933&#8243; css=&#8221;.vc_custom_1414867209967{margin-bottom: 10px !important;}&#8221;][vc_row_inner][vc_column_inner width=&#8221;1\/3&#8243;][vc_single_image image=&#8221;254&#8243; img_size=&#8221;full&#8221; alignment=&#8221;center&#8221; style=&#8221;vc_box_border&#8221; image_hover=&#8221;none&#8221; image_hover_type=&#8221;default&#8221;][\/vc_column_inner][vc_column_inner width=&#8221;2\/3&#8243;][vc_column_text]<\/p>\n<p>Es el resultado del trabajo de Ap\u00edcola Cuartero, una empresa familiar nacida hace tres generaciones y ubicada al abrigo de las faldas del Moncayo. Con m\u00e1s de 3.000 colmenas, estas mieles producidas al cien por cien en Espa\u00f1a son obtenidas de las m\u00e1s excelentes floraciones de la geograf\u00eda espa\u00f1ola.<\/p>\n<p>Sus m\u00e1s de veinte mieles y otros productos provienen directamente del medio natural, eligiendo cuidadosamente los asentamientos de sus colmenas en lugares salvajes sin pesticidas, y realizando cada a\u00f1o las rutas ancestrales de la trashumancia, por lo que cada miel cosechada ser\u00e1 diferente y \u00fanica, a veces incluso dentro de la misma variedad.<\/p>\n<p>De esta manera en Miel del T\u00edo Juan Cruz hemos logrado revivir el antiguo recuerdo de la miel de nuestra infancia, cuando \u00edbamos con nuestros padres a comprarla a casa del apicultor<\/p>\n<p class=\"particulares\">No hacemos env\u00edo a particulares<\/p>\n<p>[\/vc_column_text][\/vc_column_inner][\/vc_row_inner][vc_row_inner][vc_column_inner width=&#8221;1\/3&#8243;][vc_single_image image=&#8221;2446&#8243; img_size=&#8221;full&#8221; alignment=&#8221;center&#8221; style=&#8221;vc_box_border&#8221;][\/vc_column_inner][vc_column_inner width=&#8221;2\/3&#8243;][vc_video link=&#8221;https:\/\/youtu.be\/44OqTcfNlh4&#8243; el_width=&#8221;60&#8243; align=&#8221;right&#8221;][\/vc_column_inner][\/vc_row_inner][\/vc_column][vc_column width=&#8221;1\/6&#8243;][\/vc_column][\/vc_row][vc_row][vc_column][section_header use_decoration=&#8221;1&#8243; layout_type=&#8221;section-heading-swirl&#8221; main_heading=&#8221;Nuestros productos&#8221; separator_color=&#8221;#dd9933&#8243;][\/vc_column][\/vc_row][vc_row background_style=&#8221;cover&#8221;][vc_column][vc_row_inner][vc_column_inner width=&#8221;1\/4&#8243;][vc_single_image image=&#8221;360&#8243; img_size=&#8221;250&#215;180&#8243; alignment=&#8221;center&#8221; style=&#8221;vc_box_border&#8221; border_color=&#8221;black&#8221; image_hover=&#8221;none&#8221; image_hover_type=&#8221;default&#8221; image_hover_text=&#8221;De Arag\u00f3n&#8221; img_link=&#8221;http:\/\/mieltiojuancruz.com\/mieles-de-aragon\/&#8221;][vc_column_text el_class=&#8221;nombres&#8221;]<\/p>\n<p style=\"text-align: center; margin-top: 0;\">MIELES DE ARAG\u00d3N<\/p>\n<p>[\/vc_column_text][\/vc_column_inner][vc_column_inner width=&#8221;1\/4&#8243;][vc_single_image image=&#8221;370&#8243; img_size=&#8221;250&#215;180&#8243; alignment=&#8221;center&#8221; style=&#8221;vc_box_border&#8221; border_color=&#8221;black&#8221; image_hover=&#8221;none&#8221; image_hover_type=&#8221;default&#8221; image_hover_text=&#8221;De Arag\u00f3n&#8221; img_link=&#8221;http:\/\/mieltiojuancruz.com\/mieles-de-montana\/&#8221;][vc_column_text el_class=&#8221;nombres&#8221;]<\/p>\n<p style=\"text-align: center; margin-top: 0;\">MIELES DE\u00a0MONTA\u00d1A<\/p>\n<p>[\/vc_column_text][\/vc_column_inner][vc_column_inner width=&#8221;1\/4&#8243;][vc_single_image image=&#8221;366&#8243; img_size=&#8221;250&#215;180&#8243; alignment=&#8221;center&#8221; style=&#8221;vc_box_border&#8221; border_color=&#8221;black&#8221; image_hover=&#8221;none&#8221; image_hover_type=&#8221;default&#8221; image_hover_text=&#8221;De Arag\u00f3n&#8221; img_link=&#8221;http:\/\/mieltiojuancruz.com\/mieles-mediterraneas\/&#8221;][vc_column_text el_class=&#8221;nombres&#8221;]<\/p>\n<p style=\"text-align: center; margin-top: 0;\">MIELES\u00a0MEDITERR\u00c1NEAS<\/p>\n<p>[\/vc_column_text][\/vc_column_inner][vc_column_inner width=&#8221;1\/4&#8243;][vc_single_image image=&#8221;368&#8243; img_size=&#8221;250&#215;180&#8243; alignment=&#8221;center&#8221; style=&#8221;vc_box_border&#8221; border_color=&#8221;black&#8221; image_hover=&#8221;none&#8221; image_hover_type=&#8221;default&#8221; image_hover_text=&#8221;De Arag\u00f3n&#8221; img_link=&#8221;http:\/\/mieltiojuancruz.com\/mieles-de-meseta\/&#8221;][vc_column_text el_class=&#8221;nombres&#8221;]<\/p>\n<p style=\"text-align: center; margin-top: 0;\">MIELES DE\u00a0MESETA<\/p>\n<p>[\/vc_column_text][\/vc_column_inner][\/vc_row_inner][vc_row_inner][vc_column_inner width=&#8221;1\/4&#8243;][vc_single_image image=&#8221;374&#8243; img_size=&#8221;250&#215;180&#8243; alignment=&#8221;center&#8221; style=&#8221;vc_box_border&#8221; border_color=&#8221;black&#8221; image_hover=&#8221;none&#8221; image_hover_type=&#8221;default&#8221; image_hover_text=&#8221;De Arag\u00f3n&#8221; img_link=&#8221;http:\/\/mieltiojuancruz.com\/mieles-de-pradera\/&#8221;][vc_column_text el_class=&#8221;nombres&#8221;]<\/p>\n<p style=\"text-align: center; margin-top: 0;\">MIELES DE\u00a0PRADERA<\/p>\n<p>[\/vc_column_text][\/vc_column_inner][vc_column_inner width=&#8221;1\/4&#8243;][vc_single_image image=&#8221;364&#8243; img_size=&#8221;250&#215;180&#8243; alignment=&#8221;center&#8221; style=&#8221;vc_box_border&#8221; border_color=&#8221;black&#8221; image_hover=&#8221;none&#8221; image_hover_type=&#8221;default&#8221; image_hover_text=&#8221;De Arag\u00f3n&#8221; img_link=&#8221;http:\/\/mieltiojuancruz.com\/mieles-foraneas\/&#8221;][vc_column_text el_class=&#8221;nombres&#8221;]<\/p>\n<p style=\"text-align: center; margin-top: 0;\">MIELES DE EUROPA<\/p>\n<p>[\/vc_column_text][\/vc_column_inner][vc_column_inner width=&#8221;1\/4&#8243;][vc_single_image image=&#8221;362&#8243; img_size=&#8221;250&#215;180&#8243; alignment=&#8221;center&#8221; style=&#8221;vc_box_border&#8221; border_color=&#8221;black&#8221; image_hover=&#8221;none&#8221; image_hover_type=&#8221;default&#8221; image_hover_text=&#8221;De Arag\u00f3n&#8221; img_link=&#8221;http:\/\/mieltiojuancruz.com\/mieles-especiales\/&#8221;][vc_column_text el_class=&#8221;nombres&#8221;]<\/p>\n<p style=\"text-align: center; margin-top: 0;\">MIELES ESPECIALES<\/p>\n<p>[\/vc_column_text][\/vc_column_inner][vc_column_inner width=&#8221;1\/4&#8243;][vc_single_image image=&#8221;605&#8243; img_size=&#8221;250&#215;180&#8243; alignment=&#8221;center&#8221; style=&#8221;vc_box_border&#8221; border_color=&#8221;black&#8221; image_hover=&#8221;none&#8221; image_hover_type=&#8221;default&#8221; image_hover_text=&#8221;De Arag\u00f3n&#8221; img_link=&#8221;http:\/\/mieltiojuancruz.com\/otros-productos-2\/&#8221;][vc_column_text el_class=&#8221;nombres&#8221;]<\/p>\n<p style=\"text-align: center; margin-top: 0;\">OTROS PRODUCTOS<\/p>\n<p>[\/vc_column_text][\/vc_column_inner][\/vc_row_inner][\/vc_column][\/vc_row][vc_row expanded=&#8221;1,2&#8243; background_style=&#8221;cover&#8221; css=&#8221;.vc_custom_1414864978232{margin-bottom: 0px !important;}&#8221;][vc_column][vc_raw_html]JTNDc3R5bGUlMjB0eXBlJTNEJTIydGV4dCUyRmNzcyUyMiUzRSUwQSUwOSUwOSUwOSUwOS5vdmVybGF5MiUyMCU3QiUwQSUwOSUwOSUwOSUwOSUyMCUyMCUyMGJhY2tncm91bmQlM0F0cmFuc3BhcmVudCUzQiUyMCUwQSUwOSUwOSUwOSUwOSUyMCUyMCUyMHBvc2l0aW9uJTNBcmVsYXRpdmUlM0IlMjAlMEElMDklMDklMDklMDklMjAlMjAlMjB3aWR0aCUzQTEwMCUyNSUzQiUwQSUwOSUwOSUwOSUwOSUyMCUyMCUyMGhlaWdodCUzQTQwMHB4JTNCJTIwJTJGJTJBJTIweW91ciUyMGlmcmFtZSUyMGhlaWdodCUyMCUyQSUyRiUwQSUwOSUwOSUwOSUwOSUyMCUyMCUyMHRvcCUzQTQwMHB4JTNCJTIwJTIwJTJGJTJBJTIweW91ciUyMGlmcmFtZSUyMGhlaWdodCUyMCUyQSUyRiUwQSUwOSUwOSUwOSUwOSUyMCUyMCUyMG1hcmdpbi10b3AlM0EtNDAwcHglM0IlMjAlMjAlMkYlMkElMjB5b3VyJTIwaWZyYW1lJTIwaGVpZ2h0JTIwJTJBJTJGJTBBJTA5JTA5JTA5JTA5JTdEJTBBJTIwJTIwJTIwJTIwJTIwJTIwJTIwJTIwJTIwJTIwJTIwJTIwJTIwJTIwJTIwJTIwJTNDJTJGc3R5bGUlM0UlMEElM0NkaXYlMjBjbGFzcyUzRCUyMm92ZXJsYXkyJTIyJTIwb25jbGljayUzRCUyMnN0eWxlLnBvaW50ZXJFdmVudHMlM0QlMjdub25lJTI3JTIyJTNFJTNDJTJGZGl2JTNF[\/vc_raw_html][vc_gmaps link=&#8221;#E-8_JTNDaWZyYW1lJTIwc3JjJTNEJTIyaHR0cHMlM0ElMkYlMkZ3d3cuZ29vZ2xlLmNvbSUyRm1hcHMlMkZlbWJlZCUzRnBiJTNEJTIxMW0xNCUyMTFtOCUyMTFtMyUyMTFkMjk3Ni4xNjYxNjk1NTUwODYlMjEyZC0xLjQ3MTIzNTglMjEzZDQxLjc2MDA3NTAwMDAwMDAxNSUyMTNtMiUyMTFpMTAyNCUyMTJpNzY4JTIxNGYxMy4xJTIxM20zJTIxMW0yJTIxMXMweGQ1YmM4OWE5NTY1YThjNyUyNTNBMHg3ZjIxNDI5M2Q5ODRkODUlMjEyc0NhbGxlJTJCbGElMkJQb3NhZGElMjUyQyUyQjE0JTI1MkMlMkI1MDUyOSUyQkZ1ZW5kZWphbCUyNUMzJTI1QjNuJTI1MkMlMkJaYXJhZ296YSUyMTVlMCUyMTNtMiUyMTFzZXMlMjEyc2VzJTIxNHYxNDE0ODQ0MTc0NDczJTIyJTIwaGVpZ2h0JTNEJTIyNDUwJTIyJTIwZnJhbWVib3JkZXIlM0QlMjIwJTIyJTIwc3R5bGUlM0QlMjJib3JkZXIlM0EwJTIyJTNFJTNDJTJGaWZyYW1lJTNF&#8221; size=&#8221;450&#8243;][\/vc_column][\/vc_row]<\/p>\n","protected":false},"excerpt":{"rendered":"<p>[vc_row css=&#8221;.vc_custom_1414866289650{margin-top: -90px !important;margin-bottom: 0px !important;}&#8221; background_style=&#8221;cover&#8221;][vc_column][rev_slider_vc alias=&#8221;principal&#8221;][\/vc_column][\/vc_row][vc_row expanded=&#8221;1,2&#8243; background_style=&#8221;parallax&#8221; el_id=&#8221;parallax1&#8243; css=&#8221;.vc_custom_1414866980577{padding-top: 40px !important;padding-bottom: 40px !important;}&#8221;][vc_column width=&#8221;1\/6&#8243;][\/vc_column][vc_column width=&#8221;2\/3&#8243;][section_header use_decoration=&#8221;1&#8243; layout_type=&#8221;section-heading-polkadot-left-right&#8221; main_heading=&#8221;Mieles del T\u00edo Juan Cruz&#8221; separator_color=&#8221;#dd9933&#8243; css=&#8221;.vc_custom_1414867209967{margin-bottom: 10px !important;}&#8221;][vc_row_inner][vc_column_inner width=&#8221;1\/3&#8243;][vc_single_image image=&#8221;254&#8243; img_size=&#8221;full&#8221; alignment=&#8221;center&#8221; style=&#8221;vc_box_border&#8221; image_hover=&#8221;none&#8221; image_hover_type=&#8221;default&#8221;][\/vc_column_inner][vc_column_inner width=&#8221;2\/3&#8243;][vc_column_text] Es el resultado del trabajo de Ap\u00edcola Cuartero, una empresa familiar nacida hace tres generaciones y ubicada al&hellip;<\/p>\n","protected":false},"author":1,"featured_media":0,"parent":0,"menu_order":0,"comment_status":"open","ping_status":"closed","template":"fullwidth.php","meta":[],"_links":{"self":[{"href":"https:\/\/mieltiojuancruz.com\/de\/wp-json\/wp\/v2\/pages\/676"}],"collection":[{"href":"https:\/\/mieltiojuancruz.com\/de\/wp-json\/wp\/v2\/pages"}],"about":[{"href":"https:\/\/mieltiojuancruz.com\/de\/wp-json\/wp\/v2\/types\/page"}],"author":[{"embeddable":true,"href":"https:\/\/mieltiojuancruz.com\/de\/wp-json\/wp\/v2\/users\/1"}],"replies":[{"embeddable":true,"href":"https:\/\/mieltiojuancruz.com\/de\/wp-json\/wp\/v2\/comments?post=676"}],"version-history":[{"count":15,"href":"https:\/\/mieltiojuancruz.com\/de\/wp-json\/wp\/v2\/pages\/676\/revisions"}],"predecessor-version":[{"id":2581,"href":"https:\/\/mieltiojuancruz.com\/de\/wp-json\/wp\/v2\/pages\/676\/revisions\/2581"}],"wp:attachment":[{"href":"https:\/\/mieltiojuancruz.com\/de\/wp-json\/wp\/v2\/media?parent=676"}],"curies":[{"name":"wp","href":"https:\/\/api.w.org\/{rel}","templated":true}]}}