{"id":741,"date":"2014-10-30T19:34:09","date_gmt":"2014-10-30T19:34:09","guid":{"rendered":"http:\/\/mieltiojuancruz.com\/las-abejas-2\/"},"modified":"2021-04-25T10:08:11","modified_gmt":"2021-04-25T09:08:11","slug":"las-abejas","status":"publish","type":"page","link":"https:\/\/mieltiojuancruz.com\/de\/las-abejas\/","title":{"rendered":"LAS ABEJAS"},"content":{"rendered":"<p>[vc_row][vc_column][section_header use_decoration=&#8221;1&#8243; layout_type=&#8221;section-heading-wave&#8221; main_heading=&#8221;LAS ABEJAS&#8221; separator_color=&#8221;#dd9933&#8243;][\/vc_column][\/vc_row][vc_row][vc_column width=&#8221;1\/3&#8243;][vc_gallery type=&#8221;flexslider_slide&#8221; interval=&#8221;5&#8243; images=&#8221;2486,2491,2492,481,487&#8243; img_size=&#8221;medium&#8221;][\/vc_column][vc_column width=&#8221;2\/3&#8243;][vc_column_text]La apicultura en Espa\u00f1a es una dif\u00edcil profesi\u00f3n que ha de lidiar actualmente con varios riesgos que amenazan la existencia de las abejas, como el cambio clim\u00e1tico o la agricultura industrial, por los monocultivos (menor disponibilidad y diversidad de alimento para estos insectos) y el uso de plaguicidas t\u00f3xicos sist\u00e9micos.<\/p>\n<p>Las abejas tienen un papel fundamental en el mantenimiento de la riqueza de los ecosistemas a nivel mundial y, por lo tanto, se hace necesario que exista la apicultura y la cr\u00eda de estos insectos. Tanto la producci\u00f3n de alimentos como la biodiversidad terrestre dependen en gran medida de la polinizaci\u00f3n, proceso natural que permite que se fecunden las flores y den as\u00ed frutos y semillas. Las abejas son los principales insectos responsables de este proceso.<\/p>\n<p>A pesar de la importancia de esto, sus poblaciones est\u00e1n disminuyendo enormemente. Por eso desde Ap\u00edcola Cuartero se rechaza el uso de pesticidas perjudiciales para las abejas alrededor de las flores que van a ser polinizadas, apoyando un nuevo modelo de agricultura respetuosa y sostenible, lo m\u00e1s ecol\u00f3gica posible y alejada del modelo de producci\u00f3n agr\u00edcola industrial que se est\u00e1 queriendo imponer por las grandes empresas multinacionales. Es por eso que, desde hace tiempo, Ap\u00edcola Cuartero busca asentar sus colmenas s\u00f3lo dentro de los parajes limpios, salvajes e inalterados, seleccionados tras buscar entre los muchos lugares vac\u00edos o abandonados que todav\u00eda quedan dispersos por la geograf\u00eda espa\u00f1ola.[\/vc_column_text][\/vc_column][\/vc_row]<\/p>\n","protected":false},"excerpt":{"rendered":"<p>[vc_row][vc_column][section_header use_decoration=&#8221;1&#8243; layout_type=&#8221;section-heading-wave&#8221; main_heading=&#8221;LAS ABEJAS&#8221; separator_color=&#8221;#dd9933&#8243;][\/vc_column][\/vc_row][vc_row][vc_column width=&#8221;1\/3&#8243;][vc_gallery type=&#8221;flexslider_slide&#8221; interval=&#8221;5&#8243; images=&#8221;2486,2491,2492,481,487&#8243; img_size=&#8221;medium&#8221;][\/vc_column][vc_column width=&#8221;2\/3&#8243;][vc_column_text]La apicultura en Espa\u00f1a es una dif\u00edcil profesi\u00f3n que ha de lidiar actualmente con varios riesgos que amenazan la existencia de las abejas, como el cambio clim\u00e1tico o la agricultura industrial, por los monocultivos (menor disponibilidad y diversidad de alimento para estos insectos) y&hellip;<\/p>\n","protected":false},"author":1,"featured_media":0,"parent":0,"menu_order":0,"comment_status":"closed","ping_status":"closed","template":"","meta":[],"_links":{"self":[{"href":"https:\/\/mieltiojuancruz.com\/de\/wp-json\/wp\/v2\/pages\/741"}],"collection":[{"href":"https:\/\/mieltiojuancruz.com\/de\/wp-json\/wp\/v2\/pages"}],"about":[{"href":"https:\/\/mieltiojuancruz.com\/de\/wp-json\/wp\/v2\/types\/page"}],"author":[{"embeddable":true,"href":"https:\/\/mieltiojuancruz.com\/de\/wp-json\/wp\/v2\/users\/1"}],"replies":[{"embeddable":true,"href":"https:\/\/mieltiojuancruz.com\/de\/wp-json\/wp\/v2\/comments?post=741"}],"version-history":[{"count":2,"href":"https:\/\/mieltiojuancruz.com\/de\/wp-json\/wp\/v2\/pages\/741\/revisions"}],"predecessor-version":[{"id":2494,"href":"https:\/\/mieltiojuancruz.com\/de\/wp-json\/wp\/v2\/pages\/741\/revisions\/2494"}],"wp:attachment":[{"href":"https:\/\/mieltiojuancruz.com\/de\/wp-json\/wp\/v2\/media?parent=741"}],"curies":[{"name":"wp","href":"https:\/\/api.w.org\/{rel}","templated":true}]}}