{"id":750,"date":"2014-10-29T21:57:49","date_gmt":"2014-10-29T21:57:49","guid":{"rendered":"http:\/\/mieltiojuancruz.com\/historia-2\/"},"modified":"2020-12-14T23:33:02","modified_gmt":"2020-12-14T22:33:02","slug":"historia","status":"publish","type":"page","link":"https:\/\/mieltiojuancruz.com\/de\/historia\/","title":{"rendered":"Historia"},"content":{"rendered":"<p>[vc_row][vc_column][section_header use_decoration=&#8221;1&#8243; layout_type=&#8221;section-heading-wave&#8221; main_heading=&#8221;Geschichte&#8221; separator_color=&#8221;#dd9933&#8243;][\/vc_column][\/vc_row][vc_row][vc_column width=&#8221;1\/4&#8243;][vc_single_image image=&#8221;2279&#8243; img_size=&#8221;full&#8221; alignment=&#8221;center&#8221;][\/vc_column][vc_column width=&#8221;1\/4&#8243;][vc_single_image image=&#8221;525&#8243; img_size=&#8221;full&#8221; alignment=&#8221;center&#8221;][\/vc_column][vc_column width=&#8221;1\/2&#8243;][vc_column_text]Mieles del T\u00edo Juan Cruz ist ein Projekt des Unternehmens Ap\u00edcola Cuartero, das im Jahre 1981 entstand. Es handelt sich um einen kleinen Familienbetrieb von Bienenst\u00f6cken die Juan Cruz selbst f\u00fchrte.<\/p>\n<p>Sein Sohn wollte ihn ehren, in dem er die Honige nach ihm benannte, um seine Gestalt zu w\u00fcrdigen, und um die Tradition fortzusetzen. St\u00fcck f\u00fcr St\u00fcck gelang es ihm dem Familienbetrieb anzutreiben, mit ca. 3.000 Bienenst\u00f6cken weit in Spanien verteilt.<\/p>\n<p>Das Unternehmen liegt in den sch\u00fctzenden Abh\u00e4nge des Moncayo, dem ber\u00fcmten aragonesischen Berg, umgeben von gro\u00dfen Bl\u00fctenlandschaften, und insofern voll mit wertvollen Resourcen f\u00fcr die Honigproduktion.[\/vc_column_text][\/vc_column][\/vc_row]<\/p>\n","protected":false},"excerpt":{"rendered":"<p>[vc_row][vc_column][section_header use_decoration=&#8221;1&#8243; layout_type=&#8221;section-heading-wave&#8221; main_heading=&#8221;Geschichte&#8221; separator_color=&#8221;#dd9933&#8243;][\/vc_column][\/vc_row][vc_row][vc_column width=&#8221;1\/4&#8243;][vc_single_image image=&#8221;2279&#8243; img_size=&#8221;full&#8221; alignment=&#8221;center&#8221;][\/vc_column][vc_column width=&#8221;1\/4&#8243;][vc_single_image image=&#8221;525&#8243; img_size=&#8221;full&#8221; alignment=&#8221;center&#8221;][\/vc_column][vc_column width=&#8221;1\/2&#8243;][vc_column_text]Mieles del T\u00edo Juan Cruz ist ein Projekt des Unternehmens Ap\u00edcola Cuartero, das im Jahre 1981 entstand. Es handelt sich um einen kleinen Familienbetrieb von Bienenst\u00f6cken die Juan Cruz selbst f\u00fchrte. Sein Sohn wollte ihn ehren, in dem er die Honige nach&hellip;<\/p>\n","protected":false},"author":1,"featured_media":0,"parent":0,"menu_order":0,"comment_status":"closed","ping_status":"closed","template":"","meta":[],"_links":{"self":[{"href":"https:\/\/mieltiojuancruz.com\/de\/wp-json\/wp\/v2\/pages\/750"}],"collection":[{"href":"https:\/\/mieltiojuancruz.com\/de\/wp-json\/wp\/v2\/pages"}],"about":[{"href":"https:\/\/mieltiojuancruz.com\/de\/wp-json\/wp\/v2\/types\/page"}],"author":[{"embeddable":true,"href":"https:\/\/mieltiojuancruz.com\/de\/wp-json\/wp\/v2\/users\/1"}],"replies":[{"embeddable":true,"href":"https:\/\/mieltiojuancruz.com\/de\/wp-json\/wp\/v2\/comments?post=750"}],"version-history":[{"count":2,"href":"https:\/\/mieltiojuancruz.com\/de\/wp-json\/wp\/v2\/pages\/750\/revisions"}],"predecessor-version":[{"id":2297,"href":"https:\/\/mieltiojuancruz.com\/de\/wp-json\/wp\/v2\/pages\/750\/revisions\/2297"}],"wp:attachment":[{"href":"https:\/\/mieltiojuancruz.com\/de\/wp-json\/wp\/v2\/media?parent=750"}],"curies":[{"name":"wp","href":"https:\/\/api.w.org\/{rel}","templated":true}]}}