{"id":1686,"date":"2018-02-26T18:52:39","date_gmt":"2018-02-26T16:52:39","guid":{"rendered":"http:\/\/mieltiojuancruz.com\/aviso-legal\/"},"modified":"2020-12-08T23:15:04","modified_gmt":"2020-12-08T22:15:04","slug":"aviso-legal","status":"publish","type":"page","link":"https:\/\/mieltiojuancruz.com\/fi\/aviso-legal\/","title":{"rendered":"AVISO LEGAL"},"content":{"rendered":"\n<div class=\"wp-block-group\"><div class=\"wp-block-group__inner-container\">\n<ol>\n<li>\n<h3>TUNNISTETIDOT<\/h3>\n<\/li>\n<\/ol>\n<p>Seuraavat tiedot annetaan tietoyhteiskuntaa ja s\u00e4hk\u00f6ist\u00e4 kaupank\u00e4ynti\u00e4 koskevan, 11. hein\u00e4kuuta annetun lain 34\/2002 10 \u00a7:ss\u00e4 annetun velvoitteen mukaisesti: Verkkotunnuksen omistava yritys on APICOLA CUARTERO NAVARRO SL (jatkossa Miel Tio Juan Cruz) jonka osoite t\u00e4ss\u00e4 yhteydess\u00e4 on Calle la Posada, 4\u00a0 50529\u00a0 \u2013 (Fuendejalon) Zaragoza, Espanja. \u00a0Yritystunnus B99056129 on kirjattu Zaragozan kaupparekisteriin. Yhteystietona s\u00e4hk\u00f6postiosoite: info@mieltiojuancruz.com yrityksen verkkosivuilta.<\/p>\n<ol start=\"2\">\n<li>\n<h3>K\u00c4YTT\u00c4J\u00c4T<\/h3>\n<\/li>\n<\/ol>\n<p>T\u00e4lle Miel Tio Juan Cruz -sivustolle tulo ja\/tai k\u00e4ytt\u00f6 m\u00e4\u00e4rittelee K\u00c4YTT\u00c4J\u00c4N roolin. K\u00e4ytt\u00e4j\u00e4 hyv\u00e4ksyy sivustolle tulostaan ja\/tai sen k\u00e4yt\u00f6st\u00e4 l\u00e4htien t\u00e4ss\u00e4 luetellut yleiset k\u00e4ytt\u00f6ehdot.\u00a0 Kyseisi\u00e4 k\u00e4ytt\u00f6ehtoja sovelletaan riippumatta yleisist\u00e4 sopimusehdoista joita my\u00f6s on noudatettava.<\/p>\n<ol start=\"3\">\n<li>\n<h3>VERKKOSIVUSTON K\u00c4YTT\u00d6<\/h3>\n<\/li>\n<\/ol>\n<p>mieltiojuancruz.com antaa Internetiss\u00e4 p\u00e4\u00e4syn lukuisiin tietoihin, palveluihin ja ohjelmiin (jatkossa \u201csis\u00e4ll\u00f6t\u201d) jotka kuuluvat Miel Tio Juan Cruz -yritykselle tai sen lisenssinantajille ja joihin K\u00c4YTT\u00c4J\u00c4LL\u00c4 voi olla p\u00e4\u00e4sy. K\u00c4YTT\u00c4J\u00c4 ottaa vastuun verkkosivuston k\u00e4yt\u00f6st\u00e4. T\u00e4m\u00e4 vastuu ulottuu my\u00f6s rekister\u00f6intiin joka on tarpeen jos haluaa p\u00e4\u00e4st\u00e4 hy\u00f6dynt\u00e4m\u00e4\u00e4n tiettyj\u00e4 palveluita tai sis\u00e4lt\u00f6j\u00e4.<\/p>\n<p>Kyseisess\u00e4 rekisteriss\u00e4 K\u00c4YTT\u00c4J\u00c4 ottaa vastuun siit\u00e4 ett\u00e4 t\u00e4m\u00e4 antaa tarvittavat tiedot todenmukaisesti ja laillisesti. Rekister\u00f6innin seurauksena K\u00c4YTT\u00c4J\u00c4LLE voidaan antaa salasana josta t\u00e4m\u00e4 on vastuussa, sitoutuen k\u00e4ytt\u00e4m\u00e4\u00e4n sit\u00e4 luottamuksellisesti ja huolellisesti.<\/p>\n<p>K\u00c4YTT\u00c4J\u00c4 sitoutuu k\u00e4ytt\u00e4m\u00e4\u00e4n asiaankuuluvasti sivuston sis\u00e4lt\u00f6j\u00e4 ja palveluita (kuten esim. chat-palveluita, keskustelufoorumeita tai uutisryhmi\u00e4) joita verkkosivun luonut yritys verkkosivuston kautta tarjoaa, sek\u00e4 v\u00e4hint\u00e4\u00e4nkin (muttei n\u00e4ihin rajoitetusti) lupaa olla k\u00e4ytt\u00e4m\u00e4tt\u00e4 niit\u00e4 (i) harjoittaakseen luvattomia tai laittomia toimia, toimiakseen vilpillisesti tai yleisen j\u00e4rjestyksen vastaisesti; (ii) levitt\u00e4\u00e4kseen sis\u00e4lt\u00f6\u00e4 tai propagandaa joka on rasistisia, muukalaisvihamielist\u00e4, laitonta pornografiaa sis\u00e4lt\u00e4v\u00e4\u00e4, terrorismia tukevaa tai ihmisoikeuksien vastaista; (iii) vahingoittaakseen verkkosivuston luoneen yrityksen, sen toimittajien tai kolmansien osapuolten fyysisi\u00e4 j\u00e4rjestelmi\u00e4 tai tietoj\u00e4rjestelmi\u00e4, tuodakseen j\u00e4rjestelm\u00e4\u00e4n tai levitt\u00e4\u00e4kseen verkossa tietokoneviruksia tai mit\u00e4 tahansa muita fyysisi\u00e4 tai tietoj\u00e4rjestelm\u00e4systeemej\u00e4 jotka voisivat aiheuttaa edell\u00e4 mainittuja vahinkoja; (iv) \u00a0yritt\u00e4\u00e4kseen p\u00e4\u00e4st\u00e4 k\u00e4siksi muiden k\u00e4ytt\u00e4jien s\u00e4hk\u00f6postitileihin ja muokatakseen n\u00e4iden viestej\u00e4. Verkkosivuston luonut yritys pid\u00e4tt\u00e4\u00e4 oikeuden poistaa kaikki kommentit ja tekstit jotka loukkaavat henkil\u00f6n ihmisarvoa, ovat syrjivi\u00e4, muukalaisvihamielisi\u00e4, rasistisia, pornografisia tai ovat lapsia ja nuoria tai yleist\u00e4 j\u00e4rjestyst\u00e4 ja turvallisuutta uhkaavia tai jotka eiv\u00e4t yrityksen mielest\u00e4 sovellu julkaistaviksi. T\u00e4ss\u00e4k\u00e4\u00e4n tapauksessa Miel Tio Juan Cruz ei ota vastuuta k\u00e4ytt\u00e4jiens\u00e4 ilmaisemista mielipiteist\u00e4 eri foorumeilla chat-palvelussa tai muissa osallistumiskanavissa.\u00a0 \u00a0<\/p>\n<ol start=\"4\">\n<li>\n<h3>TIETOSUOJELU<\/h3>\n<\/li>\n<\/ol>\n<p>Miel Tio Juan Cruz noudattaa henkil\u00f6tietojen suojaamisesta 13. joulukuuta annettua lakia 15\/1999 sek\u00e4 21. joulukuuta annettua kuninkaallista asetusta 1720\/2007 jossa hyv\u00e4ksyt\u00e4\u00e4n lain kehitt\u00e4miss\u00e4\u00e4nn\u00f6t sek\u00e4 kulloinkin voimassa oleva s\u00e4\u00e4nn\u00f6st\u00f6. Lis\u00e4ksi yritys varmistaa ett\u00e4 k\u00e4ytt\u00e4jien henkil\u00f6tietoja k\u00e4sitell\u00e4\u00e4n oikein. T\u00e4st\u00e4 johtuen jokaisen henkil\u00f6tietoja ker\u00e4\u00e4v\u00e4n lomakkeen yhteydess\u00e4 sek\u00e4 palveluissa joita k\u00e4ytt\u00e4j\u00e4 voi pyyt\u00e4\u00e4 osoitteesta <a href=\"mailto:info@mieltiojuancruz.com\">info@mieltiojuancruz.com<\/a> tullaan k\u00e4ytt\u00e4j\u00e4lle aina ilmaisemaan t\u00e4m\u00e4n henkil\u00f6tietojen k\u00e4sittely\u00e4 koskevat ehdot sek\u00e4 kussakin tapauksessa sovellettavien erityisehtojen k\u00e4yt\u00f6st\u00e4 ja hyv\u00e4ksymisest\u00e4 antamalla tiedoksi luodusta tiedostosta vastaava taho, vastuuhenkil\u00f6n osoite, k\u00e4ytt\u00e4j\u00e4n mahdollisuudesta toteuttaa oikeuttaan p\u00e4\u00e4st\u00e4 k\u00e4siksi, korjata, peruuttaa tai vastustaa tietojenk\u00e4sittelyn tarkoitusta sek\u00e4 tietojen antamista eteenp\u00e4in kolmansille osapuolille.<\/p>\n<p>T\u00e4ten Miel Tio Juan Cruz antaa tiedoksi ett\u00e4 se noudattaa 11. hein\u00e4kuuta annettua lakia 34\/2202 koskien tietoyhteiskunnan palveluita ja s\u00e4hk\u00f6ist\u00e4 kaupank\u00e4ynti\u00e4 ja anoo k\u00e4ytt\u00e4j\u00e4lt\u00e4 lupaa k\u00e4ytt\u00e4\u00e4 t\u00e4m\u00e4n s\u00e4hk\u00f6postiosoitetta kaupallisiin tarkoituksiin.<\/p>\n<ol start=\"5\">\n<li>\n<h3>TEOLLIS- JA TEKIJ\u00c4NOIKEUDET<\/h3>\n<\/li>\n<\/ol>\n<p>Miel Tio Juan Cruz itsess\u00e4\u00e4n tai yrityksen edustajana omistaa kaikki verkkosivustonsa teollis- ja tekij\u00e4noikeudet, kuten my\u00f6s kaikki sivuston sis\u00e4ll\u00f6t (kuten esimerkiksi, muttei rajoitettu n\u00e4ihin, kuvat, \u00e4\u00e4net, videot, ohjelmistot tai tekstit; merkit ja logot, v\u00e4riyhdistelm\u00e4t, sivuston rakenne ja suunnittelu, k\u00e4ytt\u00f6\u00f6n valikoidut materiaalit, sivujen toiminnan vaatimat tietokoneohjelmat, sivuille p\u00e4\u00e4sy ja k\u00e4ytt\u00f6 jne.) jotka kuuluvat Miel Tio Juan Cruz -yritykselle tai sen lisenssinantajille.\u00a0 \u00a0<\/p>\n<p>Kaikki oikeudet varataan. Teollis- ja tekij\u00e4noikeuslain 8 \u00a7:n ja 32.1. \u00a7:n 2. momentin s\u00e4\u00e4nn\u00f6sten mukaisesti kiellet\u00e4\u00e4n nimenomaistesti kyseisen verkkosivuston sis\u00e4lt\u00f6jen osittainen tai kokonainen kopiointi, jakelu tai julkinen viestint\u00e4, mukaan lukien kyseisten sis\u00e4lt\u00f6jen saattaminen kaupallisessa tarkoituksessa saataville mill\u00e4 tahansa alustalla tai mill\u00e4 tahansa teknisill\u00e4 keinoilla ilman Miel Tio Juan Cruzin hyv\u00e4ksynt\u00e4\u00e4.\u00a0 K\u00c4YTT\u00c4J\u00c4 sitoutuu kunnioittamaan Miel Tio Juan Cruzille kuuluvia teollis- ja tekij\u00e4noikeuksia. K\u00e4ytt\u00e4j\u00e4 voi katsoa verkkosivuston elementtej\u00e4 ja jopa tulostaa niit\u00e4, kopioida niit\u00e4 tai tallentaa tietokoneensa kovalevylle tai muulle fyysiselle laitteella, kunhan se tehd\u00e4\u00e4n vain ja ainoastaan yksityisess\u00e4 k\u00e4ytt\u00f6tarkoituksessa. K\u00c4YTT\u00c4J\u00c4 ei saa poistaa, muuttaa, v\u00e4ltt\u00e4\u00e4 tai muokata mit\u00e4\u00e4n Miel Tio Juan Cruz -sivustolle asennettua suojalaitetta tai turvaj\u00e4rjestelm\u00e4\u00e4.\u00a0<\/p>\n<ol start=\"6\">\n<li>\n<h3>POISSULJETUT VAKUUDET JA VASTUUT<\/h3>\n<\/li>\n<\/ol>\n<p>Miel Tio Juan Cruz ei miss\u00e4\u00e4n tapauksessa ota vastuuta mink\u00e4\u00e4n luontoisista vahingoista joita ovat voineet aiheuttaa esimerkiksi sivuston sis\u00e4ll\u00f6iss\u00e4 oleva virhe tai puute, se ettei sivusto ole k\u00e4ytett\u00e4viss\u00e4, tai sis\u00e4ll\u00f6ist\u00e4 mahdollisesti tarttuva virus tai haittaohjelma siit\u00e4 huolimatta ett\u00e4 yritys on toteuttanut kaikki mahdolliset tekniset varotoimenpiteet t\u00e4m\u00e4n v\u00e4ltt\u00e4miseksi.<\/p>\n<ol start=\"7\">\n<li>\n<h3>MUUTOKSET<\/h3>\n<\/li>\n<\/ol>\n<p>Miel Tio Juan Cruz varaa oikeuden toteuttaa ilman erillist\u00e4 ilmoitusta verkkosivustolla mit\u00e4 tahansa tarpeellisiksi katsomiaan muokkaustoimenpiteit\u00e4 voiden muuttaa, poistaa tai lis\u00e4t\u00e4 sivuston kautta tarvittavia sis\u00e4lt\u00f6j\u00e4 ja palveluita sek\u00e4 muotoa jossa n\u00e4it\u00e4 sivustolla tarjotaan.\u00a0<\/p>\n<ol start=\"8\">\n<li>\n<h3>LINKIT<\/h3>\n<\/li>\n<\/ol>\n<p>Siin\u00e4 tapauksessa ett\u00e4 mieltiojuancruz.com -sivustolla olisi linkkej\u00e4 muille internetsivuille, Miel Tio Juan Cruzilla ei olisi mit\u00e4\u00e4n vaikutusvaltaa kyseisiin sivustoihin tai niiden sis\u00e4lt\u00f6ihin. Miss\u00e4\u00e4n olosuhteissa Miel Tio Juan Cruz ei ota mit\u00e4\u00e4n vastuuta ulkopuolisille tahoille kuuluvien linkkien sis\u00e4ll\u00f6st\u00e4 eik\u00e4 takaa mink\u00e4\u00e4n materiaalin teknist\u00e4 saatavuutta, eik\u00e4 takaa kyseisten linkkien tai muiden ulkopuolisten internetsivujen tietojen tai materiaalien laatua, luotettavuutta, tarkkuutta, laajuutta, todenmukaisuutta, paikkaansa pit\u00e4vyytt\u00e4 tai perustuslaillisuutta. \u00a0<\/p>\n<p>Yht\u00e4lailla, n\u00e4iden ulkopuolisten kontaktien sis\u00e4llytt\u00e4minen sis\u00e4lt\u00f6ihin ei tarkoita ett\u00e4 yrityksell\u00e4 olisi mit\u00e4\u00e4n yhteytt\u00e4, yhteenliittym\u00e4\u00e4 tai osallisuutta kyseisiin tahoihin.\u00a0<\/p>\n<ol start=\"9\">\n<li>\n<h3>POISSULKEMISOIKEUS<\/h3>\n<\/li>\n<\/ol>\n<p>Miel Tio Juan Cruz varaa oikeuden omasta tai kolmannen osapuolen p\u00e4\u00e4t\u00f6ksest\u00e4, ilman ennakkoilmoitusta, kielt\u00e4\u00e4 p\u00e4\u00e4syn verkkosivustojje ja\/tai tarjolla oleviin palveluihin niilt\u00e4 k\u00e4ytt\u00e4jilt\u00e4 jotka eiv\u00e4t noudata yleisi\u00e4 k\u00e4ytt\u00f6ehtoja.<\/p>\n<h3>10.YLEIST\u00c4<\/h3>\n<p>Miel Tio Juan Cruz asettaa vastuuseen ne tahot jotka eiv\u00e4t noudata n\u00e4it\u00e4 s\u00e4\u00e4nt\u00f6j\u00e4 sek\u00e4 ne jotka v\u00e4\u00e4rink\u00e4ytt\u00e4v\u00e4t kyseist\u00e4 verkkosivustoa, ottaen k\u00e4ytt\u00f6\u00f6ns\u00e4 kaikki siviili- ja tuomio-oikeudelliset toimet joihin yrityksell\u00e4 on oikeus. \u00a0<\/p>\n<h3>11.N\u00c4IDEN K\u00c4YTT\u00d6EHTOJEN MUOKKAUS JA VOIMASSAOLOAIKA<\/h3>\n<p>Miel Tio Juan Cruz \u00a0voi milloin tahansa muokata t\u00e4ss\u00e4 mainittuja ehtoja julkaisemalla ne asianmukaisesti t\u00e4\u00e4ll\u00e4 samaisessa paikassa.<\/p>\n<p>Kyseisten ehtojen voimassaoloaika riippuu niiden esill\u00e4olosta ja ovat voimassa niin kauan kun ne ovat esill\u00e4 julkaistuna.<\/p>\n<ol start=\"12\">\n<li>\n<h3>SOVELLETTAVA LAINS\u00c4\u00c4D\u00c4NT\u00d6 JA JURIDINEN ALUE<\/h3>\n<\/li>\n<\/ol>\n<p>Miel Tio Juan Cruzin ja K\u00c4YTT\u00c4J\u00c4N v\u00e4lisen suhteen m\u00e4\u00e4ritt\u00e4\u00e4 voimassaoleva espanjalainen s\u00e4\u00e4nn\u00f6st\u00f6 ja mahdolliset ristiriidat ratkaistaan Zaragozan kaupungin tuomioistuimessa.<\/p>\n<\/div><\/div>\n","protected":false},"excerpt":{"rendered":"TUNNISTETIDOT Seuraavat tiedot annetaan tietoyhteiskuntaa ja s\u00e4hk\u00f6ist\u00e4 kaupank\u00e4ynti\u00e4 koskevan, 11. hein\u00e4kuuta annetun lain 34\/2002 10 \u00a7:ss\u00e4 annetun velvoitteen mukaisesti: Verkkotunnuksen omistava yritys on APICOLA CUARTERO NAVARRO SL (jatkossa Miel Tio Juan Cruz) jonka osoite t\u00e4ss\u00e4 yhteydess\u00e4 on Calle la Posada, 4\u00a0 50529\u00a0 \u2013 (Fuendejalon) Zaragoza, Espanja. \u00a0Yritystunnus B99056129 on kirjattu Zaragozan kaupparekisteriin. Yhteystietona s\u00e4hk\u00f6postiosoite: info@mieltiojuancruz.com&hellip;","protected":false},"author":1,"featured_media":0,"parent":0,"menu_order":0,"comment_status":"closed","ping_status":"closed","template":"","meta":[],"_links":{"self":[{"href":"https:\/\/mieltiojuancruz.com\/fi\/wp-json\/wp\/v2\/pages\/1686"}],"collection":[{"href":"https:\/\/mieltiojuancruz.com\/fi\/wp-json\/wp\/v2\/pages"}],"about":[{"href":"https:\/\/mieltiojuancruz.com\/fi\/wp-json\/wp\/v2\/types\/page"}],"author":[{"embeddable":true,"href":"https:\/\/mieltiojuancruz.com\/fi\/wp-json\/wp\/v2\/users\/1"}],"replies":[{"embeddable":true,"href":"https:\/\/mieltiojuancruz.com\/fi\/wp-json\/wp\/v2\/comments?post=1686"}],"version-history":[{"count":1,"href":"https:\/\/mieltiojuancruz.com\/fi\/wp-json\/wp\/v2\/pages\/1686\/revisions"}],"predecessor-version":[{"id":1688,"href":"https:\/\/mieltiojuancruz.com\/fi\/wp-json\/wp\/v2\/pages\/1686\/revisions\/1688"}],"wp:attachment":[{"href":"https:\/\/mieltiojuancruz.com\/fi\/wp-json\/wp\/v2\/media?parent=1686"}],"curies":[{"name":"wp","href":"https:\/\/api.w.org\/{rel}","templated":true}]}}