{"id":1736,"date":"2020-12-09T00:24:15","date_gmt":"2020-12-08T23:24:15","guid":{"rendered":"http:\/\/mieltiojuancruz.com\/yrityksen-tarina\/"},"modified":"2020-12-14T23:29:21","modified_gmt":"2020-12-14T22:29:21","slug":"yrityksen-tarina","status":"publish","type":"page","link":"https:\/\/mieltiojuancruz.com\/fi\/yrityksen-tarina\/","title":{"rendered":"YRITYKSEN TARINA"},"content":{"rendered":"<p>[vc_row][vc_column][section_header use_decoration=&#8221;1&#8243; layout_type=&#8221;section-heading-wave&#8221; main_heading=&#8221;YRITYKSEN TARINA&#8221; separator_color=&#8221;#dd9933&#8243;][\/vc_column][\/vc_row][vc_row][vc_column width=&#8221;1\/4&#8243;][vc_single_image image=&#8221;2279&#8243; img_size=&#8221;full&#8221; alignment=&#8221;center&#8221;][\/vc_column][vc_column width=&#8221;1\/4&#8243;][vc_single_image image=&#8221;525&#8243; img_size=&#8221;full&#8221; alignment=&#8221;center&#8221;][\/vc_column][vc_column width=&#8221;1\/2&#8243;][vc_column_text]Mieles del T\u00edo Juan Cruz syntyi Ap\u00edcola Cuartero -yrityksen hankkeena vuonna 1981. Kyseess\u00e4 on itsens\u00e4 Juan Cruzin hoitaman, perheen oman pienen mehil\u00e4istarhan jatkumo.<\/p>\n<p>Juan Cruzin poika halusi kunnioittaa is\u00e4\u00e4ns\u00e4 nime\u00e4m\u00e4ll\u00e4 hunajan t\u00e4m\u00e4n mukaan, osoittaakseen kunnioitusta is\u00e4\u00e4ns\u00e4 ja t\u00e4m\u00e4n tekem\u00e4\u00e4 ty\u00f6t\u00e4 kohtaan, haluten samalla jatkaa perinnett\u00e4. Pikku hiljaa h\u00e4n on onnistunut viem\u00e4\u00e4n perheyrityst\u00e4 eteenp\u00e4in, ja nyt suuresta osasta Espanjaa l\u00f6ytyy jo l\u00e4hes 3000 mehil\u00e4ispes\u00e4\u00e4.<\/p>\n<p>Yritys sijaitsee suojaisessa paikassa Moncayo-vuoren alarinteill\u00e4. Moncayo on kuuluisa aragonialainen vuori jota ymp\u00e4r\u00f6iv\u00e4t runsaat kukinnot, ja paikka on siksi t\u00e4ynn\u00e4 hunajantuotannolle arvokkaita luonnonvaroja.[\/vc_column_text][\/vc_column][\/vc_row]<\/p>\n","protected":false},"excerpt":{"rendered":"<p>[vc_row][vc_column][section_header use_decoration=&#8221;1&#8243; layout_type=&#8221;section-heading-wave&#8221; main_heading=&#8221;YRITYKSEN TARINA&#8221; separator_color=&#8221;#dd9933&#8243;][\/vc_column][\/vc_row][vc_row][vc_column width=&#8221;1\/4&#8243;][vc_single_image image=&#8221;2279&#8243; img_size=&#8221;full&#8221; alignment=&#8221;center&#8221;][\/vc_column][vc_column width=&#8221;1\/4&#8243;][vc_single_image image=&#8221;525&#8243; img_size=&#8221;full&#8221; alignment=&#8221;center&#8221;][\/vc_column][vc_column width=&#8221;1\/2&#8243;][vc_column_text]Mieles del T\u00edo Juan Cruz syntyi Ap\u00edcola Cuartero -yrityksen hankkeena vuonna 1981. Kyseess\u00e4 on itsens\u00e4 Juan Cruzin hoitaman, perheen oman pienen mehil\u00e4istarhan jatkumo. Juan Cruzin poika halusi kunnioittaa is\u00e4\u00e4ns\u00e4 nime\u00e4m\u00e4ll\u00e4 hunajan t\u00e4m\u00e4n mukaan, osoittaakseen kunnioitusta is\u00e4\u00e4ns\u00e4 ja t\u00e4m\u00e4n tekem\u00e4\u00e4 ty\u00f6t\u00e4 kohtaan,&hellip;<\/p>\n","protected":false},"author":1,"featured_media":0,"parent":0,"menu_order":0,"comment_status":"closed","ping_status":"closed","template":"","meta":[],"_links":{"self":[{"href":"https:\/\/mieltiojuancruz.com\/fi\/wp-json\/wp\/v2\/pages\/1736"}],"collection":[{"href":"https:\/\/mieltiojuancruz.com\/fi\/wp-json\/wp\/v2\/pages"}],"about":[{"href":"https:\/\/mieltiojuancruz.com\/fi\/wp-json\/wp\/v2\/types\/page"}],"author":[{"embeddable":true,"href":"https:\/\/mieltiojuancruz.com\/fi\/wp-json\/wp\/v2\/users\/1"}],"replies":[{"embeddable":true,"href":"https:\/\/mieltiojuancruz.com\/fi\/wp-json\/wp\/v2\/comments?post=1736"}],"version-history":[{"count":5,"href":"https:\/\/mieltiojuancruz.com\/fi\/wp-json\/wp\/v2\/pages\/1736\/revisions"}],"predecessor-version":[{"id":2296,"href":"https:\/\/mieltiojuancruz.com\/fi\/wp-json\/wp\/v2\/pages\/1736\/revisions\/2296"}],"wp:attachment":[{"href":"https:\/\/mieltiojuancruz.com\/fi\/wp-json\/wp\/v2\/media?parent=1736"}],"curies":[{"name":"wp","href":"https:\/\/api.w.org\/{rel}","templated":true}]}}