{"id":1830,"date":"2020-12-09T12:59:34","date_gmt":"2020-12-09T11:59:34","guid":{"rendered":"http:\/\/mieltiojuancruz.com\/mehilaiset\/"},"modified":"2020-12-09T12:59:34","modified_gmt":"2020-12-09T11:59:34","slug":"mehilaiset","status":"publish","type":"page","link":"https:\/\/mieltiojuancruz.com\/fi\/mehilaiset\/","title":{"rendered":"MEHIL\u00c4ISET"},"content":{"rendered":"<p>[vc_row][vc_column width=&#8221;1\/1&#8243;][section_header use_decoration=&#8221;1&#8243; layout_type=&#8221;section-heading-wave&#8221; separator_position=&#8221;center&#8221; main_heading=&#8221;MEHIL\u00c4ISET&#8221; text_align=&#8221;center&#8221; font_size=&#8221;default&#8221; font_style=&#8221;default&#8221; separator_color=&#8221;#dd9933&#8243;][\/vc_column][\/vc_row][vc_row][vc_column width=&#8221;1\/2&#8243;][vc_column_text]Mehil\u00e4istarhaus Espanjassa on haastava ammatti joka nykyp\u00e4iv\u00e4n\u00e4 kohtaa monenlaisia mehil\u00e4isten olemassaoloa uhkaavia riskej\u00e4 kuten ilmastonmuutos tai teollinen maanviljely johon vaikuttavat monokulttuuriviljely (v\u00e4hemm\u00e4n ja yksipuolisempaa ravintoa n\u00e4ille hy\u00f6nteisille) ja myrkyllisten systeemisten torjunta-aineiden k\u00e4ytt\u00f6.<\/p>\n<p>Mehil\u00e4isill\u00e4 on perustavanlaatuisen t\u00e4rke\u00e4 rooli maailmanlaajuisen, monipuolisen ekosysteemin yll\u00e4pit\u00e4misess\u00e4, ja siksi mehil\u00e4istarhaus ja kyseisten hy\u00f6nteisten kasvattaminen onkin niin t\u00e4rke\u00e4\u00e4. Niin ruoan tuotanto kuin maanp\u00e4\u00e4llinen biodiversiteettikin ovat merkitt\u00e4v\u00e4ss\u00e4 m\u00e4\u00e4rin riippuvaisia p\u00f6lytyksest\u00e4, joka on luonnonmukainen prosessi joka mahdollistaa kukkien hedelm\u00f6ittymisen ja siten niiden antamat hedelm\u00e4t ja siemenet. Mehil\u00e4iset ovat hy\u00f6nteisist\u00e4 t\u00e4rkeimpi\u00e4 t\u00e4ss\u00e4 prosessissa.<\/p>\n<p>Asian t\u00e4rkeydest\u00e4 huolimatta niiden populaatio on pienentynyt valtavasti. T\u00e4m\u00e4n vuoksi Ap\u00edcola Cuartero ei k\u00e4yt\u00e4 mehil\u00e4isille haitallisia torjunta-aineita mehil\u00e4isten p\u00f6lytt\u00e4mien kukkien l\u00e4hist\u00f6ll\u00e4. T\u00e4ll\u00e4 tavoin yritys tukee uutta, kest\u00e4v\u00e4\u00e4 ja luontoa kunnioittavaa viljelymallia joka on mahdollisimman luonnonmukainen ja eroaa teollisen maataloustuotannon mallista jota puolestaan monet suuret monikansalliset yritykset suosivat. T\u00e4m\u00e4n vuoksi Ap\u00edcola Cuartero on jo pitk\u00e4n aikaan pyrkinyt perustamaan mehil\u00e4ispesi\u00e4 vain sellaisiin paikkoihin jotka ovat puhtaita, villej\u00e4 ja koskemattomia ja jotka valikoidaan tyhjist\u00e4 tai hyl\u00e4tyist\u00e4 paikoista joita yh\u00e4 l\u00f6ytyy eri puolilta Espanjaa.[\/vc_column_text][\/vc_column][vc_column width=&#8221;1\/2&#8243;][vc_gallery type=&#8221;flexslider_fade&#8221; interval=&#8221;3&#8243; images=&#8221;481,487,483,485&#8243; onclick=&#8221;link_image&#8221; custom_links_target=&#8221;_self&#8221; img_size=&#8221;full&#8221;][\/vc_column][\/vc_row]<\/p>\n","protected":false},"excerpt":{"rendered":"<p>[vc_row][vc_column width=&#8221;1\/1&#8243;][section_header use_decoration=&#8221;1&#8243; layout_type=&#8221;section-heading-wave&#8221; separator_position=&#8221;center&#8221; main_heading=&#8221;MEHIL\u00c4ISET&#8221; text_align=&#8221;center&#8221; font_size=&#8221;default&#8221; font_style=&#8221;default&#8221; separator_color=&#8221;#dd9933&#8243;][\/vc_column][\/vc_row][vc_row][vc_column width=&#8221;1\/2&#8243;][vc_column_text]Mehil\u00e4istarhaus Espanjassa on haastava ammatti joka nykyp\u00e4iv\u00e4n\u00e4 kohtaa monenlaisia mehil\u00e4isten olemassaoloa uhkaavia riskej\u00e4 kuten ilmastonmuutos tai teollinen maanviljely johon vaikuttavat monokulttuuriviljely (v\u00e4hemm\u00e4n ja yksipuolisempaa ravintoa n\u00e4ille hy\u00f6nteisille) ja myrkyllisten systeemisten torjunta-aineiden k\u00e4ytt\u00f6. Mehil\u00e4isill\u00e4 on perustavanlaatuisen t\u00e4rke\u00e4 rooli maailmanlaajuisen, monipuolisen ekosysteemin yll\u00e4pit\u00e4misess\u00e4, ja siksi mehil\u00e4istarhaus ja&hellip;<\/p>\n","protected":false},"author":1,"featured_media":0,"parent":0,"menu_order":0,"comment_status":"closed","ping_status":"closed","template":"","meta":[],"_links":{"self":[{"href":"https:\/\/mieltiojuancruz.com\/fi\/wp-json\/wp\/v2\/pages\/1830"}],"collection":[{"href":"https:\/\/mieltiojuancruz.com\/fi\/wp-json\/wp\/v2\/pages"}],"about":[{"href":"https:\/\/mieltiojuancruz.com\/fi\/wp-json\/wp\/v2\/types\/page"}],"author":[{"embeddable":true,"href":"https:\/\/mieltiojuancruz.com\/fi\/wp-json\/wp\/v2\/users\/1"}],"replies":[{"embeddable":true,"href":"https:\/\/mieltiojuancruz.com\/fi\/wp-json\/wp\/v2\/comments?post=1830"}],"version-history":[{"count":2,"href":"https:\/\/mieltiojuancruz.com\/fi\/wp-json\/wp\/v2\/pages\/1830\/revisions"}],"predecessor-version":[{"id":1832,"href":"https:\/\/mieltiojuancruz.com\/fi\/wp-json\/wp\/v2\/pages\/1830\/revisions\/1832"}],"wp:attachment":[{"href":"https:\/\/mieltiojuancruz.com\/fi\/wp-json\/wp\/v2\/media?parent=1830"}],"curies":[{"name":"wp","href":"https:\/\/api.w.org\/{rel}","templated":true}]}}