{"id":1896,"date":"2020-12-09T13:22:13","date_gmt":"2020-12-09T12:22:13","guid":{"rendered":"http:\/\/mieltiojuancruz.com\/arvot\/"},"modified":"2020-12-09T13:22:13","modified_gmt":"2020-12-09T12:22:13","slug":"arvot","status":"publish","type":"page","link":"https:\/\/mieltiojuancruz.com\/fi\/arvot\/","title":{"rendered":"ARVOT"},"content":{"rendered":"<p>[vc_row][vc_column width=&#8221;1\/1&#8243;][section_header use_decoration=&#8221;1&#8243; layout_type=&#8221;section-heading-double-border-bottom&#8221; separator_position=&#8221;center&#8221; main_heading=&#8221;ARVOT&#8221; text_align=&#8221;center&#8221; font_size=&#8221;default&#8221; font_style=&#8221;default&#8221; separator_color=&#8221;#dd9933&#8243;][\/vc_column][\/vc_row][vc_row][vc_column width=&#8221;1\/3&#8243;][vc_gallery type=&#8221;flexslider_fade&#8221; interval=&#8221;3&#8243; images=&#8221;505,499,501,503&#8243; onclick=&#8221;link_image&#8221; custom_links_target=&#8221;_self&#8221; img_size=&#8221;full&#8221;][\/vc_column][vc_column width=&#8221;2\/3&#8243;][vc_column_text]Ap\u00edcola Cuartero ja heid\u00e4n Mieles del T\u00edo Juan Cruz perustavat ty\u00f6ns\u00e4 korkealaatuiselle hunajantuotannolle ja hunajan maun s\u00e4ilyvyydelle. Parasta mahdollista laatua tavoitellaan my\u00f6s mehil\u00e4isten ja mehil\u00e4ispesien hoidossa jotta mehil\u00e4iset tuottaisivat mahdollisimman paljon korkeinta laatua olevaa hunajaa.<\/p>\n<p>Kyseess\u00e4 on yritys joka omistautuu yll\u00e4pit\u00e4m\u00e4\u00e4n tuotteidensa korkeaa laatua. Tuotteiden valmistus perustuu luonnonmukaisille periaatteille: kunnioita luontoa ja kaikkea mit\u00e4 se tarjoaa, el\u00e4k\u00e4\u00e4mme siit\u00e4 mutta vahingoittamatta sit\u00e4. Lis\u00e4ksi yritys pyrkii el\u00e4v\u00f6itt\u00e4m\u00e4\u00e4n perinteisi\u00e4 ammatteja ja uudelleenasuttamaan hyl\u00e4ttyj\u00e4 alueita.<\/p>\n<p>T\u00e4m\u00e4nhetkisess\u00e4 globalisaatiossa jossa viljelysten ja tuotteiden moninaisuus on heikentynyt, Ap\u00edcola Cuartero pyrkii l\u00f6yt\u00e4m\u00e4\u00e4n uudelleen perinteisi\u00e4 makuja ja yll\u00e4pit\u00e4m\u00e4\u00e4n niit\u00e4, sek\u00e4 s\u00e4ilytt\u00e4m\u00e4\u00e4n maan antimien maut t\u00e4ytel\u00e4isin\u00e4 pakkauksissaan. Tavoitteena on erottautua massatuotteista joita ilmaantuu jatkuvasti lis\u00e4\u00e4, mutta joiden maut eiv\u00e4t juuri toisistaan poikkea.\u00a0 Mieles del T\u00edo Juan Cruz luottaa luonnonmukaisuuteen erottavana tekij\u00e4n\u00e4, ja jokaisen sadon v\u00e4lill\u00e4 voikin huomata pieni\u00e4 makueroja. Tuotteiden laadusta ei kuitenkaan koskaan tingit\u00e4.[\/vc_column_text][\/vc_column][\/vc_row]<\/p>\n","protected":false},"excerpt":{"rendered":"<p>[vc_row][vc_column width=&#8221;1\/1&#8243;][section_header use_decoration=&#8221;1&#8243; layout_type=&#8221;section-heading-double-border-bottom&#8221; separator_position=&#8221;center&#8221; main_heading=&#8221;ARVOT&#8221; text_align=&#8221;center&#8221; font_size=&#8221;default&#8221; font_style=&#8221;default&#8221; separator_color=&#8221;#dd9933&#8243;][\/vc_column][\/vc_row][vc_row][vc_column width=&#8221;1\/3&#8243;][vc_gallery type=&#8221;flexslider_fade&#8221; interval=&#8221;3&#8243; images=&#8221;505,499,501,503&#8243; onclick=&#8221;link_image&#8221; custom_links_target=&#8221;_self&#8221; img_size=&#8221;full&#8221;][\/vc_column][vc_column width=&#8221;2\/3&#8243;][vc_column_text]Ap\u00edcola Cuartero ja heid\u00e4n Mieles del T\u00edo Juan Cruz perustavat ty\u00f6ns\u00e4 korkealaatuiselle hunajantuotannolle ja hunajan maun s\u00e4ilyvyydelle. Parasta mahdollista laatua tavoitellaan my\u00f6s mehil\u00e4isten ja mehil\u00e4ispesien hoidossa jotta mehil\u00e4iset tuottaisivat mahdollisimman paljon korkeinta laatua olevaa hunajaa. Kyseess\u00e4 on yritys&hellip;<\/p>\n","protected":false},"author":1,"featured_media":0,"parent":0,"menu_order":0,"comment_status":"closed","ping_status":"closed","template":"","meta":[],"_links":{"self":[{"href":"https:\/\/mieltiojuancruz.com\/fi\/wp-json\/wp\/v2\/pages\/1896"}],"collection":[{"href":"https:\/\/mieltiojuancruz.com\/fi\/wp-json\/wp\/v2\/pages"}],"about":[{"href":"https:\/\/mieltiojuancruz.com\/fi\/wp-json\/wp\/v2\/types\/page"}],"author":[{"embeddable":true,"href":"https:\/\/mieltiojuancruz.com\/fi\/wp-json\/wp\/v2\/users\/1"}],"replies":[{"embeddable":true,"href":"https:\/\/mieltiojuancruz.com\/fi\/wp-json\/wp\/v2\/comments?post=1896"}],"version-history":[{"count":2,"href":"https:\/\/mieltiojuancruz.com\/fi\/wp-json\/wp\/v2\/pages\/1896\/revisions"}],"predecessor-version":[{"id":1898,"href":"https:\/\/mieltiojuancruz.com\/fi\/wp-json\/wp\/v2\/pages\/1896\/revisions\/1898"}],"wp:attachment":[{"href":"https:\/\/mieltiojuancruz.com\/fi\/wp-json\/wp\/v2\/media?parent=1896"}],"curies":[{"name":"wp","href":"https:\/\/api.w.org\/{rel}","templated":true}]}}