{"id":1920,"date":"2020-12-09T13:35:55","date_gmt":"2020-12-09T12:35:55","guid":{"rendered":"http:\/\/mieltiojuancruz.com\/valmistusprosessit\/"},"modified":"2020-12-09T13:35:56","modified_gmt":"2020-12-09T12:35:56","slug":"valmistusprosessit","status":"publish","type":"page","link":"https:\/\/mieltiojuancruz.com\/fi\/valmistusprosessit\/","title":{"rendered":"VALMISTUSPROSESSIT"},"content":{"rendered":"<p>[vc_row][vc_column width=&#8221;1\/1&#8243;][section_header use_decoration=&#8221;1&#8243; layout_type=&#8221;section-heading-thick-border&#8221; separator_position=&#8221;center&#8221; main_heading=&#8221;VALMISTUSPROSESSIT&#8221; text_align=&#8221;center&#8221; font_size=&#8221;default&#8221; font_style=&#8221;default&#8221; separator_color=&#8221;#dd9933&#8243;][\/vc_column][\/vc_row][vc_row][vc_column width=&#8221;1\/1&#8243;][vc_column_text]T\u00e4m\u00e4 espanjalainen yritys sijaitsee poikkeuksellisen hienossa paikassa Ebron jokilaakson ja Moncayon rinteiden v\u00e4liss\u00e4 mist\u00e4 on p\u00e4\u00e4sy niin Bajo Arag\u00f3nin rosmariinikasvustoihin kuin alueen vuorten kes\u00e4kukintoihinkin. Mutta koska yritys kaiken lis\u00e4ksi sijaitsee mantereen logistisessa keskuksessa, sielt\u00e4 p\u00e4\u00e4see helposti my\u00f6s muille alueille kuten V\u00e4limeren alueille, Kastilian yl\u00e4ng\u00f6lle tai Cantabrian nummille.<\/p>\n<p>Sata prosenttia tuotannosta toteutetaan perinteisten valmistusmenetelmien mukaisesti, mutta ajanmukaiseen teknologiaan mukautettuna. Prosessi alkaa l\u00e4hes 3000 mehil\u00e4ispes\u00e4n tarhan hoidolla, jossa sadat tuhannet <em>apis mellifera<\/em> -lajin mehil\u00e4iset ker\u00e4\u00e4v\u00e4t mett\u00e4 erilaisista kukista vied\u00e4kseen sit\u00e4 mehil\u00e4ispes\u00e4\u00e4n ja valmistaakseen hunajaa, vahaa ja kuningatarhyytel\u00f6\u00e4.<\/p>\n<p>Hunaja on elintarvike jonka valmistus alkaa jo kasvissa, joka valmistaa mett\u00e4 p\u00e4\u00e4s\u00e4\u00e4nt\u00f6isesti kukinnon sis\u00e4osan pohjalla. Kun mehil\u00e4iset p\u00f6lytt\u00e4v\u00e4t kukan, ne viev\u00e4t mukanaan mett\u00e4 s\u00e4il\u00f6en sit\u00e4 kuvussaan aina mehil\u00e4ispes\u00e4\u00e4n asti varastoidakseen sit\u00e4 hunajakennon soluihin miss\u00e4 hunaja kypsyy kunnes mehil\u00e4ishoitaja ker\u00e4\u00e4 sen. Hunaja uutetaan talteen ja hunajakennon solut puhdistuvat jotta mehil\u00e4iset voivat k\u00e4ytt\u00e4\u00e4 niit\u00e4 uudelleen. Prosessi p\u00e4\u00e4ttyy hunajan suodattamiseen, kypsytykseen ja pakkaukseen.[\/vc_column_text][\/vc_column][\/vc_row][vc_row][vc_column width=&#8221;1\/3&#8243;][vc_single_image image=&#8221;516&#8243; alignment=&#8221;center&#8221; style=&#8221;vc_box_shadow_3d&#8221; border_color=&#8221;grey&#8221; img_link_target=&#8221;_self&#8221; image_hover=&#8221;none&#8221; image_hover_type=&#8221;default&#8221; img_size=&#8221;full&#8221;][\/vc_column][vc_column width=&#8221;1\/3&#8243;][vc_single_image image=&#8221;514&#8243; alignment=&#8221;center&#8221; style=&#8221;vc_box_shadow_3d&#8221; border_color=&#8221;grey&#8221; img_link_target=&#8221;_self&#8221; image_hover=&#8221;none&#8221; image_hover_type=&#8221;default&#8221; img_size=&#8221;full&#8221;][\/vc_column][vc_column width=&#8221;1\/3&#8243;][vc_single_image image=&#8221;512&#8243; alignment=&#8221;center&#8221; style=&#8221;vc_box_shadow_3d&#8221; border_color=&#8221;grey&#8221; img_link_target=&#8221;_self&#8221; image_hover=&#8221;none&#8221; image_hover_type=&#8221;default&#8221; img_size=&#8221;full&#8221;][\/vc_column][\/vc_row]<\/p>\n","protected":false},"excerpt":{"rendered":"<p>[vc_row][vc_column width=&#8221;1\/1&#8243;][section_header use_decoration=&#8221;1&#8243; layout_type=&#8221;section-heading-thick-border&#8221; separator_position=&#8221;center&#8221; main_heading=&#8221;VALMISTUSPROSESSIT&#8221; text_align=&#8221;center&#8221; font_size=&#8221;default&#8221; font_style=&#8221;default&#8221; separator_color=&#8221;#dd9933&#8243;][\/vc_column][\/vc_row][vc_row][vc_column width=&#8221;1\/1&#8243;][vc_column_text]T\u00e4m\u00e4 espanjalainen yritys sijaitsee poikkeuksellisen hienossa paikassa Ebron jokilaakson ja Moncayon rinteiden v\u00e4liss\u00e4 mist\u00e4 on p\u00e4\u00e4sy niin Bajo Arag\u00f3nin rosmariinikasvustoihin kuin alueen vuorten kes\u00e4kukintoihinkin. Mutta koska yritys kaiken lis\u00e4ksi sijaitsee mantereen logistisessa keskuksessa, sielt\u00e4 p\u00e4\u00e4see helposti my\u00f6s muille alueille kuten V\u00e4limeren alueille, Kastilian yl\u00e4ng\u00f6lle tai&hellip;<\/p>\n","protected":false},"author":1,"featured_media":0,"parent":0,"menu_order":0,"comment_status":"closed","ping_status":"closed","template":"","meta":[],"_links":{"self":[{"href":"https:\/\/mieltiojuancruz.com\/fi\/wp-json\/wp\/v2\/pages\/1920"}],"collection":[{"href":"https:\/\/mieltiojuancruz.com\/fi\/wp-json\/wp\/v2\/pages"}],"about":[{"href":"https:\/\/mieltiojuancruz.com\/fi\/wp-json\/wp\/v2\/types\/page"}],"author":[{"embeddable":true,"href":"https:\/\/mieltiojuancruz.com\/fi\/wp-json\/wp\/v2\/users\/1"}],"replies":[{"embeddable":true,"href":"https:\/\/mieltiojuancruz.com\/fi\/wp-json\/wp\/v2\/comments?post=1920"}],"version-history":[{"count":2,"href":"https:\/\/mieltiojuancruz.com\/fi\/wp-json\/wp\/v2\/pages\/1920\/revisions"}],"predecessor-version":[{"id":1922,"href":"https:\/\/mieltiojuancruz.com\/fi\/wp-json\/wp\/v2\/pages\/1920\/revisions\/1922"}],"wp:attachment":[{"href":"https:\/\/mieltiojuancruz.com\/fi\/wp-json\/wp\/v2\/media?parent=1920"}],"curies":[{"name":"wp","href":"https:\/\/api.w.org\/{rel}","templated":true}]}}