{"id":2039,"date":"2020-12-09T14:28:07","date_gmt":"2020-12-09T13:28:07","guid":{"rendered":"http:\/\/mieltiojuancruz.com\/kukkamme\/"},"modified":"2020-12-09T14:28:08","modified_gmt":"2020-12-09T13:28:08","slug":"kukkamme","status":"publish","type":"page","link":"https:\/\/mieltiojuancruz.com\/fi\/kukkamme\/","title":{"rendered":"KUKKAMME"},"content":{"rendered":"<p>[vc_row][vc_column width=&#8221;1\/1&#8243;][section_header use_decoration=&#8221;1&#8243; layout_type=&#8221;section-heading-border-top-bottom&#8221; separator_position=&#8221;center&#8221; main_heading=&#8221;KUKKAMME&#8221; text_align=&#8221;center&#8221; font_size=&#8221;default&#8221; font_style=&#8221;default&#8221; separator_color=&#8221;#dd9933&#8243;][\/vc_column][\/vc_row][vc_row][vc_column width=&#8221;1\/3&#8243;][vc_single_image image=&#8221;472&#8243; alignment=&#8221;center&#8221; style=&#8221;vc_box_outline_circle&#8221; border_color=&#8221;grey&#8221; img_link_target=&#8221;_self&#8221; image_hover=&#8221;none&#8221; image_hover_type=&#8221;default&#8221; img_size=&#8221;full&#8221;][vc_single_image image=&#8221;474&#8243; alignment=&#8221;center&#8221; style=&#8221;vc_box_outline_circle&#8221; border_color=&#8221;grey&#8221; img_link_target=&#8221;_self&#8221; image_hover=&#8221;none&#8221; image_hover_type=&#8221;default&#8221; img_size=&#8221;full&#8221;][\/vc_column][vc_column width=&#8221;2\/3&#8243;][vc_column_text]Se ett\u00e4 Ap\u00edcola Cuarterolla on yli 3000 mehil\u00e4ispes\u00e4\u00e4 ymp\u00e4ri Espanjaa mahdollistaa sen ett\u00e4\u00a0 Mieles del T\u00edo Juan Cruz -tuotteet kattavat suuren kirjon erilaisista ekosysteemeist\u00e4 per\u00e4isin olevia kukintoja joita mehil\u00e4iset voivat p\u00f6lytt\u00e4\u00e4.<\/p>\n<p>Aragonian alueelta hy\u00f6dynnet\u00e4\u00e4n mm. rosmariinia ja vaaleanpunaista timjamia. Ensimm\u00e4inen tuottaa hyvin haalean v\u00e4rist\u00e4, pehme\u00e4n makuista hunajaa jossa on miellytt\u00e4v\u00e4, aromaattinen j\u00e4lkimaku. J\u00e4lkimm\u00e4inen puolestaan tuottaa kellert\u00e4v\u00e4mp\u00e4\u00e4, makeaa hunajaa jossa on my\u00f6s hapokas h\u00e4iv\u00e4hdys.<\/p>\n<p>Vuoret tarjoavat toisenlaisia lajikkeita, esimerkiksi laventelihunajat ovat eritt\u00e4in virkist\u00e4vi\u00e4. Kanervahunaja puolestaan on kellert\u00e4v\u00e4n v\u00e4rist\u00e4 ja maku on py\u00f6re\u00e4. Eukalyptushunaja on hyvin aromaattinen ja maku tamminen, kun taas laventeli- ja punalaventelihunajat ovat maultaan pehme\u00e4n kukkaisia. Karhunvatukkahunaja on ainutlaatuinen tuote jota saadaan karhunvatukkamehusta. Rautatammen ja tammen mesikastessa sen sijaan on v\u00e4rilt\u00e4\u00e4n tummaa johtuen korkeasta rautapitoisuudesta, ja maku on syv\u00e4.<\/p>\n<p>My\u00f6s V\u00e4limeren alueella on paljon kukkia joiden mesi houkuttelee mehil\u00e4isi\u00e4. Espanjalainen Levanten alue tuottaa appelsiininkukkahunajaa, nisperohunajaa ja sitruunankukkahunajaa jotka on maultaan sitruunaisia, hienostuneita ja hyvin aromaattisia.<\/p>\n<p>Espanjan yl\u00e4nk\u00f6alue lahjoittaa meille sellaisia kukkia kuin auringonkukka, kes\u00e4kynteli, valkotimjami, laventeli tai villilaventeli. Ensimm\u00e4isest\u00e4 saa vaalean kellert\u00e4v\u00e4\u00e4 hunajaa joka tuoksuu kukkaiselle ja maistuu makealle. Toisesta taas saadaan paksua, melkein valkeaa hunajaa joka on eritt\u00e4in korkealaatuista.<\/p>\n<p>Ebron jokilaakson niityilt\u00e4 tulevat \u201cTuhannen kukan\u201d hunaja ja sinimailashunaja. Kuten nimikin jo kertoo, \u201cTuhannen kukan\u201d hunaja on luonnonmukainen hunaja joka on per\u00e4isin useista eri kukkalajikkeista.<\/p>\n<p>Muita kasveja joista T\u00edo Juan Cruzin hunajia valmistetaan ovat lehmus, josta saadaan pehme\u00e4n keltaista ja hyv\u00e4ntuoksuista hunajaa. Kuusesta mehil\u00e4iset imev\u00e4t puun mahlaa ja tuottavat siit\u00e4 vihert\u00e4v\u00e4\u00e4 hunajaa jossa on kyps\u00e4 tuoksu. Lis\u00e4ksi on akaasia, josta saadaan kristallinkirkasta ja eritt\u00e4in juoksevaa hunajaa jonka maku on pehme\u00e4 ja poikkeuksellisen makea.[\/vc_column_text][\/vc_column][\/vc_row]<\/p>\n","protected":false},"excerpt":{"rendered":"<p>[vc_row][vc_column width=&#8221;1\/1&#8243;][section_header use_decoration=&#8221;1&#8243; layout_type=&#8221;section-heading-border-top-bottom&#8221; separator_position=&#8221;center&#8221; main_heading=&#8221;KUKKAMME&#8221; text_align=&#8221;center&#8221; font_size=&#8221;default&#8221; font_style=&#8221;default&#8221; separator_color=&#8221;#dd9933&#8243;][\/vc_column][\/vc_row][vc_row][vc_column width=&#8221;1\/3&#8243;][vc_single_image image=&#8221;472&#8243; alignment=&#8221;center&#8221; style=&#8221;vc_box_outline_circle&#8221; border_color=&#8221;grey&#8221; img_link_target=&#8221;_self&#8221; image_hover=&#8221;none&#8221; image_hover_type=&#8221;default&#8221; img_size=&#8221;full&#8221;][vc_single_image image=&#8221;474&#8243; alignment=&#8221;center&#8221; style=&#8221;vc_box_outline_circle&#8221; border_color=&#8221;grey&#8221; img_link_target=&#8221;_self&#8221; image_hover=&#8221;none&#8221; image_hover_type=&#8221;default&#8221; img_size=&#8221;full&#8221;][\/vc_column][vc_column width=&#8221;2\/3&#8243;][vc_column_text]Se ett\u00e4 Ap\u00edcola Cuarterolla on yli 3000 mehil\u00e4ispes\u00e4\u00e4 ymp\u00e4ri Espanjaa mahdollistaa sen ett\u00e4\u00a0 Mieles del T\u00edo Juan Cruz -tuotteet kattavat suuren kirjon erilaisista ekosysteemeist\u00e4 per\u00e4isin olevia kukintoja joita&hellip;<\/p>\n","protected":false},"author":1,"featured_media":0,"parent":0,"menu_order":0,"comment_status":"closed","ping_status":"closed","template":"","meta":[],"_links":{"self":[{"href":"https:\/\/mieltiojuancruz.com\/fi\/wp-json\/wp\/v2\/pages\/2039"}],"collection":[{"href":"https:\/\/mieltiojuancruz.com\/fi\/wp-json\/wp\/v2\/pages"}],"about":[{"href":"https:\/\/mieltiojuancruz.com\/fi\/wp-json\/wp\/v2\/types\/page"}],"author":[{"embeddable":true,"href":"https:\/\/mieltiojuancruz.com\/fi\/wp-json\/wp\/v2\/users\/1"}],"replies":[{"embeddable":true,"href":"https:\/\/mieltiojuancruz.com\/fi\/wp-json\/wp\/v2\/comments?post=2039"}],"version-history":[{"count":2,"href":"https:\/\/mieltiojuancruz.com\/fi\/wp-json\/wp\/v2\/pages\/2039\/revisions"}],"predecessor-version":[{"id":2041,"href":"https:\/\/mieltiojuancruz.com\/fi\/wp-json\/wp\/v2\/pages\/2039\/revisions\/2041"}],"wp:attachment":[{"href":"https:\/\/mieltiojuancruz.com\/fi\/wp-json\/wp\/v2\/media?parent=2039"}],"curies":[{"name":"wp","href":"https:\/\/api.w.org\/{rel}","templated":true}]}}