{"id":28,"date":"2014-10-29T21:57:49","date_gmt":"2014-10-29T21:57:49","guid":{"rendered":"http:\/\/mieltiojuancruz.com\/?page_id=28"},"modified":"2021-04-27T21:06:45","modified_gmt":"2021-04-27T20:06:45","slug":"historia","status":"publish","type":"page","link":"https:\/\/mieltiojuancruz.com\/fr\/historia\/","title":{"rendered":"Historique"},"content":{"rendered":"<p>[vc_row][vc_column][section_header use_decoration=&#8221;1&#8243; layout_type=&#8221;section-heading-wave&#8221; main_heading=&#8221;HISTORIQUE&#8221; separator_color=&#8221;#dd9933&#8243;][\/vc_column][\/vc_row][vc_row][vc_column width=&#8221;1\/3&#8243;][vc_gallery interval=&#8221;3&#8243; images=&#8221;2561,2560,2559&#8243; img_size=&#8221;medium&#8221;][\/vc_column][vc_column width=&#8221;1\/2&#8243;][vc_column_text]Mieles del T\u00edo Juan Cruz est un projet n\u00e9 de la main de la soci\u00e9t\u00e9 Ap\u00edcola Cuartero en 1980. Il s\u2019agit du prolongement d\u2019une petite exploitation familiale de miels que g\u00e9rait Juan Cruz lui-m\u00eame, grand-p\u00e8re de la famille.<\/p>\n<p>Son fils a voulu l\u2019honorer en appelant ses productions de miels par son nom pour rendre hommage \u00e0 sa personne et \u00e0 ses efforts et perp\u00e9tuer ainsi la tradition. L\u2019affaire familiale s\u2019est peu \u00e0 peu d\u00e9velopp\u00e9e pour atteindre pr\u00e8s de 3\u00a0000 ruches r\u00e9parties sur une grande partie du territoire espagnol.<\/p>\n<p>L\u2019entreprise est situ\u00e9e \u00e0 l\u2019abri des flancs du Moncayo, c\u00e9l\u00e8bre montagne aragonaise entour\u00e9e de grandes floraisons et, par cons\u00e9quent, remplie de pr\u00e9cieuses ressources pour la production de miel.[\/vc_column_text][\/vc_column][\/vc_row]<\/p>\n","protected":false},"excerpt":{"rendered":"<p>[vc_row][vc_column][section_header use_decoration=&#8221;1&#8243; layout_type=&#8221;section-heading-wave&#8221; main_heading=&#8221;HISTORIQUE&#8221; separator_color=&#8221;#dd9933&#8243;][\/vc_column][\/vc_row][vc_row][vc_column width=&#8221;1\/3&#8243;][vc_gallery interval=&#8221;3&#8243; images=&#8221;2561,2560,2559&#8243; img_size=&#8221;medium&#8221;][\/vc_column][vc_column width=&#8221;1\/2&#8243;][vc_column_text]Mieles del T\u00edo Juan Cruz est un projet n\u00e9 de la main de la soci\u00e9t\u00e9 Ap\u00edcola Cuartero en 1980. Il s\u2019agit du prolongement d\u2019une petite exploitation familiale de miels que g\u00e9rait Juan Cruz lui-m\u00eame, grand-p\u00e8re de la famille. Son fils a voulu l\u2019honorer en appelant ses&hellip;<\/p>\n","protected":false},"author":1,"featured_media":0,"parent":0,"menu_order":0,"comment_status":"closed","ping_status":"closed","template":"","meta":[],"_links":{"self":[{"href":"https:\/\/mieltiojuancruz.com\/fr\/wp-json\/wp\/v2\/pages\/28"}],"collection":[{"href":"https:\/\/mieltiojuancruz.com\/fr\/wp-json\/wp\/v2\/pages"}],"about":[{"href":"https:\/\/mieltiojuancruz.com\/fr\/wp-json\/wp\/v2\/types\/page"}],"author":[{"embeddable":true,"href":"https:\/\/mieltiojuancruz.com\/fr\/wp-json\/wp\/v2\/users\/1"}],"replies":[{"embeddable":true,"href":"https:\/\/mieltiojuancruz.com\/fr\/wp-json\/wp\/v2\/comments?post=28"}],"version-history":[{"count":10,"href":"https:\/\/mieltiojuancruz.com\/fr\/wp-json\/wp\/v2\/pages\/28\/revisions"}],"predecessor-version":[{"id":2569,"href":"https:\/\/mieltiojuancruz.com\/fr\/wp-json\/wp\/v2\/pages\/28\/revisions\/2569"}],"wp:attachment":[{"href":"https:\/\/mieltiojuancruz.com\/fr\/wp-json\/wp\/v2\/media?parent=28"}],"curies":[{"name":"wp","href":"https:\/\/api.w.org\/{rel}","templated":true}]}}