{"id":31,"date":"2014-10-30T19:34:09","date_gmt":"2014-10-30T19:34:09","guid":{"rendered":"http:\/\/mieltiojuancruz.com\/?page_id=31"},"modified":"2021-04-25T10:19:57","modified_gmt":"2021-04-25T09:19:57","slug":"las-abejas","status":"publish","type":"page","link":"https:\/\/mieltiojuancruz.com\/fr\/las-abejas\/","title":{"rendered":"LES ABEILLES"},"content":{"rendered":"<p>[vc_row][vc_column][section_header use_decoration=&#8221;1&#8243; layout_type=&#8221;section-heading-wave&#8221; main_heading=&#8221;LES ABEILLES&#8221; separator_color=&#8221;#dd9933&#8243;][\/vc_column][\/vc_row][vc_row][vc_column width=&#8221;1\/3&#8243;][vc_gallery interval=&#8221;5&#8243; images=&#8221;2486,2491,2492,481,487&#8243; img_size=&#8221;medium&#8221;][\/vc_column][vc_column width=&#8221;2\/3&#8243;][vc_column_text]L\u2019apiculture en Espagne est une profession difficile qui doit actuellement lutter contre plusieurs risques qui menacent l\u2019existence des abeilles tels que le changement climatique ou l\u2019agriculture industrielle, par les monocultures (moins de disponibilit\u00e9 et diversit\u00e9 d\u2019aliment pour ces insectes) et l\u2019utilisation de pesticides toxiques.<\/p>\n<p>Les abeilles jouent un r\u00f4le essentiel mondialement dans la d\u00e9fense de la richesse des \u00e9cosyst\u00e8mes et, par cons\u00e9quent, la pr\u00e9sence de l\u2019apiculture et de l\u2019\u00e9levage de ces insectes sont bien n\u00e9cessaires. Aussi bien la production d\u2019aliments que la biodiversit\u00e9 terrestre d\u00e9pendent en grande partie de la pollinisation, processus naturel qui permet de f\u00e9conder les fleurs et donner des fruits et des graines. Les abeilles sont le principal genre d\u2019insectes responsable de ce processus.<\/p>\n<p>Malgr\u00e9 l\u2019importance de ceci, leurs populations se r\u00e9duisent de mani\u00e8re significative. Pour cette raison, Ap\u00edcola Cuartero refuse d\u2019utiliser des pesticides qui risqueraient de porter pr\u00e9judice aux abeilles \u00e0 proximit\u00e9 des fleurs qu\u2019elles polliniseront, aidant ainsi l\u2019agriculture \u00e9cologique. Pour cette raison, Ap\u00edcola Cuartero supporte un nouveau mod\u00e8le d\u2019agriculture respectueuse et soutenable, \u00e9cart\u00e9 des m\u00e9thodes de production industrielle des compagnies multinationales. Apicola Cuartero cherche depuis longtemps d\u2019implanter ses ruches aux endroits les plus nets ou naturels de la g\u00e9ographie espagnole.[\/vc_column_text][\/vc_column][\/vc_row]<\/p>\n","protected":false},"excerpt":{"rendered":"<p>[vc_row][vc_column][section_header use_decoration=&#8221;1&#8243; layout_type=&#8221;section-heading-wave&#8221; main_heading=&#8221;LES ABEILLES&#8221; separator_color=&#8221;#dd9933&#8243;][\/vc_column][\/vc_row][vc_row][vc_column width=&#8221;1\/3&#8243;][vc_gallery interval=&#8221;5&#8243; images=&#8221;2486,2491,2492,481,487&#8243; img_size=&#8221;medium&#8221;][\/vc_column][vc_column width=&#8221;2\/3&#8243;][vc_column_text]L\u2019apiculture en Espagne est une profession difficile qui doit actuellement lutter contre plusieurs risques qui menacent l\u2019existence des abeilles tels que le changement climatique ou l\u2019agriculture industrielle, par les monocultures (moins de disponibilit\u00e9 et diversit\u00e9 d\u2019aliment pour ces insectes) et l\u2019utilisation de pesticides toxiques. Les&hellip;<\/p>\n","protected":false},"author":1,"featured_media":0,"parent":0,"menu_order":0,"comment_status":"closed","ping_status":"closed","template":"","meta":[],"_links":{"self":[{"href":"https:\/\/mieltiojuancruz.com\/fr\/wp-json\/wp\/v2\/pages\/31"}],"collection":[{"href":"https:\/\/mieltiojuancruz.com\/fr\/wp-json\/wp\/v2\/pages"}],"about":[{"href":"https:\/\/mieltiojuancruz.com\/fr\/wp-json\/wp\/v2\/types\/page"}],"author":[{"embeddable":true,"href":"https:\/\/mieltiojuancruz.com\/fr\/wp-json\/wp\/v2\/users\/1"}],"replies":[{"embeddable":true,"href":"https:\/\/mieltiojuancruz.com\/fr\/wp-json\/wp\/v2\/comments?post=31"}],"version-history":[{"count":7,"href":"https:\/\/mieltiojuancruz.com\/fr\/wp-json\/wp\/v2\/pages\/31\/revisions"}],"predecessor-version":[{"id":2497,"href":"https:\/\/mieltiojuancruz.com\/fr\/wp-json\/wp\/v2\/pages\/31\/revisions\/2497"}],"wp:attachment":[{"href":"https:\/\/mieltiojuancruz.com\/fr\/wp-json\/wp\/v2\/media?parent=31"}],"curies":[{"name":"wp","href":"https:\/\/api.w.org\/{rel}","templated":true}]}}