{"id":32,"date":"2014-10-30T19:34:32","date_gmt":"2014-10-30T19:34:32","guid":{"rendered":"http:\/\/mieltiojuancruz.com\/?page_id=32"},"modified":"2021-05-03T13:02:46","modified_gmt":"2021-05-03T12:02:46","slug":"nuestras-flores","status":"publish","type":"page","link":"https:\/\/mieltiojuancruz.com\/fr\/nuestras-flores\/","title":{"rendered":"NOS FLEURS"},"content":{"rendered":"<p>[vc_row][vc_column][section_header use_decoration=&#8221;1&#8243; layout_type=&#8221;section-heading-border-top-bottom&#8221; main_heading=&#8221;NOTRES FLEURS&#8221; separator_color=&#8221;#dd9933&#8243;][\/vc_column][\/vc_row][vc_row][vc_column width=&#8221;1\/3&#8243;][vc_gallery type=&#8221;image_grid&#8221; images=&#8221;2460,2474,2459,2458,2473,2476,2477,2480&#8243;][\/vc_column][vc_column width=&#8221;2\/3&#8243;][vc_column_text]Les plus de 3000 ruches d\u2019Ap\u00edcola Cuartero r\u00e9parties sur une grande partie du territoire espagnol permettent aux Mieles del T\u00edo Juan Cruz de couvrir une grande vari\u00e9t\u00e9 de fleurs pour que les abeilles les pollinisent.<\/p>\n<p>Sur le territoire aragonais, on trouve des fleurs telles que le\u00a0<strong>romarin<\/strong>\u00a0et le\u00a0<strong>thym<\/strong> et la rose. Le premier produit du miel de couleur tr\u00e8s clair, une saveur douce et une agr\u00e9able finale aromatique et le deuxi\u00e8me est de couleur ambre et d\u2019une saveur douce avec des notes acides.<\/p>\n<p>La montagne offre un autre type de vari\u00e9t\u00e9s tel que les miels de\u00a0<strong>lavande<\/strong>, au pouvoir rafra\u00eechissant\u00a0;\u00a0<strong>bruy\u00e8re<\/strong>, de couleur rouge ambre et une saveur intense\u00a0;\u00a0<strong>eucalyptus<\/strong>, extr\u00eamement aromatique, et une saveur bois\u00e9e\u00a0;\u00a0<strong>lavande rouge<\/strong>, de r\u00e9colte propre et d\u2019une saveur douce et parfum\u00e9e\u00a0;\u00a0<strong>m\u00fbre<\/strong>, miel exclusif provenant du jus de m\u00fbres\u00a0; et <strong>ch\u00eane verte et rouvre<\/strong>, de couleur tr\u00e8s fonc\u00e9e de par son importante teneur en fer et une saveur profonde.<\/p>\n<p>La zone m\u00e9diterran\u00e9enne propose \u00e9galement de fleurs de nectar tr\u00e8s attirantes pour les abeilles. Le Levant produit des miels de fleur d\u2019oranger, de n\u00e8fle et de citronnier, \u00e0 la saveur citrique, fins et tr\u00e8s aromatiques.<\/p>\n<p>La Meseta espagnole offre des fleurs telles que le\u00a0<strong>tournesol<\/strong>\u00a0et la\u00a0<strong>sarriette<\/strong>, le thym blanc et la lavande. Le premier donne un miel de couleur ambre clair, au go\u00fbt floral avec des notes huileuses et une saveur tr\u00e8s douce. La deuxi\u00e8me, un miel dense, de couleur presque blanche et de qualit\u00e9 sup\u00e9rieure.<\/p>\n<p>Dans les prairies de la Vall\u00e9e de l\u2019Ebre, on trouve des miels aux \u00ab\u00a0<strong>mille fleurs<\/strong>\u00a0\u00bb et de\u00a0<strong>luzerne<\/strong>. Comme le dit si bien son nom, le miel aux \u00ab\u00a0mille fleurs\u00a0\u00bb est un miel naturel provenant de diverses esp\u00e8ces de fleurs.<\/p>\n<p>D\u2019autres plantes avec lesquelles sont produits les Mieles del T\u00edo Juan Cruz telles que le\u00a0<strong>tilleul<\/strong>, qui produit un miel de couleur jaune doux et un go\u00fbt parfum\u00e9\u00a0; le\u00a0<strong>sapin<\/strong>, dont la s\u00e8ve est butin\u00e9e par les abeilles qui la transforment en miel vert et donne un ar\u00f4me balsamique\u00a0; et l\u2019<strong>acacia<\/strong>, qui donne un miel cristallin et tr\u00e8s liquide, une saveur douce, d\u00e9licatement fleuri et qui offre au palais une douceur incomparable.[\/vc_column_text][\/vc_column][vc_column][\/vc_column][vc_column][\/vc_column][vc_column][\/vc_column][\/vc_row]<\/p>\n","protected":false},"excerpt":{"rendered":"<p>[vc_row][vc_column][section_header use_decoration=&#8221;1&#8243; layout_type=&#8221;section-heading-border-top-bottom&#8221; main_heading=&#8221;NOTRES FLEURS&#8221; separator_color=&#8221;#dd9933&#8243;][\/vc_column][\/vc_row][vc_row][vc_column width=&#8221;1\/3&#8243;][vc_gallery type=&#8221;image_grid&#8221; images=&#8221;2460,2474,2459,2458,2473,2476,2477,2480&#8243;][\/vc_column][vc_column width=&#8221;2\/3&#8243;][vc_column_text]Les plus de 3000 ruches d\u2019Ap\u00edcola Cuartero r\u00e9parties sur une grande partie du territoire espagnol permettent aux Mieles del T\u00edo Juan Cruz de couvrir une grande vari\u00e9t\u00e9 de fleurs pour que les abeilles les pollinisent. Sur le territoire aragonais, on trouve des fleurs telles que le\u00a0romarin\u00a0et&hellip;<\/p>\n","protected":false},"author":1,"featured_media":0,"parent":0,"menu_order":0,"comment_status":"closed","ping_status":"closed","template":"","meta":[],"_links":{"self":[{"href":"https:\/\/mieltiojuancruz.com\/fr\/wp-json\/wp\/v2\/pages\/32"}],"collection":[{"href":"https:\/\/mieltiojuancruz.com\/fr\/wp-json\/wp\/v2\/pages"}],"about":[{"href":"https:\/\/mieltiojuancruz.com\/fr\/wp-json\/wp\/v2\/types\/page"}],"author":[{"embeddable":true,"href":"https:\/\/mieltiojuancruz.com\/fr\/wp-json\/wp\/v2\/users\/1"}],"replies":[{"embeddable":true,"href":"https:\/\/mieltiojuancruz.com\/fr\/wp-json\/wp\/v2\/comments?post=32"}],"version-history":[{"count":11,"href":"https:\/\/mieltiojuancruz.com\/fr\/wp-json\/wp\/v2\/pages\/32\/revisions"}],"predecessor-version":[{"id":2498,"href":"https:\/\/mieltiojuancruz.com\/fr\/wp-json\/wp\/v2\/pages\/32\/revisions\/2498"}],"wp:attachment":[{"href":"https:\/\/mieltiojuancruz.com\/fr\/wp-json\/wp\/v2\/media?parent=32"}],"curies":[{"name":"wp","href":"https:\/\/api.w.org\/{rel}","templated":true}]}}