{"id":35,"date":"2014-10-29T21:58:05","date_gmt":"2014-10-29T21:58:05","guid":{"rendered":"http:\/\/mieltiojuancruz.com\/?page_id=35"},"modified":"2021-04-27T21:16:44","modified_gmt":"2021-04-27T20:16:44","slug":"valores","status":"publish","type":"page","link":"https:\/\/mieltiojuancruz.com\/fr\/valores\/","title":{"rendered":"Valeurs"},"content":{"rendered":"<p>[vc_row][vc_column][section_header use_decoration=&#8221;1&#8243; layout_type=&#8221;section-heading-double-border-bottom&#8221; main_heading=&#8221;VALEURS&#8221; separator_color=&#8221;#dd9933&#8243;][\/vc_column][\/vc_row][vc_row][vc_column][vc_column_text]Ap\u00edcola Cuartero et ses Mieles del T\u00edo Juan Cruz fondent leur mode de travail sur l\u2019excellence de la production de miel et la pr\u00e9servation de sa saveur, ainsi que sur le soin des abeilles et des ruches pour leur permettre de produire la plus grande quantit\u00e9 possible de miels et de meilleure qualit\u00e9.<\/p>\n<p>Il s\u2019agit d\u2019une entreprise familiale consacr\u00e9e au maintien d\u2019un haut niveau de qualit\u00e9 de ses produits dont l\u2019\u00e9laboration repose sur des valeurs \u00e9cologiques: elle respecte la nature et ce que celle-ci offre en vivant de celle-ci, mais sans l\u2019agresser, car nous n\u2019utilisons aucun pesticide. En outre, nous cherchons \u00e0 faire revenir les m\u00e9tiers traditionnels pour repeupler les lieux d\u00e9sert\u00e9s.<\/p>\n<p>\u00c0 l\u2019heure de la globalisation, o\u00f9 on \u00e9prouve une perte de diversit\u00e9 des produits et des cultures, Ap\u00edcola Cuartero propose de conserver et de r\u00e9cup\u00e9rer les saveurs traditionnelles et de pr\u00e9senter les ressources du terroir dans des emballages avec toute leur valeur. L\u2019objectif est de se distinguer des produits classiques qui sont pr\u00e9sents en permanence et dont la saveur finit par \u00eatre identique d\u2019une fois \u00e0 l\u2019autre. Mieles del T\u00edo Juan Cruz compte sur la valeur du naturel comme \u00e9l\u00e9ment diff\u00e9renciateur tout en remarquant les diverses nuances d\u2019une r\u00e9colte \u00e0 l\u2019autre, mais toujours selon le niveau de qualit\u00e9 le plus strict \u00e0 la d\u00e9gustation.[\/vc_column_text][\/vc_column][\/vc_row][vc_row][vc_column width=&#8221;1\/2&#8243;][vc_single_image image=&#8221;2512&#8243; img_size=&#8221;full&#8221;][vc_single_image image=&#8221;2520&#8243; img_size=&#8221;full&#8221;][\/vc_column][vc_column width=&#8221;1\/2&#8243;][vc_single_image image=&#8221;2519&#8243; img_size=&#8221;full&#8221;][vc_single_image image=&#8221;2516&#8243; img_size=&#8221;full&#8221;][\/vc_column][\/vc_row]<\/p>\n","protected":false},"excerpt":{"rendered":"<p>[vc_row][vc_column][section_header use_decoration=&#8221;1&#8243; layout_type=&#8221;section-heading-double-border-bottom&#8221; main_heading=&#8221;VALEURS&#8221; separator_color=&#8221;#dd9933&#8243;][\/vc_column][\/vc_row][vc_row][vc_column][vc_column_text]Ap\u00edcola Cuartero et ses Mieles del T\u00edo Juan Cruz fondent leur mode de travail sur l\u2019excellence de la production de miel et la pr\u00e9servation de sa saveur, ainsi que sur le soin des abeilles et des ruches pour leur permettre de produire la plus grande quantit\u00e9 possible de miels et de&hellip;<\/p>\n","protected":false},"author":1,"featured_media":0,"parent":0,"menu_order":0,"comment_status":"closed","ping_status":"closed","template":"","meta":[],"_links":{"self":[{"href":"https:\/\/mieltiojuancruz.com\/fr\/wp-json\/wp\/v2\/pages\/35"}],"collection":[{"href":"https:\/\/mieltiojuancruz.com\/fr\/wp-json\/wp\/v2\/pages"}],"about":[{"href":"https:\/\/mieltiojuancruz.com\/fr\/wp-json\/wp\/v2\/types\/page"}],"author":[{"embeddable":true,"href":"https:\/\/mieltiojuancruz.com\/fr\/wp-json\/wp\/v2\/users\/1"}],"replies":[{"embeddable":true,"href":"https:\/\/mieltiojuancruz.com\/fr\/wp-json\/wp\/v2\/comments?post=35"}],"version-history":[{"count":8,"href":"https:\/\/mieltiojuancruz.com\/fr\/wp-json\/wp\/v2\/pages\/35\/revisions"}],"predecessor-version":[{"id":2571,"href":"https:\/\/mieltiojuancruz.com\/fr\/wp-json\/wp\/v2\/pages\/35\/revisions\/2571"}],"wp:attachment":[{"href":"https:\/\/mieltiojuancruz.com\/fr\/wp-json\/wp\/v2\/media?parent=35"}],"curies":[{"name":"wp","href":"https:\/\/api.w.org\/{rel}","templated":true}]}}