{"id":1015,"date":"2014-10-30T19:34:09","date_gmt":"2014-10-30T19:34:09","guid":{"rendered":"http:\/\/mieltiojuancruz.com\/it\/las-abejas\/"},"modified":"2016-04-26T08:16:34","modified_gmt":"2016-04-26T08:16:34","slug":"las-abejas","status":"publish","type":"page","link":"https:\/\/mieltiojuancruz.com\/it\/las-abejas\/","title":{"rendered":"LE API"},"content":{"rendered":"<p>[vc_row][vc_column width=&#8221;1\/1&#8243;][section_header use_decoration=&#8221;1&#8243; layout_type=&#8221;section-heading-wave&#8221; separator_position=&#8221;center&#8221; main_heading=&#8221;LE API&#8221; text_align=&#8221;center&#8221; font_size=&#8221;default&#8221; font_style=&#8221;default&#8221; separator_color=&#8221;#dd9933&#8243;][\/vc_column][\/vc_row][vc_row][vc_column width=&#8221;1\/2&#8243;][vc_column_text]L\u2019apicoltura in Spagna \u00e8 una professione difficile; deve fronteggiare vari rischi che minacciano l\u2019esistenza delle api, come il cambio climatico o l\u2019agricoltura industriale, le monoculture (minore disponibilit\u00e0 e diversit\u00e0 di alimentazione per le api) e l\u2019uso di pesticidi sistemici tossici.<\/p>\n<p>Le api hanno un ruolo fondamentale nella conservazione della ricchezza degli ecosistemi a livello mondiale. Infatti, l\u2019esistenza dell\u2019apicoltura e l\u2019allevamento di questi insetti sono importantissimi. Sia la produzione di alimenti, sia la biodiversit\u00e0 terrestre dipendono in grande misura dall\u2019impollinazione, processo naturale che permette la fecondazione dei fiori e la crescita di frutti e semi. Le api sono le protagoniste principali di questo processo.<\/p>\n<p>Nonostante questo, la popolazione delle api sta diminuendo in modo pericoloso. Per questo Ap\u00edcola Cuartero rifiuta l\u2019uso di pesticidi, nocivi per le api, sui fiori che vengono impollinati, sostenendo invece un nuovo modello di agricoltura rispettosa e sostenibile, il pi\u00f9 ecologica possibile e lontana dal modello di produzione agricola industriale sempre pi\u00f9 diffuso dalle grandi aziende multinazionali. Infatti, da molto tempo Ap\u00edcola Cuarteto cerca di collocare le sue arnie in luoghi vuoti, selvatici e inalterati, selezionati dopo un\u2019attenta ricerca tra i molti spazi aperti o abbandonati distribuiti per il territorio spagnolo.[\/vc_column_text][\/vc_column][vc_column width=&#8221;1\/2&#8243;][vc_gallery type=&#8221;flexslider_fade&#8221; interval=&#8221;3&#8243; images=&#8221;481,487,483,485&#8243; onclick=&#8221;link_image&#8221; custom_links_target=&#8221;_self&#8221; img_size=&#8221;full&#8221;][\/vc_column][\/vc_row]<\/p>\n","protected":false},"excerpt":{"rendered":"<p>[vc_row][vc_column width=&#8221;1\/1&#8243;][section_header use_decoration=&#8221;1&#8243; layout_type=&#8221;section-heading-wave&#8221; separator_position=&#8221;center&#8221; main_heading=&#8221;LE API&#8221; text_align=&#8221;center&#8221; font_size=&#8221;default&#8221; font_style=&#8221;default&#8221; separator_color=&#8221;#dd9933&#8243;][\/vc_column][\/vc_row][vc_row][vc_column width=&#8221;1\/2&#8243;][vc_column_text]L\u2019apicoltura in Spagna \u00e8 una professione difficile; deve fronteggiare vari rischi che minacciano l\u2019esistenza delle api, come il cambio climatico o l\u2019agricoltura industriale, le monoculture (minore disponibilit\u00e0 e diversit\u00e0 di alimentazione per le api) e l\u2019uso di pesticidi sistemici tossici. Le api hanno un&hellip;<\/p>\n","protected":false},"author":1,"featured_media":0,"parent":0,"menu_order":0,"comment_status":"closed","ping_status":"closed","template":"","meta":[],"_links":{"self":[{"href":"https:\/\/mieltiojuancruz.com\/it\/wp-json\/wp\/v2\/pages\/1015"}],"collection":[{"href":"https:\/\/mieltiojuancruz.com\/it\/wp-json\/wp\/v2\/pages"}],"about":[{"href":"https:\/\/mieltiojuancruz.com\/it\/wp-json\/wp\/v2\/types\/page"}],"author":[{"embeddable":true,"href":"https:\/\/mieltiojuancruz.com\/it\/wp-json\/wp\/v2\/users\/1"}],"replies":[{"embeddable":true,"href":"https:\/\/mieltiojuancruz.com\/it\/wp-json\/wp\/v2\/comments?post=1015"}],"version-history":[{"count":2,"href":"https:\/\/mieltiojuancruz.com\/it\/wp-json\/wp\/v2\/pages\/1015\/revisions"}],"predecessor-version":[{"id":1105,"href":"https:\/\/mieltiojuancruz.com\/it\/wp-json\/wp\/v2\/pages\/1015\/revisions\/1105"}],"wp:attachment":[{"href":"https:\/\/mieltiojuancruz.com\/it\/wp-json\/wp\/v2\/media?parent=1015"}],"curies":[{"name":"wp","href":"https:\/\/api.w.org\/{rel}","templated":true}]}}