{"id":1068,"date":"2014-10-30T19:34:32","date_gmt":"2014-10-30T19:34:32","guid":{"rendered":"http:\/\/mieltiojuancruz.com\/it\/nuestras-flores\/"},"modified":"2016-04-19T09:59:00","modified_gmt":"2016-04-19T09:59:00","slug":"nuestras-flores","status":"publish","type":"page","link":"https:\/\/mieltiojuancruz.com\/it\/nuestras-flores\/","title":{"rendered":"I NOSTRI FIORI"},"content":{"rendered":"<p>[vc_row][vc_column width=&#8221;1\/1&#8243;][section_header use_decoration=&#8221;1&#8243; layout_type=&#8221;section-heading-border-top-bottom&#8221; separator_position=&#8221;center&#8221; main_heading=&#8221;I NOSTRI FIORI&#8221; text_align=&#8221;center&#8221; font_size=&#8221;default&#8221; font_style=&#8221;default&#8221; separator_color=&#8221;#dd9933&#8243;][\/vc_column][\/vc_row][vc_row][vc_column width=&#8221;1\/3&#8243;][vc_single_image image=&#8221;472&#8243; alignment=&#8221;center&#8221; style=&#8221;vc_box_outline_circle&#8221; border_color=&#8221;grey&#8221; img_link_target=&#8221;_self&#8221; image_hover=&#8221;none&#8221; image_hover_type=&#8221;default&#8221; img_size=&#8221;full&#8221;][vc_single_image image=&#8221;474&#8243; alignment=&#8221;center&#8221; style=&#8221;vc_box_outline_circle&#8221; border_color=&#8221;grey&#8221; img_link_target=&#8221;_self&#8221; image_hover=&#8221;none&#8221; image_hover_type=&#8221;default&#8221; img_size=&#8221;full&#8221;][\/vc_column][vc_column width=&#8221;2\/3&#8243;][vc_column_text]Ap\u00edcola Cuarteto ha pi\u00f9 di 3.000 arnie distribuite su gran parte del territorio spagnolo. Mieles del T\u00edo Juan Cruz ha, perci\u00f2, a disposizione una gran variet\u00e0 di fioriture dei pi\u00f9 diversi ecosistemi, pronte a essere impollinate dalle api.<\/p>\n<p>Nel territorio aragonese si trovano i fiori di <strong>rosmarino<\/strong> e di<strong> timo rosa<\/strong>: i primi producono un miele di colore molto chiaro, dal sapore dolce e con un piacevole finale aromatico, i secondi invece danno un miele di colore ambrato e dal sapore dolce con note acide.<\/p>\n<p>La montagna offre altre variet\u00e0, come il miele di <strong>lavanda<\/strong>, dal potere rinfrescante; il miele di <strong>erica<\/strong>, di colore rosso ambrato e dal sapore rotondo; il miele di <strong>eucalipto<\/strong>, estremamente aromatico e dal sapore legnoso; il miele di <strong>lavanda selvatica <\/strong>o di lavanda vera, dal sapore dolce e profumato; il miele di <strong>mora selvatica<\/strong>, miele unico prodotto dal succo delle more; e il miele di <strong>melata di leccio e quercia<\/strong>, dal colore molto scuro, dovuto al gran contenuto di ferro, e dal sapore profondo.<\/p>\n<p>Anche la zona mediterranea offre fiori dal nettare molto ricercato dalle api. Nel <strong>levante spagnolo <\/strong>si produce il miele di fiori d\u2019arancio o di arancio, di nespolo e di limone, dal sapore di agrumi, leggero e molto aromatico.<\/p>\n<p>La meseta spagnola regala fiori di <strong>girasole<\/strong>, di <strong>santoreggia montana<\/strong>, di <strong>timo bianco<\/strong> e di <strong>lavanda spigo<\/strong>, o <strong>lavanda selvatica<\/strong>. I primi danno un miele di colore ambrato, dal profumo floreale con note oleose e dal sapore molto dolce. I secondi producono un miele denso, di colore quasi bianco e di qualit\u00e0 superiore.<\/p>\n<p>Il miele <strong>\u201cMillefiori\u201d<\/strong> e di <strong>erba medica<\/strong> proviene dai prati della Valle dell\u2019Ebro. Come dice il nome, il \u201cMillefiori\u201d \u00e8 un miele naturale realizzato con diverse specie di fiori.<\/p>\n<p>Altre piante usate da Mieles del T\u00edo Juan Cruz sono il <strong>tiglio<\/strong>, che produce un miele di colore giallo chiaro e dal profumo fragrante; l\u2019<strong>abete<\/strong>, da cui le api succhiano la linfa per trasformarla in miele verde e dall\u2019aroma balsamico; e l\u2019<strong>acacia<\/strong>, che d\u00e0 un miele cristallino e molto liquido, con un sapore leggero che offre al palato una dolcezza incomparabile.[\/vc_column_text][\/vc_column][\/vc_row]<\/p>\n","protected":false},"excerpt":{"rendered":"<p>[vc_row][vc_column width=&#8221;1\/1&#8243;][section_header use_decoration=&#8221;1&#8243; layout_type=&#8221;section-heading-border-top-bottom&#8221; separator_position=&#8221;center&#8221; main_heading=&#8221;I NOSTRI FIORI&#8221; text_align=&#8221;center&#8221; font_size=&#8221;default&#8221; font_style=&#8221;default&#8221; separator_color=&#8221;#dd9933&#8243;][\/vc_column][\/vc_row][vc_row][vc_column width=&#8221;1\/3&#8243;][vc_single_image image=&#8221;472&#8243; alignment=&#8221;center&#8221; style=&#8221;vc_box_outline_circle&#8221; border_color=&#8221;grey&#8221; img_link_target=&#8221;_self&#8221; image_hover=&#8221;none&#8221; image_hover_type=&#8221;default&#8221; img_size=&#8221;full&#8221;][vc_single_image image=&#8221;474&#8243; alignment=&#8221;center&#8221; style=&#8221;vc_box_outline_circle&#8221; border_color=&#8221;grey&#8221; img_link_target=&#8221;_self&#8221; image_hover=&#8221;none&#8221; image_hover_type=&#8221;default&#8221; img_size=&#8221;full&#8221;][\/vc_column][vc_column width=&#8221;2\/3&#8243;][vc_column_text]Ap\u00edcola Cuarteto ha pi\u00f9 di 3.000 arnie distribuite su gran parte del territorio spagnolo. Mieles del T\u00edo Juan Cruz ha, perci\u00f2, a disposizione una gran variet\u00e0&hellip;<\/p>\n","protected":false},"author":1,"featured_media":0,"parent":0,"menu_order":0,"comment_status":"closed","ping_status":"closed","template":"","meta":[],"_links":{"self":[{"href":"https:\/\/mieltiojuancruz.com\/it\/wp-json\/wp\/v2\/pages\/1068"}],"collection":[{"href":"https:\/\/mieltiojuancruz.com\/it\/wp-json\/wp\/v2\/pages"}],"about":[{"href":"https:\/\/mieltiojuancruz.com\/it\/wp-json\/wp\/v2\/types\/page"}],"author":[{"embeddable":true,"href":"https:\/\/mieltiojuancruz.com\/it\/wp-json\/wp\/v2\/users\/1"}],"replies":[{"embeddable":true,"href":"https:\/\/mieltiojuancruz.com\/it\/wp-json\/wp\/v2\/comments?post=1068"}],"version-history":[{"count":1,"href":"https:\/\/mieltiojuancruz.com\/it\/wp-json\/wp\/v2\/pages\/1068\/revisions"}],"predecessor-version":[{"id":1071,"href":"https:\/\/mieltiojuancruz.com\/it\/wp-json\/wp\/v2\/pages\/1068\/revisions\/1071"}],"wp:attachment":[{"href":"https:\/\/mieltiojuancruz.com\/it\/wp-json\/wp\/v2\/media?parent=1068"}],"curies":[{"name":"wp","href":"https:\/\/api.w.org\/{rel}","templated":true}]}}