{"id":1073,"date":"2014-10-30T19:35:42","date_gmt":"2014-10-30T19:35:42","guid":{"rendered":"http:\/\/mieltiojuancruz.com\/it\/nuestros-productos\/"},"modified":"2016-04-26T08:20:01","modified_gmt":"2016-04-26T08:20:01","slug":"nuestros-productos","status":"publish","type":"page","link":"https:\/\/mieltiojuancruz.com\/it\/nuestros-productos\/","title":{"rendered":"I NOSTRI PRODOTTI"},"content":{"rendered":"<p>[vc_row background_style=&#8221;cover&#8221;][vc_column width=&#8221;1\/1&#8243;][section_header use_decoration=&#8221;1&#8243; layout_type=&#8221;section-heading-swirl&#8221; separator_position=&#8221;center&#8221; main_heading=&#8221;I NOSTRI PRODOTTI&#8221; text_align=&#8221;center&#8221; font_size=&#8221;default&#8221; font_style=&#8221;default&#8221; separator_color=&#8221;#dd9933&#8243;][vc_column_text]Il sapore del miele dipende dalle piante da cui le api succhiano il nettare, infatti la natura offre tipi molti diversi di miele. Esistono variet\u00e0 molto intense, dal colore pi\u00f9 scuro, e altre pi\u00f9 dolci e di colore pi\u00f9 chiaro.<\/p>\n<p>Qui potete trovare tutti i prodotti Mieles del T\u00edo Juan Cruz. Sono disponibili in confezione grande (940 gr) e piccola (470 gr), e la bottiglia di aceto di miele ha una capacit\u00e0 di 250 ml. Inoltre, tutte le etichette sono scritte in cinque lingue diverse (spagnolo, inglese, francese, tedesco e arabo classico).[\/vc_column_text][\/vc_column][\/vc_row][vc_row background_style=&#8221;cover&#8221;][vc_column width=&#8221;1\/1&#8243;][vc_row_inner][vc_column_inner width=&#8221;1\/4&#8243;][vc_single_image image=&#8221;360&#8243; alignment=&#8221;center&#8221; border_color=&#8221;black&#8221; img_link_target=&#8221;_self&#8221; image_hover=&#8221;none&#8221; image_hover_type=&#8221;default&#8221; image_hover_text=&#8221;De Arag\u00f3n&#8221; img_size=&#8221;250&#215;180&#8243; style=&#8221;vc_box_border&#8221; img_link=&#8221;http:\/\/mieltiojuancruz.com\/it\/mieles-de-aragon\/&#8221;][vc_column_text el_class=&#8221;nombres&#8221;]<\/p>\n<p style=\"text-align: center; margin-top: 0;\">MIELE DI ARAGONA<\/p>\n<p>[\/vc_column_text][\/vc_column_inner][vc_column_inner width=&#8221;1\/4&#8243;][vc_single_image image=&#8221;370&#8243; alignment=&#8221;center&#8221; border_color=&#8221;black&#8221; img_link_target=&#8221;_self&#8221; image_hover=&#8221;none&#8221; image_hover_type=&#8221;default&#8221; image_hover_text=&#8221;De Arag\u00f3n&#8221; img_size=&#8221;250&#215;180&#8243; style=&#8221;vc_box_border&#8221; img_link=&#8221;http:\/\/mieltiojuancruz.com\/it\/mieles-de-montana\/&#8221;][vc_column_text el_class=&#8221;nombres&#8221;]<\/p>\n<p style=\"text-align: center; margin-top: 0;\">MIELE DI MONTAGNA<\/p>\n<p>[\/vc_column_text][\/vc_column_inner][vc_column_inner width=&#8221;1\/4&#8243;][vc_single_image image=&#8221;366&#8243; alignment=&#8221;center&#8221; border_color=&#8221;black&#8221; img_link_target=&#8221;_self&#8221; image_hover=&#8221;none&#8221; image_hover_type=&#8221;default&#8221; image_hover_text=&#8221;De Arag\u00f3n&#8221; img_size=&#8221;250&#215;180&#8243; style=&#8221;vc_box_border&#8221; img_link=&#8221;http:\/\/mieltiojuancruz.com\/it\/mieles-mediterraneas\/&#8221;][vc_column_text el_class=&#8221;nombres&#8221;]<\/p>\n<p style=\"text-align: center; margin-top: 0;\">MIELE MEDITERRANEO<\/p>\n<p>[\/vc_column_text][\/vc_column_inner][vc_column_inner width=&#8221;1\/4&#8243;][vc_single_image image=&#8221;368&#8243; alignment=&#8221;center&#8221; border_color=&#8221;black&#8221; img_link_target=&#8221;_self&#8221; image_hover=&#8221;none&#8221; image_hover_type=&#8221;default&#8221; image_hover_text=&#8221;De Arag\u00f3n&#8221; img_size=&#8221;250&#215;180&#8243; style=&#8221;vc_box_border&#8221; img_link=&#8221;http:\/\/mieltiojuancruz.com\/it\/mieles-de-meseta\/&#8221;][vc_column_text el_class=&#8221;nombres&#8221;]<\/p>\n<p style=\"text-align: center; margin-top: 0;\">MIELE DELLA MESETA<\/p>\n<p>[\/vc_column_text][\/vc_column_inner][\/vc_row_inner][vc_row_inner][vc_column_inner width=&#8221;1\/4&#8243;][vc_single_image image=&#8221;374&#8243; alignment=&#8221;center&#8221; border_color=&#8221;black&#8221; img_link_target=&#8221;_self&#8221; image_hover=&#8221;none&#8221; image_hover_type=&#8221;default&#8221; image_hover_text=&#8221;De Arag\u00f3n&#8221; img_size=&#8221;250&#215;180&#8243; style=&#8221;vc_box_border&#8221; img_link=&#8221;http:\/\/mieltiojuancruz.com\/it\/mieles-de-pradera\/&#8221;][vc_column_text el_class=&#8221;nombres&#8221;]<\/p>\n<p style=\"text-align: center; margin-top: 0;\">MIELE DI PRATO<\/p>\n<p>[\/vc_column_text][\/vc_column_inner][vc_column_inner width=&#8221;1\/4&#8243;][vc_single_image image=&#8221;364&#8243; alignment=&#8221;center&#8221; border_color=&#8221;black&#8221; img_link_target=&#8221;_self&#8221; image_hover=&#8221;none&#8221; image_hover_type=&#8221;default&#8221; image_hover_text=&#8221;De Arag\u00f3n&#8221; img_size=&#8221;250&#215;180&#8243; style=&#8221;vc_box_border&#8221; img_link=&#8221;http:\/\/mieltiojuancruz.com\/it\/mieles-foraneas\/&#8221;][vc_column_text el_class=&#8221;nombres&#8221;]<\/p>\n<p style=\"text-align: center; margin-top: 0;\">MIELE STRANIERO<\/p>\n<p>[\/vc_column_text][\/vc_column_inner][vc_column_inner width=&#8221;1\/4&#8243;][vc_single_image image=&#8221;362&#8243; alignment=&#8221;center&#8221; border_color=&#8221;black&#8221; img_link_target=&#8221;_self&#8221; image_hover=&#8221;none&#8221; image_hover_type=&#8221;default&#8221; image_hover_text=&#8221;De Arag\u00f3n&#8221; img_size=&#8221;250&#215;180&#8243; style=&#8221;vc_box_border&#8221; img_link=&#8221;http:\/\/mieltiojuancruz.com\/it\/mieles-especiales\/&#8221;][vc_column_text el_class=&#8221;nombres&#8221;]<\/p>\n<p style=\"text-align: center; margin-top: 0;\">MIELE SPECIALE<\/p>\n<p>[\/vc_column_text][\/vc_column_inner][vc_column_inner width=&#8221;1\/4&#8243;][vc_single_image image=&#8221;605&#8243; alignment=&#8221;center&#8221; border_color=&#8221;black&#8221; img_link_target=&#8221;_self&#8221; image_hover=&#8221;none&#8221; image_hover_type=&#8221;default&#8221; image_hover_text=&#8221;De Arag\u00f3n&#8221; img_size=&#8221;250&#215;180&#8243; style=&#8221;vc_box_border&#8221; img_link=&#8221;http:\/\/mieltiojuancruz.com\/it\/otros-productos-2\/&#8221;][vc_column_text el_class=&#8221;nombres&#8221;]<\/p>\n<p style=\"text-align: center; margin-top: 0;\">ALTRI PRODOTTI<\/p>\n<p>[\/vc_column_text][\/vc_column_inner][\/vc_row_inner][\/vc_column][\/vc_row]<\/p>\n","protected":false},"excerpt":{"rendered":"<p>[vc_row background_style=&#8221;cover&#8221;][vc_column width=&#8221;1\/1&#8243;][section_header use_decoration=&#8221;1&#8243; layout_type=&#8221;section-heading-swirl&#8221; separator_position=&#8221;center&#8221; main_heading=&#8221;I NOSTRI PRODOTTI&#8221; text_align=&#8221;center&#8221; font_size=&#8221;default&#8221; font_style=&#8221;default&#8221; separator_color=&#8221;#dd9933&#8243;][vc_column_text]Il sapore del miele dipende dalle piante da cui le api succhiano il nettare, infatti la natura offre tipi molti diversi di miele. Esistono variet\u00e0 molto intense, dal colore pi\u00f9 scuro, e altre pi\u00f9 dolci e di colore pi\u00f9 chiaro. Qui potete trovare&hellip;<\/p>\n","protected":false},"author":1,"featured_media":0,"parent":0,"menu_order":0,"comment_status":"closed","ping_status":"closed","template":"fullwidth.php","meta":[],"_links":{"self":[{"href":"https:\/\/mieltiojuancruz.com\/it\/wp-json\/wp\/v2\/pages\/1073"}],"collection":[{"href":"https:\/\/mieltiojuancruz.com\/it\/wp-json\/wp\/v2\/pages"}],"about":[{"href":"https:\/\/mieltiojuancruz.com\/it\/wp-json\/wp\/v2\/types\/page"}],"author":[{"embeddable":true,"href":"https:\/\/mieltiojuancruz.com\/it\/wp-json\/wp\/v2\/users\/1"}],"replies":[{"embeddable":true,"href":"https:\/\/mieltiojuancruz.com\/it\/wp-json\/wp\/v2\/comments?post=1073"}],"version-history":[{"count":3,"href":"https:\/\/mieltiojuancruz.com\/it\/wp-json\/wp\/v2\/pages\/1073\/revisions"}],"predecessor-version":[{"id":1106,"href":"https:\/\/mieltiojuancruz.com\/it\/wp-json\/wp\/v2\/pages\/1073\/revisions\/1106"}],"wp:attachment":[{"href":"https:\/\/mieltiojuancruz.com\/it\/wp-json\/wp\/v2\/media?parent=1073"}],"curies":[{"name":"wp","href":"https:\/\/api.w.org\/{rel}","templated":true}]}}