{"id":1088,"date":"2014-10-29T21:58:05","date_gmt":"2014-10-29T21:58:05","guid":{"rendered":"http:\/\/mieltiojuancruz.com\/it\/valores\/"},"modified":"2016-04-19T10:06:09","modified_gmt":"2016-04-19T10:06:09","slug":"valores","status":"publish","type":"page","link":"https:\/\/mieltiojuancruz.com\/it\/valores\/","title":{"rendered":"Valori"},"content":{"rendered":"<p>[vc_row][vc_column width=&#8221;1\/1&#8243;][section_header use_decoration=&#8221;1&#8243; layout_type=&#8221;section-heading-double-border-bottom&#8221; separator_position=&#8221;center&#8221; main_heading=&#8221;Valori&#8221; text_align=&#8221;center&#8221; font_size=&#8221;default&#8221; font_style=&#8221;default&#8221; separator_color=&#8221;#dd9933&#8243;][\/vc_column][\/vc_row][vc_row][vc_column width=&#8221;1\/3&#8243;][vc_gallery type=&#8221;flexslider_fade&#8221; interval=&#8221;3&#8243; images=&#8221;505,499,501,503&#8243; onclick=&#8221;link_image&#8221; custom_links_target=&#8221;_self&#8221; img_size=&#8221;full&#8221;][\/vc_column][vc_column width=&#8221;2\/3&#8243;][vc_column_text]Il metodo di lavoro di Ap\u00edcola Cuartero e di Mieles del T\u00edo Juan Cruz si basa sull\u2019eccellenza della produzione del miele e sulla conservazione del suo sapore, cos\u00ec come sulla cura delle api e delle arnie, per favorire la produzione di grandi quantit\u00e0 di miele della migliore qualit\u00e0.<\/p>\n<p>Per l\u2019azienda \u00e8 fondamentale mantenere un livello alto nei suoi prodotti, realizzati con principi ecologici: rispetto della natura e di ci\u00f2 che offre, vivendo di essa ma senza aggredirla. Cerca, inoltre, di recuperare i mestieri tradizionali per tornare a vivere in luoghi rimasti deserti.<\/p>\n<p>In questo momento di globalizzazione, in cui si \u00e8 persa la diversit\u00e0 nei prodotti e delle coltivazioni, Ap\u00edcula Cuartero vuole mantenere e recuperare i sapori tradizionali, e offrire le risorse della terra con tutto il loro valore. L\u2019obiettivo \u00e8 allontanarsi dai prodotti standard che appaiono di continuo e il cui sapore \u00e8 sempre identico. Mieles del T\u00edo Juan Cruz fa la differenza perch\u00e9 offre prodotti naturali, in cui si possono gustare sfumature diverse tra una raccolta e l\u2019altra, mantenendo sempre alti livelli di qualit\u00e0.[\/vc_column_text][\/vc_column][\/vc_row]<\/p>\n","protected":false},"excerpt":{"rendered":"<p>[vc_row][vc_column width=&#8221;1\/1&#8243;][section_header use_decoration=&#8221;1&#8243; layout_type=&#8221;section-heading-double-border-bottom&#8221; separator_position=&#8221;center&#8221; main_heading=&#8221;Valori&#8221; text_align=&#8221;center&#8221; font_size=&#8221;default&#8221; font_style=&#8221;default&#8221; separator_color=&#8221;#dd9933&#8243;][\/vc_column][\/vc_row][vc_row][vc_column width=&#8221;1\/3&#8243;][vc_gallery type=&#8221;flexslider_fade&#8221; interval=&#8221;3&#8243; images=&#8221;505,499,501,503&#8243; onclick=&#8221;link_image&#8221; custom_links_target=&#8221;_self&#8221; img_size=&#8221;full&#8221;][\/vc_column][vc_column width=&#8221;2\/3&#8243;][vc_column_text]Il metodo di lavoro di Ap\u00edcola Cuartero e di Mieles del T\u00edo Juan Cruz si basa sull\u2019eccellenza della produzione del miele e sulla conservazione del suo sapore, cos\u00ec come sulla cura delle api e delle arnie, per favorire&hellip;<\/p>\n","protected":false},"author":1,"featured_media":0,"parent":0,"menu_order":0,"comment_status":"closed","ping_status":"closed","template":"","meta":[],"_links":{"self":[{"href":"https:\/\/mieltiojuancruz.com\/it\/wp-json\/wp\/v2\/pages\/1088"}],"collection":[{"href":"https:\/\/mieltiojuancruz.com\/it\/wp-json\/wp\/v2\/pages"}],"about":[{"href":"https:\/\/mieltiojuancruz.com\/it\/wp-json\/wp\/v2\/types\/page"}],"author":[{"embeddable":true,"href":"https:\/\/mieltiojuancruz.com\/it\/wp-json\/wp\/v2\/users\/1"}],"replies":[{"embeddable":true,"href":"https:\/\/mieltiojuancruz.com\/it\/wp-json\/wp\/v2\/comments?post=1088"}],"version-history":[{"count":1,"href":"https:\/\/mieltiojuancruz.com\/it\/wp-json\/wp\/v2\/pages\/1088\/revisions"}],"predecessor-version":[{"id":1093,"href":"https:\/\/mieltiojuancruz.com\/it\/wp-json\/wp\/v2\/pages\/1088\/revisions\/1093"}],"wp:attachment":[{"href":"https:\/\/mieltiojuancruz.com\/it\/wp-json\/wp\/v2\/media?parent=1088"}],"curies":[{"name":"wp","href":"https:\/\/api.w.org\/{rel}","templated":true}]}}