{"id":1694,"date":"2018-02-26T18:52:39","date_gmt":"2018-02-26T16:52:39","guid":{"rendered":"http:\/\/mieltiojuancruz.com\/aviso-legal\/"},"modified":"2020-12-08T23:21:54","modified_gmt":"2020-12-08T22:21:54","slug":"aviso-legal","status":"publish","type":"page","link":"https:\/\/mieltiojuancruz.com\/pl\/aviso-legal\/","title":{"rendered":"AVISO LEGAL"},"content":{"rendered":"\n<div class=\"wp-block-group\"><div class=\"wp-block-group__inner-container\">\n<ol>\n<li>\n<ol>\n<li>\n<h3>DANE IDENTYFIKACYJNE<\/h3>\n<\/li>\n<\/ol>\n<p>Zgodnie z obowi\u0105zkiem dotycz\u0105cym informowania z art. 10 Ustawy 34\/2002 z dnia 11 lipca o Us\u0142ugach w spo\u0142ecze\u0144stwie informacyjnym i o handlu elektronicznym, poni\u017cej zawarto nast\u0119puj\u0105ce dane: Firm\u0105 b\u0119d\u0105c\u0105 w\u0142a\u015bcicielem domeny internetowej jest APICOLA CUARTERO NAVARRO SL (zwana dalej Miel T\u00edo Juan Cruz), kt\u00f3rej adres do tych cel\u00f3w to Calle la Posada, 4 50529 &#8211; (Fuendejalon) Saragossa, Hiszpania. NIP: B99056129, sp\u00f3\u0142ka jest zarejestrowana w Rejestrze dzia\u0142alno\u015bci gospodarczej w Saragossie. Adres e-mail do kontakt\u00f3w: info@mieltiojuancruz.com, ze strony internetowej.<\/p>\n<ol start=\"2\">\n<li>\n<h3>U\u017bYTKOWNICY<\/h3>\n<\/li>\n<\/ol>\n<p>Dost\u0119p do niniejszego portalu Miel T\u00edo Juan Cruz i\/lub korzystanie z niego nadaje status U\u017bYTKOWNIKA, kt\u00f3ry od chwili wspomnianego dost\u0119pu i\/lub u\u017cytkowania, akceptuje wymienione tutaj Og\u00f3lne warunki u\u017cytkowania portalu. Wymienione Warunki b\u0119d\u0105 mia\u0142y zastosowanie niezale\u017cnie od Og\u00f3lnych warunk\u00f3w zam\u00f3wienia, kt\u00f3re w danym przypadku oka\u017c\u0105 si\u0119 obowi\u0105zkowe.<\/p>\n<ol start=\"3\">\n<li>\n<h3>KORZYSTANIE Z PORTALU<\/h3>\n<\/li>\n<\/ol>\n<p>Portal mieltiojuancruz.com daje dost\u0119p do wielu informacji, us\u0142ug, program\u00f3w lub danych (zwanych dalej \u201etre\u015bci\u0105\u201d) w Internecie, nale\u017c\u0105cych do Miel T\u00edo Juan Cruz lub jej licencjodawc\u00f3w, do kt\u00f3rych U\u017bYTKOWNIK mo\u017ce mie\u0107 dost\u0119p. U\u017bYTKOWNIK ponosi odpowiedzialno\u015b\u0107 za korzystanie z portalu. Odpowiedzialno\u015b\u0107 ta obejmuje r\u00f3wnie\u017c rejestracj\u0119 niezb\u0119dn\u0105 do uzyskania dost\u0119pu do niekt\u00f3rych us\u0142ug lub tre\u015bci.<\/p>\n<p>Podczas wspomnianej rejestracji U\u017bYTKOWNIK jest odpowiedzialny za podanie prawdziwych i dozwolonych informacji. W wyniku rejestracji U\u017bYTKOWNIK mo\u017ce otrzyma\u0107 has\u0142o, za kt\u00f3re b\u0119dzie odpowiedzialny,<\/p>\n<p>zobowi\u0105zuj\u0105c si\u0119 do starannego i poufnego korzystania z tego has\u0142a. U\u017bYTKOWNIK zobowi\u0105zuje si\u0119 do w\u0142a\u015bciwego korzystania z tre\u015bci i us\u0142ug (takich jak czat, fora dyskusyjne lub grupy dyskusyjne), kt\u00f3re Miel T\u00edo Juan Cruz oferuje za po\u015brednictwem swojego portalu, a wi\u0119c mi\u0119dzy innymi zobowi\u0105zuje si\u0119 do niewykorzystywania ich do (i) anga\u017cowania si\u0119 w dzia\u0142ania niedozwolone, nielegalne lub wyst\u0119puj\u0105ce przeciw dobrej wierze i porz\u0105dkowi publicznemu; (ii) rozpowszechniania tre\u015bci lub artyku\u0142\u00f3w propagandowych o charakterze rasistowskim, ksenofobicznym, pornograficznym i nielegalnym, usprawiedliwiaj\u0105cych terroryzm lub ataki na prawa cz\u0142owieka; (iii) powodowania uszkodzenia system\u00f3w fizycznych i logicznych firmy Miel T\u00edo Juan Cruz, jej dostawc\u00f3w lub os\u00f3b trzecich; wprowadzania lub rozprzestrzeniania wirus\u00f3w komputerowych lub innych system\u00f3w fizycznych lub logicznych, kt\u00f3re mog\u0105 powodowa\u0107 wy\u017cej wymienione szkody; (iv) pr\u00f3by uzyskania dost\u0119pu i, w stosownych przypadkach, korzystania z kont mailowych innych u\u017cytkownik\u00f3w oraz modyfikowania lub manipulowania ich wiadomo\u015bciami. Miel T\u00edo Juan Cruz zastrzega sobie prawo do usuni\u0119cia wszelkich komentarzy i tre\u015bci naruszaj\u0105cych poszanowanie godno\u015bci os\u00f3b, takich kt\u00f3re s\u0105 dyskryminuj\u0105ce, ksenofobiczne, rasistowskie, pornograficzne; stanowi\u0105 zagro\u017cenie dla dzieci i m\u0142odzie\u017cy, porz\u0105dku lub bezpiecze\u0144stwa publicznego lub kt\u00f3re zdaniem w\u0142a\u015bciciela portalu nie nadaj\u0105 si\u0119 do publikacji. W ka\u017cdym razie Miel T\u00edo Juan Cruz nie ponosi odpowiedzialno\u015bci za opinie wyra\u017cane przez u\u017cytkownik\u00f3w na forach, czatach lub innych narz\u0119dziach umo\u017cliwiaj\u0105cych uczestnictwo.<\/p>\n<ol start=\"4\">\n<li>\n<h3>OCHRONA DANYCH<\/h3>\n<\/li>\n<\/ol>\n<p>Miel T\u00edo Juan Cruz spe\u0142nia wytyczne Ustawy organicznej 15\/1999 z dnia 13 grudnia o ochronie danych osobowych, Dekretu Kr\u00f3lewskiego 1720\/2007 z dnia 21 grudnia, kt\u00f3ry zatwierdza przepisy dotycz\u0105ce opracowania Ustawy organicznej oraz inne obowi\u0105zuj\u0105ce przepisy i zapewnia prawid\u0142owe wykorzystanie i przetwarzanie danych osobowych U\u017cytkownika. W tym celu, przy ka\u017cdym formularzu zbierania danych osobowych w zakresie us\u0142ug, o \u015bwiadczenie kt\u00f3rych U\u017cytkownik mo\u017ce zwr\u00f3ci\u0107 si\u0119 na adres info@mieltiojuancruz.com, U\u017cytkownik zostanie poinformowany zawsze o istnieniu szczeg\u00f3lnych warunk\u00f3w przetwarzania jego danych i poproszony o ich akceptacj\u0119. Informacje te obejm\u0105 podmiot odpowiedzialny za utworzony plik; adres osoby odpowiedzialnej; mo\u017cliwo\u015b\u0107 skorzystania z prawa dost\u0119pu, sprostowania, anulowania lub sprzeciwu; cel przetwarzania i przekazywania danych podmiotom trzecim w stosownych przypadkach.<\/p>\n<p>Jednocze\u015bnie Miel T\u00edo Juan Cruz informuje, \u017ce dzia\u0142a zgodnie z ustaw\u0105 34\/2002 z dnia 11 lipca o Us\u0142ugach w spo\u0142ecze\u0144stwie informacyjnym i o handlu elektronicznym i zawsze wyst\u0105pi o zgod\u0119 na przetwarzanie adresu poczty elektronicznej w celach komercyjnych.<\/p>\n<ol start=\"5\">\n<li>\n<h3>W\u0141ASNO\u015a\u0106 INTELEKTUALNA I PRZEMYS\u0141OWA<\/h3>\n<\/li>\n<\/ol>\n<p>Miel T\u00edo Juan Cruz samodzielnie lub jako cesjonariusz jest w\u0142a\u015bcicielem wszystkich praw w\u0142asno\u015bci intelektualnej i przemys\u0142owej do swojej strony internetowej, a tak\u017ce zawartych w niej element\u00f3w (na przyk\u0142ad obrazy, d\u017awi\u0119k, audio, wideo, oprogramowanie lub teksty, znaki towarowe lub logo, kombinacje kolor\u00f3w, struktura i wzornictwo, dob\u00f3r u\u017cytych materia\u0142\u00f3w; programy komputerowe niezb\u0119dne do jej obs\u0142ugi, dost\u0119pu i u\u017cytkowania itp.), kt\u00f3rych posiadaczem jest Miel T\u00edo Juan Cruz lub jego licencjodawcy.<\/p>\n<p>Wszelkie prawa zastrze\u017cone. Na mocy postanowie\u0144 z artyku\u0142\u00f3w 8 i 32.1 akapit drugi Ustawy o w\u0142asno\u015bci intelektualnej, powielanie, rozpowszechnianie i podawanie do publicznej wiadomo\u015bci, w tym cz\u0119\u015bciowe lub ca\u0142o\u015bciowe udost\u0119pnianie tre\u015bci zawartych na tej stronie do cel\u00f3w komercyjnych, na jakimkolwiek no\u015bniku i za pomoc\u0105 jakichkolwiek \u015brodk\u00f3w technicznych bez zgody Miel T\u00edo Juan Cruz jest wyra\u017anie zabronione. U\u017bYTKOWNIK zobowi\u0105zuje si\u0119 do poszanowania praw w\u0142asno\u015bci intelektualnej i przemys\u0142owej b\u0119d\u0105cych w\u0142asno\u015bci\u0105 Miel T\u00edo Juan Cruz. Mo\u017ce przegl\u0105da\u0107 elementy portalu, a nawet drukowa\u0107, kopiowa\u0107 i przechowywa\u0107 je na twardym dysku w\u0142asnego komputera lub na dowolnym innym no\u015bniku fizycznym, o ile odbywa si\u0119 to wy\u0142\u0105cznie do u\u017cytku osobistego i prywatnego. U\u017bYTKOWNIK powinien powstrzyma\u0107 si\u0119 od usuwania, zmieniania, pomijania lub manipulowania jakimkolwiek urz\u0105dzeniem zabezpieczaj\u0105cym lub systemem bezpiecze\u0144stwa, kt\u00f3ry zosta\u0142 zainstalowany na stronach Miel T\u00edo Juan Cruz.<\/p>\n<ol start=\"6\">\n<li>\n<h3>WY\u0141\u0104CZENIE GWARANCJI I ODPOWIEDZIALNO\u015aCI<\/h3>\n<\/li>\n<\/ol>\n<p>Miel T\u00edo Juan Cruz w \u017cadnym wypadku nie ponosi odpowiedzialno\u015bci za jakiekolwiek szkody, kt\u00f3re mog\u0105 by\u0107 spowodowane na przyk\u0142ad przez: b\u0142\u0119dy lub pomini\u0119cia w tre\u015bciach, brak dost\u0119pno\u015bci portalu lub przenoszenie przez tre\u015bci wirus\u00f3w lub z\u0142o\u015bliwych czy szkodliwych program\u00f3w, pomimo zastosowania wszelkich niezb\u0119dnych \u015brodk\u00f3w technicznych w celu ich unikni\u0119cia.<\/p>\n<ol start=\"7\">\n<li>\n<h3>MODYFIKACJE<\/h3>\n<\/li>\n<\/ol>\n<p>Firma Miel T\u00edo Juan Cruz zastrzega sobie prawo do wprowadzania bez wcze\u015bniejszego powiadomienia takich zmian na swoim portalu, kt\u00f3re uzna za stosowne. Modyfikacje te mog\u0105 obejmowa\u0107 zmian\u0119, usuni\u0119cie lub dodanie tre\u015bci i us\u0142ug \u015bwiadczonych za jego po\u015brednictwem, oraz sposobu, w jaki s\u0105 one prezentowane lub umieszczane na portalu.<\/p>\n<ol start=\"8\">\n<li>\n<h3>LINKI<\/h3>\n<\/li>\n<\/ol>\n<p>W przypadku, gdyby strona mieltiojuancruz.com zawiera\u0142a linki lub hiper\u0142\u0105cza do innych witryn internetowych, Miel T\u00edo Juan Cruz nie b\u0119dzie sprawowa\u0142o \u017cadnej kontroli nad tymi witrynami i tre\u015bciami. W \u017cadnym wypadku firma Miel T\u00edo Juan Cruz nie ponosi odpowiedzialno\u015bci za tre\u015bci jakiegokolwiek \u0142\u0105cza nale\u017c\u0105cego do strony internetowej osoby trzeciej, ani nie gwarantuje technicznej dost\u0119pno\u015bci, jako\u015bci, niezawodno\u015bci, dok\u0142adno\u015bci, zakresu, prawdziwo\u015bci, wa\u017cno\u015bci i zgodno\u015bci z konstytucj\u0105 jakichkolwiek materia\u0142\u00f3w lub informacji zawartych w dowolnym z takich hiper\u0142\u0105czy lub innych witrynach internetowych.<\/p>\n<p>Podobnie, za\u0142\u0105czenie takich zewn\u0119trznych po\u0142\u0105cze\u0144 nie b\u0119dzie oznacza\u0107 \u017cadnego rodzaju stowarzyszenia, fuzji lub udzia\u0142u w powi\u0105zanych podmiotach.<\/p>\n<ol start=\"9\">\n<li>\n<h3>PRAWO WYKLUCZENIA<\/h3>\n<\/li>\n<\/ol>\n<p>Miel T\u00edo Juan Cruz zastrzega sobie prawo do odmowy lub cofni\u0119cia dost\u0119pu do portalu i\/lub oferowanych us\u0142ug bez uprzedzenia, z w\u0142asnej inicjatywy lub na \u017c\u0105danie strony trzeciej, tym u\u017cytkownikom, kt\u00f3rzy nie przestrzegaj\u0105 niniejszych Og\u00f3lnych warunk\u00f3w u\u017cytkowania.<\/p>\n<ol start=\"10\">\n<li>\n<h3>INFORMACJE OG\u00d3LNE<\/h3>\n<\/li>\n<\/ol>\n<p>Miel T\u00edo Juan Cruz b\u0119dzie \u015bciga\u0107 naruszenie niniejszych warunk\u00f3w, a tak\u017ce wszelkie niew\u0142a\u015bciwe korzystanie ze swojego portalu, podejmuj\u0105c wszelkie przys\u0142uguj\u0105ce mu na drodze cywilnej i karnej kroki prawne.<\/p>\n<ol start=\"11\">\n<li>\n<h3>ZMIANA OBECNYCH WARUNK\u00d3W I CZASU TRWANIA<\/h3>\n<\/li>\n<\/ol>\n<p>Miel T\u00edo Juan Cruz mo\u017ce w ka\u017cdej chwili zmieni\u0107 okre\u015blone tutaj warunki, a zmiany zostan\u0105 nale\u017cycie opublikowane w takiej postaci, w jakiej si\u0119 tu znajduj\u0105.<\/p>\n<p>Wa\u017cno\u015b\u0107 wymienionych warunk\u00f3w b\u0119dzie zale\u017ca\u0142a od ich og\u0142oszenia i b\u0119dzie obowi\u0105zywa\u0107 do czasu prawid\u0142owego opublikowania ich zmodyfikowania przez inne.<\/p>\n<ol start=\"12\">\n<li>\n<h3>OBOWI\u0104ZUJ\u0104CE PRAWODAWSTWO I JURYSDYKCJA<\/h3>\n<\/li>\n<\/ol>\n<p>Relacje mi\u0119dzy Miel T\u00edo Juan Cruz a U\u017bYTKOWNIKIEM b\u0119d\u0105 regulowane przez aktualne obowi\u0105zuj\u0105ce przepisy hiszpa\u0144skie, a wszelkie spory b\u0119d\u0105 kierowane do s\u0105d\u00f3w miasta Saragossa.<\/p>\n<\/li>\n<\/ol>\n<\/div><\/div>\n","protected":false},"excerpt":{"rendered":"DANE IDENTYFIKACYJNE Zgodnie z obowi\u0105zkiem dotycz\u0105cym informowania z art. 10 Ustawy 34\/2002 z dnia 11 lipca o Us\u0142ugach w spo\u0142ecze\u0144stwie informacyjnym i o handlu elektronicznym, poni\u017cej zawarto nast\u0119puj\u0105ce dane: Firm\u0105 b\u0119d\u0105c\u0105 w\u0142a\u015bcicielem domeny internetowej jest APICOLA CUARTERO NAVARRO SL (zwana dalej Miel T\u00edo Juan Cruz), kt\u00f3rej adres do tych cel\u00f3w to Calle la Posada, 4&hellip;","protected":false},"author":1,"featured_media":0,"parent":0,"menu_order":0,"comment_status":"closed","ping_status":"closed","template":"","meta":[],"_links":{"self":[{"href":"https:\/\/mieltiojuancruz.com\/pl\/wp-json\/wp\/v2\/pages\/1694"}],"collection":[{"href":"https:\/\/mieltiojuancruz.com\/pl\/wp-json\/wp\/v2\/pages"}],"about":[{"href":"https:\/\/mieltiojuancruz.com\/pl\/wp-json\/wp\/v2\/types\/page"}],"author":[{"embeddable":true,"href":"https:\/\/mieltiojuancruz.com\/pl\/wp-json\/wp\/v2\/users\/1"}],"replies":[{"embeddable":true,"href":"https:\/\/mieltiojuancruz.com\/pl\/wp-json\/wp\/v2\/comments?post=1694"}],"version-history":[{"count":1,"href":"https:\/\/mieltiojuancruz.com\/pl\/wp-json\/wp\/v2\/pages\/1694\/revisions"}],"predecessor-version":[{"id":1696,"href":"https:\/\/mieltiojuancruz.com\/pl\/wp-json\/wp\/v2\/pages\/1694\/revisions\/1696"}],"wp:attachment":[{"href":"https:\/\/mieltiojuancruz.com\/pl\/wp-json\/wp\/v2\/media?parent=1694"}],"curies":[{"name":"wp","href":"https:\/\/api.w.org\/{rel}","templated":true}]}}