{"id":1722,"date":"2014-10-30T19:37:41","date_gmt":"2014-10-30T19:37:41","guid":{"rendered":"http:\/\/mieltiojuancruz.com\/contacto\/"},"modified":"2020-12-09T00:02:48","modified_gmt":"2020-12-08T23:02:48","slug":"contacto","status":"publish","type":"page","link":"https:\/\/mieltiojuancruz.com\/pl\/contacto\/","title":{"rendered":"KONTAKT I LOKALIZACJA"},"content":{"rendered":"<p>[vc_row][vc_column][section_header use_decoration=&#8221;1&#8243; layout_type=&#8221;section-heading-point-bottom&#8221; main_heading=&#8221;KONTAKT I LOKALIZACJA&#8221; color=&#8221;#000000&#8243; separator_color=&#8221;#bfa003&#8243;][vc_raw_html]JTNDcCUyMHN0eWxlJTNEJTI3dGV4dC1hbGlnbiUzQWNlbnRlciUzQiUyNyUzRSUzQ2klMjBjbGFzcyUzRCUyMmljb24tbG9jYXRpb24tMiUyMiUzRSUzQyUyRmklM0UlMjBDYWxsZSUyMGRlJTIwbGElMjBQb3NhZGElMkMlMjAxNCUyQyUyMDUwNTI5JTIwRnVlbmRlamFsJUMzJUIzbiUyQyUyMFNhcmFnb3NzYSUyQyUyMEhpc3pwYW5pYSUyMCUyMCUyMCUyMCU3QyUyMCUzQ2klMjBjbGFzcyUzRCUyMmljb24tY2FsbCUyMiUzRSUzQyUyRmklM0UlMjAlMkIzNCUyMDY5MCUyMDY5MiUyMDQ2NSUyMCU3QyUyMEZheCUzQSUyMCUyQjM0JTIwOTc2JTIwODUyJTIwMjkxJTNDJTJGYnIlM0UlM0MlMkZiciUzRSUzQ2klMjBjbGFzcyUzRCUyMmljb24tbWFpbC0xJTIyJTNFJTNDJTJGaSUzRSUyMGluZm8lNDBtaWVsdGlvanVhbmNydXouY29tJTNDJTJGcCUzRQ==[\/vc_raw_html][\/vc_column][\/vc_row][vc_row][vc_column width=&#8221;1\/2&#8243;][vc_gmaps link=&#8221;#E-8_JTNDaWZyYW1lJTIwc3JjJTNEJTIyaHR0cHMlM0ElMkYlMkZ3d3cuZ29vZ2xlLmNvbSUyRm1hcHMlMkZlbWJlZCUzRnBiJTNEJTIxMW0xNCUyMTFtOCUyMTFtMyUyMTFkMjk3Ni4xNjYxNjk1NTUwODYlMjEyZC0xLjQ3MTIzNTglMjEzZDQxLjc2MDA3NTAwMDAwMDAxNSUyMTNtMiUyMTFpMTAyNCUyMTJpNzY4JTIxNGYxMy4xJTIxM20zJTIxMW0yJTIxMXMweGQ1YmM4OWE5NTY1YThjNyUyNTNBMHg3ZjIxNDI5M2Q5ODRkODUlMjEyc0NhbGxlJTJCbGElMkJQb3NhZGElMjUyQyUyQjE0JTI1MkMlMkI1MDUyOSUyQkZ1ZW5kZWphbCUyNUMzJTI1QjNuJTI1MkMlMkJaYXJhZ296YSUyMTVlMCUyMTNtMiUyMTFzZXMlMjEyc2VzJTIxNHYxNDE0ODQ0MTc0NDczJTIyJTIwaGVpZ2h0JTNEJTIyMzAwJTIyJTIwZnJhbWVib3JkZXIlM0QlMjIwJTIyJTIwc3R5bGUlM0QlMjJib3JkZXIlM0EycHglMjBzb2xpZCUyMCUyMzY2NiUyMiUzRSUzQyUyRmlmcmFtZSUzRQ==&#8221; size=&#8221;240&#8243;][\/vc_column][vc_column width=&#8221;1\/2&#8243;]<div role=\"form\" class=\"wpcf7\" id=\"wpcf7-f1704-o1\" lang=\"es-ES\" dir=\"ltr\">\n<div class=\"screen-reader-response\"><p role=\"status\" aria-live=\"polite\" aria-atomic=\"true\"><\/p> <ul><\/ul><\/div>\n<form action=\"\/pl\/wp-json\/wp\/v2\/pages\/1722#wpcf7-f1704-o1\" method=\"post\" class=\"wpcf7-form init\" novalidate=\"novalidate\" data-status=\"init\">\n<div style=\"display: none;\">\n<input type=\"hidden\" name=\"_wpcf7\" value=\"1704\" \/>\n<input type=\"hidden\" name=\"_wpcf7_version\" value=\"5.3\" \/>\n<input type=\"hidden\" name=\"_wpcf7_locale\" value=\"es_ES\" \/>\n<input type=\"hidden\" name=\"_wpcf7_unit_tag\" value=\"wpcf7-f1704-o1\" \/>\n<input type=\"hidden\" name=\"_wpcf7_container_post\" value=\"0\" \/>\n<input type=\"hidden\" name=\"_wpcf7_posted_data_hash\" value=\"\" \/>\n<\/div>\n<p class='formulario'>\n <span class=\"wpcf7-form-control-wrap your-name\"><input type=\"text\" name=\"your-name\" value=\"\" size=\"40\" class=\"wpcf7-form-control wpcf7-text wpcf7-validates-as-required\" aria-required=\"true\" aria-invalid=\"false\" placeholder=\"Imi\u0119 i nazwisko\/Nazwa\" \/><\/span><br \/>\n <span class=\"wpcf7-form-control-wrap your-email\"><input type=\"email\" name=\"your-email\" value=\"\" size=\"40\" class=\"wpcf7-form-control wpcf7-text wpcf7-email wpcf7-validates-as-required wpcf7-validates-as-email\" aria-required=\"true\" aria-invalid=\"false\" placeholder=\"E-mail\" \/><\/span><br \/>\n <span class=\"wpcf7-form-control-wrap your-subject\"><input type=\"text\" name=\"your-subject\" value=\"\" size=\"40\" class=\"wpcf7-form-control wpcf7-text\" aria-invalid=\"false\" placeholder=\"Temat\" \/><\/span><br \/>\n <span class=\"wpcf7-form-control-wrap your-message\"><textarea name=\"your-message\" cols=\"40\" rows=\"10\" class=\"wpcf7-form-control wpcf7-textarea\" aria-invalid=\"false\" placeholder=\"Wiadomo\u015b\u0107\"><\/textarea><\/span>\n<\/p>\n<p>\n<span class=\"wpcf7-form-control-wrap acceptance-777\"><span class=\"wpcf7-form-control wpcf7-acceptance\"><span class=\"wpcf7-list-item\"><input type=\"checkbox\" name=\"acceptance-777\" value=\"1\" aria-invalid=\"false\" \/><\/span><\/span><\/span> Zapozna\u0142em\/-am si\u0119 z Not\u0105 prawn\u0105 i akceptuj\u0119 Polityk\u0119 prywatno\u015bci <a href=\"http:\/\/mieltiojuancruz.com\/pl\/aviso-legal\/\">ekretesspolicyn.<\/a>\n<\/p>\n<p>\n<span class=\"wpcf7-form-control-wrap acceptance-678\"><span class=\"wpcf7-form-control wpcf7-acceptance\"><span class=\"wpcf7-list-item\"><input type=\"checkbox\" name=\"acceptance-678\" value=\"1\" aria-invalid=\"false\" \/><\/span><\/span><\/span> Niniejszym z g\u00f3ry wyra\u017cam wyra\u017an\u0105 zgod\u0119 na przesy\u0142anie mi przez firm\u0119 APICOLA CUARTERO NAVARRO SL. informacji handlowych dotycz\u0105cych jej us\u0142ug.\n<\/p>\n<p class='botonFormulario'>\n<input type=\"submit\" value=\"Wy\u015blij\" class=\"wpcf7-form-control wpcf7-submit\" \/><\/p>\n<div class=\"wpcf7-response-output\" aria-hidden=\"true\"><\/div><\/form><\/div>[\/vc_column][\/vc_row]<\/p>\n","protected":false},"excerpt":{"rendered":"<p>[vc_row][vc_column][section_header use_decoration=&#8221;1&#8243; layout_type=&#8221;section-heading-point-bottom&#8221; main_heading=&#8221;KONTAKT I LOKALIZACJA&#8221; color=&#8221;#000000&#8243; separator_color=&#8221;#bfa003&#8243;][vc_raw_html]JTNDcCUyMHN0eWxlJTNEJTI3dGV4dC1hbGlnbiUzQWNlbnRlciUzQiUyNyUzRSUzQ2klMjBjbGFzcyUzRCUyMmljb24tbG9jYXRpb24tMiUyMiUzRSUzQyUyRmklM0UlMjBDYWxsZSUyMGRlJTIwbGElMjBQb3NhZGElMkMlMjAxNCUyQyUyMDUwNTI5JTIwRnVlbmRlamFsJUMzJUIzbiUyQyUyMFNhcmFnb3NzYSUyQyUyMEhpc3pwYW5pYSUyMCUyMCUyMCUyMCU3QyUyMCUzQ2klMjBjbGFzcyUzRCUyMmljb24tY2FsbCUyMiUzRSUzQyUyRmklM0UlMjAlMkIzNCUyMDY5MCUyMDY5MiUyMDQ2NSUyMCU3QyUyMEZheCUzQSUyMCUyQjM0JTIwOTc2JTIwODUyJTIwMjkxJTNDJTJGYnIlM0UlM0MlMkZiciUzRSUzQ2klMjBjbGFzcyUzRCUyMmljb24tbWFpbC0xJTIyJTNFJTNDJTJGaSUzRSUyMGluZm8lNDBtaWVsdGlvanVhbmNydXouY29tJTNDJTJGcCUzRQ==[\/vc_raw_html][\/vc_column][\/vc_row][vc_row][vc_column width=&#8221;1\/2&#8243;][vc_gmaps link=&#8221;#E-8_JTNDaWZyYW1lJTIwc3JjJTNEJTIyaHR0cHMlM0ElMkYlMkZ3d3cuZ29vZ2xlLmNvbSUyRm1hcHMlMkZlbWJlZCUzRnBiJTNEJTIxMW0xNCUyMTFtOCUyMTFtMyUyMTFkMjk3Ni4xNjYxNjk1NTUwODYlMjEyZC0xLjQ3MTIzNTglMjEzZDQxLjc2MDA3NTAwMDAwMDAxNSUyMTNtMiUyMTFpMTAyNCUyMTJpNzY4JTIxNGYxMy4xJTIxM20zJTIxMW0yJTIxMXMweGQ1YmM4OWE5NTY1YThjNyUyNTNBMHg3ZjIxNDI5M2Q5ODRkODUlMjEyc0NhbGxlJTJCbGElMkJQb3NhZGElMjUyQyUyQjE0JTI1MkMlMkI1MDUyOSUyQkZ1ZW5kZWphbCUyNUMzJTI1QjNuJTI1MkMlMkJaYXJhZ296YSUyMTVlMCUyMTNtMiUyMTFzZXMlMjEyc2VzJTIxNHYxNDE0ODQ0MTc0NDczJTIyJTIwaGVpZ2h0JTNEJTIyMzAwJTIyJTIwZnJhbWVib3JkZXIlM0QlMjIwJTIyJTIwc3R5bGUlM0QlMjJib3JkZXIlM0EycHglMjBzb2xpZCUyMCUyMzY2NiUyMiUzRSUzQyUyRmlmcmFtZSUzRQ==&#8221; size=&#8221;240&#8243;][\/vc_column][vc_column width=&#8221;1\/2&#8243;][\/vc_column][\/vc_row]<\/p>\n","protected":false},"author":1,"featured_media":0,"parent":0,"menu_order":0,"comment_status":"closed","ping_status":"closed","template":"fullwidth.php","meta":[],"_links":{"self":[{"href":"https:\/\/mieltiojuancruz.com\/pl\/wp-json\/wp\/v2\/pages\/1722"}],"collection":[{"href":"https:\/\/mieltiojuancruz.com\/pl\/wp-json\/wp\/v2\/pages"}],"about":[{"href":"https:\/\/mieltiojuancruz.com\/pl\/wp-json\/wp\/v2\/types\/page"}],"author":[{"embeddable":true,"href":"https:\/\/mieltiojuancruz.com\/pl\/wp-json\/wp\/v2\/users\/1"}],"replies":[{"embeddable":true,"href":"https:\/\/mieltiojuancruz.com\/pl\/wp-json\/wp\/v2\/comments?post=1722"}],"version-history":[{"count":2,"href":"https:\/\/mieltiojuancruz.com\/pl\/wp-json\/wp\/v2\/pages\/1722\/revisions"}],"predecessor-version":[{"id":1724,"href":"https:\/\/mieltiojuancruz.com\/pl\/wp-json\/wp\/v2\/pages\/1722\/revisions\/1724"}],"wp:attachment":[{"href":"https:\/\/mieltiojuancruz.com\/pl\/wp-json\/wp\/v2\/media?parent=1722"}],"curies":[{"name":"wp","href":"https:\/\/api.w.org\/{rel}","templated":true}]}}