{"id":1726,"date":"2020-12-09T00:19:42","date_gmt":"2020-12-08T23:19:42","guid":{"rendered":"http:\/\/mieltiojuancruz.com\/historia\/"},"modified":"2020-12-14T23:38:21","modified_gmt":"2020-12-14T22:38:21","slug":"historia","status":"publish","type":"page","link":"https:\/\/mieltiojuancruz.com\/pl\/historia\/","title":{"rendered":"HISTORIA"},"content":{"rendered":"<p>[vc_row][vc_column][section_header use_decoration=&#8221;1&#8243; layout_type=&#8221;section-heading-wave&#8221; main_heading=&#8221;HISTORIA&#8221; separator_color=&#8221;#dd9933&#8243;][\/vc_column][\/vc_row][vc_row][vc_column width=&#8221;1\/4&#8243;][vc_single_image image=&#8221;2279&#8243; img_size=&#8221;full&#8221; alignment=&#8221;center&#8221;][\/vc_column][vc_column width=&#8221;1\/4&#8243;][vc_single_image image=&#8221;525&#8243; img_size=&#8221;full&#8221; alignment=&#8221;center&#8221;][\/vc_column][vc_column width=&#8221;1\/2&#8243;][vc_column_text]Mieles del T\u00edo Juan Cruz to projekt przedsi\u0119biorstwa Ap\u00edcola Cuartero, zainicjowany w 1981 roku. Jest on kontynuacj\u0105 ma\u0142ej rodzinnej pasieki, kt\u00f3r\u0105 zarz\u0105dza\u0142 sam Juan Cruz.<\/p>\n<p>Jego syn, chc\u0105c go uhonorowa\u0107, nazywa\u0142 miody jego imieniem, oddaj\u0105c w ten spos\u00f3b ho\u0142d jego postaci i trudowi, a zarazem kontynuuj\u0105c rodzinne tradycje. Stopniowo uda\u0142o mu si\u0119 o\u017cywi\u0107 rodzinn\u0105 firm\u0119, kt\u00f3ra liczy sobie niemal 3000 uli rozsianych po wi\u0119kszo\u015bci region\u00f3w Hiszpanii.<\/p>\n<p>Siedziba przedsi\u0119biorstwa znajduje si\u0119 u podn\u00f3\u017ca stok\u00f3w Moncayo, s\u0142ynnej arago\u0144skiej g\u00f3ry otoczonej du\u017cymi obszarami kwitnie\u0144, a zatem obfituj\u0105cej w cenne surowce do produkcji miodu.[\/vc_column_text][\/vc_column][\/vc_row]<\/p>\n","protected":false},"excerpt":{"rendered":"<p>[vc_row][vc_column][section_header use_decoration=&#8221;1&#8243; layout_type=&#8221;section-heading-wave&#8221; main_heading=&#8221;HISTORIA&#8221; separator_color=&#8221;#dd9933&#8243;][\/vc_column][\/vc_row][vc_row][vc_column width=&#8221;1\/4&#8243;][vc_single_image image=&#8221;2279&#8243; img_size=&#8221;full&#8221; alignment=&#8221;center&#8221;][\/vc_column][vc_column width=&#8221;1\/4&#8243;][vc_single_image image=&#8221;525&#8243; img_size=&#8221;full&#8221; alignment=&#8221;center&#8221;][\/vc_column][vc_column width=&#8221;1\/2&#8243;][vc_column_text]Mieles del T\u00edo Juan Cruz to projekt przedsi\u0119biorstwa Ap\u00edcola Cuartero, zainicjowany w 1981 roku. Jest on kontynuacj\u0105 ma\u0142ej rodzinnej pasieki, kt\u00f3r\u0105 zarz\u0105dza\u0142 sam Juan Cruz. Jego syn, chc\u0105c go uhonorowa\u0107, nazywa\u0142 miody jego imieniem, oddaj\u0105c w ten spos\u00f3b ho\u0142d jego postaci i&hellip;<\/p>\n","protected":false},"author":1,"featured_media":0,"parent":0,"menu_order":0,"comment_status":"closed","ping_status":"closed","template":"","meta":[],"_links":{"self":[{"href":"https:\/\/mieltiojuancruz.com\/pl\/wp-json\/wp\/v2\/pages\/1726"}],"collection":[{"href":"https:\/\/mieltiojuancruz.com\/pl\/wp-json\/wp\/v2\/pages"}],"about":[{"href":"https:\/\/mieltiojuancruz.com\/pl\/wp-json\/wp\/v2\/types\/page"}],"author":[{"embeddable":true,"href":"https:\/\/mieltiojuancruz.com\/pl\/wp-json\/wp\/v2\/users\/1"}],"replies":[{"embeddable":true,"href":"https:\/\/mieltiojuancruz.com\/pl\/wp-json\/wp\/v2\/comments?post=1726"}],"version-history":[{"count":4,"href":"https:\/\/mieltiojuancruz.com\/pl\/wp-json\/wp\/v2\/pages\/1726\/revisions"}],"predecessor-version":[{"id":2300,"href":"https:\/\/mieltiojuancruz.com\/pl\/wp-json\/wp\/v2\/pages\/1726\/revisions\/2300"}],"wp:attachment":[{"href":"https:\/\/mieltiojuancruz.com\/pl\/wp-json\/wp\/v2\/media?parent=1726"}],"curies":[{"name":"wp","href":"https:\/\/api.w.org\/{rel}","templated":true}]}}