{"id":1797,"date":"2020-12-09T00:49:03","date_gmt":"2020-12-08T23:49:03","guid":{"rendered":"http:\/\/mieltiojuancruz.com\/strona-glowna\/"},"modified":"2020-12-09T00:49:07","modified_gmt":"2020-12-08T23:49:07","slug":"strona-glowna","status":"publish","type":"page","link":"https:\/\/mieltiojuancruz.com\/pl\/","title":{"rendered":"STRONA G\u0141\u00d3WNA"},"content":{"rendered":"<p>[vc_row css=&#8221;.vc_custom_1414866289650{margin-top: -90px !important;margin-bottom: 0px !important;}&#8221; background_style=&#8221;cover&#8221;][vc_column width=&#8221;1\/1&#8243;][rev_slider_vc alias=&#8221;principal&#8221;][\/vc_column][\/vc_row][vc_row expanded=&#8221;1,2&#8243; background_style=&#8221;parallax&#8221; el_id=&#8221;parallax1&#8243; css=&#8221;.vc_custom_1414866980577{padding-top: 40px !important;padding-bottom: 40px !important;}&#8221;][vc_column width=&#8221;1\/6&#8243;][\/vc_column][vc_column width=&#8221;2\/3&#8243;][section_header use_decoration=&#8221;1&#8243; layout_type=&#8221;section-heading-polkadot-left-right&#8221; separator_position=&#8221;center&#8221; main_heading=&#8221;Mieles del T\u00edo Juan Cruz&#8221; text_align=&#8221;center&#8221; font_size=&#8221;default&#8221; font_style=&#8221;default&#8221; separator_color=&#8221;#dd9933&#8243; css=&#8221;.vc_custom_1414867209967{margin-bottom: 10px !important;}&#8221;][vc_row_inner][vc_column_inner width=&#8221;1\/3&#8243;][vc_single_image image=&#8221;254&#8243; alignment=&#8221;center&#8221; style=&#8221;vc_box_border&#8221; border_color=&#8221;grey&#8221; img_link_target=&#8221;_self&#8221; image_hover=&#8221;none&#8221; image_hover_type=&#8221;default&#8221; img_size=&#8221;full&#8221;][\/vc_column_inner][vc_column_inner width=&#8221;2\/3&#8243;][vc_column_text]Miody te s\u0105 owocem pracy Ap\u00edcola Cuartero, rodzinnego przedsi\u0119biorstwa dzia\u0142aj\u0105cego od trzech pokole\u0144 w zaciszu stok\u00f3w g\u00f3ry Moncayo. Dzi\u0119ki posiadaniu przez nie ponad 3000 uli, miody s\u0105 wytwarzane w stu procentach w Hiszpanii i uzyskuje si\u0119 je podczas najlepszych okres\u00f3w kwitnienia na hiszpa\u0144skiej ziemi.<\/p>\n<p>Ofert\u0119 firmy tworzy ponad dwadzie\u015bcia r\u00f3\u017cnych produkt\u00f3w wytwarzanych w spos\u00f3b naturalny, bez pestycyd\u00f3w w pobli\u017cu kwiat\u00f3w i w procesie zgodnym z tradycj\u0105. W rezultacie wi\u0119c ka\u017cdy mi\u00f3d jest inny, nawet w ramach tego samego rodzaju. W ten spos\u00f3b miodom Mieles del T\u00edo Juan Cruz uda\u0142o si\u0119 przywr\u00f3ci\u0107 podniebieniom dawny smak miodu, tego kupowanego bezpo\u015brednio od pszczelarza.[\/vc_column_text][\/vc_column_inner][\/vc_row_inner][vc_separator color=&#8221;grey&#8221;][\/vc_column][vc_column width=&#8221;1\/6&#8243;][\/vc_column][\/vc_row][vc_row][vc_column width=&#8221;1\/1&#8243;][section_header use_decoration=&#8221;1&#8243; layout_type=&#8221;section-heading-swirl&#8221; separator_position=&#8221;center&#8221; main_heading=&#8221;NASZE PRODUKTY&#8221; text_align=&#8221;center&#8221; font_size=&#8221;default&#8221; font_style=&#8221;default&#8221; separator_color=&#8221;#dd9933&#8243;][\/vc_column][\/vc_row][vc_row background_style=&#8221;cover&#8221;][vc_column width=&#8221;1\/1&#8243;][vc_row_inner][vc_column_inner width=&#8221;1\/4&#8243;][vc_single_image image=&#8221;360&#8243; alignment=&#8221;center&#8221; border_color=&#8221;black&#8221; img_link_target=&#8221;_self&#8221; image_hover=&#8221;none&#8221; image_hover_type=&#8221;default&#8221; image_hover_text=&#8221;De Arag\u00f3n&#8221; img_size=&#8221;250&#215;180&#8243; style=&#8221;vc_box_border&#8221; img_link=&#8221;http:\/\/mieltiojuancruz.com\/mieles-de-aragon\/&#8221;][vc_column_text el_class=&#8221;nombres&#8221;]<\/p>\n<p style=\"text-align: center; margin-top: 0;\">MIODY ARAGO\u0143SKIE<\/p>\n<p>&nbsp;[\/vc_column_text][\/vc_column_inner][vc_column_inner width=&#8221;1\/4&#8243;][vc_single_image image=&#8221;370&#8243; alignment=&#8221;center&#8221; border_color=&#8221;black&#8221; img_link_target=&#8221;_self&#8221; image_hover=&#8221;none&#8221; image_hover_type=&#8221;default&#8221; image_hover_text=&#8221;De Arag\u00f3n&#8221; img_size=&#8221;250&#215;180&#8243; style=&#8221;vc_box_border&#8221; img_link=&#8221;http:\/\/mieltiojuancruz.com\/mieles-de-montana\/&#8221;][vc_column_text el_class=&#8221;nombres&#8221;]<\/p>\n<p style=\"text-align: center; margin-top: 0;\">MIODY G\u00d3RSKIE<\/p>\n<p>&nbsp;[\/vc_column_text][\/vc_column_inner][vc_column_inner width=&#8221;1\/4&#8243;][vc_single_image image=&#8221;366&#8243; alignment=&#8221;center&#8221; border_color=&#8221;black&#8221; img_link_target=&#8221;_self&#8221; image_hover=&#8221;none&#8221; image_hover_type=&#8221;default&#8221; image_hover_text=&#8221;De Arag\u00f3n&#8221; img_size=&#8221;250&#215;180&#8243; style=&#8221;vc_box_border&#8221; img_link=&#8221;http:\/\/mieltiojuancruz.com\/mieles-mediterraneas\/&#8221;][vc_column_text el_class=&#8221;nombres&#8221;]<\/p>\n<p style=\"text-align: center; margin-top: 0;\">MIODY \u015aR\u00d3DZIEMNOMORSKIE<\/p>\n<p>&nbsp;[\/vc_column_text][\/vc_column_inner][vc_column_inner width=&#8221;1\/4&#8243;][vc_single_image image=&#8221;368&#8243; alignment=&#8221;center&#8221; border_color=&#8221;black&#8221; img_link_target=&#8221;_self&#8221; image_hover=&#8221;none&#8221; image_hover_type=&#8221;default&#8221; image_hover_text=&#8221;De Arag\u00f3n&#8221; img_size=&#8221;250&#215;180&#8243; style=&#8221;vc_box_border&#8221; img_link=&#8221;http:\/\/mieltiojuancruz.com\/mieles-de-meseta\/&#8221;][vc_column_text el_class=&#8221;nombres&#8221;]<\/p>\n<p style=\"text-align: center; margin-top: 0;\">MIODY Z P\u0141ASKOWY\u017bU<\/p>\n<p>&nbsp;[\/vc_column_text][\/vc_column_inner][\/vc_row_inner][vc_row_inner][vc_column_inner width=&#8221;1\/4&#8243;][vc_single_image image=&#8221;374&#8243; alignment=&#8221;center&#8221; border_color=&#8221;black&#8221; img_link_target=&#8221;_self&#8221; image_hover=&#8221;none&#8221; image_hover_type=&#8221;default&#8221; image_hover_text=&#8221;De Arag\u00f3n&#8221; img_size=&#8221;250&#215;180&#8243; style=&#8221;vc_box_border&#8221; img_link=&#8221;http:\/\/mieltiojuancruz.com\/mieles-de-pradera\/&#8221;][vc_column_text el_class=&#8221;nombres&#8221;]<\/p>\n<p style=\"text-align: center; margin-top: 0;\">MIODY \u0141\u0104KOWE<\/p>\n<p>&nbsp;[\/vc_column_text][\/vc_column_inner][vc_column_inner width=&#8221;1\/4&#8243;][vc_single_image image=&#8221;364&#8243; alignment=&#8221;center&#8221; border_color=&#8221;black&#8221; img_link_target=&#8221;_self&#8221; image_hover=&#8221;none&#8221; image_hover_type=&#8221;default&#8221; image_hover_text=&#8221;De Arag\u00f3n&#8221; img_size=&#8221;250&#215;180&#8243; style=&#8221;vc_box_border&#8221; img_link=&#8221;http:\/\/mieltiojuancruz.com\/mieles-foraneas\/&#8221;][vc_column_text el_class=&#8221;nombres&#8221;]<\/p>\n<p style=\"text-align: center; margin-top: 0;\">MIODY OBCE<\/p>\n<p>&nbsp;[\/vc_column_text][\/vc_column_inner][vc_column_inner width=&#8221;1\/4&#8243;][vc_single_image image=&#8221;362&#8243; alignment=&#8221;center&#8221; border_color=&#8221;black&#8221; img_link_target=&#8221;_self&#8221; image_hover=&#8221;none&#8221; image_hover_type=&#8221;default&#8221; image_hover_text=&#8221;De Arag\u00f3n&#8221; img_size=&#8221;250&#215;180&#8243; style=&#8221;vc_box_border&#8221; img_link=&#8221;http:\/\/mieltiojuancruz.com\/mieles-especiales\/&#8221;][vc_column_text el_class=&#8221;nombres&#8221;]<\/p>\n<p style=\"text-align: center; margin-top: 0;\">MIODY SPECJALNE<\/p>\n<p>&nbsp;[\/vc_column_text][\/vc_column_inner][vc_column_inner width=&#8221;1\/4&#8243;][vc_single_image image=&#8221;605&#8243; alignment=&#8221;center&#8221; border_color=&#8221;black&#8221; img_link_target=&#8221;_self&#8221; image_hover=&#8221;none&#8221; image_hover_type=&#8221;default&#8221; image_hover_text=&#8221;De Arag\u00f3n&#8221; img_size=&#8221;250&#215;180&#8243; style=&#8221;vc_box_border&#8221; img_link=&#8221;http:\/\/mieltiojuancruz.com\/otros-productos-2\/&#8221;][vc_column_text el_class=&#8221;nombres&#8221;]<\/p>\n<p style=\"text-align: center; margin-top: 0;\">INNE PRODUKTY<\/p>\n<p>&nbsp;[\/vc_column_text][\/vc_column_inner][\/vc_row_inner][\/vc_column][\/vc_row][vc_row expanded=&#8221;1,2&#8243; background_style=&#8221;cover&#8221; css=&#8221;.vc_custom_1414864978232{margin-bottom: 0px !important;}&#8221;][vc_column width=&#8221;1\/1&#8243;][vc_raw_html]PHN0eWxlIHR5cGU9InRleHQvY3NzIj4NCgkJCQkub3ZlcmxheTIgew0KCQkJCSAgIGJhY2tncm91bmQ6dHJhbnNwYXJlbnQ7IA0KCQkJCSAgIHBvc2l0aW9uOnJlbGF0aXZlOyANCgkJCQkgICB3aWR0aDoxMDAlOw0KCQkJCSAgIGhlaWdodDo0MDBweDsgLyogeW91ciBpZnJhbWUgaGVpZ2h0ICovDQoJCQkJICAgdG9wOjQwMHB4OyAgLyogeW91ciBpZnJhbWUgaGVpZ2h0ICovDQoJCQkJICAgbWFyZ2luLXRvcDotNDAwcHg7ICAvKiB5b3VyIGlmcmFtZSBoZWlnaHQgKi8NCgkJCQl9DQogICAgICAgICAgICAgICAgPC9zdHlsZT4NCjxkaXYgY2xhc3M9Im92ZXJsYXkyIiBvbmNsaWNrPSJzdHlsZS5wb2ludGVyRXZlbnRzPSdub25lJyI+PC9kaXY+[\/vc_raw_html][vc_gmaps link=&#8221;#E-8_JTNDaWZyYW1lJTIwc3JjJTNEJTIyaHR0cHMlM0ElMkYlMkZ3d3cuZ29vZ2xlLmNvbSUyRm1hcHMlMkZlbWJlZCUzRnBiJTNEJTIxMW0xNCUyMTFtOCUyMTFtMyUyMTFkMjk3Ni4xNjYxNjk1NTUwODYlMjEyZC0xLjQ3MTIzNTglMjEzZDQxLjc2MDA3NTAwMDAwMDAxNSUyMTNtMiUyMTFpMTAyNCUyMTJpNzY4JTIxNGYxMy4xJTIxM20zJTIxMW0yJTIxMXMweGQ1YmM4OWE5NTY1YThjNyUyNTNBMHg3ZjIxNDI5M2Q5ODRkODUlMjEyc0NhbGxlJTJCbGElMkJQb3NhZGElMjUyQyUyQjE0JTI1MkMlMkI1MDUyOSUyQkZ1ZW5kZWphbCUyNUMzJTI1QjNuJTI1MkMlMkJaYXJhZ296YSUyMTVlMCUyMTNtMiUyMTFzZXMlMjEyc2VzJTIxNHYxNDE0ODQ0MTc0NDczJTIyJTIwaGVpZ2h0JTNEJTIyNDUwJTIyJTIwZnJhbWVib3JkZXIlM0QlMjIwJTIyJTIwc3R5bGUlM0QlMjJib3JkZXIlM0EwJTIyJTNFJTNDJTJGaWZyYW1lJTNF&#8221; size=&#8221;450&#8243;][\/vc_column][\/vc_row]<\/p>\n","protected":false},"excerpt":{"rendered":"<p>[vc_row css=&#8221;.vc_custom_1414866289650{margin-top: -90px !important;margin-bottom: 0px !important;}&#8221; background_style=&#8221;cover&#8221;][vc_column width=&#8221;1\/1&#8243;][rev_slider_vc alias=&#8221;principal&#8221;][\/vc_column][\/vc_row][vc_row expanded=&#8221;1,2&#8243; background_style=&#8221;parallax&#8221; el_id=&#8221;parallax1&#8243; css=&#8221;.vc_custom_1414866980577{padding-top: 40px !important;padding-bottom: 40px !important;}&#8221;][vc_column width=&#8221;1\/6&#8243;][\/vc_column][vc_column width=&#8221;2\/3&#8243;][section_header use_decoration=&#8221;1&#8243; layout_type=&#8221;section-heading-polkadot-left-right&#8221; separator_position=&#8221;center&#8221; main_heading=&#8221;Mieles del T\u00edo Juan Cruz&#8221; text_align=&#8221;center&#8221; font_size=&#8221;default&#8221; font_style=&#8221;default&#8221; separator_color=&#8221;#dd9933&#8243; css=&#8221;.vc_custom_1414867209967{margin-bottom: 10px !important;}&#8221;][vc_row_inner][vc_column_inner width=&#8221;1\/3&#8243;][vc_single_image image=&#8221;254&#8243; alignment=&#8221;center&#8221; style=&#8221;vc_box_border&#8221; border_color=&#8221;grey&#8221; img_link_target=&#8221;_self&#8221; image_hover=&#8221;none&#8221; image_hover_type=&#8221;default&#8221; img_size=&#8221;full&#8221;][\/vc_column_inner][vc_column_inner width=&#8221;2\/3&#8243;][vc_column_text]Miody te s\u0105 owocem pracy Ap\u00edcola Cuartero, rodzinnego przedsi\u0119biorstwa dzia\u0142aj\u0105cego od trzech&hellip;<\/p>\n","protected":false},"author":1,"featured_media":0,"parent":0,"menu_order":0,"comment_status":"open","ping_status":"closed","template":"fullwidth.php","meta":[],"_links":{"self":[{"href":"https:\/\/mieltiojuancruz.com\/pl\/wp-json\/wp\/v2\/pages\/1797"}],"collection":[{"href":"https:\/\/mieltiojuancruz.com\/pl\/wp-json\/wp\/v2\/pages"}],"about":[{"href":"https:\/\/mieltiojuancruz.com\/pl\/wp-json\/wp\/v2\/types\/page"}],"author":[{"embeddable":true,"href":"https:\/\/mieltiojuancruz.com\/pl\/wp-json\/wp\/v2\/users\/1"}],"replies":[{"embeddable":true,"href":"https:\/\/mieltiojuancruz.com\/pl\/wp-json\/wp\/v2\/comments?post=1797"}],"version-history":[{"count":12,"href":"https:\/\/mieltiojuancruz.com\/pl\/wp-json\/wp\/v2\/pages\/1797\/revisions"}],"predecessor-version":[{"id":1809,"href":"https:\/\/mieltiojuancruz.com\/pl\/wp-json\/wp\/v2\/pages\/1797\/revisions\/1809"}],"wp:attachment":[{"href":"https:\/\/mieltiojuancruz.com\/pl\/wp-json\/wp\/v2\/media?parent=1797"}],"curies":[{"name":"wp","href":"https:\/\/api.w.org\/{rel}","templated":true}]}}