{"id":1839,"date":"2020-12-09T13:02:40","date_gmt":"2020-12-09T12:02:40","guid":{"rendered":"http:\/\/mieltiojuancruz.com\/pszczoly\/"},"modified":"2020-12-09T13:02:40","modified_gmt":"2020-12-09T12:02:40","slug":"pszczoly","status":"publish","type":"page","link":"https:\/\/mieltiojuancruz.com\/pl\/pszczoly\/","title":{"rendered":"PSZCZO\u0141Y"},"content":{"rendered":"<p>[vc_row][vc_column width=&#8221;1\/1&#8243;][section_header use_decoration=&#8221;1&#8243; layout_type=&#8221;section-heading-wave&#8221; separator_position=&#8221;center&#8221; main_heading=&#8221;PSZCZO\u0141Y&#8221; text_align=&#8221;center&#8221; font_size=&#8221;default&#8221; font_style=&#8221;default&#8221; separator_color=&#8221;#dd9933&#8243;][\/vc_column][\/vc_row][vc_row][vc_column width=&#8221;1\/2&#8243;][vc_column_text]Pszczelarstwo w Hiszpanii to trudne zaj\u0119cie, borykaj\u0105ce si\u0119 obecnie z kilkoma zagro\u017ceniami stanowi\u0105cymi niebezpiecze\u0144stwo dla istnienia pszcz\u00f3\u0142, takimi jak zmiana klimatu czy rolnictwo przemys\u0142owe, z powodu monokultur (mniejsza dost\u0119pno\u015b\u0107 i r\u00f3\u017cnorodno\u015b\u0107 po\u017cywienia dla tych owad\u00f3w) i stosowania toksycznych pestycyd\u00f3w dzia\u0142aj\u0105cych og\u00f3lnoustrojowo.<\/p>\n<p>Pszczo\u0142y odgrywaj\u0105 podstawow\u0105 rol\u0119 w utrzymaniu bogactwa ekosystem\u00f3w na ca\u0142ym \u015bwiecie, dlatego pszczelarstwo oraz hodowla tych owad\u00f3w s\u0105 niezb\u0119dne. Zar\u00f3wno produkcja \u017cywno\u015bci, jak i r\u00f3\u017cnorodno\u015b\u0107 biologiczna \u015brodowiska l\u0105dowego zale\u017c\u0105 w du\u017cym stopniu od zapylania, naturalnego procesu umo\u017cliwiaj\u0105cego zap\u0142odnienie kwiat\u00f3w, a tym samym wydawanie owoc\u00f3w i nasion. Pszczo\u0142y s\u0105 owadami odgrywaj\u0105cymi g\u0142\u00f3wn\u0105 rol\u0119 w tym procesie.<\/p>\n<p>Niestety, pomimo wielkiego znaczenia pszcz\u00f3\u0142, ich populacja wci\u0105\u017c si\u0119 zmniejsza. Dlatego w Ap\u00edcola Cuartero odrzucamy stosowanie szkodliwych dla pszcz\u00f3\u0142 pestycyd\u00f3w w pobli\u017cu kwiat\u00f3w, kt\u00f3re maj\u0105 by\u0107 zapylane. Wspieramy nowy model rolnictwa szanuj\u0105cego \u015brodowisko i zr\u00f3wnowa\u017conego, w jak najwy\u017cszym stopniu ekologicznego, dalekiego od modelu przemys\u0142owej produkcji rolnej, kt\u00f3ry chc\u0105 narzuci\u0107 du\u017ce mi\u0119dzynarodowe firmy. W\u0142a\u015bnie z tego powodu, w Ap\u00edcola Cuartero od dawna ju\u017c staramy si\u0119 ustawia\u0107 nasze ule wy\u0142\u0105cznie w czystych, dzikich i nienaruszonych miejscach, wyselekcjonowanych po przeszukaniu wielu pustych czy opuszczonych zak\u0105tk\u00f3w, kt\u00f3re wci\u0105\u017c mo\u017cna znale\u017a\u0107 na terenie ca\u0142ej Hiszpanii.[\/vc_column_text][\/vc_column][vc_column width=&#8221;1\/2&#8243;][vc_gallery type=&#8221;flexslider_fade&#8221; interval=&#8221;3&#8243; images=&#8221;481,487,483,485&#8243; onclick=&#8221;link_image&#8221; custom_links_target=&#8221;_self&#8221; img_size=&#8221;full&#8221;][\/vc_column][\/vc_row]<\/p>\n","protected":false},"excerpt":{"rendered":"<p>[vc_row][vc_column width=&#8221;1\/1&#8243;][section_header use_decoration=&#8221;1&#8243; layout_type=&#8221;section-heading-wave&#8221; separator_position=&#8221;center&#8221; main_heading=&#8221;PSZCZO\u0141Y&#8221; text_align=&#8221;center&#8221; font_size=&#8221;default&#8221; font_style=&#8221;default&#8221; separator_color=&#8221;#dd9933&#8243;][\/vc_column][\/vc_row][vc_row][vc_column width=&#8221;1\/2&#8243;][vc_column_text]Pszczelarstwo w Hiszpanii to trudne zaj\u0119cie, borykaj\u0105ce si\u0119 obecnie z kilkoma zagro\u017ceniami stanowi\u0105cymi niebezpiecze\u0144stwo dla istnienia pszcz\u00f3\u0142, takimi jak zmiana klimatu czy rolnictwo przemys\u0142owe, z powodu monokultur (mniejsza dost\u0119pno\u015b\u0107 i r\u00f3\u017cnorodno\u015b\u0107 po\u017cywienia dla tych owad\u00f3w) i stosowania toksycznych pestycyd\u00f3w dzia\u0142aj\u0105cych og\u00f3lnoustrojowo. Pszczo\u0142y odgrywaj\u0105 podstawow\u0105 rol\u0119&hellip;<\/p>\n","protected":false},"author":1,"featured_media":0,"parent":0,"menu_order":0,"comment_status":"closed","ping_status":"closed","template":"","meta":[],"_links":{"self":[{"href":"https:\/\/mieltiojuancruz.com\/pl\/wp-json\/wp\/v2\/pages\/1839"}],"collection":[{"href":"https:\/\/mieltiojuancruz.com\/pl\/wp-json\/wp\/v2\/pages"}],"about":[{"href":"https:\/\/mieltiojuancruz.com\/pl\/wp-json\/wp\/v2\/types\/page"}],"author":[{"embeddable":true,"href":"https:\/\/mieltiojuancruz.com\/pl\/wp-json\/wp\/v2\/users\/1"}],"replies":[{"embeddable":true,"href":"https:\/\/mieltiojuancruz.com\/pl\/wp-json\/wp\/v2\/comments?post=1839"}],"version-history":[{"count":2,"href":"https:\/\/mieltiojuancruz.com\/pl\/wp-json\/wp\/v2\/pages\/1839\/revisions"}],"predecessor-version":[{"id":1841,"href":"https:\/\/mieltiojuancruz.com\/pl\/wp-json\/wp\/v2\/pages\/1839\/revisions\/1841"}],"wp:attachment":[{"href":"https:\/\/mieltiojuancruz.com\/pl\/wp-json\/wp\/v2\/media?parent=1839"}],"curies":[{"name":"wp","href":"https:\/\/api.w.org\/{rel}","templated":true}]}}