{"id":1905,"date":"2020-12-09T13:25:22","date_gmt":"2020-12-09T12:25:22","guid":{"rendered":"http:\/\/mieltiojuancruz.com\/wartosci\/"},"modified":"2020-12-09T13:25:23","modified_gmt":"2020-12-09T12:25:23","slug":"wartosci","status":"publish","type":"page","link":"https:\/\/mieltiojuancruz.com\/pl\/wartosci\/","title":{"rendered":"WARTO\u015aCI"},"content":{"rendered":"<p>[vc_row][vc_column width=&#8221;1\/1&#8243;][section_header use_decoration=&#8221;1&#8243; layout_type=&#8221;section-heading-double-border-bottom&#8221; separator_position=&#8221;center&#8221; main_heading=&#8221;WARTO\u015aCI&#8221; text_align=&#8221;center&#8221; font_size=&#8221;default&#8221; font_style=&#8221;default&#8221; separator_color=&#8221;#dd9933&#8243;][\/vc_column][\/vc_row][vc_row][vc_column width=&#8221;1\/3&#8243;][vc_gallery type=&#8221;flexslider_fade&#8221; interval=&#8221;3&#8243; images=&#8221;505,499,501,503&#8243; onclick=&#8221;link_image&#8221; custom_links_target=&#8221;_self&#8221; img_size=&#8221;full&#8221;][\/vc_column][vc_column width=&#8221;2\/3&#8243;][vc_column_text]Podstaw\u0105 sposobu pracy firmy Ap\u00edcola Cuartero oraz jej produkt\u00f3w Mieles del T\u00edo Juan Cruz jest nie tylko d\u0105\u017cenie do osi\u0105gni\u0119cia doskona\u0142o\u015bci w dziedzinie produkcji miodu i zachowania jego smaku, ale r\u00f3wnie\u017c piel\u0119gnacja pszcz\u00f3\u0142 i uli, aby zach\u0119ci\u0107 je do produkcji jak najwi\u0119kszej ilo\u015bci miodu najwy\u017cszej jako\u015bci.<\/p>\n<p>Jest to firma rodzinna nastawiona na utrzymanie wysokiego poziomu swoich produkt\u00f3w, kt\u00f3rych wytworzenie opiera si\u0119 na zasadach ekologicznych: z poszanowaniem natury i tego, co ona nam oferuje, korzystaj\u0105c z jej dobrodziejstw, ale nie szkodz\u0105c jej. Ponadto stara si\u0119 przywr\u00f3ci\u0107 do \u017cycia tradycyjne rzemios\u0142a, aby ponownie zaludni\u0107 miejsca, kt\u00f3re zosta\u0142y opuszczone.<\/p>\n<p>W obecnych czasach globalizacji, w kt\u00f3rych nast\u0105pi\u0142a utrata r\u00f3\u017cnorodno\u015bci produkt\u00f3w i upraw, Ap\u00edcola Cuartero stawia na odzyskanie i utrzymanie tradycyjnych smak\u00f3w, by owoce ziemi by\u0142y prezentowane w opakowaniu z zachowaniem ich pe\u0142nej warto\u015bci. Firma stawia sobie za cel, by jej produkty wyr\u00f3\u017cnia\u0142y si\u0119 spo\u015br\u00f3d tych standardowych, kt\u00f3re pojawiaj\u0105 si\u0119 ci\u0105gle na rynku i kt\u00f3rych smak zawsze okazuje si\u0119 identyczny. Warto\u015bci\u0105 wyr\u00f3\u017cniaj\u0105c\u0105 miody Mieles del T\u00edo Juan Cruz jest ich naturalno\u015b\u0107, kt\u00f3ra pozwala dostrzec niuanse odr\u00f3\u017cniaj\u0105ce jedne zbiory od drugich, jednak zawsze utrzymuj\u0105c najwy\u017cszy poziom pod wzgl\u0119dem jako\u015bci.[\/vc_column_text][\/vc_column][\/vc_row]<\/p>\n","protected":false},"excerpt":{"rendered":"<p>[vc_row][vc_column width=&#8221;1\/1&#8243;][section_header use_decoration=&#8221;1&#8243; layout_type=&#8221;section-heading-double-border-bottom&#8221; separator_position=&#8221;center&#8221; main_heading=&#8221;WARTO\u015aCI&#8221; text_align=&#8221;center&#8221; font_size=&#8221;default&#8221; font_style=&#8221;default&#8221; separator_color=&#8221;#dd9933&#8243;][\/vc_column][\/vc_row][vc_row][vc_column width=&#8221;1\/3&#8243;][vc_gallery type=&#8221;flexslider_fade&#8221; interval=&#8221;3&#8243; images=&#8221;505,499,501,503&#8243; onclick=&#8221;link_image&#8221; custom_links_target=&#8221;_self&#8221; img_size=&#8221;full&#8221;][\/vc_column][vc_column width=&#8221;2\/3&#8243;][vc_column_text]Podstaw\u0105 sposobu pracy firmy Ap\u00edcola Cuartero oraz jej produkt\u00f3w Mieles del T\u00edo Juan Cruz jest nie tylko d\u0105\u017cenie do osi\u0105gni\u0119cia doskona\u0142o\u015bci w dziedzinie produkcji miodu i zachowania jego smaku, ale r\u00f3wnie\u017c piel\u0119gnacja pszcz\u00f3\u0142 i uli, aby zach\u0119ci\u0107 je&hellip;<\/p>\n","protected":false},"author":1,"featured_media":0,"parent":0,"menu_order":0,"comment_status":"closed","ping_status":"closed","template":"","meta":[],"_links":{"self":[{"href":"https:\/\/mieltiojuancruz.com\/pl\/wp-json\/wp\/v2\/pages\/1905"}],"collection":[{"href":"https:\/\/mieltiojuancruz.com\/pl\/wp-json\/wp\/v2\/pages"}],"about":[{"href":"https:\/\/mieltiojuancruz.com\/pl\/wp-json\/wp\/v2\/types\/page"}],"author":[{"embeddable":true,"href":"https:\/\/mieltiojuancruz.com\/pl\/wp-json\/wp\/v2\/users\/1"}],"replies":[{"embeddable":true,"href":"https:\/\/mieltiojuancruz.com\/pl\/wp-json\/wp\/v2\/comments?post=1905"}],"version-history":[{"count":2,"href":"https:\/\/mieltiojuancruz.com\/pl\/wp-json\/wp\/v2\/pages\/1905\/revisions"}],"predecessor-version":[{"id":1907,"href":"https:\/\/mieltiojuancruz.com\/pl\/wp-json\/wp\/v2\/pages\/1905\/revisions\/1907"}],"wp:attachment":[{"href":"https:\/\/mieltiojuancruz.com\/pl\/wp-json\/wp\/v2\/media?parent=1905"}],"curies":[{"name":"wp","href":"https:\/\/api.w.org\/{rel}","templated":true}]}}