{"id":1964,"date":"2020-12-09T13:49:16","date_gmt":"2020-12-09T12:49:16","guid":{"rendered":"http:\/\/mieltiojuancruz.com\/inne-produkty\/"},"modified":"2020-12-09T13:49:17","modified_gmt":"2020-12-09T12:49:17","slug":"inne-produkty","status":"publish","type":"page","link":"https:\/\/mieltiojuancruz.com\/pl\/inne-produkty\/","title":{"rendered":"INNE PRODUKTY"},"content":{"rendered":"<p>[vc_row][vc_column][section_header use_decoration=&#8221;1&#8243; layout_type=&#8221;section-heading-swirl&#8221; main_heading=&#8221;INNE PRODUKTY&#8221; separator_color=&#8221;#dd9933&#8243;][\/vc_column][\/vc_row][vc_row][vc_column][vc_row_inner][vc_column_inner width=&#8221;1\/4&#8243;][vc_single_image image=&#8221;456&#8243; img_size=&#8221;250&#215;180&#8243; alignment=&#8221;center&#8221; style=&#8221;vc_box_border&#8221; border_color=&#8221;black&#8221; img_link_large=&#8221;yes&#8221; image_hover=&#8221;none&#8221; image_hover_type=&#8221;default&#8221;][vc_column_text el_class=&#8221;nombres2&#8243;]<\/p>\n<p style=\"text-align: center;\">Krem z miod\u00f3w r\u00f3\u017cnych odmian<\/p>\n<p>&nbsp;[\/vc_column_text][\/vc_column_inner][vc_column_inner width=&#8221;1\/4&#8243;][vc_single_image image=&#8221;1213&#8243; img_size=&#8221;250&#215;180&#8243; alignment=&#8221;center&#8221; style=&#8221;vc_box_border&#8221; border_color=&#8221;black&#8221; onclick=&#8221;img_link_large&#8221; image_hover=&#8221;none&#8221; image_hover_type=&#8221;default&#8221;][vc_column_text el_class=&#8221;nombres2&#8243;]<\/p>\n<p style=\"text-align: center;\">OCET MIODOWY<\/p>\n<p>&nbsp;[\/vc_column_text][\/vc_column_inner][vc_column_inner width=&#8221;1\/4&#8243;][vc_single_image image=&#8221;1214&#8243; img_size=&#8221;250&#215;180&#8243; alignment=&#8221;center&#8221; style=&#8221;vc_box_border&#8221; border_color=&#8221;black&#8221; onclick=&#8221;img_link_large&#8221; image_hover=&#8221;none&#8221; image_hover_type=&#8221;default&#8221;][vc_column_text el_class=&#8221;nombres2&#8243;]<\/p>\n<p style=\"text-align: center;\">PY\u0141EK KWIAT\u00d3W G\u00d3RSKICH<\/p>\n<p>&nbsp;[\/vc_column_text][\/vc_column_inner][vc_column_inner width=&#8221;1\/4&#8243;][vc_single_image image=&#8221;1404&#8243; img_size=&#8221;250&#215;180&#8243; alignment=&#8221;center&#8221; style=&#8221;vc_box_border&#8221; border_color=&#8221;black&#8221; onclick=&#8221;img_link_large&#8221; image_hover=&#8221;none&#8221; image_hover_type=&#8221;default&#8221;][vc_column_text el_class=&#8221;nombres2&#8243;]<\/p>\n<p style=\"text-align: center;\">\u201eKominiarz miodowy\u201d (syrop domowy)<\/p>\n<p>&nbsp;[\/vc_column_text][\/vc_column_inner][\/vc_row_inner][\/vc_column][\/vc_row]<\/p>\n","protected":false},"excerpt":{"rendered":"<p>[vc_row][vc_column][section_header use_decoration=&#8221;1&#8243; layout_type=&#8221;section-heading-swirl&#8221; main_heading=&#8221;INNE PRODUKTY&#8221; separator_color=&#8221;#dd9933&#8243;][\/vc_column][\/vc_row][vc_row][vc_column][vc_row_inner][vc_column_inner width=&#8221;1\/4&#8243;][vc_single_image image=&#8221;456&#8243; img_size=&#8221;250&#215;180&#8243; alignment=&#8221;center&#8221; style=&#8221;vc_box_border&#8221; border_color=&#8221;black&#8221; img_link_large=&#8221;yes&#8221; image_hover=&#8221;none&#8221; image_hover_type=&#8221;default&#8221;][vc_column_text el_class=&#8221;nombres2&#8243;] Krem z miod\u00f3w r\u00f3\u017cnych odmian &nbsp;[\/vc_column_text][\/vc_column_inner][vc_column_inner width=&#8221;1\/4&#8243;][vc_single_image image=&#8221;1213&#8243; img_size=&#8221;250&#215;180&#8243; alignment=&#8221;center&#8221; style=&#8221;vc_box_border&#8221; border_color=&#8221;black&#8221; onclick=&#8221;img_link_large&#8221; image_hover=&#8221;none&#8221; image_hover_type=&#8221;default&#8221;][vc_column_text el_class=&#8221;nombres2&#8243;] OCET MIODOWY &nbsp;[\/vc_column_text][\/vc_column_inner][vc_column_inner width=&#8221;1\/4&#8243;][vc_single_image image=&#8221;1214&#8243; img_size=&#8221;250&#215;180&#8243; alignment=&#8221;center&#8221; style=&#8221;vc_box_border&#8221; border_color=&#8221;black&#8221; onclick=&#8221;img_link_large&#8221; image_hover=&#8221;none&#8221; image_hover_type=&#8221;default&#8221;][vc_column_text el_class=&#8221;nombres2&#8243;] PY\u0141EK KWIAT\u00d3W G\u00d3RSKICH &nbsp;[\/vc_column_text][\/vc_column_inner][vc_column_inner width=&#8221;1\/4&#8243;][vc_single_image image=&#8221;1404&#8243; img_size=&#8221;250&#215;180&#8243; alignment=&#8221;center&#8221; style=&#8221;vc_box_border&#8221; border_color=&#8221;black&#8221;&hellip;<\/p>\n","protected":false},"author":1,"featured_media":0,"parent":0,"menu_order":0,"comment_status":"open","ping_status":"open","template":"","meta":[],"_links":{"self":[{"href":"https:\/\/mieltiojuancruz.com\/pl\/wp-json\/wp\/v2\/pages\/1964"}],"collection":[{"href":"https:\/\/mieltiojuancruz.com\/pl\/wp-json\/wp\/v2\/pages"}],"about":[{"href":"https:\/\/mieltiojuancruz.com\/pl\/wp-json\/wp\/v2\/types\/page"}],"author":[{"embeddable":true,"href":"https:\/\/mieltiojuancruz.com\/pl\/wp-json\/wp\/v2\/users\/1"}],"replies":[{"embeddable":true,"href":"https:\/\/mieltiojuancruz.com\/pl\/wp-json\/wp\/v2\/comments?post=1964"}],"version-history":[{"count":5,"href":"https:\/\/mieltiojuancruz.com\/pl\/wp-json\/wp\/v2\/pages\/1964\/revisions"}],"predecessor-version":[{"id":1969,"href":"https:\/\/mieltiojuancruz.com\/pl\/wp-json\/wp\/v2\/pages\/1964\/revisions\/1969"}],"wp:attachment":[{"href":"https:\/\/mieltiojuancruz.com\/pl\/wp-json\/wp\/v2\/media?parent=1964"}],"curies":[{"name":"wp","href":"https:\/\/api.w.org\/{rel}","templated":true}]}}