{"id":1989,"date":"2020-12-09T14:15:20","date_gmt":"2020-12-09T13:15:20","guid":{"rendered":"http:\/\/mieltiojuancruz.com\/nasze-produkty\/"},"modified":"2020-12-09T14:16:08","modified_gmt":"2020-12-09T13:16:08","slug":"nasze-produkty","status":"publish","type":"page","link":"https:\/\/mieltiojuancruz.com\/pl\/nasze-produkty\/","title":{"rendered":"NASZE PRODUKTY"},"content":{"rendered":"<p>[vc_row background_style=&#8221;cover&#8221;][vc_column width=&#8221;1\/1&#8243;][section_header use_decoration=&#8221;1&#8243; layout_type=&#8221;section-heading-swirl&#8221; separator_position=&#8221;center&#8221; main_heading=&#8221;NASZE PRODUKTY&#8221; text_align=&#8221;center&#8221; font_size=&#8221;default&#8221; font_style=&#8221;default&#8221; separator_color=&#8221;#dd9933&#8243;][vc_column_text]Natura jest skarbcem oferuj\u0105cym bardzo r\u00f3\u017cne rodzaje miodu, poniewa\u017c jego smak zale\u017cy od ro\u015blin, z kt\u00f3rych pszczo\u0142y czerpi\u0105 nektar. Mamy wi\u0119c odmiany bardzo intensywne, kt\u00f3rych kolor jest zwykle ciemniejszy, oraz inne, bardziej delikatne i ja\u015bniejsze.<\/p>\n<p>Tutaj znale\u017a\u0107 mo\u017cna wszystkie produkty Mieles del T\u00edo Juan Cruz. Oferujemy je w du\u017cych (940 gr) i ma\u0142ych (470 gr) s\u0142oikach, a ocet miodowy w butelkach o pojemno\u015bci 250 ml. Ponadto wszystkie etykiety s\u0105 opisane w pi\u0119ciu r\u00f3\u017cnych j\u0119zykach (hiszpa\u0144skim, angielskim, francuskim, niemieckim i klasycznym arabskim).[\/vc_column_text][\/vc_column][\/vc_row][vc_row background_style=&#8221;cover&#8221;][vc_column width=&#8221;1\/1&#8243;][vc_row_inner][vc_column_inner width=&#8221;1\/4&#8243;][vc_single_image image=&#8221;360&#8243; alignment=&#8221;center&#8221; border_color=&#8221;black&#8221; img_link_target=&#8221;_self&#8221; image_hover=&#8221;none&#8221; image_hover_type=&#8221;default&#8221; image_hover_text=&#8221;De Arag\u00f3n&#8221; img_size=&#8221;250&#215;180&#8243; style=&#8221;vc_box_border&#8221; img_link=&#8221;http:\/\/mieltiojuancruz.com\/mieles-de-aragon\/&#8221;][vc_column_text el_class=&#8221;nombres&#8221;]<\/p>\n<p style=\"text-align: center; margin-top: 0;\">MIODY ARAGO\u0143SKIE<\/p>\n<p>\u00a0[\/vc_column_text][\/vc_column_inner][vc_column_inner width=&#8221;1\/4&#8243;][vc_single_image image=&#8221;370&#8243; alignment=&#8221;center&#8221; border_color=&#8221;black&#8221; img_link_target=&#8221;_self&#8221; image_hover=&#8221;none&#8221; image_hover_type=&#8221;default&#8221; image_hover_text=&#8221;De Arag\u00f3n&#8221; img_size=&#8221;250&#215;180&#8243; style=&#8221;vc_box_border&#8221; img_link=&#8221;http:\/\/mieltiojuancruz.com\/mieles-de-montana\/&#8221;][vc_column_text el_class=&#8221;nombres&#8221;]<\/p>\n<p style=\"text-align: center; margin-top: 0;\">MIODY G\u00d3RSKIE<\/p>\n<p>\u00a0[\/vc_column_text][\/vc_column_inner][vc_column_inner width=&#8221;1\/4&#8243;][vc_single_image image=&#8221;366&#8243; alignment=&#8221;center&#8221; border_color=&#8221;black&#8221; img_link_target=&#8221;_self&#8221; image_hover=&#8221;none&#8221; image_hover_type=&#8221;default&#8221; image_hover_text=&#8221;De Arag\u00f3n&#8221; img_size=&#8221;250&#215;180&#8243; style=&#8221;vc_box_border&#8221; img_link=&#8221;http:\/\/mieltiojuancruz.com\/mieles-mediterraneas\/&#8221;][vc_column_text el_class=&#8221;nombres&#8221;]<\/p>\n<p style=\"text-align: center; margin-top: 0;\">MIODY \u015aR\u00d3DZIEMNOMORSKIE<\/p>\n<p>\u00a0[\/vc_column_text][\/vc_column_inner][vc_column_inner width=&#8221;1\/4&#8243;][vc_single_image image=&#8221;368&#8243; alignment=&#8221;center&#8221; border_color=&#8221;black&#8221; img_link_target=&#8221;_self&#8221; image_hover=&#8221;none&#8221; image_hover_type=&#8221;default&#8221; image_hover_text=&#8221;De Arag\u00f3n&#8221; img_size=&#8221;250&#215;180&#8243; style=&#8221;vc_box_border&#8221; img_link=&#8221;http:\/\/mieltiojuancruz.com\/mieles-de-meseta\/&#8221;][vc_column_text el_class=&#8221;nombres&#8221;]<\/p>\n<p style=\"text-align: center; margin-top: 0;\">MIODY Z P\u0141ASKOWY\u017bU<\/p>\n<p>\u00a0[\/vc_column_text][\/vc_column_inner][\/vc_row_inner][vc_row_inner][vc_column_inner width=&#8221;1\/4&#8243;][vc_single_image image=&#8221;374&#8243; alignment=&#8221;center&#8221; border_color=&#8221;black&#8221; img_link_target=&#8221;_self&#8221; image_hover=&#8221;none&#8221; image_hover_type=&#8221;default&#8221; image_hover_text=&#8221;De Arag\u00f3n&#8221; img_size=&#8221;250&#215;180&#8243; style=&#8221;vc_box_border&#8221; img_link=&#8221;http:\/\/mieltiojuancruz.com\/mieles-de-pradera\/&#8221;][vc_column_text el_class=&#8221;nombres&#8221;]<\/p>\n<p style=\"text-align: center; margin-top: 0;\">MIODY \u0141\u0104KOWE<\/p>\n<p>\u00a0[\/vc_column_text][\/vc_column_inner][vc_column_inner width=&#8221;1\/4&#8243;][vc_single_image image=&#8221;364&#8243; alignment=&#8221;center&#8221; border_color=&#8221;black&#8221; img_link_target=&#8221;_self&#8221; image_hover=&#8221;none&#8221; image_hover_type=&#8221;default&#8221; image_hover_text=&#8221;De Arag\u00f3n&#8221; img_size=&#8221;250&#215;180&#8243; style=&#8221;vc_box_border&#8221; img_link=&#8221;http:\/\/mieltiojuancruz.com\/mieles-foraneas\/&#8221;][vc_column_text el_class=&#8221;nombres&#8221;]<\/p>\n<p style=\"text-align: center; margin-top: 0;\">MIODY OBCE<\/p>\n<p>\u00a0[\/vc_column_text][\/vc_column_inner][vc_column_inner width=&#8221;1\/4&#8243;][vc_single_image image=&#8221;362&#8243; alignment=&#8221;center&#8221; border_color=&#8221;black&#8221; img_link_target=&#8221;_self&#8221; image_hover=&#8221;none&#8221; image_hover_type=&#8221;default&#8221; image_hover_text=&#8221;De Arag\u00f3n&#8221; img_size=&#8221;250&#215;180&#8243; style=&#8221;vc_box_border&#8221; img_link=&#8221;http:\/\/mieltiojuancruz.com\/mieles-especiales\/&#8221;][vc_column_text el_class=&#8221;nombres&#8221;]<\/p>\n<p style=\"text-align: center; margin-top: 0;\">MIODY SPECJALNE<\/p>\n<p>\u00a0[\/vc_column_text][\/vc_column_inner][vc_column_inner width=&#8221;1\/4&#8243;][vc_single_image image=&#8221;605&#8243; alignment=&#8221;center&#8221; border_color=&#8221;black&#8221; img_link_target=&#8221;_self&#8221; image_hover=&#8221;none&#8221; image_hover_type=&#8221;default&#8221; image_hover_text=&#8221;De Arag\u00f3n&#8221; img_size=&#8221;250&#215;180&#8243; style=&#8221;vc_box_border&#8221; img_link=&#8221;http:\/\/mieltiojuancruz.com\/otros-productos-2\/&#8221;][vc_column_text el_class=&#8221;nombres&#8221;]<\/p>\n<p style=\"text-align: center; margin-top: 0;\">INNE PRODUKTY<\/p>\n<p>\u00a0[\/vc_column_text][\/vc_column_inner][\/vc_row_inner][\/vc_column][\/vc_row]<\/p>\n","protected":false},"excerpt":{"rendered":"<p>[vc_row background_style=&#8221;cover&#8221;][vc_column width=&#8221;1\/1&#8243;][section_header use_decoration=&#8221;1&#8243; layout_type=&#8221;section-heading-swirl&#8221; separator_position=&#8221;center&#8221; main_heading=&#8221;NASZE PRODUKTY&#8221; text_align=&#8221;center&#8221; font_size=&#8221;default&#8221; font_style=&#8221;default&#8221; separator_color=&#8221;#dd9933&#8243;][vc_column_text]Natura jest skarbcem oferuj\u0105cym bardzo r\u00f3\u017cne rodzaje miodu, poniewa\u017c jego smak zale\u017cy od ro\u015blin, z kt\u00f3rych pszczo\u0142y czerpi\u0105 nektar. Mamy wi\u0119c odmiany bardzo intensywne, kt\u00f3rych kolor jest zwykle ciemniejszy, oraz inne, bardziej delikatne i ja\u015bniejsze. Tutaj znale\u017a\u0107 mo\u017cna wszystkie produkty Mieles del T\u00edo Juan&hellip;<\/p>\n","protected":false},"author":1,"featured_media":0,"parent":0,"menu_order":0,"comment_status":"closed","ping_status":"closed","template":"fullwidth.php","meta":[],"_links":{"self":[{"href":"https:\/\/mieltiojuancruz.com\/pl\/wp-json\/wp\/v2\/pages\/1989"}],"collection":[{"href":"https:\/\/mieltiojuancruz.com\/pl\/wp-json\/wp\/v2\/pages"}],"about":[{"href":"https:\/\/mieltiojuancruz.com\/pl\/wp-json\/wp\/v2\/types\/page"}],"author":[{"embeddable":true,"href":"https:\/\/mieltiojuancruz.com\/pl\/wp-json\/wp\/v2\/users\/1"}],"replies":[{"embeddable":true,"href":"https:\/\/mieltiojuancruz.com\/pl\/wp-json\/wp\/v2\/comments?post=1989"}],"version-history":[{"count":10,"href":"https:\/\/mieltiojuancruz.com\/pl\/wp-json\/wp\/v2\/pages\/1989\/revisions"}],"predecessor-version":[{"id":1999,"href":"https:\/\/mieltiojuancruz.com\/pl\/wp-json\/wp\/v2\/pages\/1989\/revisions\/1999"}],"wp:attachment":[{"href":"https:\/\/mieltiojuancruz.com\/pl\/wp-json\/wp\/v2\/media?parent=1989"}],"curies":[{"name":"wp","href":"https:\/\/api.w.org\/{rel}","templated":true}]}}