{"id":2045,"date":"2020-12-09T14:32:50","date_gmt":"2020-12-09T13:32:50","guid":{"rendered":"http:\/\/mieltiojuancruz.com\/nasze-kwiaty\/"},"modified":"2020-12-09T14:32:51","modified_gmt":"2020-12-09T13:32:51","slug":"nasze-kwiaty","status":"publish","type":"page","link":"https:\/\/mieltiojuancruz.com\/pl\/nasze-kwiaty\/","title":{"rendered":"NASZE KWIATY"},"content":{"rendered":"<p>[vc_row][vc_column width=&#8221;1\/1&#8243;][section_header use_decoration=&#8221;1&#8243; layout_type=&#8221;section-heading-border-top-bottom&#8221; separator_position=&#8221;center&#8221; main_heading=&#8221;NASZE KWIATY&#8221; text_align=&#8221;center&#8221; font_size=&#8221;default&#8221; font_style=&#8221;default&#8221; separator_color=&#8221;#dd9933&#8243;][\/vc_column][\/vc_row][vc_row][vc_column width=&#8221;1\/3&#8243;][vc_single_image image=&#8221;472&#8243; alignment=&#8221;center&#8221; style=&#8221;vc_box_outline_circle&#8221; border_color=&#8221;grey&#8221; img_link_target=&#8221;_self&#8221; image_hover=&#8221;none&#8221; image_hover_type=&#8221;default&#8221; img_size=&#8221;full&#8221;][vc_single_image image=&#8221;474&#8243; alignment=&#8221;center&#8221; style=&#8221;vc_box_outline_circle&#8221; border_color=&#8221;grey&#8221; img_link_target=&#8221;_self&#8221; image_hover=&#8221;none&#8221; image_hover_type=&#8221;default&#8221; img_size=&#8221;full&#8221;][\/vc_column][vc_column width=&#8221;2\/3&#8243;][vc_column_text]Ponad 3000 uli rozstawionych przez Ap\u00edcola Cuartero na znacznej cz\u0119\u015bci hiszpa\u0144skiego terytorium sprawia, \u017ce miody Mieles T\u00edo Juan Cruz pochodz\u0105 z r\u00f3\u017cnorodnych kwitnie\u0144 z najr\u00f3\u017cniejszych ekosystem\u00f3w zapylanych przez pszczo\u0142y.<\/p>\n<p>Na obszarze Aragonii wykorzystuje si\u0119 kwiaty takich ro\u015blin jak rozmaryn i tymianek r\u00f3\u017cowy, z kt\u00f3rych pierwsza daje mi\u00f3d o bardzo jasnym kolorze, \u0142agodnym smaku i przyjemnym aromatycznym posmaku; a druga, mi\u00f3d w kolorze bursztynowym o s\u0142odkim smaku z wyczuwaln\u0105 kwaskow\u0105 nut\u0105.<\/p>\n<p>G\u00f3rom zawdzi\u0119czamy inne odmiany, takie jak miody lawendowe, o silnym dzia\u0142aniu orze\u017awiaj\u0105cym; wrzosowe, o pomara\u0144czowo-czerwonym kolorze i wyrazistym smaku; eukaliptusowe, niezwykle aromatyczne o drzewnym smaku; z lawendy francuskiej, o \u0142agodnym i aromatycznym smaku; je\u017cynowe, ekskluzywne miody z soku z je\u017cyn; oraz miody spadziowe z d\u0119bu ostrolistnego i d\u0119bu, bardzo ciemne ze wzgl\u0119du na wysok\u0105 zawarto\u015b\u0107 \u017celaza i charakteryzuj\u0105ce si\u0119 g\u0142\u0119bokim smakiem.<\/p>\n<p>Rejon \u015br\u00f3dziemnomorski r\u00f3wnie\u017c oferuje kwiaty o nektarze bardzo atrakcyjnym dla pszcz\u00f3\u0142. Hiszpa\u0144ski Lewant produkuje miody z kwiat\u00f3w pomara\u0144czy, nie\u015bplika japo\u0144skiego i cytryny, o cytrusowym smaku, delikatne i bardzo aromatyczne.<\/p>\n<p>Na hiszpa\u0144skim p\u0142askowy\u017cu znajdziemy takie kwiaty jak s\u0142onecznik, cz\u0105ber g\u00f3rski, tymianek bia\u0142y i lawenda w\u0105skolistna zwana wonn\u0105. Pierwsze z nich daj\u0105 mi\u00f3d o kolorze jasno bursztynowym, kwiatowym zapachu z oleist\u0105 nutk\u0105 i bardzo s\u0142odkim smaku. Drugie, mi\u00f3d g\u0119sty, prawie bia\u0142y i doskona\u0142ej jako\u015bci.<\/p>\n<p>Z \u0142\u0105k porastaj\u0105cych dolin\u0119 rzeki Ebro wywodz\u0105 si\u0119 miody wielokwiatowe i lucernowe. Jak sama nazwa wskazuje, mi\u00f3d wielokwiatowy to naturalny mi\u00f3d z r\u00f3\u017cnych gatunk\u00f3w kwiat\u00f3w.<\/p>\n<p>Miody Mieles T\u00edo Juan Cruz produkowane s\u0105 tak\u017ce z nektaru kwiat\u00f3w innych ro\u015blin: lipy, kt\u00f3ra daje mi\u00f3d o delikatnym \u017c\u00f3\u0142tym kolorze i wonnym zapachu; jod\u0142y, kt\u00f3rej sok jest wysysany przez pszczo\u0142y i zamieniany w zielony mi\u00f3d o balsamicznym aromacie; i akacji, kt\u00f3ra daje krystaliczny i bardzo p\u0142ynny mi\u00f3d, o \u0142agodnym smaku, pozostawiaj\u0105cym niezr\u00f3wnan\u0105 s\u0142odycz na podniebieniu.[\/vc_column_text][\/vc_column][\/vc_row]<\/p>\n","protected":false},"excerpt":{"rendered":"<p>[vc_row][vc_column width=&#8221;1\/1&#8243;][section_header use_decoration=&#8221;1&#8243; layout_type=&#8221;section-heading-border-top-bottom&#8221; separator_position=&#8221;center&#8221; main_heading=&#8221;NASZE KWIATY&#8221; text_align=&#8221;center&#8221; font_size=&#8221;default&#8221; font_style=&#8221;default&#8221; separator_color=&#8221;#dd9933&#8243;][\/vc_column][\/vc_row][vc_row][vc_column width=&#8221;1\/3&#8243;][vc_single_image image=&#8221;472&#8243; alignment=&#8221;center&#8221; style=&#8221;vc_box_outline_circle&#8221; border_color=&#8221;grey&#8221; img_link_target=&#8221;_self&#8221; image_hover=&#8221;none&#8221; image_hover_type=&#8221;default&#8221; img_size=&#8221;full&#8221;][vc_single_image image=&#8221;474&#8243; alignment=&#8221;center&#8221; style=&#8221;vc_box_outline_circle&#8221; border_color=&#8221;grey&#8221; img_link_target=&#8221;_self&#8221; image_hover=&#8221;none&#8221; image_hover_type=&#8221;default&#8221; img_size=&#8221;full&#8221;][\/vc_column][vc_column width=&#8221;2\/3&#8243;][vc_column_text]Ponad 3000 uli rozstawionych przez Ap\u00edcola Cuartero na znacznej cz\u0119\u015bci hiszpa\u0144skiego terytorium sprawia, \u017ce miody Mieles T\u00edo Juan Cruz pochodz\u0105 z r\u00f3\u017cnorodnych kwitnie\u0144 z najr\u00f3\u017cniejszych ekosystem\u00f3w zapylanych&hellip;<\/p>\n","protected":false},"author":1,"featured_media":0,"parent":0,"menu_order":0,"comment_status":"closed","ping_status":"closed","template":"","meta":[],"_links":{"self":[{"href":"https:\/\/mieltiojuancruz.com\/pl\/wp-json\/wp\/v2\/pages\/2045"}],"collection":[{"href":"https:\/\/mieltiojuancruz.com\/pl\/wp-json\/wp\/v2\/pages"}],"about":[{"href":"https:\/\/mieltiojuancruz.com\/pl\/wp-json\/wp\/v2\/types\/page"}],"author":[{"embeddable":true,"href":"https:\/\/mieltiojuancruz.com\/pl\/wp-json\/wp\/v2\/users\/1"}],"replies":[{"embeddable":true,"href":"https:\/\/mieltiojuancruz.com\/pl\/wp-json\/wp\/v2\/comments?post=2045"}],"version-history":[{"count":2,"href":"https:\/\/mieltiojuancruz.com\/pl\/wp-json\/wp\/v2\/pages\/2045\/revisions"}],"predecessor-version":[{"id":2047,"href":"https:\/\/mieltiojuancruz.com\/pl\/wp-json\/wp\/v2\/pages\/2045\/revisions\/2047"}],"wp:attachment":[{"href":"https:\/\/mieltiojuancruz.com\/pl\/wp-json\/wp\/v2\/media?parent=2045"}],"curies":[{"name":"wp","href":"https:\/\/api.w.org\/{rel}","templated":true}]}}