{"id":2056,"date":"2020-12-09T14:39:42","date_gmt":"2020-12-09T13:39:42","guid":{"rendered":"http:\/\/mieltiojuancruz.com\/miody-srodziemnomorskie\/"},"modified":"2020-12-09T14:40:57","modified_gmt":"2020-12-09T13:40:57","slug":"miody-srodziemnomorskie","status":"publish","type":"page","link":"https:\/\/mieltiojuancruz.com\/pl\/miody-srodziemnomorskie\/","title":{"rendered":"MIODY \u015aR\u00d3DZIEMNOMORSKIE"},"content":{"rendered":"<p>[vc_row][vc_column][section_header use_decoration=&#8221;1&#8243; layout_type=&#8221;section-heading-swirl&#8221; main_heading=&#8221;MIODY \u015aR\u00d3DZIEMNOMORSKIE&#8221; separator_color=&#8221;#dd9933&#8243;][vc_row_inner][vc_column_inner width=&#8221;1\/3&#8243;][vc_single_image image=&#8221;1220&#8243; img_size=&#8221;250&#215;180&#8243; alignment=&#8221;center&#8221; style=&#8221;vc_box_border&#8221; border_color=&#8221;black&#8221; onclick=&#8221;img_link_large&#8221; image_hover=&#8221;none&#8221; image_hover_type=&#8221;default&#8221;][vc_column_text el_class=&#8221;nombres2&#8243;]<\/p>\n<p style=\"text-align: center;\">MI\u00d3D Z NIE\u015aPLIKA JAPO\u0143SKIEGO<\/p>\n<p>\u00a0[\/vc_column_text][\/vc_column_inner][vc_column_inner width=&#8221;1\/3&#8243;][vc_single_image image=&#8221;1233&#8243; img_size=&#8221;250&#215;180&#8243; alignment=&#8221;center&#8221; style=&#8221;vc_box_border&#8221; border_color=&#8221;black&#8221; onclick=&#8221;img_link_large&#8221; image_hover=&#8221;none&#8221; image_hover_type=&#8221;default&#8221;][vc_column_text el_class=&#8221;nombres2&#8243;]<\/p>\n<p style=\"text-align: center;\">MI\u00d3D POMARA\u0143CZOWY<\/p>\n<p>\u00a0[\/vc_column_text][\/vc_column_inner][vc_column_inner width=&#8221;1\/3&#8243;][vc_single_image image=&#8221;1224&#8243; img_size=&#8221;250&#215;180&#8243; alignment=&#8221;center&#8221; style=&#8221;vc_box_border&#8221; border_color=&#8221;black&#8221; onclick=&#8221;img_link_large&#8221; image_hover=&#8221;none&#8221; image_hover_type=&#8221;default&#8221;][vc_column_text el_class=&#8221;nombres2&#8243;]<\/p>\n<p style=\"text-align: center;\">MI\u00d3D CYTRYNOWY<\/p>\n<p>\u00a0[\/vc_column_text][\/vc_column_inner][\/vc_row_inner][\/vc_column][\/vc_row]<\/p>\n","protected":false},"excerpt":{"rendered":"<p>[vc_row][vc_column][section_header use_decoration=&#8221;1&#8243; layout_type=&#8221;section-heading-swirl&#8221; main_heading=&#8221;MIODY \u015aR\u00d3DZIEMNOMORSKIE&#8221; separator_color=&#8221;#dd9933&#8243;][vc_row_inner][vc_column_inner width=&#8221;1\/3&#8243;][vc_single_image image=&#8221;1220&#8243; img_size=&#8221;250&#215;180&#8243; alignment=&#8221;center&#8221; style=&#8221;vc_box_border&#8221; border_color=&#8221;black&#8221; onclick=&#8221;img_link_large&#8221; image_hover=&#8221;none&#8221; image_hover_type=&#8221;default&#8221;][vc_column_text el_class=&#8221;nombres2&#8243;] MI\u00d3D Z NIE\u015aPLIKA JAPO\u0143SKIEGO \u00a0[\/vc_column_text][\/vc_column_inner][vc_column_inner width=&#8221;1\/3&#8243;][vc_single_image image=&#8221;1233&#8243; img_size=&#8221;250&#215;180&#8243; alignment=&#8221;center&#8221; style=&#8221;vc_box_border&#8221; border_color=&#8221;black&#8221; onclick=&#8221;img_link_large&#8221; image_hover=&#8221;none&#8221; image_hover_type=&#8221;default&#8221;][vc_column_text el_class=&#8221;nombres2&#8243;] MI\u00d3D POMARA\u0143CZOWY \u00a0[\/vc_column_text][\/vc_column_inner][vc_column_inner width=&#8221;1\/3&#8243;][vc_single_image image=&#8221;1224&#8243; img_size=&#8221;250&#215;180&#8243; alignment=&#8221;center&#8221; style=&#8221;vc_box_border&#8221; border_color=&#8221;black&#8221; onclick=&#8221;img_link_large&#8221; image_hover=&#8221;none&#8221; image_hover_type=&#8221;default&#8221;][vc_column_text el_class=&#8221;nombres2&#8243;] MI\u00d3D CYTRYNOWY \u00a0[\/vc_column_text][\/vc_column_inner][\/vc_row_inner][\/vc_column][\/vc_row]<\/p>\n","protected":false},"author":1,"featured_media":0,"parent":0,"menu_order":0,"comment_status":"open","ping_status":"open","template":"","meta":[],"_links":{"self":[{"href":"https:\/\/mieltiojuancruz.com\/pl\/wp-json\/wp\/v2\/pages\/2056"}],"collection":[{"href":"https:\/\/mieltiojuancruz.com\/pl\/wp-json\/wp\/v2\/pages"}],"about":[{"href":"https:\/\/mieltiojuancruz.com\/pl\/wp-json\/wp\/v2\/types\/page"}],"author":[{"embeddable":true,"href":"https:\/\/mieltiojuancruz.com\/pl\/wp-json\/wp\/v2\/users\/1"}],"replies":[{"embeddable":true,"href":"https:\/\/mieltiojuancruz.com\/pl\/wp-json\/wp\/v2\/comments?post=2056"}],"version-history":[{"count":4,"href":"https:\/\/mieltiojuancruz.com\/pl\/wp-json\/wp\/v2\/pages\/2056\/revisions"}],"predecessor-version":[{"id":2060,"href":"https:\/\/mieltiojuancruz.com\/pl\/wp-json\/wp\/v2\/pages\/2056\/revisions\/2060"}],"wp:attachment":[{"href":"https:\/\/mieltiojuancruz.com\/pl\/wp-json\/wp\/v2\/media?parent=2056"}],"curies":[{"name":"wp","href":"https:\/\/api.w.org\/{rel}","templated":true}]}}