{"id":1730,"date":"2020-12-09T00:21:45","date_gmt":"2020-12-08T23:21:45","guid":{"rendered":"http:\/\/mieltiojuancruz.com\/historia\/"},"modified":"2020-12-14T23:36:13","modified_gmt":"2020-12-14T22:36:13","slug":"historia","status":"publish","type":"page","link":"https:\/\/mieltiojuancruz.com\/pt-pt\/historia\/","title":{"rendered":"HIST\u00d3RIA"},"content":{"rendered":"<p>[vc_row][vc_column][section_header use_decoration=&#8221;1&#8243; layout_type=&#8221;section-heading-wave&#8221; main_heading=&#8221;HIST\u00d3RIA&#8221; separator_color=&#8221;#dd9933&#8243;][\/vc_column][\/vc_row][vc_row][vc_column width=&#8221;1\/4&#8243;][vc_single_image image=&#8221;2279&#8243; img_size=&#8221;full&#8221; alignment=&#8221;center&#8221;][\/vc_column][vc_column width=&#8221;1\/4&#8243;][vc_single_image image=&#8221;525&#8243; img_size=&#8221;full&#8221; alignment=&#8221;center&#8221;][\/vc_column][vc_column width=&#8221;1\/2&#8243;][vc_column_text]A Mieles del T\u00edo Juan Cruz \u00e9 um projeto que nasceu pela m\u00e3o da empresa Ap\u00edcola Cuartero em 1981. \u00c9 a continua\u00e7\u00e3o de uma pequena explora\u00e7\u00e3o familiar de colmeias que o pr\u00f3prio Juan Cruz geria.<\/p>\n<p>O seu filho quis honr\u00e1-lo dando o seu nome aos meles, para homenagear a sua figura e o seu esfor\u00e7o, e continuar a tradi\u00e7\u00e3o. Pouco a pouco, foi conseguindo impulsionar o neg\u00f3cio familiar, chegando a ter cerca de 3000 colmeias repartidas por grande parte da geografia espanhola.<\/p>\n<p>A empresa situa-se nas margens do Moncayo, famoso monte aragon\u00eas envolvido entre grandes flora\u00e7\u00f5es e, portanto, cheio de valiosos recursos para a produ\u00e7\u00e3o de mel.[\/vc_column_text][\/vc_column][\/vc_row]<\/p>\n","protected":false},"excerpt":{"rendered":"<p>[vc_row][vc_column][section_header use_decoration=&#8221;1&#8243; layout_type=&#8221;section-heading-wave&#8221; main_heading=&#8221;HIST\u00d3RIA&#8221; separator_color=&#8221;#dd9933&#8243;][\/vc_column][\/vc_row][vc_row][vc_column width=&#8221;1\/4&#8243;][vc_single_image image=&#8221;2279&#8243; img_size=&#8221;full&#8221; alignment=&#8221;center&#8221;][\/vc_column][vc_column width=&#8221;1\/4&#8243;][vc_single_image image=&#8221;525&#8243; img_size=&#8221;full&#8221; alignment=&#8221;center&#8221;][\/vc_column][vc_column width=&#8221;1\/2&#8243;][vc_column_text]A Mieles del T\u00edo Juan Cruz \u00e9 um projeto que nasceu pela m\u00e3o da empresa Ap\u00edcola Cuartero em 1981. \u00c9 a continua\u00e7\u00e3o de uma pequena explora\u00e7\u00e3o familiar de colmeias que o pr\u00f3prio Juan Cruz geria. O seu filho quis honr\u00e1-lo dando o&hellip;<\/p>\n","protected":false},"author":1,"featured_media":0,"parent":0,"menu_order":0,"comment_status":"closed","ping_status":"closed","template":"","meta":[],"_links":{"self":[{"href":"https:\/\/mieltiojuancruz.com\/pt-pt\/wp-json\/wp\/v2\/pages\/1730"}],"collection":[{"href":"https:\/\/mieltiojuancruz.com\/pt-pt\/wp-json\/wp\/v2\/pages"}],"about":[{"href":"https:\/\/mieltiojuancruz.com\/pt-pt\/wp-json\/wp\/v2\/types\/page"}],"author":[{"embeddable":true,"href":"https:\/\/mieltiojuancruz.com\/pt-pt\/wp-json\/wp\/v2\/users\/1"}],"replies":[{"embeddable":true,"href":"https:\/\/mieltiojuancruz.com\/pt-pt\/wp-json\/wp\/v2\/comments?post=1730"}],"version-history":[{"count":3,"href":"https:\/\/mieltiojuancruz.com\/pt-pt\/wp-json\/wp\/v2\/pages\/1730\/revisions"}],"predecessor-version":[{"id":2299,"href":"https:\/\/mieltiojuancruz.com\/pt-pt\/wp-json\/wp\/v2\/pages\/1730\/revisions\/2299"}],"wp:attachment":[{"href":"https:\/\/mieltiojuancruz.com\/pt-pt\/wp-json\/wp\/v2\/media?parent=1730"}],"curies":[{"name":"wp","href":"https:\/\/api.w.org\/{rel}","templated":true}]}}