{"id":1810,"date":"2020-12-09T00:51:32","date_gmt":"2020-12-08T23:51:32","guid":{"rendered":"http:\/\/mieltiojuancruz.com\/inicio\/"},"modified":"2020-12-09T00:51:35","modified_gmt":"2020-12-08T23:51:35","slug":"inicio","status":"publish","type":"page","link":"https:\/\/mieltiojuancruz.com\/pt-pt\/","title":{"rendered":"IN\u00cdCIO"},"content":{"rendered":"<p>[vc_row css=&#8221;.vc_custom_1414866289650{margin-top: -90px !important;margin-bottom: 0px !important;}&#8221; background_style=&#8221;cover&#8221;][vc_column width=&#8221;1\/1&#8243;][rev_slider_vc alias=&#8221;principal&#8221;][\/vc_column][\/vc_row][vc_row expanded=&#8221;1,2&#8243; background_style=&#8221;parallax&#8221; el_id=&#8221;parallax1&#8243; css=&#8221;.vc_custom_1414866980577{padding-top: 40px !important;padding-bottom: 40px !important;}&#8221;][vc_column width=&#8221;1\/6&#8243;][\/vc_column][vc_column width=&#8221;2\/3&#8243;][section_header use_decoration=&#8221;1&#8243; layout_type=&#8221;section-heading-polkadot-left-right&#8221; separator_position=&#8221;center&#8221; main_heading=&#8221;Mieles del T\u00edo Juan Cruz&#8221; text_align=&#8221;center&#8221; font_size=&#8221;default&#8221; font_style=&#8221;default&#8221; separator_color=&#8221;#dd9933&#8243; css=&#8221;.vc_custom_1414867209967{margin-bottom: 10px !important;}&#8221;][vc_row_inner][vc_column_inner width=&#8221;1\/3&#8243;][vc_single_image image=&#8221;254&#8243; alignment=&#8221;center&#8221; style=&#8221;vc_box_border&#8221; border_color=&#8221;grey&#8221; img_link_target=&#8221;_self&#8221; image_hover=&#8221;none&#8221; image_hover_type=&#8221;default&#8221; img_size=&#8221;full&#8221;][\/vc_column_inner][vc_column_inner width=&#8221;2\/3&#8243;][vc_column_text]\u00c9 o resultado do trabalho da Ap\u00edcola Cuartero, uma empresa familiar nascida h\u00e1 tr\u00eas gera\u00e7\u00f5es e situada nas margens do Moncayo. Com mais de 3000 colmeias, estes meles produzidos cem por cento em Espanha s\u00e3o obtidos das mais excelentes flora\u00e7\u00f5es da geografia espanhola.<\/p>\n<p>Os seus mais de vinte produtos diferentes s\u00e3o elaborados de forma natural, sem pesticidas \u00e0 volta das flores, e seguindo o processo tradicional, pelo que cada mel ser\u00e1 diferente, inclusive dentro do mesmo tipo. Desta forma, a Mieles del T\u00edo Juan Cruz consegue reviver nos paladares o antigo sabor do mel, quando se adquiria diretamente da casa do apicultor.[\/vc_column_text][\/vc_column_inner][\/vc_row_inner][vc_separator color=&#8221;grey&#8221;][\/vc_column][vc_column width=&#8221;1\/6&#8243;][\/vc_column][\/vc_row][vc_row][vc_column width=&#8221;1\/1&#8243;][section_header use_decoration=&#8221;1&#8243; layout_type=&#8221;section-heading-swirl&#8221; separator_position=&#8221;center&#8221; main_heading=&#8221;OS NOSSOS PRODUTOS&#8221; text_align=&#8221;center&#8221; font_size=&#8221;default&#8221; font_style=&#8221;default&#8221; separator_color=&#8221;#dd9933&#8243;][\/vc_column][\/vc_row][vc_row background_style=&#8221;cover&#8221;][vc_column width=&#8221;1\/1&#8243;][vc_row_inner][vc_column_inner width=&#8221;1\/4&#8243;][vc_single_image image=&#8221;360&#8243; alignment=&#8221;center&#8221; border_color=&#8221;black&#8221; img_link_target=&#8221;_self&#8221; image_hover=&#8221;none&#8221; image_hover_type=&#8221;default&#8221; image_hover_text=&#8221;De Arag\u00f3n&#8221; img_size=&#8221;250&#215;180&#8243; style=&#8221;vc_box_border&#8221; img_link=&#8221;http:\/\/mieltiojuancruz.com\/mieles-de-aragon\/&#8221;][vc_column_text el_class=&#8221;nombres&#8221;]<\/p>\n<p style=\"text-align: center; margin-top: 0;\">MELES DE ARAG\u00c3O<\/p>\n<p>&nbsp;[\/vc_column_text][\/vc_column_inner][vc_column_inner width=&#8221;1\/4&#8243;][vc_single_image image=&#8221;370&#8243; alignment=&#8221;center&#8221; border_color=&#8221;black&#8221; img_link_target=&#8221;_self&#8221; image_hover=&#8221;none&#8221; image_hover_type=&#8221;default&#8221; image_hover_text=&#8221;De Arag\u00f3n&#8221; img_size=&#8221;250&#215;180&#8243; style=&#8221;vc_box_border&#8221; img_link=&#8221;http:\/\/mieltiojuancruz.com\/mieles-de-montana\/&#8221;][vc_column_text el_class=&#8221;nombres&#8221;]<\/p>\n<p style=\"text-align: center; margin-top: 0;\">MELES DE MONTANHA<\/p>\n<p>&nbsp;[\/vc_column_text][\/vc_column_inner][vc_column_inner width=&#8221;1\/4&#8243;][vc_single_image image=&#8221;366&#8243; alignment=&#8221;center&#8221; border_color=&#8221;black&#8221; img_link_target=&#8221;_self&#8221; image_hover=&#8221;none&#8221; image_hover_type=&#8221;default&#8221; image_hover_text=&#8221;De Arag\u00f3n&#8221; img_size=&#8221;250&#215;180&#8243; style=&#8221;vc_box_border&#8221; img_link=&#8221;http:\/\/mieltiojuancruz.com\/mieles-mediterraneas\/&#8221;][vc_column_text el_class=&#8221;nombres&#8221;]<\/p>\n<p style=\"text-align: center; margin-top: 0;\">MELES MEDITERR\u00c2NEOS<\/p>\n<p>&nbsp;[\/vc_column_text][\/vc_column_inner][vc_column_inner width=&#8221;1\/4&#8243;][vc_single_image image=&#8221;368&#8243; alignment=&#8221;center&#8221; border_color=&#8221;black&#8221; img_link_target=&#8221;_self&#8221; image_hover=&#8221;none&#8221; image_hover_type=&#8221;default&#8221; image_hover_text=&#8221;De Arag\u00f3n&#8221; img_size=&#8221;250&#215;180&#8243; style=&#8221;vc_box_border&#8221; img_link=&#8221;http:\/\/mieltiojuancruz.com\/mieles-de-meseta\/&#8221;][vc_column_text el_class=&#8221;nombres&#8221;]<\/p>\n<p style=\"text-align: center; margin-top: 0;\">MELES DE MESETA<\/p>\n<p>&nbsp;[\/vc_column_text][\/vc_column_inner][\/vc_row_inner][vc_row_inner][vc_column_inner width=&#8221;1\/4&#8243;][vc_single_image image=&#8221;374&#8243; alignment=&#8221;center&#8221; border_color=&#8221;black&#8221; img_link_target=&#8221;_self&#8221; image_hover=&#8221;none&#8221; image_hover_type=&#8221;default&#8221; image_hover_text=&#8221;De Arag\u00f3n&#8221; img_size=&#8221;250&#215;180&#8243; style=&#8221;vc_box_border&#8221; img_link=&#8221;http:\/\/mieltiojuancruz.com\/mieles-de-pradera\/&#8221;][vc_column_text el_class=&#8221;nombres&#8221;]<\/p>\n<p style=\"text-align: center; margin-top: 0;\">MELES DE PRADARIA<\/p>\n<p>&nbsp;[\/vc_column_text][\/vc_column_inner][vc_column_inner width=&#8221;1\/4&#8243;][vc_single_image image=&#8221;364&#8243; alignment=&#8221;center&#8221; border_color=&#8221;black&#8221; img_link_target=&#8221;_self&#8221; image_hover=&#8221;none&#8221; image_hover_type=&#8221;default&#8221; image_hover_text=&#8221;De Arag\u00f3n&#8221; img_size=&#8221;250&#215;180&#8243; style=&#8221;vc_box_border&#8221; img_link=&#8221;http:\/\/mieltiojuancruz.com\/mieles-foraneas\/&#8221;][vc_column_text el_class=&#8221;nombres&#8221;]<\/p>\n<p style=\"text-align: center; margin-top: 0;\">MELES EX\u00d3GENOS<\/p>\n<p>&nbsp;[\/vc_column_text][\/vc_column_inner][vc_column_inner width=&#8221;1\/4&#8243;][vc_single_image image=&#8221;362&#8243; alignment=&#8221;center&#8221; border_color=&#8221;black&#8221; img_link_target=&#8221;_self&#8221; image_hover=&#8221;none&#8221; image_hover_type=&#8221;default&#8221; image_hover_text=&#8221;De Arag\u00f3n&#8221; img_size=&#8221;250&#215;180&#8243; style=&#8221;vc_box_border&#8221; img_link=&#8221;http:\/\/mieltiojuancruz.com\/mieles-especiales\/&#8221;][vc_column_text el_class=&#8221;nombres&#8221;]<\/p>\n<p style=\"text-align: center; margin-top: 0;\">MELES ESPECIAIS<\/p>\n<p>&nbsp;[\/vc_column_text][\/vc_column_inner][vc_column_inner width=&#8221;1\/4&#8243;][vc_single_image image=&#8221;605&#8243; alignment=&#8221;center&#8221; border_color=&#8221;black&#8221; img_link_target=&#8221;_self&#8221; image_hover=&#8221;none&#8221; image_hover_type=&#8221;default&#8221; image_hover_text=&#8221;De Arag\u00f3n&#8221; img_size=&#8221;250&#215;180&#8243; style=&#8221;vc_box_border&#8221; img_link=&#8221;http:\/\/mieltiojuancruz.com\/otros-productos-2\/&#8221;][vc_column_text el_class=&#8221;nombres&#8221;]<\/p>\n<p style=\"text-align: center; margin-top: 0;\">OUTROS PRODUTOS<\/p>\n<p>&nbsp;[\/vc_column_text][\/vc_column_inner][\/vc_row_inner][\/vc_column][\/vc_row][vc_row expanded=&#8221;1,2&#8243; background_style=&#8221;cover&#8221; css=&#8221;.vc_custom_1414864978232{margin-bottom: 0px !important;}&#8221;][vc_column width=&#8221;1\/1&#8243;][vc_raw_html]PHN0eWxlIHR5cGU9InRleHQvY3NzIj4NCgkJCQkub3ZlcmxheTIgew0KCQkJCSAgIGJhY2tncm91bmQ6dHJhbnNwYXJlbnQ7IA0KCQkJCSAgIHBvc2l0aW9uOnJlbGF0aXZlOyANCgkJCQkgICB3aWR0aDoxMDAlOw0KCQkJCSAgIGhlaWdodDo0MDBweDsgLyogeW91ciBpZnJhbWUgaGVpZ2h0ICovDQoJCQkJICAgdG9wOjQwMHB4OyAgLyogeW91ciBpZnJhbWUgaGVpZ2h0ICovDQoJCQkJICAgbWFyZ2luLXRvcDotNDAwcHg7ICAvKiB5b3VyIGlmcmFtZSBoZWlnaHQgKi8NCgkJCQl9DQogICAgICAgICAgICAgICAgPC9zdHlsZT4NCjxkaXYgY2xhc3M9Im92ZXJsYXkyIiBvbmNsaWNrPSJzdHlsZS5wb2ludGVyRXZlbnRzPSdub25lJyI+PC9kaXY+[\/vc_raw_html][vc_gmaps link=&#8221;#E-8_JTNDaWZyYW1lJTIwc3JjJTNEJTIyaHR0cHMlM0ElMkYlMkZ3d3cuZ29vZ2xlLmNvbSUyRm1hcHMlMkZlbWJlZCUzRnBiJTNEJTIxMW0xNCUyMTFtOCUyMTFtMyUyMTFkMjk3Ni4xNjYxNjk1NTUwODYlMjEyZC0xLjQ3MTIzNTglMjEzZDQxLjc2MDA3NTAwMDAwMDAxNSUyMTNtMiUyMTFpMTAyNCUyMTJpNzY4JTIxNGYxMy4xJTIxM20zJTIxMW0yJTIxMXMweGQ1YmM4OWE5NTY1YThjNyUyNTNBMHg3ZjIxNDI5M2Q5ODRkODUlMjEyc0NhbGxlJTJCbGElMkJQb3NhZGElMjUyQyUyQjE0JTI1MkMlMkI1MDUyOSUyQkZ1ZW5kZWphbCUyNUMzJTI1QjNuJTI1MkMlMkJaYXJhZ296YSUyMTVlMCUyMTNtMiUyMTFzZXMlMjEyc2VzJTIxNHYxNDE0ODQ0MTc0NDczJTIyJTIwaGVpZ2h0JTNEJTIyNDUwJTIyJTIwZnJhbWVib3JkZXIlM0QlMjIwJTIyJTIwc3R5bGUlM0QlMjJib3JkZXIlM0EwJTIyJTNFJTNDJTJGaWZyYW1lJTNF&#8221; size=&#8221;450&#8243;][\/vc_column][\/vc_row]<\/p>\n","protected":false},"excerpt":{"rendered":"<p>[vc_row css=&#8221;.vc_custom_1414866289650{margin-top: -90px !important;margin-bottom: 0px !important;}&#8221; background_style=&#8221;cover&#8221;][vc_column width=&#8221;1\/1&#8243;][rev_slider_vc alias=&#8221;principal&#8221;][\/vc_column][\/vc_row][vc_row expanded=&#8221;1,2&#8243; background_style=&#8221;parallax&#8221; el_id=&#8221;parallax1&#8243; css=&#8221;.vc_custom_1414866980577{padding-top: 40px !important;padding-bottom: 40px !important;}&#8221;][vc_column width=&#8221;1\/6&#8243;][\/vc_column][vc_column width=&#8221;2\/3&#8243;][section_header use_decoration=&#8221;1&#8243; layout_type=&#8221;section-heading-polkadot-left-right&#8221; separator_position=&#8221;center&#8221; main_heading=&#8221;Mieles del T\u00edo Juan Cruz&#8221; text_align=&#8221;center&#8221; font_size=&#8221;default&#8221; font_style=&#8221;default&#8221; separator_color=&#8221;#dd9933&#8243; css=&#8221;.vc_custom_1414867209967{margin-bottom: 10px !important;}&#8221;][vc_row_inner][vc_column_inner width=&#8221;1\/3&#8243;][vc_single_image image=&#8221;254&#8243; alignment=&#8221;center&#8221; style=&#8221;vc_box_border&#8221; border_color=&#8221;grey&#8221; img_link_target=&#8221;_self&#8221; image_hover=&#8221;none&#8221; image_hover_type=&#8221;default&#8221; img_size=&#8221;full&#8221;][\/vc_column_inner][vc_column_inner width=&#8221;2\/3&#8243;][vc_column_text]\u00c9 o resultado do trabalho da Ap\u00edcola Cuartero, uma empresa familiar nascida&hellip;<\/p>\n","protected":false},"author":1,"featured_media":0,"parent":0,"menu_order":0,"comment_status":"open","ping_status":"closed","template":"fullwidth.php","meta":[],"_links":{"self":[{"href":"https:\/\/mieltiojuancruz.com\/pt-pt\/wp-json\/wp\/v2\/pages\/1810"}],"collection":[{"href":"https:\/\/mieltiojuancruz.com\/pt-pt\/wp-json\/wp\/v2\/pages"}],"about":[{"href":"https:\/\/mieltiojuancruz.com\/pt-pt\/wp-json\/wp\/v2\/types\/page"}],"author":[{"embeddable":true,"href":"https:\/\/mieltiojuancruz.com\/pt-pt\/wp-json\/wp\/v2\/users\/1"}],"replies":[{"embeddable":true,"href":"https:\/\/mieltiojuancruz.com\/pt-pt\/wp-json\/wp\/v2\/comments?post=1810"}],"version-history":[{"count":12,"href":"https:\/\/mieltiojuancruz.com\/pt-pt\/wp-json\/wp\/v2\/pages\/1810\/revisions"}],"predecessor-version":[{"id":1822,"href":"https:\/\/mieltiojuancruz.com\/pt-pt\/wp-json\/wp\/v2\/pages\/1810\/revisions\/1822"}],"wp:attachment":[{"href":"https:\/\/mieltiojuancruz.com\/pt-pt\/wp-json\/wp\/v2\/media?parent=1810"}],"curies":[{"name":"wp","href":"https:\/\/api.w.org\/{rel}","templated":true}]}}