{"id":1842,"date":"2020-12-09T13:03:28","date_gmt":"2020-12-09T12:03:28","guid":{"rendered":"http:\/\/mieltiojuancruz.com\/as-abelhas\/"},"modified":"2020-12-09T13:03:29","modified_gmt":"2020-12-09T12:03:29","slug":"as-abelhas","status":"publish","type":"page","link":"https:\/\/mieltiojuancruz.com\/pt-pt\/as-abelhas\/","title":{"rendered":"AS ABELHAS"},"content":{"rendered":"<p>[vc_row][vc_column width=&#8221;1\/1&#8243;][section_header use_decoration=&#8221;1&#8243; layout_type=&#8221;section-heading-wave&#8221; separator_position=&#8221;center&#8221; main_heading=&#8221;AS ABELHAS&#8221; text_align=&#8221;center&#8221; font_size=&#8221;default&#8221; font_style=&#8221;default&#8221; separator_color=&#8221;#dd9933&#8243;][\/vc_column][\/vc_row][vc_row][vc_column width=&#8221;1\/2&#8243;][vc_column_text]A apicultura em Espanha \u00e9 uma profiss\u00e3o dif\u00edcil que, atualmente, tem de lidar com v\u00e1rios riscos que amea\u00e7am a exist\u00eancia das abelhas, como as altera\u00e7\u00f5es clim\u00e1ticas ou a agricultura industrial, pelos monocultivos (menor disponibilidade e diversidade de alimento para estes insetos) e o uso de pesticidas t\u00f3xicos sist\u00e9micos.<\/p>\n<p>As abelhas t\u00eam um papel fundamental na manuten\u00e7\u00e3o da riqueza dos ecossistemas a n\u00edvel mundial e, portanto, torna-se necess\u00e1rio que exista a apicultura e a cria\u00e7\u00e3o destes insetos. Tanto a produ\u00e7\u00e3o de alimentos como a biodiversidade terrestre dependem, em grande medida, da poliniza\u00e7\u00e3o, processo natural que permite que se fecundem as flores e d\u00eaem, assim, frutos e sementes. As abelhas s\u00e3o os principais insetos respons\u00e1veis por este processo.<\/p>\n<p>Apesar da import\u00e2ncia disto, as suas popula\u00e7\u00f5es est\u00e3o a diminuir enormemente. Por isso, a Ap\u00edcola Cuartero rejeita o uso de pesticidas prejudiciais para as abelhas \u00e0 volta das flores que ser\u00e3o polinizadas, apoiando um novo modelo de agricultura respeitadora e sustent\u00e1vel, o mais ecol\u00f3gica poss\u00edvel e afastada do modelo de produ\u00e7\u00e3o agr\u00edcola industrial que as grandes empresas multinacionais est\u00e3o a querer impor. \u00c9 por isso que, desde h\u00e1 algum tempo, a Ap\u00edcola Cuartero tenta assentar as suas colmeias apenas dentro das paragens limpas, selvagens e inalteradas, selecionadas ap\u00f3s procurar entre os muitos lugares vazios ou abandonados que ainda ficam dispersos pela geografia espanhola.[\/vc_column_text][\/vc_column][vc_column width=&#8221;1\/2&#8243;][vc_gallery type=&#8221;flexslider_fade&#8221; interval=&#8221;3&#8243; images=&#8221;481,487,483,485&#8243; onclick=&#8221;link_image&#8221; custom_links_target=&#8221;_self&#8221; img_size=&#8221;full&#8221;][\/vc_column][\/vc_row]<\/p>\n","protected":false},"excerpt":{"rendered":"<p>[vc_row][vc_column width=&#8221;1\/1&#8243;][section_header use_decoration=&#8221;1&#8243; layout_type=&#8221;section-heading-wave&#8221; separator_position=&#8221;center&#8221; main_heading=&#8221;AS ABELHAS&#8221; text_align=&#8221;center&#8221; font_size=&#8221;default&#8221; font_style=&#8221;default&#8221; separator_color=&#8221;#dd9933&#8243;][\/vc_column][\/vc_row][vc_row][vc_column width=&#8221;1\/2&#8243;][vc_column_text]A apicultura em Espanha \u00e9 uma profiss\u00e3o dif\u00edcil que, atualmente, tem de lidar com v\u00e1rios riscos que amea\u00e7am a exist\u00eancia das abelhas, como as altera\u00e7\u00f5es clim\u00e1ticas ou a agricultura industrial, pelos monocultivos (menor disponibilidade e diversidade de alimento para estes insetos) e o uso&hellip;<\/p>\n","protected":false},"author":1,"featured_media":0,"parent":0,"menu_order":0,"comment_status":"closed","ping_status":"closed","template":"","meta":[],"_links":{"self":[{"href":"https:\/\/mieltiojuancruz.com\/pt-pt\/wp-json\/wp\/v2\/pages\/1842"}],"collection":[{"href":"https:\/\/mieltiojuancruz.com\/pt-pt\/wp-json\/wp\/v2\/pages"}],"about":[{"href":"https:\/\/mieltiojuancruz.com\/pt-pt\/wp-json\/wp\/v2\/types\/page"}],"author":[{"embeddable":true,"href":"https:\/\/mieltiojuancruz.com\/pt-pt\/wp-json\/wp\/v2\/users\/1"}],"replies":[{"embeddable":true,"href":"https:\/\/mieltiojuancruz.com\/pt-pt\/wp-json\/wp\/v2\/comments?post=1842"}],"version-history":[{"count":2,"href":"https:\/\/mieltiojuancruz.com\/pt-pt\/wp-json\/wp\/v2\/pages\/1842\/revisions"}],"predecessor-version":[{"id":1844,"href":"https:\/\/mieltiojuancruz.com\/pt-pt\/wp-json\/wp\/v2\/pages\/1842\/revisions\/1844"}],"wp:attachment":[{"href":"https:\/\/mieltiojuancruz.com\/pt-pt\/wp-json\/wp\/v2\/media?parent=1842"}],"curies":[{"name":"wp","href":"https:\/\/api.w.org\/{rel}","templated":true}]}}