{"id":1908,"date":"2020-12-09T13:26:29","date_gmt":"2020-12-09T12:26:29","guid":{"rendered":"http:\/\/mieltiojuancruz.com\/valores\/"},"modified":"2020-12-09T13:26:30","modified_gmt":"2020-12-09T12:26:30","slug":"valores","status":"publish","type":"page","link":"https:\/\/mieltiojuancruz.com\/pt-pt\/valores\/","title":{"rendered":"Valores"},"content":{"rendered":"<p>[vc_row][vc_column width=&#8221;1\/1&#8243;][section_header use_decoration=&#8221;1&#8243; layout_type=&#8221;section-heading-double-border-bottom&#8221; separator_position=&#8221;center&#8221; main_heading=&#8221;VALORES&#8221; text_align=&#8221;center&#8221; font_size=&#8221;default&#8221; font_style=&#8221;default&#8221; separator_color=&#8221;#dd9933&#8243;][\/vc_column][\/vc_row][vc_row][vc_column width=&#8221;1\/3&#8243;][vc_gallery type=&#8221;flexslider_fade&#8221; interval=&#8221;3&#8243; images=&#8221;505,499,501,503&#8243; onclick=&#8221;link_image&#8221; custom_links_target=&#8221;_self&#8221; img_size=&#8221;full&#8221;][\/vc_column][vc_column width=&#8221;2\/3&#8243;][vc_column_text]A Ap\u00edcola Cuartero e os seus Mieles del T\u00edo Juan Cruz baseia a sua forma de trabalho na excel\u00eancia na produ\u00e7\u00e3o do mel e na conserva\u00e7\u00e3o do seu sabor, assim como no cuidado das abelhas e das colmeias para favorecer a produ\u00e7\u00e3o da maior quantidade poss\u00edvel de meles da melhor qualidade.<\/p>\n<p>\u00c9 uma empresa familiar focada em manter um alto n\u00edvel nos seus produtos, cuja elabora\u00e7\u00e3o se baseia em princ\u00edpios ecol\u00f3gicos: respeita a natureza e o que esta oferece, vivendo dela, mas sem a agredir. Al\u00e9m disso, procura recuperar os of\u00edcios tradicionais para voltar a habitar nos lugares que ficaram desertos.<\/p>\n<p>No momento de globaliza\u00e7\u00e3o atual, em que houve uma perda de diversidade nos produtos e nos cultivos, a Ap\u00edcola Cuartero prop\u00f5e que se mantenham e recuperem os sabores tradicionais, que os recursos da terra se apresentem nas embalagens com todo o seu valor. O objetivo \u00e9 desmarcar-se dos produtos standard que aparecem continuamente e cujo sabor acaba por ser id\u00eantico vezes sem conta. A Mieles del T\u00edo Juan Cruz tem o valor do natural como elemento diferenciador, podendo notar nuances diferentes entre colheitas, mas sempre seguindo mais exigente n\u00edvel de qualidade.[\/vc_column_text][\/vc_column][\/vc_row]<\/p>\n","protected":false},"excerpt":{"rendered":"<p>[vc_row][vc_column width=&#8221;1\/1&#8243;][section_header use_decoration=&#8221;1&#8243; layout_type=&#8221;section-heading-double-border-bottom&#8221; separator_position=&#8221;center&#8221; main_heading=&#8221;VALORES&#8221; text_align=&#8221;center&#8221; font_size=&#8221;default&#8221; font_style=&#8221;default&#8221; separator_color=&#8221;#dd9933&#8243;][\/vc_column][\/vc_row][vc_row][vc_column width=&#8221;1\/3&#8243;][vc_gallery type=&#8221;flexslider_fade&#8221; interval=&#8221;3&#8243; images=&#8221;505,499,501,503&#8243; onclick=&#8221;link_image&#8221; custom_links_target=&#8221;_self&#8221; img_size=&#8221;full&#8221;][\/vc_column][vc_column width=&#8221;2\/3&#8243;][vc_column_text]A Ap\u00edcola Cuartero e os seus Mieles del T\u00edo Juan Cruz baseia a sua forma de trabalho na excel\u00eancia na produ\u00e7\u00e3o do mel e na conserva\u00e7\u00e3o do seu sabor, assim como no cuidado das abelhas e das colmeias&hellip;<\/p>\n","protected":false},"author":1,"featured_media":0,"parent":0,"menu_order":0,"comment_status":"closed","ping_status":"closed","template":"","meta":[],"_links":{"self":[{"href":"https:\/\/mieltiojuancruz.com\/pt-pt\/wp-json\/wp\/v2\/pages\/1908"}],"collection":[{"href":"https:\/\/mieltiojuancruz.com\/pt-pt\/wp-json\/wp\/v2\/pages"}],"about":[{"href":"https:\/\/mieltiojuancruz.com\/pt-pt\/wp-json\/wp\/v2\/types\/page"}],"author":[{"embeddable":true,"href":"https:\/\/mieltiojuancruz.com\/pt-pt\/wp-json\/wp\/v2\/users\/1"}],"replies":[{"embeddable":true,"href":"https:\/\/mieltiojuancruz.com\/pt-pt\/wp-json\/wp\/v2\/comments?post=1908"}],"version-history":[{"count":1,"href":"https:\/\/mieltiojuancruz.com\/pt-pt\/wp-json\/wp\/v2\/pages\/1908\/revisions"}],"predecessor-version":[{"id":1909,"href":"https:\/\/mieltiojuancruz.com\/pt-pt\/wp-json\/wp\/v2\/pages\/1908\/revisions\/1909"}],"wp:attachment":[{"href":"https:\/\/mieltiojuancruz.com\/pt-pt\/wp-json\/wp\/v2\/media?parent=1908"}],"curies":[{"name":"wp","href":"https:\/\/api.w.org\/{rel}","templated":true}]}}