{"id":1910,"date":"2020-12-09T13:27:17","date_gmt":"2020-12-09T12:27:17","guid":{"rendered":"http:\/\/mieltiojuancruz.com\/processo-de-elaboracao\/"},"modified":"2020-12-09T13:28:12","modified_gmt":"2020-12-09T12:28:12","slug":"processo-de-elaboracao","status":"publish","type":"page","link":"https:\/\/mieltiojuancruz.com\/pt-pt\/processo-de-elaboracao\/","title":{"rendered":"PROCESSO DE ELABORA\u00c7\u00c3O"},"content":{"rendered":"<p>[vc_row][vc_column width=&#8221;1\/1&#8243;][section_header use_decoration=&#8221;1&#8243; layout_type=&#8221;section-heading-thick-border&#8221; separator_position=&#8221;center&#8221; main_heading=&#8221;PROCESSO DE ELABORA\u00c7\u00c3O&#8221; text_align=&#8221;center&#8221; font_size=&#8221;default&#8221; font_style=&#8221;default&#8221; separator_color=&#8221;#dd9933&#8243;][\/vc_column][\/vc_row][vc_row][vc_column width=&#8221;1\/1&#8243;][vc_column_text]Situada entre o vale do Ebro e as colinas do Moncayo, esta empresa espanhola situa-se num lugar privilegiado para poder aceder tanto \u00e0s rom\u00e3zeiras do baixo Arag\u00e3o como \u00e0s flora\u00e7\u00f5es de ver\u00e3o das montanhas dentro da sua regi\u00e3o. Mas, al\u00e9m disso, por se situar num ponto log\u00edstico da pen\u00ednsula, tem f\u00e1cil acesso a outras regi\u00f5es, como as zonas mediterr\u00e2neas, a meseta de Castela ou as charnecas do Cant\u00e1brico.<\/p>\n<p>Cem por cento da produ\u00e7\u00e3o \u00e9 realizada seguindo os passos da elabora\u00e7\u00e3o tradicional, mas adaptados \u00e0 tecnologia atual. O processo come\u00e7a com o cuidado de uma explora\u00e7\u00e3o ap\u00edcola de cerca de 3000 colmeias, onde centenas de milhares de abelhas da esp\u00e9cie \u201cApis mellifera\u201d recolhem o n\u00e9ctar de diferentes flores para o levar para a colmeia e fabricar mel, cera e geleia.<\/p>\n<p>O mel \u00e9 um alimento cuja prepara\u00e7\u00e3o come\u00e7a na planta, a qual produz o n\u00e9ctar principalmente na base do interior da flor. Quando as abelhas a polinizam, levam o n\u00e9ctar guardado at\u00e9 \u00e0 colmeia para o armazenar nas c\u00e9lulas do favo de mel, onde o mel acaba de amadurecer e que s\u00e3o recolhidas pelo apicultor. O mel \u00e9 extra\u00eddo e as c\u00e9lulas ficam limpas de novo para que as abelhas voltem a us\u00e1-las. O processo termina com a filtragem e matura\u00e7\u00e3o do mel e o seu embalamento.[\/vc_column_text][\/vc_column][\/vc_row][vc_row][vc_column width=&#8221;1\/3&#8243;][vc_single_image image=&#8221;516&#8243; alignment=&#8221;center&#8221; style=&#8221;vc_box_shadow_3d&#8221; border_color=&#8221;grey&#8221; img_link_target=&#8221;_self&#8221; image_hover=&#8221;none&#8221; image_hover_type=&#8221;default&#8221; img_size=&#8221;full&#8221;][\/vc_column][vc_column width=&#8221;1\/3&#8243;][vc_single_image image=&#8221;514&#8243; alignment=&#8221;center&#8221; style=&#8221;vc_box_shadow_3d&#8221; border_color=&#8221;grey&#8221; img_link_target=&#8221;_self&#8221; image_hover=&#8221;none&#8221; image_hover_type=&#8221;default&#8221; img_size=&#8221;full&#8221;][\/vc_column][vc_column width=&#8221;1\/3&#8243;][vc_single_image image=&#8221;512&#8243; alignment=&#8221;center&#8221; style=&#8221;vc_box_shadow_3d&#8221; border_color=&#8221;grey&#8221; img_link_target=&#8221;_self&#8221; image_hover=&#8221;none&#8221; image_hover_type=&#8221;default&#8221; img_size=&#8221;full&#8221;][\/vc_column][\/vc_row]<\/p>\n","protected":false},"excerpt":{"rendered":"<p>[vc_row][vc_column width=&#8221;1\/1&#8243;][section_header use_decoration=&#8221;1&#8243; layout_type=&#8221;section-heading-thick-border&#8221; separator_position=&#8221;center&#8221; main_heading=&#8221;PROCESSO DE ELABORA\u00c7\u00c3O&#8221; text_align=&#8221;center&#8221; font_size=&#8221;default&#8221; font_style=&#8221;default&#8221; separator_color=&#8221;#dd9933&#8243;][\/vc_column][\/vc_row][vc_row][vc_column width=&#8221;1\/1&#8243;][vc_column_text]Situada entre o vale do Ebro e as colinas do Moncayo, esta empresa espanhola situa-se num lugar privilegiado para poder aceder tanto \u00e0s rom\u00e3zeiras do baixo Arag\u00e3o como \u00e0s flora\u00e7\u00f5es de ver\u00e3o das montanhas dentro da sua regi\u00e3o. Mas, al\u00e9m disso, por se&hellip;<\/p>\n","protected":false},"author":1,"featured_media":0,"parent":0,"menu_order":0,"comment_status":"closed","ping_status":"closed","template":"","meta":[],"_links":{"self":[{"href":"https:\/\/mieltiojuancruz.com\/pt-pt\/wp-json\/wp\/v2\/pages\/1910"}],"collection":[{"href":"https:\/\/mieltiojuancruz.com\/pt-pt\/wp-json\/wp\/v2\/pages"}],"about":[{"href":"https:\/\/mieltiojuancruz.com\/pt-pt\/wp-json\/wp\/v2\/types\/page"}],"author":[{"embeddable":true,"href":"https:\/\/mieltiojuancruz.com\/pt-pt\/wp-json\/wp\/v2\/users\/1"}],"replies":[{"embeddable":true,"href":"https:\/\/mieltiojuancruz.com\/pt-pt\/wp-json\/wp\/v2\/comments?post=1910"}],"version-history":[{"count":2,"href":"https:\/\/mieltiojuancruz.com\/pt-pt\/wp-json\/wp\/v2\/pages\/1910\/revisions"}],"predecessor-version":[{"id":1912,"href":"https:\/\/mieltiojuancruz.com\/pt-pt\/wp-json\/wp\/v2\/pages\/1910\/revisions\/1912"}],"wp:attachment":[{"href":"https:\/\/mieltiojuancruz.com\/pt-pt\/wp-json\/wp\/v2\/media?parent=1910"}],"curies":[{"name":"wp","href":"https:\/\/api.w.org\/{rel}","templated":true}]}}